{"id":6708,"date":"2022-10-10T06:37:51","date_gmt":"2022-10-10T06:37:51","guid":{"rendered":"https:\/\/siteniincele.com\/nisclinic\/facial-rejuvenation-applications-anti-aging\/treatment-of-under-eye-bruises\/"},"modified":"2022-10-10T14:43:03","modified_gmt":"2022-10-10T14:43:03","slug":"treatment-of-under-eye-bruises","status":"publish","type":"page","link":"https:\/\/nisclinic.com\/tr\/facial-rejuvenation-applications-anti-aging\/treatment-of-under-eye-bruises\/","title":{"rendered":"G\u00f6zalt\u0131 Morluklar\u0131n\u0131n Tedavisi"},"content":{"rendered":"\t\t<div data-elementor-type=\"wp-page\" data-elementor-id=\"6708\" class=\"elementor elementor-6708 elementor-6001\">\n\t\t\t\t\t\t\t\t\t<section class=\"elementor-section elementor-top-section elementor-element elementor-element-3341125 elementor-section-boxed elementor-section-height-default elementor-section-height-default\" data-id=\"3341125\" data-element_type=\"section\" data-settings=\"{&quot;background_background&quot;:&quot;classic&quot;}\">\n\t\t\t\t\t\t<div class=\"elementor-container elementor-column-gap-default\">\n\t\t\t\t\t<div class=\"elementor-column elementor-col-100 elementor-top-column elementor-element elementor-element-ed6efee\" data-id=\"ed6efee\" data-element_type=\"column\">\n\t\t\t<div class=\"elementor-widget-wrap elementor-element-populated\">\n\t\t\t\t\t\t\t\t<div class=\"elementor-element elementor-element-6f3b510 elementor-widget elementor-widget-text-editor\" data-id=\"6f3b510\" data-element_type=\"widget\" data-widget_type=\"text-editor.default\">\n\t\t\t\t<div class=\"elementor-widget-container\">\n\t\t\t<style>\/*! elementor - v3.8.0 - 30-10-2022 *\/\n.elementor-widget-text-editor.elementor-drop-cap-view-stacked .elementor-drop-cap{background-color:#818a91;color:#fff}.elementor-widget-text-editor.elementor-drop-cap-view-framed .elementor-drop-cap{color:#818a91;border:3px solid;background-color:transparent}.elementor-widget-text-editor:not(.elementor-drop-cap-view-default) .elementor-drop-cap{margin-top:8px}.elementor-widget-text-editor:not(.elementor-drop-cap-view-default) .elementor-drop-cap-letter{width:1em;height:1em}.elementor-widget-text-editor .elementor-drop-cap{float:left;text-align:center;line-height:1;font-size:50px}.elementor-widget-text-editor .elementor-drop-cap-letter{display:inline-block}<\/style>\t\t\t\tAna Sayfa <i class=\"fa fa-chevron-right\"><\/i> <a href=\"https:\/\/nisclinic.com\/tr\/facial-rejuvenation-applications-anti-aging\/\">Y\u00fcz Gen\u00e7le\u015ftirme Uygulamalar\u0131 (Anti-Aging)<\/a> <i class=\"fa fa-chevron-right\"><\/i> <a href=\"https:\/\/nisclinic.com\/tr\/facial-rejuvenation-applications-anti-aging\/treatment-of-under-eye-bruises\/\">G\u00f6zalt\u0131 Morluklar\u0131n\u0131n Tedavisi<\/a>\t\t\t\t\t\t<\/div>\n\t\t\t\t<\/div>\n\t\t\t\t\t<\/div>\n\t\t<\/div>\n\t\t\t\t\t\t\t<\/div>\n\t\t<\/section>\n\t\t\t\t<section class=\"elementor-section elementor-top-section elementor-element elementor-element-2e05cfe elementor-reverse-tablet elementor-reverse-mobile elementor-section-boxed elementor-section-height-default elementor-section-height-default\" data-id=\"2e05cfe\" data-element_type=\"section\">\n\t\t\t\t\t\t<div class=\"elementor-container elementor-column-gap-extended\">\n\t\t\t\t\t<div class=\"elementor-column elementor-col-50 elementor-top-column elementor-element elementor-element-8c53be7 animated-fast elementor-invisible\" data-id=\"8c53be7\" data-element_type=\"column\" data-settings=\"{&quot;animation&quot;:&quot;ova-move-up&quot;,&quot;animation_tablet&quot;:&quot;none&quot;,&quot;animation_delay&quot;:100}\">\n\t\t\t<div class=\"elementor-widget-wrap elementor-element-populated\">\n\t\t\t\t\t\t\t\t<section class=\"elementor-section elementor-inner-section elementor-element elementor-element-05e6b86 elementor-section-boxed elementor-section-height-default elementor-section-height-default\" data-id=\"05e6b86\" data-element_type=\"section\">\n\t\t\t\t\t\t<div class=\"elementor-container elementor-column-gap-default\">\n\t\t\t\t\t<div class=\"elementor-column elementor-col-100 elementor-inner-column elementor-element elementor-element-9335a88\" data-id=\"9335a88\" data-element_type=\"column\">\n\t\t\t<div class=\"elementor-widget-wrap elementor-element-populated\">\n\t\t\t\t\t\t\t\t<div class=\"elementor-element elementor-element-aff20ec elementor-icon-list--layout-traditional elementor-list-item-link-full_width elementor-widget elementor-widget-global elementor-global-6652 elementor-widget-icon-list\" data-id=\"aff20ec\" data-element_type=\"widget\" data-widget_type=\"icon-list.default\">\n\t\t\t\t<div class=\"elementor-widget-container\">\n\t\t\t<link rel=\"stylesheet\" href=\"https:\/\/nisclinic.com\/wp-content\/plugins\/elementor\/assets\/css\/widget-icon-list.min.css\">\t\t<ul class=\"elementor-icon-list-items\">\n\t\t\t\t\t\t\t<li class=\"elementor-icon-list-item\">\n\t\t\t\t\t\t\t\t\t\t\t<a href=\"https:\/\/nisclinic.com\/tr\/facial-rejuvenation-applications-anti-aging\/3d-skin-analysis\/\">\n\n\t\t\t\t\t\t\t\t\t\t\t<span class=\"elementor-icon-list-text\">3D Cilt Analizi<\/span>\n\t\t\t\t\t\t\t\t\t\t\t<\/a>\n\t\t\t\t\t\t\t\t\t<\/li>\n\t\t\t\t\t\t\t\t<li class=\"elementor-icon-list-item\">\n\t\t\t\t\t\t\t\t\t\t\t<a href=\"https:\/\/nisclinic.com\/tr\/facial-rejuvenation-applications-anti-aging\/skin-care\/\">\n\n\t\t\t\t\t\t\t\t\t\t\t<span class=\"elementor-icon-list-text\">Cilt Bak\u0131m\u0131<\/span>\n\t\t\t\t\t\t\t\t\t\t\t<\/a>\n\t\t\t\t\t\t\t\t\t<\/li>\n\t\t\t\t\t\t\t\t<li class=\"elementor-icon-list-item\">\n\t\t\t\t\t\t\t\t\t\t\t<a href=\"https:\/\/nisclinic.com\/tr\/facial-rejuvenation-applications-anti-aging\/chemical-peel\/\">\n\n\t\t\t\t\t\t\t\t\t\t\t<span class=\"elementor-icon-list-text\">Kimyasal Peeling<\/span>\n\t\t\t\t\t\t\t\t\t\t\t<\/a>\n\t\t\t\t\t\t\t\t\t<\/li>\n\t\t\t\t\t\t\t\t<li class=\"elementor-icon-list-item\">\n\t\t\t\t\t\t\t\t\t\t\t<a href=\"https:\/\/nisclinic.com\/tr\/facial-rejuvenation-applications-anti-aging\/dermaroller-method\/\">\n\n\t\t\t\t\t\t\t\t\t\t\t<span class=\"elementor-icon-list-text\">Dermaroller Y\u00f6ntemi<\/span>\n\t\t\t\t\t\t\t\t\t\t\t<\/a>\n\t\t\t\t\t\t\t\t\t<\/li>\n\t\t\t\t\t\t\t\t<li class=\"elementor-icon-list-item\">\n\t\t\t\t\t\t\t\t\t\t\t<a href=\"https:\/\/nisclinic.com\/tr\/facial-rejuvenation-applications-anti-aging\/biogenevity-treatment\/\">\n\n\t\t\t\t\t\t\t\t\t\t\t<span class=\"elementor-icon-list-text\">Biogenevity Tedavisi<\/span>\n\t\t\t\t\t\t\t\t\t\t\t<\/a>\n\t\t\t\t\t\t\t\t\t<\/li>\n\t\t\t\t\t\t\t\t<li class=\"elementor-icon-list-item\">\n\t\t\t\t\t\t\t\t\t\t\t<a href=\"https:\/\/nisclinic.com\/tr\/facial-rejuvenation-applications-anti-aging\/botox\/\">\n\n\t\t\t\t\t\t\t\t\t\t\t<span class=\"elementor-icon-list-text\">Botox<\/span>\n\t\t\t\t\t\t\t\t\t\t\t<\/a>\n\t\t\t\t\t\t\t\t\t<\/li>\n\t\t\t\t\t\t\t\t<li class=\"elementor-icon-list-item\">\n\t\t\t\t\t\t\t\t\t\t\t<a href=\"https:\/\/nisclinic.com\/tr\/facial-rejuvenation-applications-anti-aging\/filling\/\">\n\n\t\t\t\t\t\t\t\t\t\t\t<span class=\"elementor-icon-list-text\">Dolgu<\/span>\n\t\t\t\t\t\t\t\t\t\t\t<\/a>\n\t\t\t\t\t\t\t\t\t<\/li>\n\t\t\t\t\t\t\t\t<li class=\"elementor-icon-list-item\">\n\t\t\t\t\t\t\t\t\t\t\t<a href=\"https:\/\/nisclinic.com\/tr\/facial-rejuvenation-applications-anti-aging\/prp\/\">\n\n\t\t\t\t\t\t\t\t\t\t\t<span class=\"elementor-icon-list-text\">PRP<\/span>\n\t\t\t\t\t\t\t\t\t\t\t<\/a>\n\t\t\t\t\t\t\t\t\t<\/li>\n\t\t\t\t\t\t\t\t<li class=\"elementor-icon-list-item\">\n\t\t\t\t\t\t\t\t\t\t\t<a href=\"https:\/\/nisclinic.com\/tr\/facial-rejuvenation-applications-anti-aging\/mesotherapy\/\">\n\n\t\t\t\t\t\t\t\t\t\t\t<span class=\"elementor-icon-list-text\">Mezoterapi<\/span>\n\t\t\t\t\t\t\t\t\t\t\t<\/a>\n\t\t\t\t\t\t\t\t\t<\/li>\n\t\t\t\t\t\t\t\t<li class=\"elementor-icon-list-item\">\n\t\t\t\t\t\t\t\t\t\t\t<a href=\"https:\/\/nisclinic.com\/tr\/facial-rejuvenation-applications-anti-aging\/acne-treatment\/\">\n\n\t\t\t\t\t\t\t\t\t\t\t<span class=\"elementor-icon-list-text\">Akne Tedavisi<\/span>\n\t\t\t\t\t\t\t\t\t\t\t<\/a>\n\t\t\t\t\t\t\t\t\t<\/li>\n\t\t\t\t\t\t\t\t<li class=\"elementor-icon-list-item\">\n\t\t\t\t\t\t\t\t\t\t\t<a href=\"https:\/\/nisclinic.com\/tr\/facial-rejuvenation-applications-anti-aging\/spot-treatment\/\">\n\n\t\t\t\t\t\t\t\t\t\t\t<span class=\"elementor-icon-list-text\">Leke Tedavisi<\/span>\n\t\t\t\t\t\t\t\t\t\t\t<\/a>\n\t\t\t\t\t\t\t\t\t<\/li>\n\t\t\t\t\t\t\t\t<li class=\"elementor-icon-list-item\">\n\t\t\t\t\t\t\t\t\t\t\t<a href=\"https:\/\/nisclinic.com\/tr\/facial-rejuvenation-applications-anti-aging\/treatment-of-under-eye-bruises\/\">\n\n\t\t\t\t\t\t\t\t\t\t\t<span class=\"elementor-icon-list-text\">G\u00f6zalt\u0131 Morluklar\u0131n\u0131n Tedavisi<\/span>\n\t\t\t\t\t\t\t\t\t\t\t<\/a>\n\t\t\t\t\t\t\t\t\t<\/li>\n\t\t\t\t\t\t<\/ul>\n\t\t\t\t<\/div>\n\t\t\t\t<\/div>\n\t\t\t\t\t<\/div>\n\t\t<\/div>\n\t\t\t\t\t\t\t<\/div>\n\t\t<\/section>\n\t\t\t\t\t<\/div>\n\t\t<\/div>\n\t\t\t\t<div class=\"elementor-column elementor-col-50 elementor-top-column elementor-element elementor-element-82423ff animated-fast elementor-invisible\" data-id=\"82423ff\" data-element_type=\"column\" data-settings=\"{&quot;animation&quot;:&quot;ova-move-up&quot;,&quot;animation_tablet&quot;:&quot;none&quot;,&quot;animation_delay&quot;:100}\">\n\t\t\t<div class=\"elementor-widget-wrap elementor-element-populated\">\n\t\t\t\t\t\t\t\t<section class=\"elementor-section elementor-inner-section elementor-element elementor-element-7edfc01 elementor-section-boxed elementor-section-height-default elementor-section-height-default\" data-id=\"7edfc01\" data-element_type=\"section\">\n\t\t\t\t\t\t<div class=\"elementor-container elementor-column-gap-default\">\n\t\t\t\t\t<div class=\"elementor-column elementor-col-100 elementor-inner-column elementor-element elementor-element-7dadf70\" data-id=\"7dadf70\" data-element_type=\"column\">\n\t\t\t<div class=\"elementor-widget-wrap elementor-element-populated\">\n\t\t\t\t\t\t\t\t<div class=\"elementor-element elementor-element-1f40163 elementor-widget elementor-widget-infetech_elementor_heading\" data-id=\"1f40163\" data-element_type=\"widget\" data-widget_type=\"infetech_elementor_heading.default\">\n\t\t\t\t<div class=\"elementor-widget-container\">\n\t\t\t\n\t\t\t<div class=\"ova-heading\">\n\t\t\t\t\n\t\t\t\t\t\t\t\t\t<h2 class=\"sub-title\">\n\t\t\t\t\t\t<span class=\"underlined\"><\/span>\n\t\t\t\t\t\tY\u00fcz Gen\u00e7le\u015ftirme Uygulamalar\u0131 (Anti-Aging)\t\t\t\t\t<\/h2>\t\n\t\t\t\t\n\t\t\t\t\n\t\t\t\t\t<h3 class=\"title\">\t\t\t\t\t\t\t\t\t\t\t\t\tG\u00f6zalt\u0131 Morluklar\u0131n\u0131n Tedavisi\t\t\t\t\t\t\t\t\t\t\t<\/h3>\n                \n\t\t\t<\/div>\n\n\t\t\t\t<\/div>\n\t\t\t\t<\/div>\n\t\t\t\t<div class=\"elementor-element elementor-element-02d72c9 elementor-widget elementor-widget-image\" data-id=\"02d72c9\" data-element_type=\"widget\" data-widget_type=\"image.default\">\n\t\t\t\t<div class=\"elementor-widget-container\">\n\t\t\t<style>\/*! elementor - v3.8.0 - 30-10-2022 *\/\n.elementor-widget-image{text-align:center}.elementor-widget-image a{display:inline-block}.elementor-widget-image a img[src$=\".svg\"]{width:48px}.elementor-widget-image img{vertical-align:middle;display:inline-block}<\/style>\t\t\t\t\t\t\t\t\t\t\t\t<img loading=\"lazy\" decoding=\"async\" width=\"1568\" height=\"600\" src=\"https:\/\/nisclinic.com\/wp-content\/uploads\/2022\/10\/under-eyes.jpg\" class=\"attachment-full size-full\" alt=\"\" srcset=\"https:\/\/nisclinic.com\/wp-content\/uploads\/2022\/10\/under-eyes.jpg 1568w, https:\/\/nisclinic.com\/wp-content\/uploads\/2022\/10\/under-eyes-300x115.jpg 300w, https:\/\/nisclinic.com\/wp-content\/uploads\/2022\/10\/under-eyes-1024x392.jpg 1024w, https:\/\/nisclinic.com\/wp-content\/uploads\/2022\/10\/under-eyes-768x294.jpg 768w, https:\/\/nisclinic.com\/wp-content\/uploads\/2022\/10\/under-eyes-1536x588.jpg 1536w\" sizes=\"auto, (max-width: 1568px) 100vw, 1568px\" \/>\t\t\t\t\t\t\t\t\t\t\t\t\t\t\t<\/div>\n\t\t\t\t<\/div>\n\t\t\t\t<div class=\"elementor-element elementor-element-6d3fbb8 elementor-widget elementor-widget-text-editor\" data-id=\"6d3fbb8\" data-element_type=\"widget\" data-widget_type=\"text-editor.default\">\n\t\t\t\t<div class=\"elementor-widget-container\">\n\t\t\t\t\t\t\t<p>G\u00f6zalt\u0131 morluklar\u0131 g\u00fcn\u00fcm\u00fczde hastalar\u0131n sosyal ya\u015fant\u0131s\u0131n\u0131, psikolojisini bozacak derecede \u00f6nemli bir sorun haline gelmi\u015ftir. G\u00f6z alt\u0131 morluklar\u0131 san\u0131lan\u0131 aksine kan damarlar\u0131n\u0131n geni\u015f olmas\u0131ndan kaynaklanan bir durum de\u011fildir. G\u00f6z alt\u0131 morlu\u011fu bir pigmentasyon bozuklu\u011fudur. G\u00f6z kapa\u011f\u0131 derisinin \u00e7ok ince olmas\u0131 bu bozuklu\u011fu g\u00f6zler \u00f6n\u00fcne sermektedir.<br \/><br \/>S\u0131kl\u0131kla genetik fakt\u00f6rler, yap\u0131sal yatk\u0131nl\u0131klar g\u00f6z alt\u0131 morlu\u011funa neden olabilmektedir. Hastalar uykusuz kald\u0131klar\u0131nda ya da yorulduklar\u0131nda bu durumun artt\u0131\u011f\u0131n\u0131 ifade ederler.<br \/><br \/>G\u00f6z alt\u0131 morlu\u011fu tedavisi \u00e7e\u015fitli olabilmektedir. Piyasada sat\u0131lan g\u00f6z alt\u0131 kremleri, tonikler, bak\u0131m losyonlar\u0131 gibi pek \u00e7ok \u00fcr\u00fcn etki etmez ve genellikle bir fayda sa\u011flamaz. E\u011fer hasta ya\u015fca orta ya\u015f ve \u00fczerinde ise g\u00f6z kapa\u011f\u0131 esteti\u011fi ameliyat\u0131 s\u0131ras\u0131nda al\u0131nan ya da yerleri de\u011fi\u015ftirilen ya\u011f torbalar\u0131, bu b\u00f6lgenin rengini a\u00e7maktad\u0131r. Ancak hastan\u0131n ya\u015f\u0131 operasyona uygun de\u011filse, bununla ilgili lazer tedavilerine ba\u015fvurulmaktad\u0131r.<br \/><br \/><strong>Lazerle G\u00f6z Alt\u0131 Morlu\u011fu Tedavisi Nas\u0131l Yap\u0131l\u0131r<\/strong><br \/><br \/>G\u00f6z alt\u0131 morlu\u011fu tedavisinde 2 farkl\u0131 lazer tedavisi mevcuttur. Bunlardan bir tanesi fraksiyonel lazer tedavisi ile uygulanmaktad\u0131r. Fraksiyonel lazer tedavisi ile morluklar\u0131n rengi a\u00e7\u0131l\u0131r ve bir miktar deri alt\u0131 ba\u011f dokusu zenginle\u015ftirilir. Bu sayede cilt kal\u0131nla\u015f\u0131r ve morluklar daha az belli olur hale gelmektedir. Bu tedavi s\u0131ras\u0131nda hafif bir yanma hissi duyulmakta, 30 dakika sonra ise ge\u00e7mektedir. Hastada yakla\u015f\u0131k 3-4 g\u00fcn s\u00fcren bir k\u0131zar\u0131kl\u0131k ve pullanma evresi olmaktad\u0131r. Bu tedavi 1 ay ara ile 3 seans s\u00fcrmektedir. Yine bu tedaviye ek, 2.seans lazer sonras\u0131nda 1 seansda g\u00f6zalt\u0131 ve \u00fcst\u00fc i\u00e7in \u00f6zel bir peeling yap\u0131lmaktad\u0131r. Bu kombinasyonda daha iyi sonu\u00e7lar elde edilmektedir.<br \/><br \/>g\u00f6z alt\u0131 morluklar\u0131, g\u00f6z alt\u0131 morlu\u011fu tedavisi, lazerle g\u00f6z alt\u0131 morlu\u011fu tedavisiAlternatif olarak Erbium lazerle yap\u0131lan resurfacing tedavisidir. Bu uygulamada g\u00f6z kapaklar\u0131 lokal anestezi ile uyu\u015fturulur ve akabinde uygulama yap\u0131l\u0131r. Uygulama sonras\u0131nda 4-5 g\u00fcn g\u00f6z kapaklar\u0131nda k\u0131zar\u0131kl\u0131k, hafif \u00f6dem olu\u015facakt\u0131r. Bunun i\u00e7in hastalar\u0131n bu s\u00fcreyi kendilerine ay\u0131rmalar\u0131 gerekmektedir. G\u00f6z kapa\u011f\u0131 rengi 1 hafta sonra pembe renkten normal deri rengine d\u00f6nmeye ba\u015flayacak ve 1 ay sonra deri rengi normal halini alacakt\u0131r. Bu uygulama sadece 1 seans yap\u0131lmaktad\u0131r. Ek seansa ihtiya\u00e7 duyulmamaktad\u0131r.<br \/><br \/><strong>Ya\u011f Enjeksiyonu \u0130le G\u00f6zalt\u0131 Morlu\u011fu Tedavisi<\/strong><br \/><br \/>Yine g\u00f6z alt\u0131 morluklar\u0131, g\u00f6z kapa\u011f\u0131nda \u00e7\u00f6k\u00fckl\u00fckle birlikte seyrediyorsa ya\u011f enjeksiyonu ile de tedavi edilebilir. Kar\u0131ndan al\u0131nan ya\u011flar baz\u0131 i\u015flemlerden ge\u00e7irilerek g\u00f6z altlar\u0131na yerle\u015ftirilir. Bunun sonucunda hem \u00e7\u00f6k\u00fckl\u00fckler gider hemde deri alt\u0131 dokusu kal\u0131nla\u015faca\u011f\u0131 i\u00e7in morluklar d\u00fczelecektir.<br \/><br \/><strong>I\u015f\u0131k Dolgusu \u0130le G\u00f6zalt\u0131 Morlu\u011fu Tedavisi<\/strong><br \/><br \/>Yine Teosyal Redensity 2 G\u00f6zalt\u0131 \u0131\u015f\u0131k dolgusu denilen bir dolgu maddesiyle, g\u00f6z alt\u0131 morluklar\u0131nda 1-1,5 sene s\u00fcreyle bir d\u00fczelme meydana gelmektedir. Sonras\u0131nda ayn\u0131 dolgunun yeniden yap\u0131lmas\u0131 gerekir, e\u011fer yapt\u0131rmak istemezseniz eski halinize geri d\u00f6nersiniz.<br \/><br \/>G\u00f6zalt\u0131 morluklar\u0131 tedavilerinden sizin i\u00e7in hangisinin en uygun oldu\u011funu anlamak i\u00e7in doktorunuza muayene olabilirsiniz.<\/p>\t\t\t\t\t\t<\/div>\n\t\t\t\t<\/div>\n\t\t\t\t\t<\/div>\n\t\t<\/div>\n\t\t\t\t\t\t\t<\/div>\n\t\t<\/section>\n\t\t\t\t\t<\/div>\n\t\t<\/div>\n\t\t\t\t\t\t\t<\/div>\n\t\t<\/section>\n\t\t\t\t<section class=\"elementor-section elementor-top-section elementor-element elementor-element-6f0d2ded ova-geometry4 elementor-section-boxed elementor-section-height-default elementor-section-height-default\" data-id=\"6f0d2ded\" data-element_type=\"section\" data-settings=\"{&quot;background_background&quot;:&quot;classic&quot;}\">\n\t\t\t\t\t\t<div class=\"elementor-container elementor-column-gap-default\">\n\t\t\t\t\t<div class=\"elementor-column elementor-col-50 elementor-top-column elementor-element elementor-element-61a4a7c\" data-id=\"61a4a7c\" data-element_type=\"column\">\n\t\t\t<div class=\"elementor-widget-wrap elementor-element-populated\">\n\t\t\t\t\t\t\t\t<div class=\"elementor-element elementor-element-37fe94da elementor-widget__width-auto elementor-widget elementor-widget-infetech_elementor_heading\" data-id=\"37fe94da\" data-element_type=\"widget\" data-widget_type=\"infetech_elementor_heading.default\">\n\t\t\t\t<div class=\"elementor-widget-container\">\n\t\t\t\n\t\t\t<div class=\"ova-heading\">\n\t\t\t\t\n\t\t\t\t\t\t\t\t\t<h2 class=\"sub-title\">\n\t\t\t\t\t\t<span class=\"underlined\"><\/span>\n\t\t\t\t\t\tDurmay\u0131n, hemen aray\u0131n ! Uzmanlar\u0131m\u0131z taraf\u0131ndan verilen cevaplar ile hemen randevunuzu olu\u015ftural\u0131m.\t\t\t\t\t<\/h2>\t\n\t\t\t\t\n\t\t\t\t\n\t\t\t\t\t<h3 class=\"title\">\t\t\t\t\t\t\t\t\t\t\t\t\tDaha fazla bilgiye mi \u0130htiyaniz var ?\t\t\t\t\t\t\t\t\t\t\t<\/h3>\n                \n\t\t\t<\/div>\n\n\t\t\t\t<\/div>\n\t\t\t\t<\/div>\n\t\t\t\t\t<\/div>\n\t\t<\/div>\n\t\t\t\t<div class=\"elementor-column elementor-col-50 elementor-top-column elementor-element elementor-element-779947d5\" data-id=\"779947d5\" data-element_type=\"column\">\n\t\t\t<div class=\"elementor-widget-wrap elementor-element-populated\">\n\t\t\t\t\t\t\t\t<div class=\"elementor-element elementor-element-6da32356 elementor-align-right elementor-widget elementor-widget-button\" data-id=\"6da32356\" data-element_type=\"widget\" data-widget_type=\"button.default\">\n\t\t\t\t<div class=\"elementor-widget-container\">\n\t\t\t\t\t<div class=\"elementor-button-wrapper\">\n\t\t\t<a href=\"#elementor-action%3Aaction%3Dpopup%3Aopen%26settings%3DeyJpZCI6NjMyOCwidG9nZ2xlIjpmYWxzZX0%3D\" class=\"elementor-button-link elementor-button elementor-size-sm\" role=\"button\">\n\t\t\t\t\t\t<span class=\"elementor-button-content-wrapper\">\n\t\t\t\t\t\t<span class=\"elementor-button-text\">S\u0130Z\u0130 ARAYALIM<\/span>\n\t\t<\/span>\n\t\t\t\t\t<\/a>\n\t\t<\/div>\n\t\t\t\t<\/div>\n\t\t\t\t<\/div>\n\t\t\t\t\t<\/div>\n\t\t<\/div>\n\t\t\t\t\t\t\t<\/div>\n\t\t<\/section>\n\t\t\t\t\t\t\t<\/div>\n\t\t","protected":false},"excerpt":{"rendered":"<p>Ana Sayfa Y\u00fcz Gen\u00e7le\u015ftirme Uygulamalar\u0131 (Anti-Aging) G\u00f6zalt\u0131 Morluklar\u0131n\u0131n Tedavisi 3D Cilt Analizi Cilt Bak\u0131m\u0131 Kimyasal Peeling Dermaroller Y\u00f6ntemi Biogenevity Tedavisi Botox Dolgu PRP Mezoterapi Akne Tedavisi Leke Tedavisi G\u00f6zalt\u0131 Morluklar\u0131n\u0131n Tedavisi Y\u00fcz Gen\u00e7le\u015ftirme Uygulamalar\u0131 (Anti-Aging) G\u00f6zalt\u0131 Morluklar\u0131n\u0131n Tedavisi G\u00f6zalt\u0131 morluklar\u0131 g\u00fcn\u00fcm\u00fczde hastalar\u0131n sosyal ya\u015fant\u0131s\u0131n\u0131, psikolojisini bozacak derecede \u00f6nemli bir sorun haline gelmi\u015ftir. G\u00f6z alt\u0131 morluklar\u0131 [&hellip;]<\/p>\n","protected":false},"author":1,"featured_media":0,"parent":6645,"menu_order":0,"comment_status":"closed","ping_status":"closed","template":"elementor_header_footer","meta":{"footnotes":""},"class_list":["post-6708","page","type-page","status-publish","hentry"],"_links":{"self":[{"href":"https:\/\/nisclinic.com\/tr\/wp-json\/wp\/v2\/pages\/6708","targetHints":{"allow":["GET"]}}],"collection":[{"href":"https:\/\/nisclinic.com\/tr\/wp-json\/wp\/v2\/pages"}],"about":[{"href":"https:\/\/nisclinic.com\/tr\/wp-json\/wp\/v2\/types\/page"}],"author":[{"embeddable":true,"href":"https:\/\/nisclinic.com\/tr\/wp-json\/wp\/v2\/users\/1"}],"replies":[{"embeddable":true,"href":"https:\/\/nisclinic.com\/tr\/wp-json\/wp\/v2\/comments?post=6708"}],"version-history":[{"count":4,"href":"https:\/\/nisclinic.com\/tr\/wp-json\/wp\/v2\/pages\/6708\/revisions"}],"predecessor-version":[{"id":6712,"href":"https:\/\/nisclinic.com\/tr\/wp-json\/wp\/v2\/pages\/6708\/revisions\/6712"}],"up":[{"embeddable":true,"href":"https:\/\/nisclinic.com\/tr\/wp-json\/wp\/v2\/pages\/6645"}],"wp:attachment":[{"href":"https:\/\/nisclinic.com\/tr\/wp-json\/wp\/v2\/media?parent=6708"}],"curies":[{"name":"wp","href":"https:\/\/api.w.org\/{rel}","templated":true}]}}