{"id":6698,"date":"2022-10-10T06:26:15","date_gmt":"2022-10-10T06:26:15","guid":{"rendered":"https:\/\/siteniincele.com\/nisclinic\/facial-rejuvenation-applications-anti-aging\/acne-treatment\/"},"modified":"2022-10-10T14:39:32","modified_gmt":"2022-10-10T14:39:32","slug":"acne-treatment","status":"publish","type":"page","link":"https:\/\/nisclinic.com\/tr\/facial-rejuvenation-applications-anti-aging\/acne-treatment\/","title":{"rendered":"Akne Tedavisi"},"content":{"rendered":"\t\t<div data-elementor-type=\"wp-page\" data-elementor-id=\"6698\" class=\"elementor elementor-6698 elementor-5972\">\n\t\t\t\t\t\t\t\t\t<section class=\"elementor-section elementor-top-section elementor-element elementor-element-3341125 elementor-section-boxed elementor-section-height-default elementor-section-height-default\" data-id=\"3341125\" data-element_type=\"section\" data-settings=\"{&quot;background_background&quot;:&quot;classic&quot;}\">\n\t\t\t\t\t\t<div class=\"elementor-container elementor-column-gap-default\">\n\t\t\t\t\t<div class=\"elementor-column elementor-col-100 elementor-top-column elementor-element elementor-element-ed6efee\" data-id=\"ed6efee\" data-element_type=\"column\">\n\t\t\t<div class=\"elementor-widget-wrap elementor-element-populated\">\n\t\t\t\t\t\t\t\t<div class=\"elementor-element elementor-element-6f3b510 elementor-widget elementor-widget-text-editor\" data-id=\"6f3b510\" data-element_type=\"widget\" data-widget_type=\"text-editor.default\">\n\t\t\t\t<div class=\"elementor-widget-container\">\n\t\t\t<style>\/*! elementor - v3.8.0 - 30-10-2022 *\/\n.elementor-widget-text-editor.elementor-drop-cap-view-stacked .elementor-drop-cap{background-color:#818a91;color:#fff}.elementor-widget-text-editor.elementor-drop-cap-view-framed .elementor-drop-cap{color:#818a91;border:3px solid;background-color:transparent}.elementor-widget-text-editor:not(.elementor-drop-cap-view-default) .elementor-drop-cap{margin-top:8px}.elementor-widget-text-editor:not(.elementor-drop-cap-view-default) .elementor-drop-cap-letter{width:1em;height:1em}.elementor-widget-text-editor .elementor-drop-cap{float:left;text-align:center;line-height:1;font-size:50px}.elementor-widget-text-editor .elementor-drop-cap-letter{display:inline-block}<\/style>\t\t\t\tAna Sayfa <i class=\"fa fa-chevron-right\"><\/i> <a href=\"https:\/\/nisclinic.com\/tr\/facial-rejuvenation-applications-anti-aging\/\">Y\u00fcz Gen\u00e7le\u015ftirme Uygulamalar\u0131 (Anti-Aging)<\/a> <i class=\"fa fa-chevron-right\"><\/i> <a href=\"https:\/\/nisclinic.com\/tr\/facial-rejuvenation-applications-anti-aging\/acne-treatment\/\">Akne Tedavisi<\/a>\t\t\t\t\t\t<\/div>\n\t\t\t\t<\/div>\n\t\t\t\t\t<\/div>\n\t\t<\/div>\n\t\t\t\t\t\t\t<\/div>\n\t\t<\/section>\n\t\t\t\t<section class=\"elementor-section elementor-top-section elementor-element elementor-element-2e05cfe elementor-reverse-tablet elementor-reverse-mobile elementor-section-boxed elementor-section-height-default elementor-section-height-default\" data-id=\"2e05cfe\" data-element_type=\"section\">\n\t\t\t\t\t\t<div class=\"elementor-container elementor-column-gap-extended\">\n\t\t\t\t\t<div class=\"elementor-column elementor-col-50 elementor-top-column elementor-element elementor-element-8c53be7 animated-fast elementor-invisible\" data-id=\"8c53be7\" data-element_type=\"column\" data-settings=\"{&quot;animation&quot;:&quot;ova-move-up&quot;,&quot;animation_tablet&quot;:&quot;none&quot;,&quot;animation_delay&quot;:100}\">\n\t\t\t<div class=\"elementor-widget-wrap elementor-element-populated\">\n\t\t\t\t\t\t\t\t<section class=\"elementor-section elementor-inner-section elementor-element elementor-element-05e6b86 elementor-section-boxed elementor-section-height-default elementor-section-height-default\" data-id=\"05e6b86\" data-element_type=\"section\">\n\t\t\t\t\t\t<div class=\"elementor-container elementor-column-gap-default\">\n\t\t\t\t\t<div class=\"elementor-column elementor-col-100 elementor-inner-column elementor-element elementor-element-9335a88\" data-id=\"9335a88\" data-element_type=\"column\">\n\t\t\t<div class=\"elementor-widget-wrap elementor-element-populated\">\n\t\t\t\t\t\t\t\t<div class=\"elementor-element elementor-element-46acfde elementor-icon-list--layout-traditional elementor-list-item-link-full_width elementor-widget elementor-widget-global elementor-global-6652 elementor-widget-icon-list\" data-id=\"46acfde\" data-element_type=\"widget\" data-widget_type=\"icon-list.default\">\n\t\t\t\t<div class=\"elementor-widget-container\">\n\t\t\t<link rel=\"stylesheet\" href=\"https:\/\/nisclinic.com\/wp-content\/plugins\/elementor\/assets\/css\/widget-icon-list.min.css\">\t\t<ul class=\"elementor-icon-list-items\">\n\t\t\t\t\t\t\t<li class=\"elementor-icon-list-item\">\n\t\t\t\t\t\t\t\t\t\t\t<a href=\"https:\/\/nisclinic.com\/tr\/facial-rejuvenation-applications-anti-aging\/3d-skin-analysis\/\">\n\n\t\t\t\t\t\t\t\t\t\t\t<span class=\"elementor-icon-list-text\">3D Cilt Analizi<\/span>\n\t\t\t\t\t\t\t\t\t\t\t<\/a>\n\t\t\t\t\t\t\t\t\t<\/li>\n\t\t\t\t\t\t\t\t<li class=\"elementor-icon-list-item\">\n\t\t\t\t\t\t\t\t\t\t\t<a href=\"https:\/\/nisclinic.com\/tr\/facial-rejuvenation-applications-anti-aging\/skin-care\/\">\n\n\t\t\t\t\t\t\t\t\t\t\t<span class=\"elementor-icon-list-text\">Cilt Bak\u0131m\u0131<\/span>\n\t\t\t\t\t\t\t\t\t\t\t<\/a>\n\t\t\t\t\t\t\t\t\t<\/li>\n\t\t\t\t\t\t\t\t<li class=\"elementor-icon-list-item\">\n\t\t\t\t\t\t\t\t\t\t\t<a href=\"https:\/\/nisclinic.com\/tr\/facial-rejuvenation-applications-anti-aging\/chemical-peel\/\">\n\n\t\t\t\t\t\t\t\t\t\t\t<span class=\"elementor-icon-list-text\">Kimyasal Peeling<\/span>\n\t\t\t\t\t\t\t\t\t\t\t<\/a>\n\t\t\t\t\t\t\t\t\t<\/li>\n\t\t\t\t\t\t\t\t<li class=\"elementor-icon-list-item\">\n\t\t\t\t\t\t\t\t\t\t\t<a href=\"https:\/\/nisclinic.com\/tr\/facial-rejuvenation-applications-anti-aging\/dermaroller-method\/\">\n\n\t\t\t\t\t\t\t\t\t\t\t<span class=\"elementor-icon-list-text\">Dermaroller Y\u00f6ntemi<\/span>\n\t\t\t\t\t\t\t\t\t\t\t<\/a>\n\t\t\t\t\t\t\t\t\t<\/li>\n\t\t\t\t\t\t\t\t<li class=\"elementor-icon-list-item\">\n\t\t\t\t\t\t\t\t\t\t\t<a href=\"https:\/\/nisclinic.com\/tr\/facial-rejuvenation-applications-anti-aging\/biogenevity-treatment\/\">\n\n\t\t\t\t\t\t\t\t\t\t\t<span class=\"elementor-icon-list-text\">Biogenevity Tedavisi<\/span>\n\t\t\t\t\t\t\t\t\t\t\t<\/a>\n\t\t\t\t\t\t\t\t\t<\/li>\n\t\t\t\t\t\t\t\t<li class=\"elementor-icon-list-item\">\n\t\t\t\t\t\t\t\t\t\t\t<a href=\"https:\/\/nisclinic.com\/tr\/facial-rejuvenation-applications-anti-aging\/botox\/\">\n\n\t\t\t\t\t\t\t\t\t\t\t<span class=\"elementor-icon-list-text\">Botox<\/span>\n\t\t\t\t\t\t\t\t\t\t\t<\/a>\n\t\t\t\t\t\t\t\t\t<\/li>\n\t\t\t\t\t\t\t\t<li class=\"elementor-icon-list-item\">\n\t\t\t\t\t\t\t\t\t\t\t<a href=\"https:\/\/nisclinic.com\/tr\/facial-rejuvenation-applications-anti-aging\/filling\/\">\n\n\t\t\t\t\t\t\t\t\t\t\t<span class=\"elementor-icon-list-text\">Dolgu<\/span>\n\t\t\t\t\t\t\t\t\t\t\t<\/a>\n\t\t\t\t\t\t\t\t\t<\/li>\n\t\t\t\t\t\t\t\t<li class=\"elementor-icon-list-item\">\n\t\t\t\t\t\t\t\t\t\t\t<a href=\"https:\/\/nisclinic.com\/tr\/facial-rejuvenation-applications-anti-aging\/prp\/\">\n\n\t\t\t\t\t\t\t\t\t\t\t<span class=\"elementor-icon-list-text\">PRP<\/span>\n\t\t\t\t\t\t\t\t\t\t\t<\/a>\n\t\t\t\t\t\t\t\t\t<\/li>\n\t\t\t\t\t\t\t\t<li class=\"elementor-icon-list-item\">\n\t\t\t\t\t\t\t\t\t\t\t<a href=\"https:\/\/nisclinic.com\/tr\/facial-rejuvenation-applications-anti-aging\/mesotherapy\/\">\n\n\t\t\t\t\t\t\t\t\t\t\t<span class=\"elementor-icon-list-text\">Mezoterapi<\/span>\n\t\t\t\t\t\t\t\t\t\t\t<\/a>\n\t\t\t\t\t\t\t\t\t<\/li>\n\t\t\t\t\t\t\t\t<li class=\"elementor-icon-list-item\">\n\t\t\t\t\t\t\t\t\t\t\t<a href=\"https:\/\/nisclinic.com\/tr\/facial-rejuvenation-applications-anti-aging\/acne-treatment\/\">\n\n\t\t\t\t\t\t\t\t\t\t\t<span class=\"elementor-icon-list-text\">Akne Tedavisi<\/span>\n\t\t\t\t\t\t\t\t\t\t\t<\/a>\n\t\t\t\t\t\t\t\t\t<\/li>\n\t\t\t\t\t\t\t\t<li class=\"elementor-icon-list-item\">\n\t\t\t\t\t\t\t\t\t\t\t<a href=\"https:\/\/nisclinic.com\/tr\/facial-rejuvenation-applications-anti-aging\/spot-treatment\/\">\n\n\t\t\t\t\t\t\t\t\t\t\t<span class=\"elementor-icon-list-text\">Leke Tedavisi<\/span>\n\t\t\t\t\t\t\t\t\t\t\t<\/a>\n\t\t\t\t\t\t\t\t\t<\/li>\n\t\t\t\t\t\t\t\t<li class=\"elementor-icon-list-item\">\n\t\t\t\t\t\t\t\t\t\t\t<a href=\"https:\/\/nisclinic.com\/tr\/facial-rejuvenation-applications-anti-aging\/treatment-of-under-eye-bruises\/\">\n\n\t\t\t\t\t\t\t\t\t\t\t<span class=\"elementor-icon-list-text\">G\u00f6zalt\u0131 Morluklar\u0131n\u0131n Tedavisi<\/span>\n\t\t\t\t\t\t\t\t\t\t\t<\/a>\n\t\t\t\t\t\t\t\t\t<\/li>\n\t\t\t\t\t\t<\/ul>\n\t\t\t\t<\/div>\n\t\t\t\t<\/div>\n\t\t\t\t\t<\/div>\n\t\t<\/div>\n\t\t\t\t\t\t\t<\/div>\n\t\t<\/section>\n\t\t\t\t\t<\/div>\n\t\t<\/div>\n\t\t\t\t<div class=\"elementor-column elementor-col-50 elementor-top-column elementor-element elementor-element-82423ff animated-fast elementor-invisible\" data-id=\"82423ff\" data-element_type=\"column\" data-settings=\"{&quot;animation&quot;:&quot;ova-move-up&quot;,&quot;animation_tablet&quot;:&quot;none&quot;,&quot;animation_delay&quot;:100}\">\n\t\t\t<div class=\"elementor-widget-wrap elementor-element-populated\">\n\t\t\t\t\t\t\t\t<section class=\"elementor-section elementor-inner-section elementor-element elementor-element-7edfc01 elementor-section-boxed elementor-section-height-default elementor-section-height-default\" data-id=\"7edfc01\" data-element_type=\"section\">\n\t\t\t\t\t\t<div class=\"elementor-container elementor-column-gap-default\">\n\t\t\t\t\t<div class=\"elementor-column elementor-col-100 elementor-inner-column elementor-element elementor-element-7dadf70\" data-id=\"7dadf70\" data-element_type=\"column\">\n\t\t\t<div class=\"elementor-widget-wrap elementor-element-populated\">\n\t\t\t\t\t\t\t\t<div class=\"elementor-element elementor-element-1f40163 elementor-widget elementor-widget-infetech_elementor_heading\" data-id=\"1f40163\" data-element_type=\"widget\" data-widget_type=\"infetech_elementor_heading.default\">\n\t\t\t\t<div class=\"elementor-widget-container\">\n\t\t\t\n\t\t\t<div class=\"ova-heading\">\n\t\t\t\t\n\t\t\t\t\t\t\t\t\t<h2 class=\"sub-title\">\n\t\t\t\t\t\t<span class=\"underlined\"><\/span>\n\t\t\t\t\t\tY\u00fcz Gen\u00e7le\u015ftirme Uygulamalar\u0131 (Anti-Aging)\t\t\t\t\t<\/h2>\t\n\t\t\t\t\n\t\t\t\t\n\t\t\t\t\t<h3 class=\"title\">\t\t\t\t\t\t\t\t\t\t\t\t\tAkne Tedavisi\t\t\t\t\t\t\t\t\t\t\t<\/h3>\n                \n\t\t\t<\/div>\n\n\t\t\t\t<\/div>\n\t\t\t\t<\/div>\n\t\t\t\t<div class=\"elementor-element elementor-element-02d72c9 elementor-widget elementor-widget-image\" data-id=\"02d72c9\" data-element_type=\"widget\" data-widget_type=\"image.default\">\n\t\t\t\t<div class=\"elementor-widget-container\">\n\t\t\t<style>\/*! elementor - v3.8.0 - 30-10-2022 *\/\n.elementor-widget-image{text-align:center}.elementor-widget-image a{display:inline-block}.elementor-widget-image a img[src$=\".svg\"]{width:48px}.elementor-widget-image img{vertical-align:middle;display:inline-block}<\/style>\t\t\t\t\t\t\t\t\t\t\t\t<img loading=\"lazy\" decoding=\"async\" width=\"1568\" height=\"600\" src=\"https:\/\/nisclinic.com\/wp-content\/uploads\/2022\/10\/acne-treatment.jpg\" class=\"attachment-full size-full\" alt=\"\" srcset=\"https:\/\/nisclinic.com\/wp-content\/uploads\/2022\/10\/acne-treatment.jpg 1568w, https:\/\/nisclinic.com\/wp-content\/uploads\/2022\/10\/acne-treatment-300x115.jpg 300w, https:\/\/nisclinic.com\/wp-content\/uploads\/2022\/10\/acne-treatment-1024x392.jpg 1024w, https:\/\/nisclinic.com\/wp-content\/uploads\/2022\/10\/acne-treatment-768x294.jpg 768w, https:\/\/nisclinic.com\/wp-content\/uploads\/2022\/10\/acne-treatment-1536x588.jpg 1536w\" sizes=\"auto, (max-width: 1568px) 100vw, 1568px\" \/>\t\t\t\t\t\t\t\t\t\t\t\t\t\t\t<\/div>\n\t\t\t\t<\/div>\n\t\t\t\t<div class=\"elementor-element elementor-element-6d3fbb8 elementor-widget elementor-widget-text-editor\" data-id=\"6d3fbb8\" data-element_type=\"widget\" data-widget_type=\"text-editor.default\">\n\t\t\t\t<div class=\"elementor-widget-container\">\n\t\t\t\t\t\t\t<p>Akne t\u0131kal\u0131 g\u00f6zenekler (siyah ve beyaz noktac\u0131klar), k\u0131rm\u0131z\u0131 kabarc\u0131klar, iltihapl\u0131 kabar\u0131kl\u0131klar ve derinin derin tabakalar\u0131nda kistlerle seyreden bir hastal\u0131kt\u0131r. Hastal\u0131k genellikle y\u00fczde, boyunda, g\u00f6\u011f\u00fcste, s\u0131rtta, omuzlarda ve hatta kollar\u0131n \u00fcst b\u00f6lgesinde g\u00f6r\u00fclebilir. Ergenlik d\u00f6neminde bir \u00e7ok ki\u015fide sivilce vard\u0131r. Bununla birlikte 20&#8217;li ya\u015flara kadar, hatta k\u0131rk ya\u015f\u0131na kadar sivilce g\u00f6r\u00fclebilir. Akne birka\u00e7 y\u0131l i\u00e7inde tedavi edilmeden geriler, fakat bu s\u00fcre\u00e7te tedavisiz kalmaya gerek yoktur. Ayr\u0131ca tedavi edilmeyen sivilce iz b\u0131rakabilir. Akne ya\u015fam\u0131 tehdit eden bir hastal\u0131k olmad\u0131\u011f\u0131 halde, hastay\u0131 psikolojik a\u00e7\u0131dan negatif etkiler. Ayr\u0131ca sivilceler ciddi ve kal\u0131c\u0131 izler b\u0131rakabilir.<br \/><br \/><strong>Akne nas\u0131l olu\u015fur?<\/strong><br \/><br \/>Erkeklerde ve bayanlarda erkeklik hormonu ergen d\u00f6nemde artarak, ya\u011f bezlerini uyar\u0131r ve b\u00fcy\u00fcmesine neden olur.Ya\u011f bezlerinin s\u0131k oldu\u011fu y\u00fcz, s\u0131rt ve g\u00f6\u011f\u00fcs gibi alanlarda akne s\u0131kg\u00f6r\u00fcl\u00fcr. Nadiren akne hormon bozukluklarla birlikte g\u00f6r\u00fclebilir.<br \/><br \/>Ya\u011f bezleri folik\u00fcl dedi\u011fimiz sa\u00e7\u0131 da i\u00e7eren bir kanalda bulunur. Ya\u011f bezleri sebum denen ya\u011fl\u0131 bir maddeyi salg\u0131larlar, bu madde kanal boyunca ilerleyerek deri y\u00fczeyindeki g\u00f6zeneklerden at\u0131l\u0131r. Ya\u011f bezi kanal\u0131n\u0131n deriye a\u00e7\u0131ld\u0131klar\u0131 yere por denilir. Kanaldan salg\u0131lanan ya\u011f ve yine kanaldan at\u0131lan \u00f6l\u00fc deri h\u00fccreler ile birle\u015ferek deri g\u00f6zeneklerini t\u0131kar. B\u00f6ylece bu kanalda rahatl\u0131kla bakteri \u00fcrer. Bu bakterilerin \u00fcretti\u011fi kimyasal maddeler ya\u011f bezinde iltihabi reaksiyonu uyar\u0131r ve b\u00f6ylelikle kanal\u0131n duvar\u0131 \u00e7atlar. Sebum, bakteri ve \u00f6l\u00fc h\u00fccrelerin deri i\u00e7inde da\u011f\u0131l\u0131m\u0131 k\u0131zar\u0131kl\u0131k, \u015fi\u015fme ve iltihabi reaksiyona neden olur.<br \/><br \/><strong>Tedavi<\/strong><br \/><br \/>Aknenin kontrol\u00fc uzun bir s\u00fcreyi al\u0131r. B\u00fct\u00fcn sivilce tedavileri sivilceden korunmay\u0131 sa\u011flar.\u00c7\u0131kan sivilceler kendili\u011finden iyile\u015firler. Bu iyile\u015fme zaman al\u0131r. E\u011fer sivilceleriniz 6-8 haftada iyile\u015fmezse, tedavi de\u011fi\u015ftirilmelidir. Dermatoloji uzman\u0131n\u0131z\u0131n tercih etti\u011fi tedavi aknenizin tipi ve \u015fiddetine g\u00f6re de\u011fi\u015fir. Ara s\u0131ra akne benzeri bir d\u00f6k\u00fcnt\u00fc makyaj malzemeleri, losyonlar veya a\u011f\u0131zdan kullan\u0131lan ila\u00e7lardan dolay\u0131 geli\u015febilir. Dermatoloji Uzman\u0131n\u0131za derinize uygulad\u0131\u011f\u0131n\u0131z veya a\u011f\u0131zdan kulland\u0131\u011f\u0131n\u0131z tedaviler hakk\u0131nda bilgi vermeniz gerekir.<br \/><br \/>Dermatoloji Uzman\u0131n\u0131z A vitamini ve benzol peroksit i\u00e7eren ve ya\u011f bezlerinin t\u0131kan\u0131kl\u0131\u011f\u0131n\u0131 a\u00e7an ve bakteri \u00fcremesini engelleyen krem, jel ve losyonlar re\u00e7ete edebilir. Bu \u00fcr\u00fcnler ciltte kuruma ve soyulmaya yol a\u00e7arlar. Dermatoloji uzman\u0131 bu \u00fcr\u00fcnlerin do\u011fru kullan\u0131m\u0131 ve yan etkilerinden korunmak i\u00e7in gerekli bilgileri size belirtecektir.<br \/><br \/>Antibiyotiklerde akne tedavisinde deriye uygulanabilir. Bu \u00fcr\u00fcnler daha \u015fiddetli akne vakalar\u0131nda kullan\u0131l\u0131r. Kist dedi\u011fimiz deri alt\u0131nda a\u011fr\u0131l\u0131 kitleler var ise dermatoloji uzman\u0131n\u0131z bu kistlere kortizon enjeksiyonu yapabilir.<br \/><br \/>Doktorunuz sivilcelerinizin i\u00e7ini bo\u015faltabilir ve siyah ve beyaz noktalar\u0131n\u0131z\u0131 temizleyebilir. Kendi kendinize sivilcelerinizi patlatmay\u0131n veya s\u0131kmay\u0131n. Sivilceler s\u0131k\u0131ld\u0131klar\u0131nda daha k\u0131rm\u0131z\u0131 ve \u015fi\u015f hal al\u0131rlar ve iz b\u0131rak\u0131rlar.<br \/><br \/>A\u011f\u0131z yolu ile tetrasiklin, doksisiklin ve eritromisin i\u00e7eren antibiyotikler s\u0131kl\u0131kla orta veya \u015fiddetli akne hastalar\u0131nda \u00f6zellikle s\u0131rt ve g\u00f6\u011f\u00fcs b\u00f6lgesinde \u00e7ok say\u0131da aknesi olanlarda kullan\u0131l\u0131r. Antibiyotikler ya\u011f bezindeki bakteri say\u0131s\u0131n\u0131 ve derideki k\u0131zar\u0131kl\u0131\u011f\u0131 direk olarak azalt\u0131r.<\/p>\t\t\t\t\t\t<\/div>\n\t\t\t\t<\/div>\n\t\t\t\t\t<\/div>\n\t\t<\/div>\n\t\t\t\t\t\t\t<\/div>\n\t\t<\/section>\n\t\t\t\t\t<\/div>\n\t\t<\/div>\n\t\t\t\t\t\t\t<\/div>\n\t\t<\/section>\n\t\t\t\t<section class=\"elementor-section elementor-top-section elementor-element elementor-element-3251d341 ova-geometry4 elementor-section-boxed elementor-section-height-default elementor-section-height-default\" data-id=\"3251d341\" data-element_type=\"section\" data-settings=\"{&quot;background_background&quot;:&quot;classic&quot;}\">\n\t\t\t\t\t\t<div class=\"elementor-container elementor-column-gap-default\">\n\t\t\t\t\t<div class=\"elementor-column elementor-col-50 elementor-top-column elementor-element elementor-element-aad6dcc\" data-id=\"aad6dcc\" data-element_type=\"column\">\n\t\t\t<div class=\"elementor-widget-wrap elementor-element-populated\">\n\t\t\t\t\t\t\t\t<div class=\"elementor-element elementor-element-5d561268 elementor-widget__width-auto elementor-widget elementor-widget-infetech_elementor_heading\" data-id=\"5d561268\" data-element_type=\"widget\" data-widget_type=\"infetech_elementor_heading.default\">\n\t\t\t\t<div class=\"elementor-widget-container\">\n\t\t\t\n\t\t\t<div class=\"ova-heading\">\n\t\t\t\t\n\t\t\t\t\t\t\t\t\t<h2 class=\"sub-title\">\n\t\t\t\t\t\t<span class=\"underlined\"><\/span>\n\t\t\t\t\t\tDurmay\u0131n, hemen aray\u0131n ! Uzmanlar\u0131m\u0131z taraf\u0131ndan verilen cevaplar ile hemen randevunuzu olu\u015ftural\u0131m.\t\t\t\t\t<\/h2>\t\n\t\t\t\t\n\t\t\t\t\n\t\t\t\t\t<h3 class=\"title\">\t\t\t\t\t\t\t\t\t\t\t\t\tDaha fazla bilgiye mi \u0130htiyaniz var ?\t\t\t\t\t\t\t\t\t\t\t<\/h3>\n                \n\t\t\t<\/div>\n\n\t\t\t\t<\/div>\n\t\t\t\t<\/div>\n\t\t\t\t\t<\/div>\n\t\t<\/div>\n\t\t\t\t<div class=\"elementor-column elementor-col-50 elementor-top-column elementor-element elementor-element-224299f6\" data-id=\"224299f6\" data-element_type=\"column\">\n\t\t\t<div class=\"elementor-widget-wrap elementor-element-populated\">\n\t\t\t\t\t\t\t\t<div class=\"elementor-element elementor-element-17293160 elementor-align-right elementor-widget elementor-widget-button\" data-id=\"17293160\" data-element_type=\"widget\" data-widget_type=\"button.default\">\n\t\t\t\t<div class=\"elementor-widget-container\">\n\t\t\t\t\t<div class=\"elementor-button-wrapper\">\n\t\t\t<a href=\"#elementor-action%3Aaction%3Dpopup%3Aopen%26settings%3DeyJpZCI6NjMyOCwidG9nZ2xlIjpmYWxzZX0%3D\" class=\"elementor-button-link elementor-button elementor-size-sm\" role=\"button\">\n\t\t\t\t\t\t<span class=\"elementor-button-content-wrapper\">\n\t\t\t\t\t\t<span class=\"elementor-button-text\">S\u0130Z\u0130 ARAYALIM<\/span>\n\t\t<\/span>\n\t\t\t\t\t<\/a>\n\t\t<\/div>\n\t\t\t\t<\/div>\n\t\t\t\t<\/div>\n\t\t\t\t\t<\/div>\n\t\t<\/div>\n\t\t\t\t\t\t\t<\/div>\n\t\t<\/section>\n\t\t\t\t\t\t\t<\/div>\n\t\t","protected":false},"excerpt":{"rendered":"<p>Ana Sayfa Y\u00fcz Gen\u00e7le\u015ftirme Uygulamalar\u0131 (Anti-Aging) Akne Tedavisi 3D Cilt Analizi Cilt Bak\u0131m\u0131 Kimyasal Peeling Dermaroller Y\u00f6ntemi Biogenevity Tedavisi Botox Dolgu PRP Mezoterapi Akne Tedavisi Leke Tedavisi G\u00f6zalt\u0131 Morluklar\u0131n\u0131n Tedavisi Y\u00fcz Gen\u00e7le\u015ftirme Uygulamalar\u0131 (Anti-Aging) Akne Tedavisi Akne t\u0131kal\u0131 g\u00f6zenekler (siyah ve beyaz noktac\u0131klar), k\u0131rm\u0131z\u0131 kabarc\u0131klar, iltihapl\u0131 kabar\u0131kl\u0131klar ve derinin derin tabakalar\u0131nda kistlerle seyreden bir hastal\u0131kt\u0131r. [&hellip;]<\/p>\n","protected":false},"author":1,"featured_media":0,"parent":6645,"menu_order":0,"comment_status":"closed","ping_status":"closed","template":"elementor_header_footer","meta":{"footnotes":""},"class_list":["post-6698","page","type-page","status-publish","hentry"],"_links":{"self":[{"href":"https:\/\/nisclinic.com\/tr\/wp-json\/wp\/v2\/pages\/6698","targetHints":{"allow":["GET"]}}],"collection":[{"href":"https:\/\/nisclinic.com\/tr\/wp-json\/wp\/v2\/pages"}],"about":[{"href":"https:\/\/nisclinic.com\/tr\/wp-json\/wp\/v2\/types\/page"}],"author":[{"embeddable":true,"href":"https:\/\/nisclinic.com\/tr\/wp-json\/wp\/v2\/users\/1"}],"replies":[{"embeddable":true,"href":"https:\/\/nisclinic.com\/tr\/wp-json\/wp\/v2\/comments?post=6698"}],"version-history":[{"count":4,"href":"https:\/\/nisclinic.com\/tr\/wp-json\/wp\/v2\/pages\/6698\/revisions"}],"predecessor-version":[{"id":6702,"href":"https:\/\/nisclinic.com\/tr\/wp-json\/wp\/v2\/pages\/6698\/revisions\/6702"}],"up":[{"embeddable":true,"href":"https:\/\/nisclinic.com\/tr\/wp-json\/wp\/v2\/pages\/6645"}],"wp:attachment":[{"href":"https:\/\/nisclinic.com\/tr\/wp-json\/wp\/v2\/media?parent=6698"}],"curies":[{"name":"wp","href":"https:\/\/api.w.org\/{rel}","templated":true}]}}