{"id":6693,"date":"2022-10-10T06:21:03","date_gmt":"2022-10-10T06:21:03","guid":{"rendered":"https:\/\/siteniincele.com\/nisclinic\/facial-rejuvenation-applications-anti-aging\/mesotherapy\/"},"modified":"2022-10-10T14:37:33","modified_gmt":"2022-10-10T14:37:33","slug":"mesotherapy","status":"publish","type":"page","link":"https:\/\/nisclinic.com\/tr\/facial-rejuvenation-applications-anti-aging\/mesotherapy\/","title":{"rendered":"Mezoterapi"},"content":{"rendered":"\t\t<div data-elementor-type=\"wp-page\" data-elementor-id=\"6693\" class=\"elementor elementor-6693 elementor-5959\">\n\t\t\t\t\t\t\t\t\t<section class=\"elementor-section elementor-top-section elementor-element elementor-element-3341125 elementor-section-boxed elementor-section-height-default elementor-section-height-default\" data-id=\"3341125\" data-element_type=\"section\" data-settings=\"{&quot;background_background&quot;:&quot;classic&quot;}\">\n\t\t\t\t\t\t<div class=\"elementor-container elementor-column-gap-default\">\n\t\t\t\t\t<div class=\"elementor-column elementor-col-100 elementor-top-column elementor-element elementor-element-ed6efee\" data-id=\"ed6efee\" data-element_type=\"column\">\n\t\t\t<div class=\"elementor-widget-wrap elementor-element-populated\">\n\t\t\t\t\t\t\t\t<div class=\"elementor-element elementor-element-6f3b510 elementor-widget elementor-widget-text-editor\" data-id=\"6f3b510\" data-element_type=\"widget\" data-widget_type=\"text-editor.default\">\n\t\t\t\t<div class=\"elementor-widget-container\">\n\t\t\t<style>\/*! elementor - v3.8.0 - 30-10-2022 *\/\n.elementor-widget-text-editor.elementor-drop-cap-view-stacked .elementor-drop-cap{background-color:#818a91;color:#fff}.elementor-widget-text-editor.elementor-drop-cap-view-framed .elementor-drop-cap{color:#818a91;border:3px solid;background-color:transparent}.elementor-widget-text-editor:not(.elementor-drop-cap-view-default) .elementor-drop-cap{margin-top:8px}.elementor-widget-text-editor:not(.elementor-drop-cap-view-default) .elementor-drop-cap-letter{width:1em;height:1em}.elementor-widget-text-editor .elementor-drop-cap{float:left;text-align:center;line-height:1;font-size:50px}.elementor-widget-text-editor .elementor-drop-cap-letter{display:inline-block}<\/style>\t\t\t\tAna Sayfa <i class=\"fa fa-chevron-right\"><\/i> <a href=\"https:\/\/nisclinic.com\/tr\/facial-rejuvenation-applications-anti-aging\/\">Y\u00fcz Gen\u00e7le\u015ftirme Uygulamalar\u0131 (Anti-Aging)<\/a> <i class=\"fa fa-chevron-right\"><\/i> <a href=\"https:\/\/nisclinic.com\/tr\/facial-rejuvenation-applications-anti-aging\/mesotherapy\/\">Mezoterapi<\/a>\t\t\t\t\t\t<\/div>\n\t\t\t\t<\/div>\n\t\t\t\t\t<\/div>\n\t\t<\/div>\n\t\t\t\t\t\t\t<\/div>\n\t\t<\/section>\n\t\t\t\t<section class=\"elementor-section elementor-top-section elementor-element elementor-element-2e05cfe elementor-reverse-tablet elementor-reverse-mobile elementor-section-boxed elementor-section-height-default elementor-section-height-default\" data-id=\"2e05cfe\" data-element_type=\"section\">\n\t\t\t\t\t\t<div class=\"elementor-container elementor-column-gap-extended\">\n\t\t\t\t\t<div class=\"elementor-column elementor-col-50 elementor-top-column elementor-element elementor-element-8c53be7 animated-fast elementor-invisible\" data-id=\"8c53be7\" data-element_type=\"column\" data-settings=\"{&quot;animation&quot;:&quot;ova-move-up&quot;,&quot;animation_tablet&quot;:&quot;none&quot;,&quot;animation_delay&quot;:100}\">\n\t\t\t<div class=\"elementor-widget-wrap elementor-element-populated\">\n\t\t\t\t\t\t\t\t<section class=\"elementor-section elementor-inner-section elementor-element elementor-element-05e6b86 elementor-section-boxed elementor-section-height-default elementor-section-height-default\" data-id=\"05e6b86\" data-element_type=\"section\">\n\t\t\t\t\t\t<div class=\"elementor-container elementor-column-gap-default\">\n\t\t\t\t\t<div class=\"elementor-column elementor-col-100 elementor-inner-column elementor-element elementor-element-9335a88\" data-id=\"9335a88\" data-element_type=\"column\">\n\t\t\t<div class=\"elementor-widget-wrap elementor-element-populated\">\n\t\t\t\t\t\t\t\t<div class=\"elementor-element elementor-element-ac8f359 elementor-icon-list--layout-traditional elementor-list-item-link-full_width elementor-widget elementor-widget-global elementor-global-6652 elementor-widget-icon-list\" data-id=\"ac8f359\" data-element_type=\"widget\" data-widget_type=\"icon-list.default\">\n\t\t\t\t<div class=\"elementor-widget-container\">\n\t\t\t<link rel=\"stylesheet\" href=\"https:\/\/nisclinic.com\/wp-content\/plugins\/elementor\/assets\/css\/widget-icon-list.min.css\">\t\t<ul class=\"elementor-icon-list-items\">\n\t\t\t\t\t\t\t<li class=\"elementor-icon-list-item\">\n\t\t\t\t\t\t\t\t\t\t\t<a href=\"https:\/\/nisclinic.com\/tr\/facial-rejuvenation-applications-anti-aging\/3d-skin-analysis\/\">\n\n\t\t\t\t\t\t\t\t\t\t\t<span class=\"elementor-icon-list-text\">3D Cilt Analizi<\/span>\n\t\t\t\t\t\t\t\t\t\t\t<\/a>\n\t\t\t\t\t\t\t\t\t<\/li>\n\t\t\t\t\t\t\t\t<li class=\"elementor-icon-list-item\">\n\t\t\t\t\t\t\t\t\t\t\t<a href=\"https:\/\/nisclinic.com\/tr\/facial-rejuvenation-applications-anti-aging\/skin-care\/\">\n\n\t\t\t\t\t\t\t\t\t\t\t<span class=\"elementor-icon-list-text\">Cilt Bak\u0131m\u0131<\/span>\n\t\t\t\t\t\t\t\t\t\t\t<\/a>\n\t\t\t\t\t\t\t\t\t<\/li>\n\t\t\t\t\t\t\t\t<li class=\"elementor-icon-list-item\">\n\t\t\t\t\t\t\t\t\t\t\t<a href=\"https:\/\/nisclinic.com\/tr\/facial-rejuvenation-applications-anti-aging\/chemical-peel\/\">\n\n\t\t\t\t\t\t\t\t\t\t\t<span class=\"elementor-icon-list-text\">Kimyasal Peeling<\/span>\n\t\t\t\t\t\t\t\t\t\t\t<\/a>\n\t\t\t\t\t\t\t\t\t<\/li>\n\t\t\t\t\t\t\t\t<li class=\"elementor-icon-list-item\">\n\t\t\t\t\t\t\t\t\t\t\t<a href=\"https:\/\/nisclinic.com\/tr\/facial-rejuvenation-applications-anti-aging\/dermaroller-method\/\">\n\n\t\t\t\t\t\t\t\t\t\t\t<span class=\"elementor-icon-list-text\">Dermaroller Y\u00f6ntemi<\/span>\n\t\t\t\t\t\t\t\t\t\t\t<\/a>\n\t\t\t\t\t\t\t\t\t<\/li>\n\t\t\t\t\t\t\t\t<li class=\"elementor-icon-list-item\">\n\t\t\t\t\t\t\t\t\t\t\t<a href=\"https:\/\/nisclinic.com\/tr\/facial-rejuvenation-applications-anti-aging\/biogenevity-treatment\/\">\n\n\t\t\t\t\t\t\t\t\t\t\t<span class=\"elementor-icon-list-text\">Biogenevity Tedavisi<\/span>\n\t\t\t\t\t\t\t\t\t\t\t<\/a>\n\t\t\t\t\t\t\t\t\t<\/li>\n\t\t\t\t\t\t\t\t<li class=\"elementor-icon-list-item\">\n\t\t\t\t\t\t\t\t\t\t\t<a href=\"https:\/\/nisclinic.com\/tr\/facial-rejuvenation-applications-anti-aging\/botox\/\">\n\n\t\t\t\t\t\t\t\t\t\t\t<span class=\"elementor-icon-list-text\">Botox<\/span>\n\t\t\t\t\t\t\t\t\t\t\t<\/a>\n\t\t\t\t\t\t\t\t\t<\/li>\n\t\t\t\t\t\t\t\t<li class=\"elementor-icon-list-item\">\n\t\t\t\t\t\t\t\t\t\t\t<a href=\"https:\/\/nisclinic.com\/tr\/facial-rejuvenation-applications-anti-aging\/filling\/\">\n\n\t\t\t\t\t\t\t\t\t\t\t<span class=\"elementor-icon-list-text\">Dolgu<\/span>\n\t\t\t\t\t\t\t\t\t\t\t<\/a>\n\t\t\t\t\t\t\t\t\t<\/li>\n\t\t\t\t\t\t\t\t<li class=\"elementor-icon-list-item\">\n\t\t\t\t\t\t\t\t\t\t\t<a href=\"https:\/\/nisclinic.com\/tr\/facial-rejuvenation-applications-anti-aging\/prp\/\">\n\n\t\t\t\t\t\t\t\t\t\t\t<span class=\"elementor-icon-list-text\">PRP<\/span>\n\t\t\t\t\t\t\t\t\t\t\t<\/a>\n\t\t\t\t\t\t\t\t\t<\/li>\n\t\t\t\t\t\t\t\t<li class=\"elementor-icon-list-item\">\n\t\t\t\t\t\t\t\t\t\t\t<a href=\"https:\/\/nisclinic.com\/tr\/facial-rejuvenation-applications-anti-aging\/mesotherapy\/\">\n\n\t\t\t\t\t\t\t\t\t\t\t<span class=\"elementor-icon-list-text\">Mezoterapi<\/span>\n\t\t\t\t\t\t\t\t\t\t\t<\/a>\n\t\t\t\t\t\t\t\t\t<\/li>\n\t\t\t\t\t\t\t\t<li class=\"elementor-icon-list-item\">\n\t\t\t\t\t\t\t\t\t\t\t<a href=\"https:\/\/nisclinic.com\/tr\/facial-rejuvenation-applications-anti-aging\/acne-treatment\/\">\n\n\t\t\t\t\t\t\t\t\t\t\t<span class=\"elementor-icon-list-text\">Akne Tedavisi<\/span>\n\t\t\t\t\t\t\t\t\t\t\t<\/a>\n\t\t\t\t\t\t\t\t\t<\/li>\n\t\t\t\t\t\t\t\t<li class=\"elementor-icon-list-item\">\n\t\t\t\t\t\t\t\t\t\t\t<a href=\"https:\/\/nisclinic.com\/tr\/facial-rejuvenation-applications-anti-aging\/spot-treatment\/\">\n\n\t\t\t\t\t\t\t\t\t\t\t<span class=\"elementor-icon-list-text\">Leke Tedavisi<\/span>\n\t\t\t\t\t\t\t\t\t\t\t<\/a>\n\t\t\t\t\t\t\t\t\t<\/li>\n\t\t\t\t\t\t\t\t<li class=\"elementor-icon-list-item\">\n\t\t\t\t\t\t\t\t\t\t\t<a href=\"https:\/\/nisclinic.com\/tr\/facial-rejuvenation-applications-anti-aging\/treatment-of-under-eye-bruises\/\">\n\n\t\t\t\t\t\t\t\t\t\t\t<span class=\"elementor-icon-list-text\">G\u00f6zalt\u0131 Morluklar\u0131n\u0131n Tedavisi<\/span>\n\t\t\t\t\t\t\t\t\t\t\t<\/a>\n\t\t\t\t\t\t\t\t\t<\/li>\n\t\t\t\t\t\t<\/ul>\n\t\t\t\t<\/div>\n\t\t\t\t<\/div>\n\t\t\t\t\t<\/div>\n\t\t<\/div>\n\t\t\t\t\t\t\t<\/div>\n\t\t<\/section>\n\t\t\t\t\t<\/div>\n\t\t<\/div>\n\t\t\t\t<div class=\"elementor-column elementor-col-50 elementor-top-column elementor-element elementor-element-82423ff animated-fast elementor-invisible\" data-id=\"82423ff\" data-element_type=\"column\" data-settings=\"{&quot;animation&quot;:&quot;ova-move-up&quot;,&quot;animation_tablet&quot;:&quot;none&quot;,&quot;animation_delay&quot;:100}\">\n\t\t\t<div class=\"elementor-widget-wrap elementor-element-populated\">\n\t\t\t\t\t\t\t\t<section class=\"elementor-section elementor-inner-section elementor-element elementor-element-7edfc01 elementor-section-boxed elementor-section-height-default elementor-section-height-default\" data-id=\"7edfc01\" data-element_type=\"section\">\n\t\t\t\t\t\t<div class=\"elementor-container elementor-column-gap-default\">\n\t\t\t\t\t<div class=\"elementor-column elementor-col-100 elementor-inner-column elementor-element elementor-element-7dadf70\" data-id=\"7dadf70\" data-element_type=\"column\">\n\t\t\t<div class=\"elementor-widget-wrap elementor-element-populated\">\n\t\t\t\t\t\t\t\t<div class=\"elementor-element elementor-element-1f40163 elementor-widget elementor-widget-infetech_elementor_heading\" data-id=\"1f40163\" data-element_type=\"widget\" data-widget_type=\"infetech_elementor_heading.default\">\n\t\t\t\t<div class=\"elementor-widget-container\">\n\t\t\t\n\t\t\t<div class=\"ova-heading\">\n\t\t\t\t\n\t\t\t\t\t\t\t\t\t<h2 class=\"sub-title\">\n\t\t\t\t\t\t<span class=\"underlined\"><\/span>\n\t\t\t\t\t\tY\u00fcz Gen\u00e7le\u015ftirme Uygulamalar\u0131 (Anti-Aging)\t\t\t\t\t<\/h2>\t\n\t\t\t\t\n\t\t\t\t\n\t\t\t\t\t<h3 class=\"title\">\t\t\t\t\t\t\t\t\t\t\t\t\tMezoterapi\t\t\t\t\t\t\t\t\t\t\t<\/h3>\n                \n\t\t\t<\/div>\n\n\t\t\t\t<\/div>\n\t\t\t\t<\/div>\n\t\t\t\t<div class=\"elementor-element elementor-element-02d72c9 elementor-widget elementor-widget-image\" data-id=\"02d72c9\" data-element_type=\"widget\" data-widget_type=\"image.default\">\n\t\t\t\t<div class=\"elementor-widget-container\">\n\t\t\t<style>\/*! elementor - v3.8.0 - 30-10-2022 *\/\n.elementor-widget-image{text-align:center}.elementor-widget-image a{display:inline-block}.elementor-widget-image a img[src$=\".svg\"]{width:48px}.elementor-widget-image img{vertical-align:middle;display:inline-block}<\/style>\t\t\t\t\t\t\t\t\t\t\t\t<img loading=\"lazy\" decoding=\"async\" width=\"1568\" height=\"600\" src=\"https:\/\/nisclinic.com\/wp-content\/uploads\/2022\/10\/mesotherapy-facial.jpg\" class=\"attachment-full size-full\" alt=\"\" srcset=\"https:\/\/nisclinic.com\/wp-content\/uploads\/2022\/10\/mesotherapy-facial.jpg 1568w, https:\/\/nisclinic.com\/wp-content\/uploads\/2022\/10\/mesotherapy-facial-300x115.jpg 300w, https:\/\/nisclinic.com\/wp-content\/uploads\/2022\/10\/mesotherapy-facial-1024x392.jpg 1024w, https:\/\/nisclinic.com\/wp-content\/uploads\/2022\/10\/mesotherapy-facial-768x294.jpg 768w, https:\/\/nisclinic.com\/wp-content\/uploads\/2022\/10\/mesotherapy-facial-1536x588.jpg 1536w\" sizes=\"auto, (max-width: 1568px) 100vw, 1568px\" \/>\t\t\t\t\t\t\t\t\t\t\t\t\t\t\t<\/div>\n\t\t\t\t<\/div>\n\t\t\t\t<div class=\"elementor-element elementor-element-6d3fbb8 elementor-widget elementor-widget-text-editor\" data-id=\"6d3fbb8\" data-element_type=\"widget\" data-widget_type=\"text-editor.default\">\n\t\t\t\t<div class=\"elementor-widget-container\">\n\t\t\t\t\t\t\t<p><strong>Y\u00fcz mezoterapisi (mezolift) nedir?<\/strong><br \/><br \/>Y\u00fcz mezoterapisinde ila\u00e7lar k\u00fc\u00e7\u00fck miktarlarda kar\u0131\u015ft\u0131r\u0131larak cildin i\u00e7ine ve alt\u0131na direk olarak verilir. B\u00f6ylece cilt etkili maddelerden k\u0131sa s\u00fcrede faydalanabilir. Ayr\u0131ca ila\u00e7lar \u00e7ok az miktarda verildi\u011fi i\u00e7in kullan\u0131lan maddelerin yan etki olas\u0131l\u0131\u011f\u0131 azal\u0131r. Y\u00fcz mezoterapisi (mezolift) cildi yenileyen, cilt k\u0131r\u0131\u015f\u0131kl\u0131\u011f\u0131 ve cilt sarkmalar\u0131na etkili olan do\u011fal ve faydal\u0131 bir y\u00f6ntemdir.<br \/><br \/><strong>Y\u00fcz mezoterapisi (mezolift) nas\u0131l etkili olur?<\/strong><br \/><br \/>Y\u00fcz mezoterapisi (mezolift) y\u00f6nteminde cildi yenileyen hyaluronik asit, antioksidanlar, vitaminler, mineraller ve amino asitler cilt alt\u0131na minik i\u011fnelerle uygulan\u0131r. Bu faydal\u0131 maddelerin direk cilde verilmesi ve cildin uyar\u0131lmas\u0131 cildin kollajen ve elastin \u00fcretimini artt\u0131r\u0131r, ciltte nemlenme artar ve cilt yenilenir.<br \/><br \/><strong>Mezoterapinin (mezolift) y\u00fcz b\u00f6lgesinde kullan\u0131lma nedenleri nelerdir?<\/strong><br \/><br \/><\/p><ul><li>Donuk ve parlakl\u0131\u011f\u0131n\u0131 yitirmi\u015f cilde sahip olanlar<\/li><li>Ciltte elastikiyet kayb\u0131 ve sarkma tedavisi<\/li><li>Cildin ya\u015flanmas\u0131n\u0131 engellemek<\/li><li>Y\u00fcz\u00fcn yorgun g\u00f6r\u00fcn\u00fcm\u00fcn\u00fc gidermek<\/li><li>Sigara i\u00e7enlerde cilt hasar\u0131n\u0131 engellemek ve tedavi etmek<\/li><li>Yaz \u00f6ncesi g\u00fcne\u015f \u0131\u015f\u0131nlar\u0131n\u0131n zararlar\u0131na kar\u015f\u0131 \u00f6nlem almak<\/li><li>G\u00fcne\u015ften zarar g\u00f6rm\u00fc\u015f ciltleri d\u00fczeltmek<\/li><li>Di\u011fer leke tedavileriyle birlikte lekeleri hafifletmek veya gidermek<\/li><li>Di\u011fer y\u00f6ntemlerle birlikte sivilce izi, di\u011fer yara ve yan\u0131k iz tedavisi<\/li><li>Di\u011fer y\u00f6ntemlerle birlikte cilt \u00e7atlak tedavisi<\/li><li>Y\u00fcz mezoterapisi (mezolift) nas\u0131l uygulan\u0131r?<\/li><\/ul><p><br \/><br \/>Y\u00fcz mezoterapisinde (mezolift) uygulama \u00f6ncesi cilt temizlenir ve dezenfekte edilir. \u0130\u015flemden yar\u0131m saat \u00f6nce anestezik krem s\u00fcr\u00fclebilir. Y\u00fcz mezoterapisinde (mezolift) haz\u0131rlanan kar\u0131\u015f\u0131m \u00e7ok k\u00fc\u00e7\u00fck ve ince i\u011fnelerle cilt i\u00e7ine veya \u00fcst\u00fcne verilir.<br \/><br \/><strong>Y\u00fcz mezoterapisi (mezolift) sonras\u0131 cilt nas\u0131l g\u00f6z\u00fck\u00fcr?<\/strong><br \/><br \/>Y\u00fcz mezoterapisi (mezolift) sonras\u0131 cilt daha taze ve dinlenmi\u015f g\u00f6r\u00fcn\u00fcr. Cildin elastikiyeti artar ve cilt sarkmas\u0131 azal\u0131r. K\u0131r\u0131\u015f\u0131kl\u0131klar hafifler. Cilt ayd\u0131nl\u0131k bir g\u00f6r\u00fcn\u00fcme kavu\u015fur.<br \/><br \/><strong>Y\u00fcz mezoterapisi (mezolift) ne s\u0131kl\u0131kta uygulan\u0131r?<\/strong><br \/><br \/>Y\u00fcz mezoterapisi (mezolift) ba\u015flang\u0131\u00e7ta 1-4 hafta aral\u0131klarla uygulan\u0131r. Ortalama 4-6 seans sonras\u0131 3-6 ayda bir tekrar\u0131 yap\u0131labilir. Y\u00fcz mezoterapisi (mezolift) sonu\u00e7lar\u0131 ikinci seanstan sonra ortaya \u00e7\u0131kmaya ba\u015flar. Tedavi bittikten sonra cilt yenileme etkisi devam eder.<br \/><br \/><strong>Y\u00fcz mezoterapisi (mezolift) ba\u015fka y\u00f6ntemlerle beraber uygulanabilir mi?<\/strong><br \/><br \/>Y\u00fcz mezoterapisinin (mezolift) cildi yenileyen lazer, radyofrekans veya IPL ile birlikte uygulanmas\u0131 \u00e7ok daha ba\u015far\u0131l\u0131 sonu\u00e7lar\u0131n al\u0131nmas\u0131n\u0131 sa\u011flamaktad\u0131r. Dolgu i\u015flemlerinden \u00f6nce veya sonra y\u00fcz mezoterapisi (mezolift) yap\u0131lmas\u0131 ciltteki sarkmalar\u0131n ciddi \u015fekilde giderilmesini sa\u011flar.<br \/><br \/><strong>Y\u00fcz mezoterapisi (mezolift) ba\u015fl\u0131ca kullan\u0131lan maddeler nelerdir?<\/strong><br \/><br \/><\/p><ul><li>Hyaluronik asit<\/li><li>Bak\u0131r<\/li><li>DMAE (dimethylaminoethanol)<\/li><li>Hyaluronik asit<\/li><li>Lidocaine<\/li><li>Ma\u011fnezyum<\/li><li>Selenyum<\/li><li>Silica<\/li><li>Vitamin A<\/li><li>Vitamin B1, B2, B3, B5, B6<\/li><li>Vitamin C<\/li><li>\u00c7inko<\/li><li>Amino asitler<\/li><li>N\u00fckleik asitler<\/li><li>Alfa lipoik asit<\/li><li>Glutatyon<\/li><\/ul><p><br \/><br \/><strong>Y\u00fcz mezoterapisi (mezolift) kimlere uygulanmaz?<\/strong><br \/><br \/>Y\u00fcz mezoterapisi (mezolift) hamilelere, emziren annelere, deride aktif enfeksiyonu olanlara ve uygulanan maddeye kar\u015f\u0131 alerjisi olanlara yap\u0131lmaz. Ayr\u0131ca a\u015f\u0131r\u0131 derecede sarkm\u0131\u015f ciltte, derin izler ve lekelerde ilk ve tek tedavi se\u00e7ene\u011fi olamaz. Di\u011fer tedavi y\u00f6ntemleri ile birlikte kullan\u0131lmas\u0131 daha uygundur.<br \/><br \/><strong>Y\u00fcz mezoterapisinde (mezolift) hangi yan etkiler g\u00f6r\u00fcl\u00fcr?<\/strong><br \/><br \/>Y\u00fcz mezoterapisinde (mezolift) \u00f6nemli yan etkiler g\u00f6r\u00fclmez. \u0130\u015flemden bir g\u00fcn sonra hafif morluklar olabilir. Makyajla kapat\u0131labilir. Nadiren alerji ya da enfeksiyon g\u00f6r\u00fclebilir. Kolayca tedavi edilir.<\/p>\t\t\t\t\t\t<\/div>\n\t\t\t\t<\/div>\n\t\t\t\t\t<\/div>\n\t\t<\/div>\n\t\t\t\t\t\t\t<\/div>\n\t\t<\/section>\n\t\t\t\t\t<\/div>\n\t\t<\/div>\n\t\t\t\t\t\t\t<\/div>\n\t\t<\/section>\n\t\t\t\t<section class=\"elementor-section elementor-top-section elementor-element elementor-element-4b40e1a4 ova-geometry4 elementor-section-boxed elementor-section-height-default elementor-section-height-default\" data-id=\"4b40e1a4\" data-element_type=\"section\" data-settings=\"{&quot;background_background&quot;:&quot;classic&quot;}\">\n\t\t\t\t\t\t<div class=\"elementor-container elementor-column-gap-default\">\n\t\t\t\t\t<div class=\"elementor-column elementor-col-50 elementor-top-column elementor-element elementor-element-35f2641f\" data-id=\"35f2641f\" data-element_type=\"column\">\n\t\t\t<div class=\"elementor-widget-wrap elementor-element-populated\">\n\t\t\t\t\t\t\t\t<div class=\"elementor-element elementor-element-4982d536 elementor-widget__width-auto elementor-widget elementor-widget-infetech_elementor_heading\" data-id=\"4982d536\" data-element_type=\"widget\" data-widget_type=\"infetech_elementor_heading.default\">\n\t\t\t\t<div class=\"elementor-widget-container\">\n\t\t\t\n\t\t\t<div class=\"ova-heading\">\n\t\t\t\t\n\t\t\t\t\t\t\t\t\t<h2 class=\"sub-title\">\n\t\t\t\t\t\t<span class=\"underlined\"><\/span>\n\t\t\t\t\t\tDurmay\u0131n, hemen aray\u0131n ! Uzmanlar\u0131m\u0131z taraf\u0131ndan verilen cevaplar ile hemen randevunuzu olu\u015ftural\u0131m.\t\t\t\t\t<\/h2>\t\n\t\t\t\t\n\t\t\t\t\n\t\t\t\t\t<h3 class=\"title\">\t\t\t\t\t\t\t\t\t\t\t\t\tDaha fazla bilgiye mi \u0130htiyaniz var ?\t\t\t\t\t\t\t\t\t\t\t<\/h3>\n                \n\t\t\t<\/div>\n\n\t\t\t\t<\/div>\n\t\t\t\t<\/div>\n\t\t\t\t\t<\/div>\n\t\t<\/div>\n\t\t\t\t<div class=\"elementor-column elementor-col-50 elementor-top-column elementor-element elementor-element-59e1e42c\" data-id=\"59e1e42c\" data-element_type=\"column\">\n\t\t\t<div class=\"elementor-widget-wrap elementor-element-populated\">\n\t\t\t\t\t\t\t\t<div class=\"elementor-element elementor-element-4ace9a1a elementor-align-right elementor-widget elementor-widget-button\" data-id=\"4ace9a1a\" data-element_type=\"widget\" data-widget_type=\"button.default\">\n\t\t\t\t<div class=\"elementor-widget-container\">\n\t\t\t\t\t<div class=\"elementor-button-wrapper\">\n\t\t\t<a href=\"#elementor-action%3Aaction%3Dpopup%3Aopen%26settings%3DeyJpZCI6NjMyOCwidG9nZ2xlIjpmYWxzZX0%3D\" class=\"elementor-button-link elementor-button elementor-size-sm\" role=\"button\">\n\t\t\t\t\t\t<span class=\"elementor-button-content-wrapper\">\n\t\t\t\t\t\t<span class=\"elementor-button-text\">S\u0130Z\u0130 ARAYALIM<\/span>\n\t\t<\/span>\n\t\t\t\t\t<\/a>\n\t\t<\/div>\n\t\t\t\t<\/div>\n\t\t\t\t<\/div>\n\t\t\t\t\t<\/div>\n\t\t<\/div>\n\t\t\t\t\t\t\t<\/div>\n\t\t<\/section>\n\t\t\t\t\t\t\t<\/div>\n\t\t","protected":false},"excerpt":{"rendered":"<p>Ana Sayfa Y\u00fcz Gen\u00e7le\u015ftirme Uygulamalar\u0131 (Anti-Aging) Mezoterapi 3D Cilt Analizi Cilt Bak\u0131m\u0131 Kimyasal Peeling Dermaroller Y\u00f6ntemi Biogenevity Tedavisi Botox Dolgu PRP Mezoterapi Akne Tedavisi Leke Tedavisi G\u00f6zalt\u0131 Morluklar\u0131n\u0131n Tedavisi Y\u00fcz Gen\u00e7le\u015ftirme Uygulamalar\u0131 (Anti-Aging) Mezoterapi Y\u00fcz mezoterapisi (mezolift) nedir? Y\u00fcz mezoterapisinde ila\u00e7lar k\u00fc\u00e7\u00fck miktarlarda kar\u0131\u015ft\u0131r\u0131larak cildin i\u00e7ine ve alt\u0131na direk olarak verilir. B\u00f6ylece cilt etkili maddelerden [&hellip;]<\/p>\n","protected":false},"author":1,"featured_media":0,"parent":6645,"menu_order":0,"comment_status":"closed","ping_status":"closed","template":"elementor_header_footer","meta":{"footnotes":""},"class_list":["post-6693","page","type-page","status-publish","hentry"],"_links":{"self":[{"href":"https:\/\/nisclinic.com\/tr\/wp-json\/wp\/v2\/pages\/6693","targetHints":{"allow":["GET"]}}],"collection":[{"href":"https:\/\/nisclinic.com\/tr\/wp-json\/wp\/v2\/pages"}],"about":[{"href":"https:\/\/nisclinic.com\/tr\/wp-json\/wp\/v2\/types\/page"}],"author":[{"embeddable":true,"href":"https:\/\/nisclinic.com\/tr\/wp-json\/wp\/v2\/users\/1"}],"replies":[{"embeddable":true,"href":"https:\/\/nisclinic.com\/tr\/wp-json\/wp\/v2\/comments?post=6693"}],"version-history":[{"count":4,"href":"https:\/\/nisclinic.com\/tr\/wp-json\/wp\/v2\/pages\/6693\/revisions"}],"predecessor-version":[{"id":6697,"href":"https:\/\/nisclinic.com\/tr\/wp-json\/wp\/v2\/pages\/6693\/revisions\/6697"}],"up":[{"embeddable":true,"href":"https:\/\/nisclinic.com\/tr\/wp-json\/wp\/v2\/pages\/6645"}],"wp:attachment":[{"href":"https:\/\/nisclinic.com\/tr\/wp-json\/wp\/v2\/media?parent=6693"}],"curies":[{"name":"wp","href":"https:\/\/api.w.org\/{rel}","templated":true}]}}