{"id":6689,"date":"2022-10-06T08:34:57","date_gmt":"2022-10-06T08:34:57","guid":{"rendered":"https:\/\/siteniincele.com\/nisclinic\/facial-rejuvenation-applications-anti-aging\/prp\/"},"modified":"2022-10-10T14:35:43","modified_gmt":"2022-10-10T14:35:43","slug":"prp","status":"publish","type":"page","link":"https:\/\/nisclinic.com\/tr\/facial-rejuvenation-applications-anti-aging\/prp\/","title":{"rendered":"PRP"},"content":{"rendered":"\t\t<div data-elementor-type=\"wp-page\" data-elementor-id=\"6689\" class=\"elementor elementor-6689 elementor-5949\">\n\t\t\t\t\t\t\t\t\t<section class=\"elementor-section elementor-top-section elementor-element elementor-element-3341125 elementor-section-boxed elementor-section-height-default elementor-section-height-default\" data-id=\"3341125\" data-element_type=\"section\" data-settings=\"{&quot;background_background&quot;:&quot;classic&quot;}\">\n\t\t\t\t\t\t<div class=\"elementor-container elementor-column-gap-default\">\n\t\t\t\t\t<div class=\"elementor-column elementor-col-100 elementor-top-column elementor-element elementor-element-ed6efee\" data-id=\"ed6efee\" data-element_type=\"column\">\n\t\t\t<div class=\"elementor-widget-wrap elementor-element-populated\">\n\t\t\t\t\t\t\t\t<div class=\"elementor-element elementor-element-6f3b510 elementor-widget elementor-widget-text-editor\" data-id=\"6f3b510\" data-element_type=\"widget\" data-widget_type=\"text-editor.default\">\n\t\t\t\t<div class=\"elementor-widget-container\">\n\t\t\t<style>\/*! elementor - v3.8.0 - 30-10-2022 *\/\n.elementor-widget-text-editor.elementor-drop-cap-view-stacked .elementor-drop-cap{background-color:#818a91;color:#fff}.elementor-widget-text-editor.elementor-drop-cap-view-framed .elementor-drop-cap{color:#818a91;border:3px solid;background-color:transparent}.elementor-widget-text-editor:not(.elementor-drop-cap-view-default) .elementor-drop-cap{margin-top:8px}.elementor-widget-text-editor:not(.elementor-drop-cap-view-default) .elementor-drop-cap-letter{width:1em;height:1em}.elementor-widget-text-editor .elementor-drop-cap{float:left;text-align:center;line-height:1;font-size:50px}.elementor-widget-text-editor .elementor-drop-cap-letter{display:inline-block}<\/style>\t\t\t\tAna Sayfa <i class=\"fa fa-chevron-right\"><\/i> <a href=\"https:\/\/nisclinic.com\/tr\/facial-rejuvenation-applications-anti-aging\/\">Y\u00fcz Gen\u00e7le\u015ftirme Uygulamalar\u0131 (Anti-Aging)<\/a> <i class=\"fa fa-chevron-right\"><\/i> <a href=\"https:\/\/nisclinic.com\/tr\/facial-rejuvenation-applications-anti-aging\/prp\/\">PRP<\/a>\t\t\t\t\t\t<\/div>\n\t\t\t\t<\/div>\n\t\t\t\t\t<\/div>\n\t\t<\/div>\n\t\t\t\t\t\t\t<\/div>\n\t\t<\/section>\n\t\t\t\t<section class=\"elementor-section elementor-top-section elementor-element elementor-element-2e05cfe elementor-reverse-tablet elementor-reverse-mobile elementor-section-boxed elementor-section-height-default elementor-section-height-default\" data-id=\"2e05cfe\" data-element_type=\"section\">\n\t\t\t\t\t\t<div class=\"elementor-container elementor-column-gap-extended\">\n\t\t\t\t\t<div class=\"elementor-column elementor-col-50 elementor-top-column elementor-element elementor-element-8c53be7 animated-fast elementor-invisible\" data-id=\"8c53be7\" data-element_type=\"column\" data-settings=\"{&quot;animation&quot;:&quot;ova-move-up&quot;,&quot;animation_tablet&quot;:&quot;none&quot;,&quot;animation_delay&quot;:100}\">\n\t\t\t<div class=\"elementor-widget-wrap elementor-element-populated\">\n\t\t\t\t\t\t\t\t<section class=\"elementor-section elementor-inner-section elementor-element elementor-element-05e6b86 elementor-section-boxed elementor-section-height-default elementor-section-height-default\" data-id=\"05e6b86\" data-element_type=\"section\">\n\t\t\t\t\t\t<div class=\"elementor-container elementor-column-gap-default\">\n\t\t\t\t\t<div class=\"elementor-column elementor-col-100 elementor-inner-column elementor-element elementor-element-9335a88\" data-id=\"9335a88\" data-element_type=\"column\">\n\t\t\t<div class=\"elementor-widget-wrap elementor-element-populated\">\n\t\t\t\t\t\t\t\t<div class=\"elementor-element elementor-element-db564fc elementor-icon-list--layout-traditional elementor-list-item-link-full_width elementor-widget elementor-widget-global elementor-global-6652 elementor-widget-icon-list\" data-id=\"db564fc\" data-element_type=\"widget\" data-widget_type=\"icon-list.default\">\n\t\t\t\t<div class=\"elementor-widget-container\">\n\t\t\t<link rel=\"stylesheet\" href=\"https:\/\/nisclinic.com\/wp-content\/plugins\/elementor\/assets\/css\/widget-icon-list.min.css\">\t\t<ul class=\"elementor-icon-list-items\">\n\t\t\t\t\t\t\t<li class=\"elementor-icon-list-item\">\n\t\t\t\t\t\t\t\t\t\t\t<a href=\"https:\/\/nisclinic.com\/tr\/facial-rejuvenation-applications-anti-aging\/3d-skin-analysis\/\">\n\n\t\t\t\t\t\t\t\t\t\t\t<span class=\"elementor-icon-list-text\">3D Cilt Analizi<\/span>\n\t\t\t\t\t\t\t\t\t\t\t<\/a>\n\t\t\t\t\t\t\t\t\t<\/li>\n\t\t\t\t\t\t\t\t<li class=\"elementor-icon-list-item\">\n\t\t\t\t\t\t\t\t\t\t\t<a href=\"https:\/\/nisclinic.com\/tr\/facial-rejuvenation-applications-anti-aging\/skin-care\/\">\n\n\t\t\t\t\t\t\t\t\t\t\t<span class=\"elementor-icon-list-text\">Cilt Bak\u0131m\u0131<\/span>\n\t\t\t\t\t\t\t\t\t\t\t<\/a>\n\t\t\t\t\t\t\t\t\t<\/li>\n\t\t\t\t\t\t\t\t<li class=\"elementor-icon-list-item\">\n\t\t\t\t\t\t\t\t\t\t\t<a href=\"https:\/\/nisclinic.com\/tr\/facial-rejuvenation-applications-anti-aging\/chemical-peel\/\">\n\n\t\t\t\t\t\t\t\t\t\t\t<span class=\"elementor-icon-list-text\">Kimyasal Peeling<\/span>\n\t\t\t\t\t\t\t\t\t\t\t<\/a>\n\t\t\t\t\t\t\t\t\t<\/li>\n\t\t\t\t\t\t\t\t<li class=\"elementor-icon-list-item\">\n\t\t\t\t\t\t\t\t\t\t\t<a href=\"https:\/\/nisclinic.com\/tr\/facial-rejuvenation-applications-anti-aging\/dermaroller-method\/\">\n\n\t\t\t\t\t\t\t\t\t\t\t<span class=\"elementor-icon-list-text\">Dermaroller Y\u00f6ntemi<\/span>\n\t\t\t\t\t\t\t\t\t\t\t<\/a>\n\t\t\t\t\t\t\t\t\t<\/li>\n\t\t\t\t\t\t\t\t<li class=\"elementor-icon-list-item\">\n\t\t\t\t\t\t\t\t\t\t\t<a href=\"https:\/\/nisclinic.com\/tr\/facial-rejuvenation-applications-anti-aging\/biogenevity-treatment\/\">\n\n\t\t\t\t\t\t\t\t\t\t\t<span class=\"elementor-icon-list-text\">Biogenevity Tedavisi<\/span>\n\t\t\t\t\t\t\t\t\t\t\t<\/a>\n\t\t\t\t\t\t\t\t\t<\/li>\n\t\t\t\t\t\t\t\t<li class=\"elementor-icon-list-item\">\n\t\t\t\t\t\t\t\t\t\t\t<a href=\"https:\/\/nisclinic.com\/tr\/facial-rejuvenation-applications-anti-aging\/botox\/\">\n\n\t\t\t\t\t\t\t\t\t\t\t<span class=\"elementor-icon-list-text\">Botox<\/span>\n\t\t\t\t\t\t\t\t\t\t\t<\/a>\n\t\t\t\t\t\t\t\t\t<\/li>\n\t\t\t\t\t\t\t\t<li class=\"elementor-icon-list-item\">\n\t\t\t\t\t\t\t\t\t\t\t<a href=\"https:\/\/nisclinic.com\/tr\/facial-rejuvenation-applications-anti-aging\/filling\/\">\n\n\t\t\t\t\t\t\t\t\t\t\t<span class=\"elementor-icon-list-text\">Dolgu<\/span>\n\t\t\t\t\t\t\t\t\t\t\t<\/a>\n\t\t\t\t\t\t\t\t\t<\/li>\n\t\t\t\t\t\t\t\t<li class=\"elementor-icon-list-item\">\n\t\t\t\t\t\t\t\t\t\t\t<a href=\"https:\/\/nisclinic.com\/tr\/facial-rejuvenation-applications-anti-aging\/prp\/\">\n\n\t\t\t\t\t\t\t\t\t\t\t<span class=\"elementor-icon-list-text\">PRP<\/span>\n\t\t\t\t\t\t\t\t\t\t\t<\/a>\n\t\t\t\t\t\t\t\t\t<\/li>\n\t\t\t\t\t\t\t\t<li class=\"elementor-icon-list-item\">\n\t\t\t\t\t\t\t\t\t\t\t<a href=\"https:\/\/nisclinic.com\/tr\/facial-rejuvenation-applications-anti-aging\/mesotherapy\/\">\n\n\t\t\t\t\t\t\t\t\t\t\t<span class=\"elementor-icon-list-text\">Mezoterapi<\/span>\n\t\t\t\t\t\t\t\t\t\t\t<\/a>\n\t\t\t\t\t\t\t\t\t<\/li>\n\t\t\t\t\t\t\t\t<li class=\"elementor-icon-list-item\">\n\t\t\t\t\t\t\t\t\t\t\t<a href=\"https:\/\/nisclinic.com\/tr\/facial-rejuvenation-applications-anti-aging\/acne-treatment\/\">\n\n\t\t\t\t\t\t\t\t\t\t\t<span class=\"elementor-icon-list-text\">Akne Tedavisi<\/span>\n\t\t\t\t\t\t\t\t\t\t\t<\/a>\n\t\t\t\t\t\t\t\t\t<\/li>\n\t\t\t\t\t\t\t\t<li class=\"elementor-icon-list-item\">\n\t\t\t\t\t\t\t\t\t\t\t<a href=\"https:\/\/nisclinic.com\/tr\/facial-rejuvenation-applications-anti-aging\/spot-treatment\/\">\n\n\t\t\t\t\t\t\t\t\t\t\t<span class=\"elementor-icon-list-text\">Leke Tedavisi<\/span>\n\t\t\t\t\t\t\t\t\t\t\t<\/a>\n\t\t\t\t\t\t\t\t\t<\/li>\n\t\t\t\t\t\t\t\t<li class=\"elementor-icon-list-item\">\n\t\t\t\t\t\t\t\t\t\t\t<a href=\"https:\/\/nisclinic.com\/tr\/facial-rejuvenation-applications-anti-aging\/treatment-of-under-eye-bruises\/\">\n\n\t\t\t\t\t\t\t\t\t\t\t<span class=\"elementor-icon-list-text\">G\u00f6zalt\u0131 Morluklar\u0131n\u0131n Tedavisi<\/span>\n\t\t\t\t\t\t\t\t\t\t\t<\/a>\n\t\t\t\t\t\t\t\t\t<\/li>\n\t\t\t\t\t\t<\/ul>\n\t\t\t\t<\/div>\n\t\t\t\t<\/div>\n\t\t\t\t\t<\/div>\n\t\t<\/div>\n\t\t\t\t\t\t\t<\/div>\n\t\t<\/section>\n\t\t\t\t\t<\/div>\n\t\t<\/div>\n\t\t\t\t<div class=\"elementor-column elementor-col-50 elementor-top-column elementor-element elementor-element-82423ff animated-fast elementor-invisible\" data-id=\"82423ff\" data-element_type=\"column\" data-settings=\"{&quot;animation&quot;:&quot;ova-move-up&quot;,&quot;animation_tablet&quot;:&quot;none&quot;,&quot;animation_delay&quot;:100}\">\n\t\t\t<div class=\"elementor-widget-wrap elementor-element-populated\">\n\t\t\t\t\t\t\t\t<section class=\"elementor-section elementor-inner-section elementor-element elementor-element-7edfc01 elementor-section-boxed elementor-section-height-default elementor-section-height-default\" data-id=\"7edfc01\" data-element_type=\"section\">\n\t\t\t\t\t\t<div class=\"elementor-container elementor-column-gap-default\">\n\t\t\t\t\t<div class=\"elementor-column elementor-col-100 elementor-inner-column elementor-element elementor-element-7dadf70\" data-id=\"7dadf70\" data-element_type=\"column\">\n\t\t\t<div class=\"elementor-widget-wrap elementor-element-populated\">\n\t\t\t\t\t\t\t\t<div class=\"elementor-element elementor-element-1f40163 elementor-widget elementor-widget-infetech_elementor_heading\" data-id=\"1f40163\" data-element_type=\"widget\" data-widget_type=\"infetech_elementor_heading.default\">\n\t\t\t\t<div class=\"elementor-widget-container\">\n\t\t\t\n\t\t\t<div class=\"ova-heading\">\n\t\t\t\t\n\t\t\t\t\t\t\t\t\t<h2 class=\"sub-title\">\n\t\t\t\t\t\t<span class=\"underlined\"><\/span>\n\t\t\t\t\t\tY\u00fcz Gen\u00e7le\u015ftirme Uygulamalar\u0131 (Anti-Aging)\t\t\t\t\t<\/h2>\t\n\t\t\t\t\n\t\t\t\t\n\t\t\t\t\t<h3 class=\"title\">\t\t\t\t\t\t\t\t\t\t\t\t\tPRP\t\t\t\t\t\t\t\t\t\t\t<\/h3>\n                \n\t\t\t<\/div>\n\n\t\t\t\t<\/div>\n\t\t\t\t<\/div>\n\t\t\t\t<div class=\"elementor-element elementor-element-02d72c9 elementor-widget elementor-widget-image\" data-id=\"02d72c9\" data-element_type=\"widget\" data-widget_type=\"image.default\">\n\t\t\t\t<div class=\"elementor-widget-container\">\n\t\t\t<style>\/*! elementor - v3.8.0 - 30-10-2022 *\/\n.elementor-widget-image{text-align:center}.elementor-widget-image a{display:inline-block}.elementor-widget-image a img[src$=\".svg\"]{width:48px}.elementor-widget-image img{vertical-align:middle;display:inline-block}<\/style>\t\t\t\t\t\t\t\t\t\t\t\t<img loading=\"lazy\" decoding=\"async\" width=\"1568\" height=\"600\" src=\"https:\/\/nisclinic.com\/wp-content\/uploads\/2022\/10\/prp.jpg\" class=\"attachment-full size-full\" alt=\"\" srcset=\"https:\/\/nisclinic.com\/wp-content\/uploads\/2022\/10\/prp.jpg 1568w, https:\/\/nisclinic.com\/wp-content\/uploads\/2022\/10\/prp-300x115.jpg 300w, https:\/\/nisclinic.com\/wp-content\/uploads\/2022\/10\/prp-1024x392.jpg 1024w, https:\/\/nisclinic.com\/wp-content\/uploads\/2022\/10\/prp-768x294.jpg 768w, https:\/\/nisclinic.com\/wp-content\/uploads\/2022\/10\/prp-1536x588.jpg 1536w\" sizes=\"auto, (max-width: 1568px) 100vw, 1568px\" \/>\t\t\t\t\t\t\t\t\t\t\t\t\t\t\t<\/div>\n\t\t\t\t<\/div>\n\t\t\t\t<div class=\"elementor-element elementor-element-6d3fbb8 elementor-widget elementor-widget-text-editor\" data-id=\"6d3fbb8\" data-element_type=\"widget\" data-widget_type=\"text-editor.default\">\n\t\t\t\t<div class=\"elementor-widget-container\">\n\t\t\t\t\t\t\t<p>PRP yani Platelet Rich Plazma (Platelet\/Trombosit Y\u00f6n\u00fcnden Zenginle\u015ftirilmi\u015f Plazma) y\u00f6ntemi ilk olarak 15 y\u0131l \u00f6nce stomatolojistlerin (Di\u015f cerrahlar\u0131) ya\u015fl\u0131lara yerle\u015ftirdikleri titanyum implantlar\u0131n di\u015f etleri zay\u0131flad\u0131\u011f\u0131 i\u00e7in k\u0131sa s\u00fcrede d\u00fc\u015fmesini \u00f6nlemeye y\u00f6nelik bir \u00e7\u00f6z\u00fcm aramalar\u0131 sonras\u0131 geli\u015ftirildi. \u00d6yle bir madde \u00fcretilmeliydi ki bu madde di\u015f etine yerle\u015ftirildi\u011finde yumu\u015fak olan b\u00f6lge g\u00fc\u00e7lenmeli ve implant\u0131 tutabilmeliydi. Bu g\u00fc\u00e7lendirici maddenin v\u00fccut taraf\u0131ndan kabul edilmesi ve zaman i\u00e7inde v\u00fccuttan at\u0131lmamas\u0131 da gerekiyordu. Kan\u0131 santrif\u00fcje ettikten sonra p\u0131ht\u0131la\u015ft\u0131rd\u0131lar ve sert bir jel haline d\u00f6n\u00fc\u015fmesini sa\u011flad\u0131lar. Santrif\u00fcje edilmi\u015f kan\u0131n ilk kullan\u0131m\u0131 uzun y\u0131llar \u00f6nce Japonya\u2019da, sonralar\u0131 \u0130spanya ve Amerika\u2019da ba\u015flad\u0131.<br \/><br \/>PRP medikal bir uygulamad\u0131r. Sadece doktorlar taraf\u0131ndan yap\u0131lmal\u0131d\u0131r. Doktor hastas\u0131n\u0131 muayene ettikten sonra i\u00e7inde \u00f6zel bir jel bulunan k\u00fc\u00e7\u00fck t\u00fcplerin i\u00e7ine az miktarda kan al\u0131r ve santrif\u00fcj i\u015flemi uygular. Bu i\u015flemin sonunda t\u00fcplerdeki kan bile\u015fenlerine ayr\u0131l\u0131r: yani her mililitresinde yakla\u015f\u0131k 200.000 trombosit bulunan bu kan\u0131n k\u0131rm\u0131z\u0131 h\u00fccrelerden olu\u015fan k\u0131sm\u0131 ayr\u0131l\u0131r, b\u00f6ylece mililitrede 1,5 milyona kadar trombosit yo\u011funlu\u011funa sahip olan bir jel elde edilir. \u0130\u015fte buna PRP ad\u0131 verilir. Trombositlerin kan\u0131n p\u0131ht\u0131la\u015fmas\u0131 ile ilgili i\u015flevleri var, fakat ayn\u0131 zamanda bir doku hasar\u0131n\u0131n iyile\u015fmesini sa\u011flay\u0131c\u0131 \u00f6zellikteki b\u00fcy\u00fcme fakt\u00f6rlerini de salg\u0131l\u0131yorlar. Dolay\u0131s\u0131yla santrif\u00fcj i\u015flemi uygulanan kandan elde edilen PRP, yani trombositi bol olan k\u0131s\u0131m ya mezoterapi y\u00f6ntemiyle ya da maske haline getirilerek y\u00fcz, boyun, sa\u00e7, vs istenen b\u00f6lgeye uygulan\u0131yor. B\u00f6ylece dokulardaki hasar\u0131n ya da ya\u015flanman\u0131n etkilerini geriye \u00e7evirecek do\u011fal b\u00fcy\u00fcme fakt\u00f6rleri istenen b\u00f6lgeye verilmi\u015f oluyor.<br \/><br \/>Asl\u0131nda \u00f6nerilen y\u00f6ntemle elde edilen iki farkl\u0131 kan \u00fcr\u00fcn\u00fc var; biri PRP di\u011feri de trombin serum. Bunlar iki farkl\u0131 t\u00fcple elde ediliyor. PRP t\u00fcp\u00fcnde kan\u0131n p\u0131ht\u0131la\u015fmas\u0131n\u0131 \u00f6nleyen bir madde bulunuyor. Di\u011fer t\u00fcpte ise aksine kan\u0131n p\u0131ht\u0131la\u015fmas\u0131n\u0131 sa\u011flayarak bu trombositlerin dolgu maddesi gibi kullan\u0131lmas\u0131n\u0131 sa\u011flayan trombin var. Bu ikisi bir arada kullan\u0131ld\u0131\u011f\u0131nda deride yenileyici etki daha g\u00fc\u00e7l\u00fc bi\u00e7imde ortaya \u00e7\u0131k\u0131yor.<br \/><br \/>Yani kendi kan\u0131n\u0131zdan dolgu maddesi yap\u0131l\u0131yor ve, y\u00fczdeki temel k\u0131vr\u0131mlara ve ince \u00e7izgilere uygulan\u0131yor.<br \/><br \/>Hyaluronik asit i\u00e7eren dolgu maddeleri 6-8 ay kadar dayan\u0131r. Dolgulu PRP hem kendi kan\u0131n\u0131zdan \u00fcretilir hem de doldurulan b\u00f6lgedeki deri ya\u015flanmas\u0131na kar\u015f\u0131 geri say\u0131m ba\u015flatan biyolojik bir s\u00fcreci tetikler! Yani sadece doldurmaz ayn\u0131 zamanda savunmas\u0131 zay\u0131flam\u0131\u015f, zaman\u0131n veya \u00e7evrenin y\u0131prat\u0131c\u0131 etkilerine kar\u015f\u0131 sava\u015fmada yenik d\u00fc\u015fm\u00fc\u015f b\u00f6lgeye destek g\u00f6ndermi\u015f olur.<br \/><br \/><strong>PRP bir t\u00fcr k\u00f6k h\u00fccre tedavisi midir ?<\/strong><br \/><br \/>PRP bir k\u00f6k h\u00fccre tedavisi de\u011fildir. Ancak dolayl\u0131 yoldan k\u00f6k h\u00fccreler \u00fczerinde \u00e7al\u0131\u015f\u0131r. Trombositlerin i\u00e7indeki b\u00fcy\u00fcme fakt\u00f6rleri deri h\u00fccrelerine fibroblast \u00fcretme mesaj\u0131n\u0131 ileten birer uyarand\u0131r. Fibroblastlar da kolajen ve elastin \u00fcretmek i\u00e7in anahtar niteli\u011findeki yap\u0131lard\u0131r. Dolay\u0131s\u0131yla Regenkit PRP b\u00fct\u00fcn bu s\u00fcreci ba\u015flatan trombosit say\u0131s\u0131n\u0131 \u00e7o\u011faltarak dolayl\u0131 olarak k\u00f6k h\u00fccreler ile \u00e7al\u0131\u015f\u0131r, \u00e7\u00fcnk\u00fc dolgu uygulamas\u0131 sonras\u0131nda deride olu\u015fan fibrin a\u011flar\u0131 ortamdaki k\u00f6k h\u00fccreleri de kendi yap\u0131s\u0131nda toplar. Ayr\u0131ca son y\u0131llarda plastik cerrahlar ya\u011f enjeksiyonu ameliyatlar\u0131 s\u0131ras\u0131nda hastadan al\u0131nan kanla elde edilen PRP\u2019 y\u0131 hastadan al\u0131nan ya\u011f i\u00e7ine kar\u0131\u015ft\u0131rarak ya\u011f enjeksiyonu uygulamas\u0131na ba\u015flam\u0131\u015flard\u0131r. Bu verilen ya\u011f\u0131n tutma olas\u0131l\u0131\u011f\u0131n\u0131 artt\u0131rmaktad\u0131r. Yine kar\u0131n germe, y\u00fcz germe, meme dikle\u015ftirme ve k\u00fc\u00e7\u00fcltme gibi ameliyatlarda operasyon alan\u0131na ve insizyon hatt\u0131na PRP uygulamas\u0131 yap\u0131lmas\u0131 kanama, k\u00f6t\u00fc yara iyile\u015fmesi vb problemleri azaltmaktad\u0131r.<br \/><br \/><strong>PRP\u2019nin herhangi bir yan etkisi ya da enfeksiyon riski var m\u0131 ?<\/strong><br \/><br \/>\u015eayet do\u011fru kit kullan\u0131l\u0131rsa (Regenkit) hi\u00e7bir riski ve yan etkisi yoktur. \u00c7\u00fcnk\u00fc Regenkit her seans i\u00e7in tek kullan\u0131ml\u0131k enjeksiyon ve t\u00fcp i\u00e7eren bir kittir. Son derece g\u00fcvenlidir. Yan etkisi de olamaz \u00e7\u00fcnk\u00fc sizden al\u0131nan size, sadece size fazlas\u0131yla geri verilmektedir.<br \/><br \/><strong>PRP\u2019nin g\u00f6zle g\u00f6r\u00fclen sonu\u00e7lar\u0131 nelerdir ?<\/strong><br \/><br \/>Cilt daha parlak ve canl\u0131 g\u00f6r\u00fcn\u00fcr. \u00d6zellikle y\u00fcz b\u00f6lgesinde kar\u015f\u0131la\u015ft\u0131\u011f\u0131m\u0131z g\u00fcne\u015f ve ya\u015fl\u0131l\u0131k lekeleri yumu\u015far, g\u00f6z alt\u0131 b\u00f6lgesi torbalanmalar ve mor renk de\u011fi\u015fikliklerinde d\u00fczelme olur. \u0130nce \u00e7izgiler yumu\u015far. \u0130nsanlar \u201c\u00c7ok gen\u00e7 g\u00f6r\u00fcn\u00fcyorsun. Estetik ameliyat m\u0131 yapt\u0131rd\u0131n?\u201d diye sorabilirler. Oysaki son derece do\u011fal bir y\u00f6ntem olan PRP sadece zaten sizde olan\u0131 size daha g\u00fc\u00e7l\u00fc bir \u015fekilde geri verir. Bu da cildinizin savunma mekanizmas\u0131d\u0131r. Bir g\u00fczel taraf\u0131 da PRP\u2019nin etkileri uygulama yap\u0131lan b\u00f6lgenin \u00e7evresinde de g\u00f6r\u00fcl\u00fcr. Y\u00fcze yapt\u0131rd\u0131\u011f\u0131n\u0131zda sa\u00e7lar\u0131n\u0131z da canlan\u0131r \u00f6rne\u011fin.<br \/><br \/>PRP uygulamalar\u0131nda nas\u0131l bir protokol izleniyor? Sonu\u00e7 almak i\u00e7in ka\u00e7 seans yapt\u0131rmak gerekir ? Mezoterapi ile uygulanan uygulamal\u0131 PRP 15\u2019er g\u00fcnl\u00fck aralarla 3-4 seans yap\u0131l\u0131r. 8-10 ay sonra 3-4 seansl\u0131k bir k\u00fcr daha yap\u0131l\u0131r. Dolgu ve mezoterapinin bir arada uyguland\u0131\u011f\u0131 bir ba\u015fka protokol de var, burada da PRP 21-28 g\u00fcn arayla 3 seans uygulan\u0131r. Alt\u0131 ay sonra doktor hastas\u0131n\u0131 kontrol eder. \u015eayet hasta menopoz d\u00f6nemindeyse ya da sigara, alkol gibi k\u00f6t\u00fc al\u0131\u015fkanl\u0131klar\u0131 varsa doktor 1 k\u00fcr daha yapmaya gerek duyabilir. Ki\u015fi kendine iyi bak\u0131yorsa, sa\u011fl\u0131\u011f\u0131na dikkat ediyor, cildini UV \u0131\u015f\u0131nlar\u0131ndan koruyor ise 2.k\u00fcr i\u00e7in 1 hatta duruma g\u00f6re 2 y\u0131l beklenir.<br \/><br \/>Asl\u0131na bakarsan\u0131z sadece PRP de\u011fil genel olarak ne\u015fterli ve ne\u015ftersiz estetik uygulamalar\u0131na Kore ve \u00c7in\u2019de b\u00fcy\u00fck ilgi var. \u00c7\u00fcnk\u00fc bu \u00fclkelerdeki kad\u0131nlarda gen\u00e7 g\u00f6r\u00fcnme ve gen\u00e7 kalma konusu tak\u0131nt\u0131 haline gelmi\u015f durumda. Japonya, Kore ve Filipin\u2019de de kad\u0131nlar bu t\u00fcr uygulamalara \u00e7ok ilgi g\u00f6steriyorlar.<\/p>\t\t\t\t\t\t<\/div>\n\t\t\t\t<\/div>\n\t\t\t\t\t<\/div>\n\t\t<\/div>\n\t\t\t\t\t\t\t<\/div>\n\t\t<\/section>\n\t\t\t\t\t<\/div>\n\t\t<\/div>\n\t\t\t\t\t\t\t<\/div>\n\t\t<\/section>\n\t\t\t\t<section class=\"elementor-section elementor-top-section elementor-element elementor-element-45a0a38f ova-geometry4 elementor-section-boxed elementor-section-height-default elementor-section-height-default\" data-id=\"45a0a38f\" data-element_type=\"section\" data-settings=\"{&quot;background_background&quot;:&quot;classic&quot;}\">\n\t\t\t\t\t\t<div class=\"elementor-container elementor-column-gap-default\">\n\t\t\t\t\t<div class=\"elementor-column elementor-col-50 elementor-top-column elementor-element elementor-element-49cbd235\" data-id=\"49cbd235\" data-element_type=\"column\">\n\t\t\t<div class=\"elementor-widget-wrap elementor-element-populated\">\n\t\t\t\t\t\t\t\t<div class=\"elementor-element elementor-element-8a4faac elementor-widget__width-auto elementor-widget elementor-widget-infetech_elementor_heading\" data-id=\"8a4faac\" data-element_type=\"widget\" data-widget_type=\"infetech_elementor_heading.default\">\n\t\t\t\t<div class=\"elementor-widget-container\">\n\t\t\t\n\t\t\t<div class=\"ova-heading\">\n\t\t\t\t\n\t\t\t\t\t\t\t\t\t<h2 class=\"sub-title\">\n\t\t\t\t\t\t<span class=\"underlined\"><\/span>\n\t\t\t\t\t\tDurmay\u0131n, hemen aray\u0131n ! Uzmanlar\u0131m\u0131z taraf\u0131ndan verilen cevaplar ile hemen randevunuzu olu\u015ftural\u0131m.\t\t\t\t\t<\/h2>\t\n\t\t\t\t\n\t\t\t\t\n\t\t\t\t\t<h3 class=\"title\">\t\t\t\t\t\t\t\t\t\t\t\t\tDaha fazla bilgiye mi \u0130htiyaniz var ?\t\t\t\t\t\t\t\t\t\t\t<\/h3>\n                \n\t\t\t<\/div>\n\n\t\t\t\t<\/div>\n\t\t\t\t<\/div>\n\t\t\t\t\t<\/div>\n\t\t<\/div>\n\t\t\t\t<div class=\"elementor-column elementor-col-50 elementor-top-column elementor-element elementor-element-426b7d03\" data-id=\"426b7d03\" data-element_type=\"column\">\n\t\t\t<div class=\"elementor-widget-wrap elementor-element-populated\">\n\t\t\t\t\t\t\t\t<div class=\"elementor-element elementor-element-182f243b elementor-align-right elementor-widget elementor-widget-button\" data-id=\"182f243b\" data-element_type=\"widget\" data-widget_type=\"button.default\">\n\t\t\t\t<div class=\"elementor-widget-container\">\n\t\t\t\t\t<div class=\"elementor-button-wrapper\">\n\t\t\t<a href=\"#elementor-action%3Aaction%3Dpopup%3Aopen%26settings%3DeyJpZCI6NjMyOCwidG9nZ2xlIjpmYWxzZX0%3D\" class=\"elementor-button-link elementor-button elementor-size-sm\" role=\"button\">\n\t\t\t\t\t\t<span class=\"elementor-button-content-wrapper\">\n\t\t\t\t\t\t<span class=\"elementor-button-text\">S\u0130Z\u0130 ARAYALIM<\/span>\n\t\t<\/span>\n\t\t\t\t\t<\/a>\n\t\t<\/div>\n\t\t\t\t<\/div>\n\t\t\t\t<\/div>\n\t\t\t\t\t<\/div>\n\t\t<\/div>\n\t\t\t\t\t\t\t<\/div>\n\t\t<\/section>\n\t\t\t\t\t\t\t<\/div>\n\t\t","protected":false},"excerpt":{"rendered":"<p>Ana Sayfa Y\u00fcz Gen\u00e7le\u015ftirme Uygulamalar\u0131 (Anti-Aging) PRP 3D Cilt Analizi Cilt Bak\u0131m\u0131 Kimyasal Peeling Dermaroller Y\u00f6ntemi Biogenevity Tedavisi Botox Dolgu PRP Mezoterapi Akne Tedavisi Leke Tedavisi G\u00f6zalt\u0131 Morluklar\u0131n\u0131n Tedavisi Y\u00fcz Gen\u00e7le\u015ftirme Uygulamalar\u0131 (Anti-Aging) PRP PRP yani Platelet Rich Plazma (Platelet\/Trombosit Y\u00f6n\u00fcnden Zenginle\u015ftirilmi\u015f Plazma) y\u00f6ntemi ilk olarak 15 y\u0131l \u00f6nce stomatolojistlerin (Di\u015f cerrahlar\u0131) ya\u015fl\u0131lara yerle\u015ftirdikleri titanyum [&hellip;]<\/p>\n","protected":false},"author":1,"featured_media":0,"parent":6645,"menu_order":0,"comment_status":"closed","ping_status":"closed","template":"elementor_header_footer","meta":{"footnotes":""},"class_list":["post-6689","page","type-page","status-publish","hentry"],"_links":{"self":[{"href":"https:\/\/nisclinic.com\/tr\/wp-json\/wp\/v2\/pages\/6689","targetHints":{"allow":["GET"]}}],"collection":[{"href":"https:\/\/nisclinic.com\/tr\/wp-json\/wp\/v2\/pages"}],"about":[{"href":"https:\/\/nisclinic.com\/tr\/wp-json\/wp\/v2\/types\/page"}],"author":[{"embeddable":true,"href":"https:\/\/nisclinic.com\/tr\/wp-json\/wp\/v2\/users\/1"}],"replies":[{"embeddable":true,"href":"https:\/\/nisclinic.com\/tr\/wp-json\/wp\/v2\/comments?post=6689"}],"version-history":[{"count":3,"href":"https:\/\/nisclinic.com\/tr\/wp-json\/wp\/v2\/pages\/6689\/revisions"}],"predecessor-version":[{"id":6692,"href":"https:\/\/nisclinic.com\/tr\/wp-json\/wp\/v2\/pages\/6689\/revisions\/6692"}],"up":[{"embeddable":true,"href":"https:\/\/nisclinic.com\/tr\/wp-json\/wp\/v2\/pages\/6645"}],"wp:attachment":[{"href":"https:\/\/nisclinic.com\/tr\/wp-json\/wp\/v2\/media?parent=6689"}],"curies":[{"name":"wp","href":"https:\/\/api.w.org\/{rel}","templated":true}]}}