{"id":6650,"date":"2022-10-06T07:49:15","date_gmt":"2022-10-06T07:49:15","guid":{"rendered":"https:\/\/siteniincele.com\/nisclinic\/facial-rejuvenation-applications-anti-aging\/3d-skin-analysis\/"},"modified":"2022-10-10T14:23:28","modified_gmt":"2022-10-10T14:23:28","slug":"3d-skin-analysis","status":"publish","type":"page","link":"https:\/\/nisclinic.com\/tr\/facial-rejuvenation-applications-anti-aging\/3d-skin-analysis\/","title":{"rendered":"3D Cilt Analizi"},"content":{"rendered":"\t\t<div data-elementor-type=\"wp-page\" data-elementor-id=\"6650\" class=\"elementor elementor-6650 elementor-5848\">\n\t\t\t\t\t\t\t\t\t<section class=\"elementor-section elementor-top-section elementor-element elementor-element-3341125 elementor-section-boxed elementor-section-height-default elementor-section-height-default\" data-id=\"3341125\" data-element_type=\"section\" data-settings=\"{&quot;background_background&quot;:&quot;classic&quot;}\">\n\t\t\t\t\t\t<div class=\"elementor-container elementor-column-gap-default\">\n\t\t\t\t\t<div class=\"elementor-column elementor-col-100 elementor-top-column elementor-element elementor-element-ed6efee\" data-id=\"ed6efee\" data-element_type=\"column\">\n\t\t\t<div class=\"elementor-widget-wrap elementor-element-populated\">\n\t\t\t\t\t\t\t\t<div class=\"elementor-element elementor-element-6f3b510 elementor-widget elementor-widget-text-editor\" data-id=\"6f3b510\" data-element_type=\"widget\" data-widget_type=\"text-editor.default\">\n\t\t\t\t<div class=\"elementor-widget-container\">\n\t\t\t<style>\/*! elementor - v3.8.0 - 30-10-2022 *\/\n.elementor-widget-text-editor.elementor-drop-cap-view-stacked .elementor-drop-cap{background-color:#818a91;color:#fff}.elementor-widget-text-editor.elementor-drop-cap-view-framed .elementor-drop-cap{color:#818a91;border:3px solid;background-color:transparent}.elementor-widget-text-editor:not(.elementor-drop-cap-view-default) .elementor-drop-cap{margin-top:8px}.elementor-widget-text-editor:not(.elementor-drop-cap-view-default) .elementor-drop-cap-letter{width:1em;height:1em}.elementor-widget-text-editor .elementor-drop-cap{float:left;text-align:center;line-height:1;font-size:50px}.elementor-widget-text-editor .elementor-drop-cap-letter{display:inline-block}<\/style>\t\t\t\tAna Sayfa <i class=\"fa fa-chevron-right\"><\/i> <a href=\"https:\/\/nisclinic.com\/tr\/facial-rejuvenation-applications-anti-aging\/\">Y\u00fcz Gen\u00e7le\u015ftirme Uygulamalar\u0131 (Anti-Aging)<\/a> <i class=\"fa fa-chevron-right\"><\/i> <a href=\"https:\/\/nisclinic.com\/tr\/facial-rejuvenation-applications-anti-aging\/3d-skin-analysis\/\">3D Cilt Analizi<\/a>\t\t\t\t\t\t<\/div>\n\t\t\t\t<\/div>\n\t\t\t\t\t<\/div>\n\t\t<\/div>\n\t\t\t\t\t\t\t<\/div>\n\t\t<\/section>\n\t\t\t\t<section class=\"elementor-section elementor-top-section elementor-element elementor-element-2e05cfe elementor-reverse-tablet elementor-reverse-mobile elementor-section-boxed elementor-section-height-default elementor-section-height-default\" data-id=\"2e05cfe\" data-element_type=\"section\">\n\t\t\t\t\t\t<div class=\"elementor-container elementor-column-gap-extended\">\n\t\t\t\t\t<div class=\"elementor-column elementor-col-50 elementor-top-column elementor-element elementor-element-8c53be7 animated-fast elementor-invisible\" data-id=\"8c53be7\" data-element_type=\"column\" data-settings=\"{&quot;animation&quot;:&quot;ova-move-up&quot;,&quot;animation_tablet&quot;:&quot;none&quot;,&quot;animation_delay&quot;:100}\">\n\t\t\t<div class=\"elementor-widget-wrap elementor-element-populated\">\n\t\t\t\t\t\t\t\t<section class=\"elementor-section elementor-inner-section elementor-element elementor-element-05e6b86 elementor-section-boxed elementor-section-height-default elementor-section-height-default\" data-id=\"05e6b86\" data-element_type=\"section\">\n\t\t\t\t\t\t<div class=\"elementor-container elementor-column-gap-default\">\n\t\t\t\t\t<div class=\"elementor-column elementor-col-100 elementor-inner-column elementor-element elementor-element-9335a88\" data-id=\"9335a88\" data-element_type=\"column\">\n\t\t\t<div class=\"elementor-widget-wrap elementor-element-populated\">\n\t\t\t\t\t\t\t\t<div class=\"elementor-element elementor-element-4f72236 elementor-icon-list--layout-traditional elementor-list-item-link-full_width elementor-widget elementor-widget-global elementor-global-6652 elementor-widget-icon-list\" data-id=\"4f72236\" data-element_type=\"widget\" data-widget_type=\"icon-list.default\">\n\t\t\t\t<div class=\"elementor-widget-container\">\n\t\t\t<link rel=\"stylesheet\" href=\"https:\/\/nisclinic.com\/wp-content\/plugins\/elementor\/assets\/css\/widget-icon-list.min.css\">\t\t<ul class=\"elementor-icon-list-items\">\n\t\t\t\t\t\t\t<li class=\"elementor-icon-list-item\">\n\t\t\t\t\t\t\t\t\t\t\t<a href=\"https:\/\/nisclinic.com\/tr\/facial-rejuvenation-applications-anti-aging\/3d-skin-analysis\/\">\n\n\t\t\t\t\t\t\t\t\t\t\t<span class=\"elementor-icon-list-text\">3D Cilt Analizi<\/span>\n\t\t\t\t\t\t\t\t\t\t\t<\/a>\n\t\t\t\t\t\t\t\t\t<\/li>\n\t\t\t\t\t\t\t\t<li class=\"elementor-icon-list-item\">\n\t\t\t\t\t\t\t\t\t\t\t<a href=\"https:\/\/nisclinic.com\/tr\/facial-rejuvenation-applications-anti-aging\/skin-care\/\">\n\n\t\t\t\t\t\t\t\t\t\t\t<span class=\"elementor-icon-list-text\">Cilt Bak\u0131m\u0131<\/span>\n\t\t\t\t\t\t\t\t\t\t\t<\/a>\n\t\t\t\t\t\t\t\t\t<\/li>\n\t\t\t\t\t\t\t\t<li class=\"elementor-icon-list-item\">\n\t\t\t\t\t\t\t\t\t\t\t<a href=\"https:\/\/nisclinic.com\/tr\/facial-rejuvenation-applications-anti-aging\/chemical-peel\/\">\n\n\t\t\t\t\t\t\t\t\t\t\t<span class=\"elementor-icon-list-text\">Kimyasal Peeling<\/span>\n\t\t\t\t\t\t\t\t\t\t\t<\/a>\n\t\t\t\t\t\t\t\t\t<\/li>\n\t\t\t\t\t\t\t\t<li class=\"elementor-icon-list-item\">\n\t\t\t\t\t\t\t\t\t\t\t<a href=\"https:\/\/nisclinic.com\/tr\/facial-rejuvenation-applications-anti-aging\/dermaroller-method\/\">\n\n\t\t\t\t\t\t\t\t\t\t\t<span class=\"elementor-icon-list-text\">Dermaroller Y\u00f6ntemi<\/span>\n\t\t\t\t\t\t\t\t\t\t\t<\/a>\n\t\t\t\t\t\t\t\t\t<\/li>\n\t\t\t\t\t\t\t\t<li class=\"elementor-icon-list-item\">\n\t\t\t\t\t\t\t\t\t\t\t<a href=\"https:\/\/nisclinic.com\/tr\/facial-rejuvenation-applications-anti-aging\/biogenevity-treatment\/\">\n\n\t\t\t\t\t\t\t\t\t\t\t<span class=\"elementor-icon-list-text\">Biogenevity Tedavisi<\/span>\n\t\t\t\t\t\t\t\t\t\t\t<\/a>\n\t\t\t\t\t\t\t\t\t<\/li>\n\t\t\t\t\t\t\t\t<li class=\"elementor-icon-list-item\">\n\t\t\t\t\t\t\t\t\t\t\t<a href=\"https:\/\/nisclinic.com\/tr\/facial-rejuvenation-applications-anti-aging\/botox\/\">\n\n\t\t\t\t\t\t\t\t\t\t\t<span class=\"elementor-icon-list-text\">Botox<\/span>\n\t\t\t\t\t\t\t\t\t\t\t<\/a>\n\t\t\t\t\t\t\t\t\t<\/li>\n\t\t\t\t\t\t\t\t<li class=\"elementor-icon-list-item\">\n\t\t\t\t\t\t\t\t\t\t\t<a href=\"https:\/\/nisclinic.com\/tr\/facial-rejuvenation-applications-anti-aging\/filling\/\">\n\n\t\t\t\t\t\t\t\t\t\t\t<span class=\"elementor-icon-list-text\">Dolgu<\/span>\n\t\t\t\t\t\t\t\t\t\t\t<\/a>\n\t\t\t\t\t\t\t\t\t<\/li>\n\t\t\t\t\t\t\t\t<li class=\"elementor-icon-list-item\">\n\t\t\t\t\t\t\t\t\t\t\t<a href=\"https:\/\/nisclinic.com\/tr\/facial-rejuvenation-applications-anti-aging\/prp\/\">\n\n\t\t\t\t\t\t\t\t\t\t\t<span class=\"elementor-icon-list-text\">PRP<\/span>\n\t\t\t\t\t\t\t\t\t\t\t<\/a>\n\t\t\t\t\t\t\t\t\t<\/li>\n\t\t\t\t\t\t\t\t<li class=\"elementor-icon-list-item\">\n\t\t\t\t\t\t\t\t\t\t\t<a href=\"https:\/\/nisclinic.com\/tr\/facial-rejuvenation-applications-anti-aging\/mesotherapy\/\">\n\n\t\t\t\t\t\t\t\t\t\t\t<span class=\"elementor-icon-list-text\">Mezoterapi<\/span>\n\t\t\t\t\t\t\t\t\t\t\t<\/a>\n\t\t\t\t\t\t\t\t\t<\/li>\n\t\t\t\t\t\t\t\t<li class=\"elementor-icon-list-item\">\n\t\t\t\t\t\t\t\t\t\t\t<a href=\"https:\/\/nisclinic.com\/tr\/facial-rejuvenation-applications-anti-aging\/acne-treatment\/\">\n\n\t\t\t\t\t\t\t\t\t\t\t<span class=\"elementor-icon-list-text\">Akne Tedavisi<\/span>\n\t\t\t\t\t\t\t\t\t\t\t<\/a>\n\t\t\t\t\t\t\t\t\t<\/li>\n\t\t\t\t\t\t\t\t<li class=\"elementor-icon-list-item\">\n\t\t\t\t\t\t\t\t\t\t\t<a href=\"https:\/\/nisclinic.com\/tr\/facial-rejuvenation-applications-anti-aging\/spot-treatment\/\">\n\n\t\t\t\t\t\t\t\t\t\t\t<span class=\"elementor-icon-list-text\">Leke Tedavisi<\/span>\n\t\t\t\t\t\t\t\t\t\t\t<\/a>\n\t\t\t\t\t\t\t\t\t<\/li>\n\t\t\t\t\t\t\t\t<li class=\"elementor-icon-list-item\">\n\t\t\t\t\t\t\t\t\t\t\t<a href=\"https:\/\/nisclinic.com\/tr\/facial-rejuvenation-applications-anti-aging\/treatment-of-under-eye-bruises\/\">\n\n\t\t\t\t\t\t\t\t\t\t\t<span class=\"elementor-icon-list-text\">G\u00f6zalt\u0131 Morluklar\u0131n\u0131n Tedavisi<\/span>\n\t\t\t\t\t\t\t\t\t\t\t<\/a>\n\t\t\t\t\t\t\t\t\t<\/li>\n\t\t\t\t\t\t<\/ul>\n\t\t\t\t<\/div>\n\t\t\t\t<\/div>\n\t\t\t\t\t<\/div>\n\t\t<\/div>\n\t\t\t\t\t\t\t<\/div>\n\t\t<\/section>\n\t\t\t\t\t<\/div>\n\t\t<\/div>\n\t\t\t\t<div class=\"elementor-column elementor-col-50 elementor-top-column elementor-element elementor-element-82423ff animated-fast elementor-invisible\" data-id=\"82423ff\" data-element_type=\"column\" data-settings=\"{&quot;animation&quot;:&quot;ova-move-up&quot;,&quot;animation_tablet&quot;:&quot;none&quot;,&quot;animation_delay&quot;:100}\">\n\t\t\t<div class=\"elementor-widget-wrap elementor-element-populated\">\n\t\t\t\t\t\t\t\t<section class=\"elementor-section elementor-inner-section elementor-element elementor-element-7edfc01 elementor-section-boxed elementor-section-height-default elementor-section-height-default\" data-id=\"7edfc01\" data-element_type=\"section\">\n\t\t\t\t\t\t<div class=\"elementor-container elementor-column-gap-default\">\n\t\t\t\t\t<div class=\"elementor-column elementor-col-100 elementor-inner-column elementor-element elementor-element-7dadf70\" data-id=\"7dadf70\" data-element_type=\"column\">\n\t\t\t<div class=\"elementor-widget-wrap elementor-element-populated\">\n\t\t\t\t\t\t\t\t<div class=\"elementor-element elementor-element-1f40163 elementor-widget elementor-widget-infetech_elementor_heading\" data-id=\"1f40163\" data-element_type=\"widget\" data-widget_type=\"infetech_elementor_heading.default\">\n\t\t\t\t<div class=\"elementor-widget-container\">\n\t\t\t\n\t\t\t<div class=\"ova-heading\">\n\t\t\t\t\n\t\t\t\t\t\t\t\t\t<h2 class=\"sub-title\">\n\t\t\t\t\t\t<span class=\"underlined\"><\/span>\n\t\t\t\t\t\tY\u00fcz Gen\u00e7le\u015ftirme Uygulamalar\u0131 (Anti-Aging)\t\t\t\t\t<\/h2>\t\n\t\t\t\t\n\t\t\t\t\n\t\t\t\t\t<h3 class=\"title\">\t\t\t\t\t\t\t\t\t\t\t\t\t3D Cilt Analizi\t\t\t\t\t\t\t\t\t\t\t<\/h3>\n                \n\t\t\t<\/div>\n\n\t\t\t\t<\/div>\n\t\t\t\t<\/div>\n\t\t\t\t<div class=\"elementor-element elementor-element-02d72c9 elementor-widget elementor-widget-image\" data-id=\"02d72c9\" data-element_type=\"widget\" data-widget_type=\"image.default\">\n\t\t\t\t<div class=\"elementor-widget-container\">\n\t\t\t<style>\/*! elementor - v3.8.0 - 30-10-2022 *\/\n.elementor-widget-image{text-align:center}.elementor-widget-image a{display:inline-block}.elementor-widget-image a img[src$=\".svg\"]{width:48px}.elementor-widget-image img{vertical-align:middle;display:inline-block}<\/style>\t\t\t\t\t\t\t\t\t\t\t\t<img loading=\"lazy\" decoding=\"async\" width=\"1568\" height=\"600\" src=\"https:\/\/nisclinic.com\/wp-content\/uploads\/2022\/10\/3d-skin-analysis.jpg\" class=\"attachment-full size-full\" alt=\"\" srcset=\"https:\/\/nisclinic.com\/wp-content\/uploads\/2022\/10\/3d-skin-analysis.jpg 1568w, https:\/\/nisclinic.com\/wp-content\/uploads\/2022\/10\/3d-skin-analysis-300x115.jpg 300w, https:\/\/nisclinic.com\/wp-content\/uploads\/2022\/10\/3d-skin-analysis-1024x392.jpg 1024w, https:\/\/nisclinic.com\/wp-content\/uploads\/2022\/10\/3d-skin-analysis-768x294.jpg 768w, https:\/\/nisclinic.com\/wp-content\/uploads\/2022\/10\/3d-skin-analysis-1536x588.jpg 1536w\" sizes=\"auto, (max-width: 1568px) 100vw, 1568px\" \/>\t\t\t\t\t\t\t\t\t\t\t\t\t\t\t<\/div>\n\t\t\t\t<\/div>\n\t\t\t\t<div class=\"elementor-element elementor-element-6d3fbb8 elementor-widget elementor-widget-text-editor\" data-id=\"6d3fbb8\" data-element_type=\"widget\" data-widget_type=\"text-editor.default\">\n\t\t\t\t<div class=\"elementor-widget-container\">\n\t\t\t\t\t\t\t<p><strong>C\u0130LT SORUNLARINA ERKEN TE\u015eH\u0130S \u0130\u00c7\u0130N YEN\u0130 S\u0130STEM 3D<\/strong><br \/><br \/>Yeni Sistem 3D ile tamamen bilgisayarl\u0131 analiz sistemiyle yap\u0131lan \u00f6l\u00e7\u00fcmler sayesinde ki\u015finin cildi ve cilt alt\u0131 dokusunun incelenebildi\u011fini, Cilt kal\u0131nl\u0131\u011f\u0131, cildin kolajen miktar\u0131 gibi de\u011ferler \u00f6l\u00e7\u00fcl\u00fcyor, y\u00fcz\u00fcn hangi b\u00f6l\u00fcm\u00fcn\u00fcn, ne derece ve neden ya\u015flanm\u0131\u015f oldu\u011fu saptan\u0131yor.<br \/><br \/>Cildinde herhangi bir sorunu olanlar iyi bilir ki akne, leke, ton farkl\u0131l\u0131klar\u0131, siyah nokta, ya\u011f bezecikleri gibi sorunlar bir defa olu\u015funca kolay kolay tedavi edilmezler. Cilt sorunlar\u0131n\u0131n erken te\u015fhisi, tedavi s\u00fcrecinin denetlenmesi ve tedavi sonu\u00e7lar\u0131n\u0131n bilimsel belgelere dayanarak de\u011ferlendirilmesi Yeni Sistem 3D sistemiyle ciltte hen\u00fcz ortaya \u00e7\u0131kmam\u0131\u015f leke, k\u0131r\u0131\u015f\u0131kl\u0131k, akne gibi sorunlar\u0131 her biri i\u00e7in ayr\u0131 cilt haritas\u0131 \u00e7\u0131kararak g\u00f6steriyor. 3D; cilt sorunlar\u0131n\u0131n olu\u015fmadan \u00f6nlenebilmesi, tedavi planlamas\u0131 ve sonu\u00e7lar\u0131n de\u011ferlendirilmesi i\u00e7in \u00e7ok de\u011ferli bilimsel verileri sunulmaktad\u0131r. Cildin g\u00f6r\u00fcnen ve g\u00f6r\u00fcnmeyen y\u00fczeyinin foto\u011fraf\u0131n\u0131 \u00e7ekme ve analiz etme prensibiyle \u00e7al\u0131\u015f\u0131yor.<br \/><br \/><strong>Yeni Sistem 3D nedir? R\u00f6ntgen midir, Foto\u011fraflama Sistemi midir?<\/strong><br \/><br \/>3D, cilt ve cilt alt\u0131 de\u011ferlendirmeyi lensleri yard\u0131m\u0131yla ve \u00f6zel bir analiz program\u0131 ile hem g\u00f6rsel hem de matematiksel olarak sa\u011flar. \u00d6zellikle bu matematiksel k\u0131sm\u0131 \u00f6nemsemek gerekir \u00e7\u00fcnk\u00fc mevcut cilt sorunlar\u0131n\u0131n tedavi \u00f6ncesi ve sonras\u0131n\u0131 \u00e7ekilen herhangi bir \u00f6ncesi ve sonras\u0131 foto\u011fraf ile kar\u015f\u0131la\u015ft\u0131rmak \u00f6teden beri m\u00fcmk\u00fcnd\u00fc.<br \/><br \/>Yeni sistem 3D ise; bize ciltte lekede, siyah noktalarda vb. sorunlardaki de\u011fi\u015fimi matematiksel veriler \u0131\u015f\u0131\u011f\u0131nda sunuyor. Yani size cildiniz iyi ya da k\u00f6t\u00fc demenin \u00f6tesinden neden iyi ya da k\u00f6t\u00fc ve nelerden \u00f6t\u00fcr\u00fc (pigmentasyon, ya\u011fl\u0131l\u0131k, vb.) bu durumdas\u0131n\u0131z anlatmak \u00e7ok daha bilimsel verilere dayanarak yap\u0131labiliyor.<br \/><br \/><strong>Yeni Sistem 3D Nas\u0131l \u00c7al\u0131\u015f\u0131yor?<\/strong><br \/><br \/>Analiz yap\u0131lacak ki\u015finin ayn\u0131 \u0131\u015f\u0131k ve pozisyondaki foto\u011fraflar\u0131 al\u0131narak cildinin durumu y\u00fczdeler ve grafiklerle hastaya bildiriliyor. Sistem kabaca bu \u015fekilde \u00e7al\u0131\u015f\u0131yor. Bu foto\u011fraflar s\u0131radan foto\u011fraflar de\u011fil, her biri cildin bir sorununu derinlemesine analiz etmek \u00fczere \u00f6zel bir teknikle \u00e7ekiliyor. Elde edilen g\u00f6r\u00fcnt\u00fcler sayesinde tedavinin ba\u015far\u0131s\u0131 objektif olarak \u00f6l\u00e7\u00fclebiliyor. Yap\u0131lmas\u0131 gereken uygulamalar da yine bu raporlar sayesinde net olarak g\u00f6r\u00fcl\u00fcyor; yani \u00f6nerdi\u011fimiz uygulamalar\u0131n yap\u0131lmas\u0131 veya yap\u0131lmamas\u0131 haline cildin 1 y\u0131l sonraki hali de sim\u00fcle edilebiliyor, Cildinizi korumazsan\u0131z bir sene sonra hangi leke ve k\u0131r\u0131\u015f\u0131klar\u0131n\u0131z\u0131n olu\u015faca\u011f\u0131n\u0131 belirler.<br \/><br \/><strong>Bu Sistem Ciltle \u0130lgili Hangi Bilgilere Ula\u015fmam\u0131z\u0131 Sa\u011fl\u0131yor?<\/strong><br \/><br \/><\/p><ul><li>Epidermal cilt derinli\u011fi<\/li><li>Analizi ve cilt sorunlar\u0131<\/li><li>K\u0131rm\u0131z\u0131 Ben<\/li><li>K\u0131r\u0131\u015f\u0131kl\u0131k Analizi<\/li><li>Cilt \u00d6zelli\u011fi<\/li><li>Yo\u011funluk<\/li><li>Derinlik<\/li><li>Leke<\/li><li>\u00c7\u00f6k\u00fckl\u00fck<\/li><li>Elastikiyet<\/li><li>Cilt Tonu<\/li><li>Cilt Is\u0131s\u0131 \u00d6l\u00e7\u00fcm\u00fc<\/li><li>Ciltte k\u0131r\u0131\u015f\u0131kl\u0131klar\u0131n de\u011ferlendirilmesi, kahverengi lekelerin de\u011ferlendirilmesi, UV hasar\u0131n\u0131n de\u011ferlendirilmesi ve ciltteki k\u0131lcal damarlar\u0131n ve k\u0131rm\u0131z\u0131 benlerin yerleri, yo\u011funlu\u011fu, miktar\u0131n\u0131n \u00f6\u011frenilmesi.<\/li><\/ul><p><br \/><br \/><strong>Yeni Sistem 3D ya\u015flanma etkilerine kar\u015f\u0131 nas\u0131l bir fayda sa\u011fl\u0131yor, daha do\u011frusu b\u00f6yle bir faydas\u0131 da var m\u0131?<\/strong><br \/><br \/>Elbette ya\u015flanmaya kar\u015f\u0131 sava\u015fta ciddi bir etkisi var. Ya\u015flanma dedi\u011fimiz s\u00fcre\u00e7 cildin g\u00f6r\u00fcnen y\u00fcz\u00fcndeki tabakan\u0131n ve g\u00f6remedi\u011fimiz kollajen dokunun kalitesinin azalmas\u0131, ya\u015flanmas\u0131d\u0131r. 3D\u2019nin tamamen bilgisayarl\u0131 analiz sistemi ile yap\u0131lan bu \u00f6l\u00e7\u00fcmlemeler sayesinde ki\u015finin cildi ve cilt alt\u0131 dokusu inceleniyor. Cilt kal\u0131nl\u0131\u011f\u0131, cildin kolajen miktar\u0131 gibi de\u011ferler \u00f6l\u00e7\u00fcl\u00fcyor, y\u00fcz\u00fcn hangi b\u00f6l\u00fcm\u00fcn\u00fcn, ne derece ve neden ya\u015flanm\u0131\u015f oldu\u011fu saptan\u0131yor.<br \/><br \/>Bizler bu analizler \u0131\u015f\u0131\u011f\u0131nda ya\u015flanma s\u00fcrecini nas\u0131l azaltaca\u011f\u0131n\u0131z hakk\u0131nda bir \u00f6neri dosyas\u0131 ve tedavi protokol\u00fc haz\u0131rl\u0131yoruz.<br \/><br \/><strong>Yeni Sistem 3D Analizi \u00dczerine Yap\u0131lan Uygulamalar\u0131n Neleri De\u011fi\u015ftirdi\u011fini de Hastan\u0131z Yine Bu Sistemle G\u00f6rebiliyor mu?<\/strong><br \/><br \/>G\u00f6rebiliyor, bizce sistemin en b\u00fcy\u00fck faydas\u0131 da bu. Uygulanan bak\u0131m ve tedavilerden sonra, analizler tekrarlan\u0131yor, b\u00f6ylece yap\u0131lan bak\u0131m ve tedavilerin ne derece isabetli oldu\u011funu objektif kriterlere dayanarak kontrol etmek m\u00fcmk\u00fcn oluyor.<\/p>\t\t\t\t\t\t<\/div>\n\t\t\t\t<\/div>\n\t\t\t\t\t<\/div>\n\t\t<\/div>\n\t\t\t\t\t\t\t<\/div>\n\t\t<\/section>\n\t\t\t\t\t<\/div>\n\t\t<\/div>\n\t\t\t\t\t\t\t<\/div>\n\t\t<\/section>\n\t\t\t\t<section class=\"elementor-section elementor-top-section elementor-element elementor-element-365c8af5 ova-geometry4 elementor-section-boxed elementor-section-height-default elementor-section-height-default\" data-id=\"365c8af5\" data-element_type=\"section\" data-settings=\"{&quot;background_background&quot;:&quot;classic&quot;}\">\n\t\t\t\t\t\t<div class=\"elementor-container elementor-column-gap-default\">\n\t\t\t\t\t<div class=\"elementor-column elementor-col-50 elementor-top-column elementor-element elementor-element-476e5d55\" data-id=\"476e5d55\" data-element_type=\"column\">\n\t\t\t<div class=\"elementor-widget-wrap elementor-element-populated\">\n\t\t\t\t\t\t\t\t<div class=\"elementor-element elementor-element-794da3e7 elementor-widget__width-auto elementor-widget elementor-widget-infetech_elementor_heading\" data-id=\"794da3e7\" data-element_type=\"widget\" data-widget_type=\"infetech_elementor_heading.default\">\n\t\t\t\t<div class=\"elementor-widget-container\">\n\t\t\t\n\t\t\t<div class=\"ova-heading\">\n\t\t\t\t\n\t\t\t\t\t\t\t\t\t<h2 class=\"sub-title\">\n\t\t\t\t\t\t<span class=\"underlined\"><\/span>\n\t\t\t\t\t\tDurmay\u0131n, hemen aray\u0131n ! Uzmanlar\u0131m\u0131z taraf\u0131ndan verilen cevaplar ile hemen randevunuzu olu\u015ftural\u0131m.\t\t\t\t\t<\/h2>\t\n\t\t\t\t\n\t\t\t\t\n\t\t\t\t\t<h3 class=\"title\">\t\t\t\t\t\t\t\t\t\t\t\t\tDaha fazla bilgiye mi \u0130htiyaniz var ?\t\t\t\t\t\t\t\t\t\t\t<\/h3>\n                \n\t\t\t<\/div>\n\n\t\t\t\t<\/div>\n\t\t\t\t<\/div>\n\t\t\t\t\t<\/div>\n\t\t<\/div>\n\t\t\t\t<div class=\"elementor-column elementor-col-50 elementor-top-column elementor-element elementor-element-a5a7f53\" data-id=\"a5a7f53\" data-element_type=\"column\">\n\t\t\t<div class=\"elementor-widget-wrap elementor-element-populated\">\n\t\t\t\t\t\t\t\t<div class=\"elementor-element elementor-element-55c95ecd elementor-align-right elementor-widget elementor-widget-button\" data-id=\"55c95ecd\" data-element_type=\"widget\" data-widget_type=\"button.default\">\n\t\t\t\t<div class=\"elementor-widget-container\">\n\t\t\t\t\t<div class=\"elementor-button-wrapper\">\n\t\t\t<a href=\"#elementor-action%3Aaction%3Dpopup%3Aopen%26settings%3DeyJpZCI6NjMyOCwidG9nZ2xlIjpmYWxzZX0%3D\" class=\"elementor-button-link elementor-button elementor-size-sm\" role=\"button\">\n\t\t\t\t\t\t<span class=\"elementor-button-content-wrapper\">\n\t\t\t\t\t\t<span class=\"elementor-button-text\">S\u0130Z\u0130 ARAYALIM<\/span>\n\t\t<\/span>\n\t\t\t\t\t<\/a>\n\t\t<\/div>\n\t\t\t\t<\/div>\n\t\t\t\t<\/div>\n\t\t\t\t\t<\/div>\n\t\t<\/div>\n\t\t\t\t\t\t\t<\/div>\n\t\t<\/section>\n\t\t\t\t\t\t\t<\/div>\n\t\t","protected":false},"excerpt":{"rendered":"<p>Ana Sayfa Y\u00fcz Gen\u00e7le\u015ftirme Uygulamalar\u0131 (Anti-Aging) 3D Cilt Analizi 3D Cilt Analizi Cilt Bak\u0131m\u0131 Kimyasal Peeling Dermaroller Y\u00f6ntemi Biogenevity Tedavisi Botox Dolgu PRP Mezoterapi Akne Tedavisi Leke Tedavisi G\u00f6zalt\u0131 Morluklar\u0131n\u0131n Tedavisi Y\u00fcz Gen\u00e7le\u015ftirme Uygulamalar\u0131 (Anti-Aging) 3D Cilt Analizi C\u0130LT SORUNLARINA ERKEN TE\u015eH\u0130S \u0130\u00c7\u0130N YEN\u0130 S\u0130STEM 3D Yeni Sistem 3D ile tamamen bilgisayarl\u0131 analiz sistemiyle yap\u0131lan [&hellip;]<\/p>\n","protected":false},"author":1,"featured_media":0,"parent":6645,"menu_order":0,"comment_status":"closed","ping_status":"closed","template":"elementor_header_footer","meta":{"footnotes":""},"class_list":["post-6650","page","type-page","status-publish","hentry"],"_links":{"self":[{"href":"https:\/\/nisclinic.com\/tr\/wp-json\/wp\/v2\/pages\/6650","targetHints":{"allow":["GET"]}}],"collection":[{"href":"https:\/\/nisclinic.com\/tr\/wp-json\/wp\/v2\/pages"}],"about":[{"href":"https:\/\/nisclinic.com\/tr\/wp-json\/wp\/v2\/types\/page"}],"author":[{"embeddable":true,"href":"https:\/\/nisclinic.com\/tr\/wp-json\/wp\/v2\/users\/1"}],"replies":[{"embeddable":true,"href":"https:\/\/nisclinic.com\/tr\/wp-json\/wp\/v2\/comments?post=6650"}],"version-history":[{"count":4,"href":"https:\/\/nisclinic.com\/tr\/wp-json\/wp\/v2\/pages\/6650\/revisions"}],"predecessor-version":[{"id":6657,"href":"https:\/\/nisclinic.com\/tr\/wp-json\/wp\/v2\/pages\/6650\/revisions\/6657"}],"up":[{"embeddable":true,"href":"https:\/\/nisclinic.com\/tr\/wp-json\/wp\/v2\/pages\/6645"}],"wp:attachment":[{"href":"https:\/\/nisclinic.com\/tr\/wp-json\/wp\/v2\/media?parent=6650"}],"curies":[{"name":"wp","href":"https:\/\/api.w.org\/{rel}","templated":true}]}}