{"id":6630,"date":"2022-10-10T06:46:30","date_gmt":"2022-10-10T06:46:30","guid":{"rendered":"https:\/\/siteniincele.com\/nisclinic\/laser-applications\/nicosia-laser-hair-removal\/"},"modified":"2022-10-13T12:56:02","modified_gmt":"2022-10-13T12:56:02","slug":"nicosia-laser-hair-removal","status":"publish","type":"page","link":"https:\/\/nisclinic.com\/tr\/laser-applications\/nicosia-laser-hair-removal\/","title":{"rendered":"Lefko\u015fa Lazer Epilasyon"},"content":{"rendered":"\t\t<div data-elementor-type=\"wp-page\" data-elementor-id=\"6630\" class=\"elementor elementor-6630 elementor-6018\">\n\t\t\t\t\t\t\t\t\t<section class=\"elementor-section elementor-top-section elementor-element elementor-element-3341125 elementor-section-boxed elementor-section-height-default elementor-section-height-default\" data-id=\"3341125\" data-element_type=\"section\" data-settings=\"{&quot;background_background&quot;:&quot;classic&quot;}\">\n\t\t\t\t\t\t<div class=\"elementor-container elementor-column-gap-default\">\n\t\t\t\t\t<div class=\"elementor-column elementor-col-100 elementor-top-column elementor-element elementor-element-ed6efee\" data-id=\"ed6efee\" data-element_type=\"column\">\n\t\t\t<div class=\"elementor-widget-wrap elementor-element-populated\">\n\t\t\t\t\t\t\t\t<div class=\"elementor-element elementor-element-6f3b510 elementor-widget elementor-widget-text-editor\" data-id=\"6f3b510\" data-element_type=\"widget\" data-widget_type=\"text-editor.default\">\n\t\t\t\t<div class=\"elementor-widget-container\">\n\t\t\t<style>\/*! elementor - v3.8.0 - 30-10-2022 *\/\n.elementor-widget-text-editor.elementor-drop-cap-view-stacked .elementor-drop-cap{background-color:#818a91;color:#fff}.elementor-widget-text-editor.elementor-drop-cap-view-framed .elementor-drop-cap{color:#818a91;border:3px solid;background-color:transparent}.elementor-widget-text-editor:not(.elementor-drop-cap-view-default) .elementor-drop-cap{margin-top:8px}.elementor-widget-text-editor:not(.elementor-drop-cap-view-default) .elementor-drop-cap-letter{width:1em;height:1em}.elementor-widget-text-editor .elementor-drop-cap{float:left;text-align:center;line-height:1;font-size:50px}.elementor-widget-text-editor .elementor-drop-cap-letter{display:inline-block}<\/style>\t\t\t\tAna Sayfa <i class=\"fa fa-chevron-right\"><\/i> <a href=\"https:\/\/nisclinic.com\/tr\/laser-applications\/\">Lazer Uygulamalar\u0131<\/a> <i class=\"fa fa-chevron-right\"><\/i> <a href=\"https:\/\/nisclinic.com\/tr\/laser-applications\/nicosia-laser-hair-removal\/\">Lefko\u015fa Lazer Epilasyon<\/a>\t\t\t\t\t\t<\/div>\n\t\t\t\t<\/div>\n\t\t\t\t\t<\/div>\n\t\t<\/div>\n\t\t\t\t\t\t\t<\/div>\n\t\t<\/section>\n\t\t\t\t<section class=\"elementor-section elementor-top-section elementor-element elementor-element-2e05cfe elementor-reverse-tablet elementor-reverse-mobile elementor-section-boxed elementor-section-height-default elementor-section-height-default\" data-id=\"2e05cfe\" data-element_type=\"section\">\n\t\t\t\t\t\t<div class=\"elementor-container elementor-column-gap-extended\">\n\t\t\t\t\t<div class=\"elementor-column elementor-col-50 elementor-top-column elementor-element elementor-element-8c53be7 animated-fast elementor-invisible\" data-id=\"8c53be7\" data-element_type=\"column\" data-settings=\"{&quot;animation&quot;:&quot;ova-move-up&quot;,&quot;animation_tablet&quot;:&quot;none&quot;,&quot;animation_delay&quot;:100}\">\n\t\t\t<div class=\"elementor-widget-wrap elementor-element-populated\">\n\t\t\t\t\t\t\t\t<section class=\"elementor-section elementor-inner-section elementor-element elementor-element-05e6b86 elementor-section-boxed elementor-section-height-default elementor-section-height-default\" data-id=\"05e6b86\" data-element_type=\"section\">\n\t\t\t\t\t\t<div class=\"elementor-container elementor-column-gap-default\">\n\t\t\t\t\t<div class=\"elementor-column elementor-col-100 elementor-inner-column elementor-element elementor-element-9335a88\" data-id=\"9335a88\" data-element_type=\"column\">\n\t\t\t<div class=\"elementor-widget-wrap elementor-element-populated\">\n\t\t\t\t\t\t\t\t<div class=\"elementor-element elementor-element-71db71e elementor-icon-list--layout-traditional elementor-list-item-link-full_width elementor-widget elementor-widget-global elementor-global-6590 elementor-widget-icon-list\" data-id=\"71db71e\" data-element_type=\"widget\" id=\"sideitems\" data-widget_type=\"icon-list.default\">\n\t\t\t\t<div class=\"elementor-widget-container\">\n\t\t\t<link rel=\"stylesheet\" href=\"https:\/\/nisclinic.com\/wp-content\/plugins\/elementor\/assets\/css\/widget-icon-list.min.css\">\t\t<ul class=\"elementor-icon-list-items\">\n\t\t\t\t\t\t\t<li class=\"elementor-icon-list-item\">\n\t\t\t\t\t\t\t\t\t\t\t<a href=\"http:\/\/nisclinic.comtr\/laser-applications\/laser-hair-removal\/\">\n\n\t\t\t\t\t\t\t\t\t\t\t<span class=\"elementor-icon-list-text\">Lazer Epilasyon<\/span>\n\t\t\t\t\t\t\t\t\t\t\t<\/a>\n\t\t\t\t\t\t\t\t\t<\/li>\n\t\t\t\t\t\t\t\t<li class=\"elementor-icon-list-item\">\n\t\t\t\t\t\t\t\t\t\t\t<a href=\"https:\/\/nisclinic.com\/tr\/laser-applications\/varicose-and-capillary-treatment\/\">\n\n\t\t\t\t\t\t\t\t\t\t\t<span class=\"elementor-icon-list-text\">Varis ve K\u0131lcal Damar Tedavisi<\/span>\n\t\t\t\t\t\t\t\t\t\t\t<\/a>\n\t\t\t\t\t\t\t\t\t<\/li>\n\t\t\t\t\t\t\t\t<li class=\"elementor-icon-list-item\">\n\t\t\t\t\t\t\t\t\t\t\t<a href=\"https:\/\/nisclinic.com\/tr\/laser-applications\/sunspots\/\">\n\n\t\t\t\t\t\t\t\t\t\t\t<span class=\"elementor-icon-list-text\">G\u00fcne\u015f Lekeleri<\/span>\n\t\t\t\t\t\t\t\t\t\t\t<\/a>\n\t\t\t\t\t\t\t\t\t<\/li>\n\t\t\t\t\t\t\t\t<li class=\"elementor-icon-list-item\">\n\t\t\t\t\t\t\t\t\t\t\t<a href=\"https:\/\/nisclinic.com\/tr\/laser-applications\/freckle-treatment\/\">\n\n\t\t\t\t\t\t\t\t\t\t\t<span class=\"elementor-icon-list-text\">\u00c7il Tedavisi<\/span>\n\t\t\t\t\t\t\t\t\t\t\t<\/a>\n\t\t\t\t\t\t\t\t\t<\/li>\n\t\t\t\t\t\t\t\t<li class=\"elementor-icon-list-item\">\n\t\t\t\t\t\t\t\t\t\t\t<a href=\"https:\/\/nisclinic.com\/tr\/laser-applications\/age-spots\/\">\n\n\t\t\t\t\t\t\t\t\t\t\t<span class=\"elementor-icon-list-text\">Ya\u015fl\u0131l\u0131k Lekeleri<\/span>\n\t\t\t\t\t\t\t\t\t\t\t<\/a>\n\t\t\t\t\t\t\t\t\t<\/li>\n\t\t\t\t\t\t\t\t<li class=\"elementor-icon-list-item\">\n\t\t\t\t\t\t\t\t\t\t\t<a href=\"https:\/\/nisclinic.com\/tr\/laser-applications\/birthmarks\/\">\n\n\t\t\t\t\t\t\t\t\t\t\t<span class=\"elementor-icon-list-text\">Do\u011fum Lekeleri<\/span>\n\t\t\t\t\t\t\t\t\t\t\t<\/a>\n\t\t\t\t\t\t\t\t\t<\/li>\n\t\t\t\t\t\t\t\t<li class=\"elementor-icon-list-item\">\n\t\t\t\t\t\t\t\t\t\t\t<a href=\"https:\/\/nisclinic.com\/tr\/laser-applications\/acne-spots\/\">\n\n\t\t\t\t\t\t\t\t\t\t\t<span class=\"elementor-icon-list-text\">Akne Lekeleri<\/span>\n\t\t\t\t\t\t\t\t\t\t\t<\/a>\n\t\t\t\t\t\t\t\t\t<\/li>\n\t\t\t\t\t\t\t\t<li class=\"elementor-icon-list-item\">\n\t\t\t\t\t\t\t\t\t\t\t<a href=\"https:\/\/nisclinic.com\/tr\/laser-applications\/nicosia-laser-hair-removal\/\">\n\n\t\t\t\t\t\t\t\t\t\t\t<span class=\"elementor-icon-list-text\">Lefko\u015fa Lazer Epilasyon<\/span>\n\t\t\t\t\t\t\t\t\t\t\t<\/a>\n\t\t\t\t\t\t\t\t\t<\/li>\n\t\t\t\t\t\t\t\t<li class=\"elementor-icon-list-item\">\n\t\t\t\t\t\t\t\t\t\t\t<a href=\"http:\/\/nisclinic.com\/laser-applications\/kyrenia-laser-hair-removal\/\">\n\n\t\t\t\t\t\t\t\t\t\t\t<span class=\"elementor-icon-list-text\">Girne Lazer Epilasyon<\/span>\n\t\t\t\t\t\t\t\t\t\t\t<\/a>\n\t\t\t\t\t\t\t\t\t<\/li>\n\t\t\t\t\t\t\t\t<li class=\"elementor-icon-list-item\">\n\t\t\t\t\t\t\t\t\t\t\t<a href=\"https:\/\/nisclinic.com\/tr\/laser-applications\/famagusta-laser-hair-removal\/\">\n\n\t\t\t\t\t\t\t\t\t\t\t<span class=\"elementor-icon-list-text\">Ma\u011fusa Lazer Epilasyon<\/span>\n\t\t\t\t\t\t\t\t\t\t\t<\/a>\n\t\t\t\t\t\t\t\t\t<\/li>\n\t\t\t\t\t\t<\/ul>\n\t\t\t\t<\/div>\n\t\t\t\t<\/div>\n\t\t\t\t\t<\/div>\n\t\t<\/div>\n\t\t\t\t\t\t\t<\/div>\n\t\t<\/section>\n\t\t\t\t\t<\/div>\n\t\t<\/div>\n\t\t\t\t<div class=\"elementor-column elementor-col-50 elementor-top-column elementor-element elementor-element-82423ff animated-fast elementor-invisible\" data-id=\"82423ff\" data-element_type=\"column\" data-settings=\"{&quot;animation&quot;:&quot;ova-move-up&quot;,&quot;animation_tablet&quot;:&quot;none&quot;,&quot;animation_delay&quot;:100}\">\n\t\t\t<div class=\"elementor-widget-wrap elementor-element-populated\">\n\t\t\t\t\t\t\t\t<section class=\"elementor-section elementor-inner-section elementor-element elementor-element-7edfc01 elementor-section-boxed elementor-section-height-default elementor-section-height-default\" data-id=\"7edfc01\" data-element_type=\"section\">\n\t\t\t\t\t\t<div class=\"elementor-container elementor-column-gap-default\">\n\t\t\t\t\t<div class=\"elementor-column elementor-col-100 elementor-inner-column elementor-element elementor-element-7dadf70\" data-id=\"7dadf70\" data-element_type=\"column\">\n\t\t\t<div class=\"elementor-widget-wrap elementor-element-populated\">\n\t\t\t\t\t\t\t\t<div class=\"elementor-element elementor-element-1f40163 elementor-widget elementor-widget-infetech_elementor_heading\" data-id=\"1f40163\" data-element_type=\"widget\" data-widget_type=\"infetech_elementor_heading.default\">\n\t\t\t\t<div class=\"elementor-widget-container\">\n\t\t\t\n\t\t\t<div class=\"ova-heading\">\n\t\t\t\t\n\t\t\t\t\t\t\t\t\t<h2 class=\"sub-title\">\n\t\t\t\t\t\t<span class=\"underlined\"><\/span>\n\t\t\t\t\t\tLazer Uygulamalar\u0131\t\t\t\t\t<\/h2>\t\n\t\t\t\t\n\t\t\t\t\n\t\t\t\t\t<h3 class=\"title\">\t\t\t\t\t\t\t\t\t\t\t\t\tLefko\u015fa Lazer Epilasyon\t\t\t\t\t\t\t\t\t\t\t<\/h3>\n                \n\t\t\t<\/div>\n\n\t\t\t\t<\/div>\n\t\t\t\t<\/div>\n\t\t\t\t<div class=\"elementor-element elementor-element-02d72c9 elementor-widget elementor-widget-image\" data-id=\"02d72c9\" data-element_type=\"widget\" data-widget_type=\"image.default\">\n\t\t\t\t<div class=\"elementor-widget-container\">\n\t\t\t<style>\/*! elementor - v3.8.0 - 30-10-2022 *\/\n.elementor-widget-image{text-align:center}.elementor-widget-image a{display:inline-block}.elementor-widget-image a img[src$=\".svg\"]{width:48px}.elementor-widget-image img{vertical-align:middle;display:inline-block}<\/style>\t\t\t\t\t\t\t\t\t\t\t\t<img loading=\"lazy\" decoding=\"async\" width=\"1568\" height=\"600\" src=\"https:\/\/nisclinic.com\/wp-content\/uploads\/2022\/10\/hair-removal-1.jpg\" class=\"attachment-full size-full\" alt=\"\" srcset=\"https:\/\/nisclinic.com\/wp-content\/uploads\/2022\/10\/hair-removal-1.jpg 1568w, https:\/\/nisclinic.com\/wp-content\/uploads\/2022\/10\/hair-removal-1-300x115.jpg 300w, https:\/\/nisclinic.com\/wp-content\/uploads\/2022\/10\/hair-removal-1-1024x392.jpg 1024w, https:\/\/nisclinic.com\/wp-content\/uploads\/2022\/10\/hair-removal-1-768x294.jpg 768w, https:\/\/nisclinic.com\/wp-content\/uploads\/2022\/10\/hair-removal-1-1536x588.jpg 1536w\" sizes=\"auto, (max-width: 1568px) 100vw, 1568px\" \/>\t\t\t\t\t\t\t\t\t\t\t\t\t\t\t<\/div>\n\t\t\t\t<\/div>\n\t\t\t\t<div class=\"elementor-element elementor-element-6d3fbb8 elementor-widget elementor-widget-text-editor\" data-id=\"6d3fbb8\" data-element_type=\"widget\" data-widget_type=\"text-editor.default\">\n\t\t\t\t<div class=\"elementor-widget-container\">\n\t\t\t\t\t\t\t<p>Lefko\u015fa lazer epilasyon merkezimizde sundu\u011fumuz lazer epilasyon hizmetimizle istenmeyen t\u00fcylerden zahmetsiz bir \u015fekilde kurtulabilirsiniz. Profesyonel estetisyenlerimiz i\u015flem s\u00fcresince sizinle ilgilenecektir. \u015eimdiye kadar denenmi\u015f y\u00f6ntemlerin en etkilisi olan lazer epilasyon uygulamas\u0131n\u0131 Lefko\u015fa lazer epilasyon merkezimizde hizmetinize sunuyoruz. Son y\u0131llarda erkeklerin de tercih etti\u011fi lazer epilasyonu hala yapt\u0131rmayanlar varsa m\u00fc\u015fteri memnuniyeti odakl\u0131 \u00e7al\u0131\u015ft\u0131\u011f\u0131m\u0131z Lefko\u015fa lazer epilasyon merkezimizde a\u011fr\u0131s\u0131z seanslar ve kesin sonu\u00e7lar sizi bekliyor.<\/p><p>Lazer epilasyon uygulamas\u0131, ultraviole \u0131\u015f\u0131k yayan cihazlar ile v\u00fccutta istenmeyen t\u00fcyleri k\u00f6k\u00fcnden yok etme i\u015flemidir. Asl\u0131nda lazer epilasyon i\u015fleminin ne oldu\u011funu bilmeden \u00f6nce v\u00fccuttaki istenmeyen t\u00fcylerin temel geli\u015fimleri hakk\u0131nda bilgi sahibi olmak faydal\u0131 olacakt\u0131r ki y\u00f6ntemin daha etkili olmas\u0131 a\u00e7\u0131s\u0131ndan \u00f6nemli bir ad\u0131md\u0131r. V\u00fccudumuzda bulunan t\u00fcm t\u00fcyler erken anajen, anajen, katajen, ve telojen olmak \u00fczere 4 evrede geli\u015fimlerini tamamlamaktad\u0131r. Erken anajen evre; k\u00f6klerin t\u00fcy \u00fcretimine ba\u015flad\u0131\u011f\u0131 d\u00f6nem olarak adland\u0131r\u0131labilir. Anajen evre; \u00fcretilmi\u015f t\u00fcylerin en aktif oldu\u011fu geli\u015fim ve cilt i\u00e7erisinde uzama d\u00f6nemidir. Anajen d\u00f6nem t\u00fcylerin lazer i\u015flemi i\u00e7in en uygun oldu\u011fu d\u00f6nemdir. Katajen evre; k\u00f6k i\u00e7erisindeki canl\u0131 h\u00fccrelerin aktivitesini durdurup yap\u0131lar\u0131n\u0131n de\u011fi\u015fti\u011fi, dinlenme d\u00f6nemine ge\u00e7ti\u011fi s\u00fcre\u00e7tir. Telojen evre ise; t\u00fcylerin uzamas\u0131n\u0131n durdu\u011fu ve k\u00f6kten ayr\u0131l\u0131p v\u00fccuttan at\u0131ld\u0131\u011f\u0131 son evredir.<\/p>\t\t\t\t\t\t<\/div>\n\t\t\t\t<\/div>\n\t\t\t\t\t<\/div>\n\t\t<\/div>\n\t\t\t\t\t\t\t<\/div>\n\t\t<\/section>\n\t\t\t\t\t<\/div>\n\t\t<\/div>\n\t\t\t\t\t\t\t<\/div>\n\t\t<\/section>\n\t\t\t\t<section class=\"elementor-section elementor-top-section elementor-element elementor-element-5e380e73 ova-geometry4 elementor-section-boxed elementor-section-height-default elementor-section-height-default\" data-id=\"5e380e73\" data-element_type=\"section\" data-settings=\"{&quot;background_background&quot;:&quot;classic&quot;}\">\n\t\t\t\t\t\t<div class=\"elementor-container elementor-column-gap-default\">\n\t\t\t\t\t<div class=\"elementor-column elementor-col-50 elementor-top-column elementor-element elementor-element-a7cc4cc\" data-id=\"a7cc4cc\" data-element_type=\"column\">\n\t\t\t<div class=\"elementor-widget-wrap elementor-element-populated\">\n\t\t\t\t\t\t\t\t<div class=\"elementor-element elementor-element-e1c366f elementor-widget__width-auto elementor-widget elementor-widget-infetech_elementor_heading\" data-id=\"e1c366f\" data-element_type=\"widget\" data-widget_type=\"infetech_elementor_heading.default\">\n\t\t\t\t<div class=\"elementor-widget-container\">\n\t\t\t\n\t\t\t<div class=\"ova-heading\">\n\t\t\t\t\n\t\t\t\t\t\t\t\t\t<h2 class=\"sub-title\">\n\t\t\t\t\t\t<span class=\"underlined\"><\/span>\n\t\t\t\t\t\tDurmay\u0131n, hemen aray\u0131n ! Uzmanlar\u0131m\u0131z taraf\u0131ndan verilen cevaplar ile hemen randevunuzu olu\u015ftural\u0131m.\t\t\t\t\t<\/h2>\t\n\t\t\t\t\n\t\t\t\t\n\t\t\t\t\t<h3 class=\"title\">\t\t\t\t\t\t\t\t\t\t\t\t\tDaha fazla bilgiye mi \u0130htiyaniz var ?\t\t\t\t\t\t\t\t\t\t\t<\/h3>\n                \n\t\t\t<\/div>\n\n\t\t\t\t<\/div>\n\t\t\t\t<\/div>\n\t\t\t\t\t<\/div>\n\t\t<\/div>\n\t\t\t\t<div class=\"elementor-column elementor-col-50 elementor-top-column elementor-element elementor-element-767d5eb3\" data-id=\"767d5eb3\" data-element_type=\"column\">\n\t\t\t<div class=\"elementor-widget-wrap elementor-element-populated\">\n\t\t\t\t\t\t\t\t<div class=\"elementor-element elementor-element-79f999aa elementor-align-right elementor-widget elementor-widget-button\" data-id=\"79f999aa\" data-element_type=\"widget\" data-widget_type=\"button.default\">\n\t\t\t\t<div class=\"elementor-widget-container\">\n\t\t\t\t\t<div class=\"elementor-button-wrapper\">\n\t\t\t<a href=\"#elementor-action%3Aaction%3Dpopup%3Aopen%26settings%3DeyJpZCI6NjMyOCwidG9nZ2xlIjpmYWxzZX0%3D\" class=\"elementor-button-link elementor-button elementor-size-sm\" role=\"button\">\n\t\t\t\t\t\t<span class=\"elementor-button-content-wrapper\">\n\t\t\t\t\t\t<span class=\"elementor-button-text\">S\u0130Z\u0130 ARAYALIM<\/span>\n\t\t<\/span>\n\t\t\t\t\t<\/a>\n\t\t<\/div>\n\t\t\t\t<\/div>\n\t\t\t\t<\/div>\n\t\t\t\t\t<\/div>\n\t\t<\/div>\n\t\t\t\t\t\t\t<\/div>\n\t\t<\/section>\n\t\t\t\t\t\t\t<\/div>\n\t\t","protected":false},"excerpt":{"rendered":"<p>Ana Sayfa Lazer Uygulamalar\u0131 Lefko\u015fa Lazer Epilasyon Lazer Epilasyon Varis ve K\u0131lcal Damar Tedavisi G\u00fcne\u015f Lekeleri \u00c7il Tedavisi Ya\u015fl\u0131l\u0131k Lekeleri Do\u011fum Lekeleri Akne Lekeleri Lefko\u015fa Lazer Epilasyon Girne Lazer Epilasyon Ma\u011fusa Lazer Epilasyon Lazer Uygulamalar\u0131 Lefko\u015fa Lazer Epilasyon Lefko\u015fa lazer epilasyon merkezimizde sundu\u011fumuz lazer epilasyon hizmetimizle istenmeyen t\u00fcylerden zahmetsiz bir \u015fekilde kurtulabilirsiniz. Profesyonel estetisyenlerimiz i\u015flem [&hellip;]<\/p>\n","protected":false},"author":1,"featured_media":0,"parent":6577,"menu_order":0,"comment_status":"closed","ping_status":"closed","template":"elementor_header_footer","meta":{"footnotes":""},"class_list":["post-6630","page","type-page","status-publish","hentry"],"_links":{"self":[{"href":"https:\/\/nisclinic.com\/tr\/wp-json\/wp\/v2\/pages\/6630","targetHints":{"allow":["GET"]}}],"collection":[{"href":"https:\/\/nisclinic.com\/tr\/wp-json\/wp\/v2\/pages"}],"about":[{"href":"https:\/\/nisclinic.com\/tr\/wp-json\/wp\/v2\/types\/page"}],"author":[{"embeddable":true,"href":"https:\/\/nisclinic.com\/tr\/wp-json\/wp\/v2\/users\/1"}],"replies":[{"embeddable":true,"href":"https:\/\/nisclinic.com\/tr\/wp-json\/wp\/v2\/comments?post=6630"}],"version-history":[{"count":7,"href":"https:\/\/nisclinic.com\/tr\/wp-json\/wp\/v2\/pages\/6630\/revisions"}],"predecessor-version":[{"id":6830,"href":"https:\/\/nisclinic.com\/tr\/wp-json\/wp\/v2\/pages\/6630\/revisions\/6830"}],"up":[{"embeddable":true,"href":"https:\/\/nisclinic.com\/tr\/wp-json\/wp\/v2\/pages\/6577"}],"wp:attachment":[{"href":"https:\/\/nisclinic.com\/tr\/wp-json\/wp\/v2\/media?parent=6630"}],"curies":[{"name":"wp","href":"https:\/\/api.w.org\/{rel}","templated":true}]}}