{"id":6616,"date":"2022-10-04T12:33:05","date_gmt":"2022-10-04T12:33:05","guid":{"rendered":"https:\/\/siteniincele.com\/nisclinic\/laser-applications\/birthmarks\/"},"modified":"2022-10-10T14:08:20","modified_gmt":"2022-10-10T14:08:20","slug":"birthmarks","status":"publish","type":"page","link":"https:\/\/nisclinic.com\/tr\/laser-applications\/birthmarks\/","title":{"rendered":"Do\u011fum Lekeleri"},"content":{"rendered":"\t\t<div data-elementor-type=\"wp-page\" data-elementor-id=\"6616\" class=\"elementor elementor-6616 elementor-5469\">\n\t\t\t\t\t\t\t\t\t<section class=\"elementor-section elementor-top-section elementor-element elementor-element-3341125 elementor-section-boxed elementor-section-height-default elementor-section-height-default\" data-id=\"3341125\" data-element_type=\"section\" data-settings=\"{&quot;background_background&quot;:&quot;classic&quot;}\">\n\t\t\t\t\t\t<div class=\"elementor-container elementor-column-gap-default\">\n\t\t\t\t\t<div class=\"elementor-column elementor-col-100 elementor-top-column elementor-element elementor-element-ed6efee\" data-id=\"ed6efee\" data-element_type=\"column\">\n\t\t\t<div class=\"elementor-widget-wrap elementor-element-populated\">\n\t\t\t\t\t\t\t\t<div class=\"elementor-element elementor-element-6f3b510 elementor-widget elementor-widget-text-editor\" data-id=\"6f3b510\" data-element_type=\"widget\" data-widget_type=\"text-editor.default\">\n\t\t\t\t<div class=\"elementor-widget-container\">\n\t\t\t<style>\/*! elementor - v3.8.0 - 30-10-2022 *\/\n.elementor-widget-text-editor.elementor-drop-cap-view-stacked .elementor-drop-cap{background-color:#818a91;color:#fff}.elementor-widget-text-editor.elementor-drop-cap-view-framed .elementor-drop-cap{color:#818a91;border:3px solid;background-color:transparent}.elementor-widget-text-editor:not(.elementor-drop-cap-view-default) .elementor-drop-cap{margin-top:8px}.elementor-widget-text-editor:not(.elementor-drop-cap-view-default) .elementor-drop-cap-letter{width:1em;height:1em}.elementor-widget-text-editor .elementor-drop-cap{float:left;text-align:center;line-height:1;font-size:50px}.elementor-widget-text-editor .elementor-drop-cap-letter{display:inline-block}<\/style>\t\t\t\tAna Sayfa <i class=\"fa fa-chevron-right\"><\/i> <a href=\"https:\/\/nisclinic.com\/tr\/laser-applications\/\">Lazer Uygulamalar\u0131<\/a> <i class=\"fa fa-chevron-right\"><\/i> <a href=\"https:\/\/nisclinic.com\/tr\/laser-applications\/birthmarks\/\">Do\u011fum Lekeleri<\/a>\t\t\t\t\t\t<\/div>\n\t\t\t\t<\/div>\n\t\t\t\t\t<\/div>\n\t\t<\/div>\n\t\t\t\t\t\t\t<\/div>\n\t\t<\/section>\n\t\t\t\t<section class=\"elementor-section elementor-top-section elementor-element elementor-element-2e05cfe elementor-reverse-tablet elementor-reverse-mobile elementor-section-boxed elementor-section-height-default elementor-section-height-default\" data-id=\"2e05cfe\" data-element_type=\"section\">\n\t\t\t\t\t\t<div class=\"elementor-container elementor-column-gap-extended\">\n\t\t\t\t\t<div class=\"elementor-column elementor-col-50 elementor-top-column elementor-element elementor-element-8c53be7 animated-fast elementor-invisible\" data-id=\"8c53be7\" data-element_type=\"column\" data-settings=\"{&quot;animation&quot;:&quot;ova-move-up&quot;,&quot;animation_tablet&quot;:&quot;none&quot;,&quot;animation_delay&quot;:100}\">\n\t\t\t<div class=\"elementor-widget-wrap elementor-element-populated\">\n\t\t\t\t\t\t\t\t<section class=\"elementor-section elementor-inner-section elementor-element elementor-element-05e6b86 elementor-section-boxed elementor-section-height-default elementor-section-height-default\" data-id=\"05e6b86\" data-element_type=\"section\">\n\t\t\t\t\t\t<div class=\"elementor-container elementor-column-gap-default\">\n\t\t\t\t\t<div class=\"elementor-column elementor-col-100 elementor-inner-column elementor-element elementor-element-9335a88\" data-id=\"9335a88\" data-element_type=\"column\">\n\t\t\t<div class=\"elementor-widget-wrap elementor-element-populated\">\n\t\t\t\t\t\t\t\t<div class=\"elementor-element elementor-element-f268b0b elementor-icon-list--layout-traditional elementor-list-item-link-full_width elementor-widget elementor-widget-global elementor-global-6590 elementor-widget-icon-list\" data-id=\"f268b0b\" data-element_type=\"widget\" id=\"sideitems\" data-widget_type=\"icon-list.default\">\n\t\t\t\t<div class=\"elementor-widget-container\">\n\t\t\t<link rel=\"stylesheet\" href=\"https:\/\/nisclinic.com\/wp-content\/plugins\/elementor\/assets\/css\/widget-icon-list.min.css\">\t\t<ul class=\"elementor-icon-list-items\">\n\t\t\t\t\t\t\t<li class=\"elementor-icon-list-item\">\n\t\t\t\t\t\t\t\t\t\t\t<a href=\"http:\/\/nisclinic.comtr\/laser-applications\/laser-hair-removal\/\">\n\n\t\t\t\t\t\t\t\t\t\t\t<span class=\"elementor-icon-list-text\">Lazer Epilasyon<\/span>\n\t\t\t\t\t\t\t\t\t\t\t<\/a>\n\t\t\t\t\t\t\t\t\t<\/li>\n\t\t\t\t\t\t\t\t<li class=\"elementor-icon-list-item\">\n\t\t\t\t\t\t\t\t\t\t\t<a href=\"https:\/\/nisclinic.com\/tr\/laser-applications\/varicose-and-capillary-treatment\/\">\n\n\t\t\t\t\t\t\t\t\t\t\t<span class=\"elementor-icon-list-text\">Varis ve K\u0131lcal Damar Tedavisi<\/span>\n\t\t\t\t\t\t\t\t\t\t\t<\/a>\n\t\t\t\t\t\t\t\t\t<\/li>\n\t\t\t\t\t\t\t\t<li class=\"elementor-icon-list-item\">\n\t\t\t\t\t\t\t\t\t\t\t<a href=\"https:\/\/nisclinic.com\/tr\/laser-applications\/sunspots\/\">\n\n\t\t\t\t\t\t\t\t\t\t\t<span class=\"elementor-icon-list-text\">G\u00fcne\u015f Lekeleri<\/span>\n\t\t\t\t\t\t\t\t\t\t\t<\/a>\n\t\t\t\t\t\t\t\t\t<\/li>\n\t\t\t\t\t\t\t\t<li class=\"elementor-icon-list-item\">\n\t\t\t\t\t\t\t\t\t\t\t<a href=\"https:\/\/nisclinic.com\/tr\/laser-applications\/freckle-treatment\/\">\n\n\t\t\t\t\t\t\t\t\t\t\t<span class=\"elementor-icon-list-text\">\u00c7il Tedavisi<\/span>\n\t\t\t\t\t\t\t\t\t\t\t<\/a>\n\t\t\t\t\t\t\t\t\t<\/li>\n\t\t\t\t\t\t\t\t<li class=\"elementor-icon-list-item\">\n\t\t\t\t\t\t\t\t\t\t\t<a href=\"https:\/\/nisclinic.com\/tr\/laser-applications\/age-spots\/\">\n\n\t\t\t\t\t\t\t\t\t\t\t<span class=\"elementor-icon-list-text\">Ya\u015fl\u0131l\u0131k Lekeleri<\/span>\n\t\t\t\t\t\t\t\t\t\t\t<\/a>\n\t\t\t\t\t\t\t\t\t<\/li>\n\t\t\t\t\t\t\t\t<li class=\"elementor-icon-list-item\">\n\t\t\t\t\t\t\t\t\t\t\t<a href=\"https:\/\/nisclinic.com\/tr\/laser-applications\/birthmarks\/\">\n\n\t\t\t\t\t\t\t\t\t\t\t<span class=\"elementor-icon-list-text\">Do\u011fum Lekeleri<\/span>\n\t\t\t\t\t\t\t\t\t\t\t<\/a>\n\t\t\t\t\t\t\t\t\t<\/li>\n\t\t\t\t\t\t\t\t<li class=\"elementor-icon-list-item\">\n\t\t\t\t\t\t\t\t\t\t\t<a href=\"https:\/\/nisclinic.com\/tr\/laser-applications\/acne-spots\/\">\n\n\t\t\t\t\t\t\t\t\t\t\t<span class=\"elementor-icon-list-text\">Akne Lekeleri<\/span>\n\t\t\t\t\t\t\t\t\t\t\t<\/a>\n\t\t\t\t\t\t\t\t\t<\/li>\n\t\t\t\t\t\t\t\t<li class=\"elementor-icon-list-item\">\n\t\t\t\t\t\t\t\t\t\t\t<a href=\"https:\/\/nisclinic.com\/tr\/laser-applications\/nicosia-laser-hair-removal\/\">\n\n\t\t\t\t\t\t\t\t\t\t\t<span class=\"elementor-icon-list-text\">Lefko\u015fa Lazer Epilasyon<\/span>\n\t\t\t\t\t\t\t\t\t\t\t<\/a>\n\t\t\t\t\t\t\t\t\t<\/li>\n\t\t\t\t\t\t\t\t<li class=\"elementor-icon-list-item\">\n\t\t\t\t\t\t\t\t\t\t\t<a href=\"http:\/\/nisclinic.com\/laser-applications\/kyrenia-laser-hair-removal\/\">\n\n\t\t\t\t\t\t\t\t\t\t\t<span class=\"elementor-icon-list-text\">Girne Lazer Epilasyon<\/span>\n\t\t\t\t\t\t\t\t\t\t\t<\/a>\n\t\t\t\t\t\t\t\t\t<\/li>\n\t\t\t\t\t\t\t\t<li class=\"elementor-icon-list-item\">\n\t\t\t\t\t\t\t\t\t\t\t<a href=\"https:\/\/nisclinic.com\/tr\/laser-applications\/famagusta-laser-hair-removal\/\">\n\n\t\t\t\t\t\t\t\t\t\t\t<span class=\"elementor-icon-list-text\">Ma\u011fusa Lazer Epilasyon<\/span>\n\t\t\t\t\t\t\t\t\t\t\t<\/a>\n\t\t\t\t\t\t\t\t\t<\/li>\n\t\t\t\t\t\t<\/ul>\n\t\t\t\t<\/div>\n\t\t\t\t<\/div>\n\t\t\t\t\t<\/div>\n\t\t<\/div>\n\t\t\t\t\t\t\t<\/div>\n\t\t<\/section>\n\t\t\t\t\t<\/div>\n\t\t<\/div>\n\t\t\t\t<div class=\"elementor-column elementor-col-50 elementor-top-column elementor-element elementor-element-82423ff animated-fast elementor-invisible\" data-id=\"82423ff\" data-element_type=\"column\" data-settings=\"{&quot;animation&quot;:&quot;ova-move-up&quot;,&quot;animation_tablet&quot;:&quot;none&quot;,&quot;animation_delay&quot;:100}\">\n\t\t\t<div class=\"elementor-widget-wrap elementor-element-populated\">\n\t\t\t\t\t\t\t\t<section class=\"elementor-section elementor-inner-section elementor-element elementor-element-7edfc01 elementor-section-boxed elementor-section-height-default elementor-section-height-default\" data-id=\"7edfc01\" data-element_type=\"section\">\n\t\t\t\t\t\t<div class=\"elementor-container elementor-column-gap-default\">\n\t\t\t\t\t<div class=\"elementor-column elementor-col-100 elementor-inner-column elementor-element elementor-element-7dadf70\" data-id=\"7dadf70\" data-element_type=\"column\">\n\t\t\t<div class=\"elementor-widget-wrap elementor-element-populated\">\n\t\t\t\t\t\t\t\t<div class=\"elementor-element elementor-element-1f40163 elementor-widget elementor-widget-infetech_elementor_heading\" data-id=\"1f40163\" data-element_type=\"widget\" data-widget_type=\"infetech_elementor_heading.default\">\n\t\t\t\t<div class=\"elementor-widget-container\">\n\t\t\t\n\t\t\t<div class=\"ova-heading\">\n\t\t\t\t\n\t\t\t\t\t\t\t\t\t<h2 class=\"sub-title\">\n\t\t\t\t\t\t<span class=\"underlined\"><\/span>\n\t\t\t\t\t\tLazer Uygulamalar\u0131\t\t\t\t\t<\/h2>\t\n\t\t\t\t\n\t\t\t\t\n\t\t\t\t\t<h3 class=\"title\">\t\t\t\t\t\t\t\t\t\t\t\t\tDo\u011fum Lekeleri\t\t\t\t\t\t\t\t\t\t\t<\/h3>\n                \n\t\t\t<\/div>\n\n\t\t\t\t<\/div>\n\t\t\t\t<\/div>\n\t\t\t\t<div class=\"elementor-element elementor-element-02d72c9 elementor-widget elementor-widget-image\" data-id=\"02d72c9\" data-element_type=\"widget\" data-widget_type=\"image.default\">\n\t\t\t\t<div class=\"elementor-widget-container\">\n\t\t\t<style>\/*! elementor - v3.8.0 - 30-10-2022 *\/\n.elementor-widget-image{text-align:center}.elementor-widget-image a{display:inline-block}.elementor-widget-image a img[src$=\".svg\"]{width:48px}.elementor-widget-image img{vertical-align:middle;display:inline-block}<\/style>\t\t\t\t\t\t\t\t\t\t\t\t<img loading=\"lazy\" decoding=\"async\" width=\"1568\" height=\"600\" src=\"https:\/\/nisclinic.com\/wp-content\/uploads\/2022\/10\/birthmark.jpg\" class=\"attachment-full size-full\" alt=\"\" srcset=\"https:\/\/nisclinic.com\/wp-content\/uploads\/2022\/10\/birthmark.jpg 1568w, https:\/\/nisclinic.com\/wp-content\/uploads\/2022\/10\/birthmark-300x115.jpg 300w, https:\/\/nisclinic.com\/wp-content\/uploads\/2022\/10\/birthmark-1024x392.jpg 1024w, https:\/\/nisclinic.com\/wp-content\/uploads\/2022\/10\/birthmark-768x294.jpg 768w, https:\/\/nisclinic.com\/wp-content\/uploads\/2022\/10\/birthmark-1536x588.jpg 1536w\" sizes=\"auto, (max-width: 1568px) 100vw, 1568px\" \/>\t\t\t\t\t\t\t\t\t\t\t\t\t\t\t<\/div>\n\t\t\t\t<\/div>\n\t\t\t\t<div class=\"elementor-element elementor-element-6d3fbb8 elementor-widget elementor-widget-text-editor\" data-id=\"6d3fbb8\" data-element_type=\"widget\" data-widget_type=\"text-editor.default\">\n\t\t\t\t<div class=\"elementor-widget-container\">\n\t\t\t\t\t\t\t<p><strong>Do\u011fum lekesi nedir?<\/strong><br \/><br \/>Do\u011fum lekesi (\u015farap lekesi, port wine stain) yeni do\u011fanlar\u0131n %0,3 \u2019de g\u00f6r\u00fclen damarsal bir anomalidir. Do\u011fum lekesi en \u00e7ok boyun veya y\u00fcz b\u00f6lgesinde pembeden mora kadar de\u011fi\u015febilen bir renkte cilt lekesi olarak ba\u015flar. Ancak v\u00fccutta da ortaya \u00e7\u0131kabilir.<br \/><br \/><strong>Do\u011fum lekesi ne zaman ortaya \u00e7\u0131kar?<\/strong><br \/><br \/>Bu lekeler genelde do\u011fumda mevcuttur. \u00c7ocuk b\u00fcy\u00fcd\u00fck\u00e7e leke de b\u00fcy\u00fcr. \u015earap lekesi tipindeki do\u011fum lekesi asla gerilemez. Zamanla rengi koyula\u015f\u0131r ve kal\u0131nl\u0131\u011f\u0131 artar. 40 ya\u015f sonras\u0131 %65 vakada bu lezyonlar iyice kal\u0131nla\u015farak yumru haline gelebilir. Kendili\u011finden veya travma ile kanama riski ortaya \u00e7\u0131kar.<br \/><br \/><strong>Do\u011fum lekesi neden olur?<\/strong><br \/><br \/>Do\u011fum lekesinin nedeni bilinmemektedir. Do\u011fum lekesi genetik bir hastal\u0131k de\u011fildir.<br \/><br \/><strong>Do\u011fum lekesi hangi hastal\u0131klarla kar\u0131\u015fabilir?<\/strong><br \/><br \/>Do\u011fum lekesi lezyonlar\u0131n\u0131 hemanjiomlardan ay\u0131rmak gerekir. Hemanjiomlar \u00e7ocukluk \u00e7a\u011f\u0131n\u0131n selim huylu damarsal t\u00fcm\u00f6rleridir. Yenido\u011fanlar\u0131n %2-3 \u00fcnde, 1 ya\u015f\u0131na kadar %12, erken do\u011fanlar\u0131n %22\u2019sinde g\u00f6r\u00fclebilir. Kad\u0131n erkek oran\u0131 3:1 \u2019dir. H\u0131zl\u0131 b\u00fcy\u00fcmeleri ile hemanjiomlar do\u011fum lekesinden ayr\u0131l\u0131r. Ba\u015flang\u0131\u00e7ta beyaz veya pembe leke olarak g\u00f6r\u00fcl\u00fcr. Ya\u015fam\u0131n ilk y\u0131l\u0131nda h\u0131zla b\u00fcy\u00fcmeye ba\u015flar. Baz\u0131 hastalarda kanama, infeksiyon olabilir. G\u00f6ze ve solunum yollar\u0131na yak\u0131n hemanjiomlar b\u00fcy\u00fcyerek problem yaratabilir. Hemanjiomlar 1 ya\u015f\u0131na do\u011fru b\u00fcy\u00fcme h\u0131z\u0131 azal\u0131r. 5-12 ya\u015f aras\u0131 gerileme d\u00f6nemini tamamlar. Hemanjiomlar tamamen gerileyebilir. Hemanjiomlar geriledikten sonra %50 ki\u015fide iz veya leke kalabilir.<br \/><br \/><strong>Do\u011fum lekesi tedavisi nas\u0131l yap\u0131l\u0131r?<\/strong><br \/><br \/>Do\u011fum lekeleri lazer tedavileri ile giderilebilir. Tedavi prensibi lekeyi olu\u015fturan damarlar\u0131n i\u00e7inden ge\u00e7en kan h\u00fccrelerinin, lazer \u0131\u015f\u0131\u011f\u0131 ile yakalanmas\u0131d\u0131r. B\u00f6ylece damar i\u00e7inde \u0131s\u0131 etkisiyle damar zedelenir. Bir s\u00fcre sonra damar kaybolur ve b\u00f6ylece her seansta leke solmaya ba\u015flar. Lazer tedavilerinin \u00f6zelli\u011fi, hedef h\u00fccreleri etkilerken di\u011fer h\u00fccreleri etkilememesidir. B\u00f6ylece lazerler b\u00fcy\u00fck olas\u0131l\u0131kla izsiz tedavi ger\u00e7ekle\u015ftirilebilme imkan\u0131 yaratmaktad\u0131rlar.<br \/><br \/><strong>Do\u011fum lekesi tedavisinde kullan\u0131lan lazerler nelerdir?<\/strong><br \/><br \/><\/p><ul><li>Pulsed Dye Lazer (PDL)<\/li><li>KTP Lazer<\/li><li>Intense Pulsed Light (IPL)<\/li><li>Long Pulsed ND:YAG Lazer<\/li><\/ul><p><br \/><br \/>Do\u011fum lekesi tedavisinde en yayg\u0131n kullan\u0131m\u0131 olan en etkili lazer, pulse dye lazerdir. Derin yerle\u015fimli ve kabar\u0131k do\u011fum lekelerinde, daha derin dokulara inme \u00f6zelli\u011fi olan Long Pulsed ND:YAG lazer tedaviye eklenebilir. IPL \u0131\u015f\u0131k sistemi olup di\u011fer lazerlerin etkili olmad\u0131\u011f\u0131 durumlara denenebilir.<br \/><br \/><strong>Lazerle do\u011fum lekesi tedavisi ne s\u0131kl\u0131kta ve ka\u00e7 seans yap\u0131lmal\u0131d\u0131r?<\/strong><br \/><br \/>Do\u011fum lekesi lazerle tedavileri 4-8 hafta aral\u0131klarla yap\u0131l\u0131r. Do\u011fum lekelerinde seans say\u0131s\u0131 (ortalama 5-15 seans) ki\u015fiden ki\u015fiye de\u011fi\u015febilir.<br \/><br \/><strong>Do\u011fum lekeleri nas\u0131l ge\u00e7er?<\/strong><br \/><br \/>Do\u011fum lekeleri lazer yan\u0131tlar\u0131 \u015fikayetin boyutuna, anatomik yerle\u015fimine ve damarlar\u0131n geni\u015fli\u011fine ba\u011fl\u0131d\u0131r. Ba\u015f ve boyundaki do\u011fum lekelerinden, al\u0131n ve yana\u011f\u0131n kenar\u0131na yak\u0131n yerle\u015fimde olanlar tedaviye iyi yan\u0131t verirler. Y\u00fcz\u00fcn orta k\u0131sm\u0131na yak\u0131n yerle\u015fimlerde tedavi yan\u0131tlar\u0131 yava\u015ft\u0131r. Kol ve bacak yerle\u015fimli olanlardan, g\u00f6vdede olanlara g\u00f6re daha zor yan\u0131t al\u0131n\u0131r. Kol ve baca\u011f\u0131n ucuna yak\u0131n yerle\u015fen do\u011fum lekelerinde tedavi g\u00fc\u00e7 olabilir. K\u00fc\u00e7\u00fck \u00e7apl\u0131 do\u011fum lekesi b\u00fcy\u00fck olanlara g\u00f6re daha \u00e7abuk iyile\u015fir. Do\u011fum lekesinin rengi de \u00f6nemlidir. Pembe renkli do\u011fum lekesi k\u00fc\u00e7\u00fck damarlardan, mor renkli do\u011fum lekesi b\u00fcy\u00fck damarlardan olu\u015fmu\u015ftur. K\u0131rm\u0131z\u0131 renkli olanlar daha damarlar\u0131n daha y\u00fczeye yak\u0131n yerle\u015fti\u011fini g\u00f6sterir. K\u0131rm\u0131z\u0131 renkli do\u011fum lekesi tedavi yan\u0131t\u0131 en iyi oland\u0131r.<br \/><br \/><strong>Do\u011fum lekesi tedavisine ne zaman ba\u015flanmal\u0131d\u0131r?<\/strong><br \/><br \/>Do\u011fum lekesi lazer tedavilerine erken ya\u015fta ba\u015flamak seans say\u0131s\u0131n\u0131 azalt\u0131r. \u00c7\u00fcnk\u00fc cildin ince olmas\u0131 ve do\u011fum lekesi alan\u0131n\u0131n k\u00fc\u00e7\u00fck olmas\u0131 lazer tedavisinin daha etkili olmas\u0131n\u0131 sa\u011flamaktad\u0131r. Eri\u015fkinlerde de ba\u015far\u0131l\u0131 tedaviler yap\u0131labilir ancak seans say\u0131s\u0131 artabilir.<br \/><br \/><strong>Do\u011fum lekesi lazer tedavisi sonras\u0131 ne beklemeliyim?<\/strong><br \/><br \/>Pulse Dye lazer sonras\u0131 ciltte 5-15 g\u00fcn s\u00fcren ge\u00e7ici morluk ve \u00f6dem olu\u015fabilir. Di\u011fer lazer uygulamalar\u0131nda k\u0131zar\u0131kl\u0131k ve \u00f6dem olu\u015fabilir. Bu t\u00fcr yan etkiler ge\u00e7icidir. Her i\u015flemden 1-2 ay sonra lekenin rengi a\u00e7\u0131lmal\u0131d\u0131r. Leke a\u00e7\u0131lmas\u0131 durdu\u011funca lazerin cinsi de\u011fi\u015ftirilerek etkinlik artt\u0131r\u0131labilir. Deri rengi \u00e7ok koyu olanlarda lazer tedavilerinde dikkatli olunmal\u0131d\u0131r. Lazer tedavisinden sonar g\u00fcne\u015ften koruyucu kullan\u0131lmal\u0131d\u0131r.<\/p>\t\t\t\t\t\t<\/div>\n\t\t\t\t<\/div>\n\t\t\t\t\t<\/div>\n\t\t<\/div>\n\t\t\t\t\t\t\t<\/div>\n\t\t<\/section>\n\t\t\t\t\t<\/div>\n\t\t<\/div>\n\t\t\t\t\t\t\t<\/div>\n\t\t<\/section>\n\t\t\t\t<section class=\"elementor-section elementor-top-section elementor-element elementor-element-5d56cfbe ova-geometry4 elementor-section-boxed elementor-section-height-default elementor-section-height-default\" data-id=\"5d56cfbe\" data-element_type=\"section\" data-settings=\"{&quot;background_background&quot;:&quot;classic&quot;}\">\n\t\t\t\t\t\t<div class=\"elementor-container elementor-column-gap-default\">\n\t\t\t\t\t<div class=\"elementor-column elementor-col-50 elementor-top-column elementor-element elementor-element-2ee9084\" data-id=\"2ee9084\" data-element_type=\"column\">\n\t\t\t<div class=\"elementor-widget-wrap elementor-element-populated\">\n\t\t\t\t\t\t\t\t<div class=\"elementor-element elementor-element-4772b70e elementor-widget__width-auto elementor-widget elementor-widget-infetech_elementor_heading\" data-id=\"4772b70e\" data-element_type=\"widget\" data-widget_type=\"infetech_elementor_heading.default\">\n\t\t\t\t<div class=\"elementor-widget-container\">\n\t\t\t\n\t\t\t<div class=\"ova-heading\">\n\t\t\t\t\n\t\t\t\t\t\t\t\t\t<h2 class=\"sub-title\">\n\t\t\t\t\t\t<span class=\"underlined\"><\/span>\n\t\t\t\t\t\tDurmay\u0131n, hemen aray\u0131n ! Uzmanlar\u0131m\u0131z taraf\u0131ndan verilen cevaplar ile hemen randevunuzu olu\u015ftural\u0131m.\t\t\t\t\t<\/h2>\t\n\t\t\t\t\n\t\t\t\t\n\t\t\t\t\t<h3 class=\"title\">\t\t\t\t\t\t\t\t\t\t\t\t\tDaha fazla bilgiye mi \u0130htiyaniz var ?\t\t\t\t\t\t\t\t\t\t\t<\/h3>\n                \n\t\t\t<\/div>\n\n\t\t\t\t<\/div>\n\t\t\t\t<\/div>\n\t\t\t\t\t<\/div>\n\t\t<\/div>\n\t\t\t\t<div class=\"elementor-column elementor-col-50 elementor-top-column elementor-element elementor-element-6acddb7e\" data-id=\"6acddb7e\" data-element_type=\"column\">\n\t\t\t<div class=\"elementor-widget-wrap elementor-element-populated\">\n\t\t\t\t\t\t\t\t<div class=\"elementor-element elementor-element-63ca079e elementor-align-right elementor-widget elementor-widget-button\" data-id=\"63ca079e\" data-element_type=\"widget\" data-widget_type=\"button.default\">\n\t\t\t\t<div class=\"elementor-widget-container\">\n\t\t\t\t\t<div class=\"elementor-button-wrapper\">\n\t\t\t<a href=\"#elementor-action%3Aaction%3Dpopup%3Aopen%26settings%3DeyJpZCI6NjMyOCwidG9nZ2xlIjpmYWxzZX0%3D\" class=\"elementor-button-link elementor-button elementor-size-sm\" role=\"button\">\n\t\t\t\t\t\t<span class=\"elementor-button-content-wrapper\">\n\t\t\t\t\t\t<span class=\"elementor-button-text\">S\u0130Z\u0130 ARAYALIM<\/span>\n\t\t<\/span>\n\t\t\t\t\t<\/a>\n\t\t<\/div>\n\t\t\t\t<\/div>\n\t\t\t\t<\/div>\n\t\t\t\t\t<\/div>\n\t\t<\/div>\n\t\t\t\t\t\t\t<\/div>\n\t\t<\/section>\n\t\t\t\t\t\t\t<\/div>\n\t\t","protected":false},"excerpt":{"rendered":"<p>Ana Sayfa Lazer Uygulamalar\u0131 Do\u011fum Lekeleri Lazer Epilasyon Varis ve K\u0131lcal Damar Tedavisi G\u00fcne\u015f Lekeleri \u00c7il Tedavisi Ya\u015fl\u0131l\u0131k Lekeleri Do\u011fum Lekeleri Akne Lekeleri Lefko\u015fa Lazer Epilasyon Girne Lazer Epilasyon Ma\u011fusa Lazer Epilasyon Lazer Uygulamalar\u0131 Do\u011fum Lekeleri Do\u011fum lekesi nedir? Do\u011fum lekesi (\u015farap lekesi, port wine stain) yeni do\u011fanlar\u0131n %0,3 \u2019de g\u00f6r\u00fclen damarsal bir anomalidir. Do\u011fum [&hellip;]<\/p>\n","protected":false},"author":1,"featured_media":0,"parent":6577,"menu_order":0,"comment_status":"closed","ping_status":"closed","template":"elementor_header_footer","meta":{"footnotes":""},"class_list":["post-6616","page","type-page","status-publish","hentry"],"_links":{"self":[{"href":"https:\/\/nisclinic.com\/tr\/wp-json\/wp\/v2\/pages\/6616","targetHints":{"allow":["GET"]}}],"collection":[{"href":"https:\/\/nisclinic.com\/tr\/wp-json\/wp\/v2\/pages"}],"about":[{"href":"https:\/\/nisclinic.com\/tr\/wp-json\/wp\/v2\/types\/page"}],"author":[{"embeddable":true,"href":"https:\/\/nisclinic.com\/tr\/wp-json\/wp\/v2\/users\/1"}],"replies":[{"embeddable":true,"href":"https:\/\/nisclinic.com\/tr\/wp-json\/wp\/v2\/comments?post=6616"}],"version-history":[{"count":5,"href":"https:\/\/nisclinic.com\/tr\/wp-json\/wp\/v2\/pages\/6616\/revisions"}],"predecessor-version":[{"id":6621,"href":"https:\/\/nisclinic.com\/tr\/wp-json\/wp\/v2\/pages\/6616\/revisions\/6621"}],"up":[{"embeddable":true,"href":"https:\/\/nisclinic.com\/tr\/wp-json\/wp\/v2\/pages\/6577"}],"wp:attachment":[{"href":"https:\/\/nisclinic.com\/tr\/wp-json\/wp\/v2\/media?parent=6616"}],"curies":[{"name":"wp","href":"https:\/\/api.w.org\/{rel}","templated":true}]}}