{"id":6606,"date":"2022-10-04T12:00:18","date_gmt":"2022-10-04T12:00:18","guid":{"rendered":"https:\/\/siteniincele.com\/nisclinic\/laser-applications\/freckle-treatment\/"},"modified":"2022-10-10T14:03:44","modified_gmt":"2022-10-10T14:03:44","slug":"freckle-treatment","status":"publish","type":"page","link":"https:\/\/nisclinic.com\/tr\/laser-applications\/freckle-treatment\/","title":{"rendered":"\u00c7il Tedavisi"},"content":{"rendered":"\t\t<div data-elementor-type=\"wp-page\" data-elementor-id=\"6606\" class=\"elementor elementor-6606 elementor-5447\">\n\t\t\t\t\t\t\t\t\t<section class=\"elementor-section elementor-top-section elementor-element elementor-element-3341125 elementor-section-boxed elementor-section-height-default elementor-section-height-default\" data-id=\"3341125\" data-element_type=\"section\" data-settings=\"{&quot;background_background&quot;:&quot;classic&quot;}\">\n\t\t\t\t\t\t<div class=\"elementor-container elementor-column-gap-default\">\n\t\t\t\t\t<div class=\"elementor-column elementor-col-100 elementor-top-column elementor-element elementor-element-ed6efee\" data-id=\"ed6efee\" data-element_type=\"column\">\n\t\t\t<div class=\"elementor-widget-wrap elementor-element-populated\">\n\t\t\t\t\t\t\t\t<div class=\"elementor-element elementor-element-6f3b510 elementor-widget elementor-widget-text-editor\" data-id=\"6f3b510\" data-element_type=\"widget\" data-widget_type=\"text-editor.default\">\n\t\t\t\t<div class=\"elementor-widget-container\">\n\t\t\t<style>\/*! elementor - v3.8.0 - 30-10-2022 *\/\n.elementor-widget-text-editor.elementor-drop-cap-view-stacked .elementor-drop-cap{background-color:#818a91;color:#fff}.elementor-widget-text-editor.elementor-drop-cap-view-framed .elementor-drop-cap{color:#818a91;border:3px solid;background-color:transparent}.elementor-widget-text-editor:not(.elementor-drop-cap-view-default) .elementor-drop-cap{margin-top:8px}.elementor-widget-text-editor:not(.elementor-drop-cap-view-default) .elementor-drop-cap-letter{width:1em;height:1em}.elementor-widget-text-editor .elementor-drop-cap{float:left;text-align:center;line-height:1;font-size:50px}.elementor-widget-text-editor .elementor-drop-cap-letter{display:inline-block}<\/style>\t\t\t\tAna Sayfa <i class=\"fa fa-chevron-right\"><\/i> <a href=\"https:\/\/nisclinic.com\/tr\/laser-applications\/\">Lazer Uygulamalar\u0131<\/a> <i class=\"fa fa-chevron-right\"><\/i> <a href=\"https:\/\/nisclinic.com\/tr\/laser-applications\/freckle-treatment\/\">\u00c7il Tedavisi<\/a>\t\t\t\t\t\t<\/div>\n\t\t\t\t<\/div>\n\t\t\t\t\t<\/div>\n\t\t<\/div>\n\t\t\t\t\t\t\t<\/div>\n\t\t<\/section>\n\t\t\t\t<section class=\"elementor-section elementor-top-section elementor-element elementor-element-2e05cfe elementor-reverse-tablet elementor-reverse-mobile elementor-section-boxed elementor-section-height-default elementor-section-height-default\" data-id=\"2e05cfe\" data-element_type=\"section\">\n\t\t\t\t\t\t<div class=\"elementor-container elementor-column-gap-extended\">\n\t\t\t\t\t<div class=\"elementor-column elementor-col-50 elementor-top-column elementor-element elementor-element-8c53be7 animated-fast elementor-invisible\" data-id=\"8c53be7\" data-element_type=\"column\" data-settings=\"{&quot;animation&quot;:&quot;ova-move-up&quot;,&quot;animation_tablet&quot;:&quot;none&quot;,&quot;animation_delay&quot;:100}\">\n\t\t\t<div class=\"elementor-widget-wrap elementor-element-populated\">\n\t\t\t\t\t\t\t\t<section class=\"elementor-section elementor-inner-section elementor-element elementor-element-05e6b86 elementor-section-boxed elementor-section-height-default elementor-section-height-default\" data-id=\"05e6b86\" data-element_type=\"section\">\n\t\t\t\t\t\t<div class=\"elementor-container elementor-column-gap-default\">\n\t\t\t\t\t<div class=\"elementor-column elementor-col-100 elementor-inner-column elementor-element elementor-element-9335a88\" data-id=\"9335a88\" data-element_type=\"column\">\n\t\t\t<div class=\"elementor-widget-wrap elementor-element-populated\">\n\t\t\t\t\t\t\t\t<div class=\"elementor-element elementor-element-247dbd7 elementor-icon-list--layout-traditional elementor-list-item-link-full_width elementor-widget elementor-widget-global elementor-global-6590 elementor-widget-icon-list\" data-id=\"247dbd7\" data-element_type=\"widget\" id=\"sideitems\" data-widget_type=\"icon-list.default\">\n\t\t\t\t<div class=\"elementor-widget-container\">\n\t\t\t<link rel=\"stylesheet\" href=\"https:\/\/nisclinic.com\/wp-content\/plugins\/elementor\/assets\/css\/widget-icon-list.min.css\">\t\t<ul class=\"elementor-icon-list-items\">\n\t\t\t\t\t\t\t<li class=\"elementor-icon-list-item\">\n\t\t\t\t\t\t\t\t\t\t\t<a href=\"http:\/\/nisclinic.comtr\/laser-applications\/laser-hair-removal\/\">\n\n\t\t\t\t\t\t\t\t\t\t\t<span class=\"elementor-icon-list-text\">Lazer Epilasyon<\/span>\n\t\t\t\t\t\t\t\t\t\t\t<\/a>\n\t\t\t\t\t\t\t\t\t<\/li>\n\t\t\t\t\t\t\t\t<li class=\"elementor-icon-list-item\">\n\t\t\t\t\t\t\t\t\t\t\t<a href=\"https:\/\/nisclinic.com\/tr\/laser-applications\/varicose-and-capillary-treatment\/\">\n\n\t\t\t\t\t\t\t\t\t\t\t<span class=\"elementor-icon-list-text\">Varis ve K\u0131lcal Damar Tedavisi<\/span>\n\t\t\t\t\t\t\t\t\t\t\t<\/a>\n\t\t\t\t\t\t\t\t\t<\/li>\n\t\t\t\t\t\t\t\t<li class=\"elementor-icon-list-item\">\n\t\t\t\t\t\t\t\t\t\t\t<a href=\"https:\/\/nisclinic.com\/tr\/laser-applications\/sunspots\/\">\n\n\t\t\t\t\t\t\t\t\t\t\t<span class=\"elementor-icon-list-text\">G\u00fcne\u015f Lekeleri<\/span>\n\t\t\t\t\t\t\t\t\t\t\t<\/a>\n\t\t\t\t\t\t\t\t\t<\/li>\n\t\t\t\t\t\t\t\t<li class=\"elementor-icon-list-item\">\n\t\t\t\t\t\t\t\t\t\t\t<a href=\"https:\/\/nisclinic.com\/tr\/laser-applications\/freckle-treatment\/\">\n\n\t\t\t\t\t\t\t\t\t\t\t<span class=\"elementor-icon-list-text\">\u00c7il Tedavisi<\/span>\n\t\t\t\t\t\t\t\t\t\t\t<\/a>\n\t\t\t\t\t\t\t\t\t<\/li>\n\t\t\t\t\t\t\t\t<li class=\"elementor-icon-list-item\">\n\t\t\t\t\t\t\t\t\t\t\t<a href=\"https:\/\/nisclinic.com\/tr\/laser-applications\/age-spots\/\">\n\n\t\t\t\t\t\t\t\t\t\t\t<span class=\"elementor-icon-list-text\">Ya\u015fl\u0131l\u0131k Lekeleri<\/span>\n\t\t\t\t\t\t\t\t\t\t\t<\/a>\n\t\t\t\t\t\t\t\t\t<\/li>\n\t\t\t\t\t\t\t\t<li class=\"elementor-icon-list-item\">\n\t\t\t\t\t\t\t\t\t\t\t<a href=\"https:\/\/nisclinic.com\/tr\/laser-applications\/birthmarks\/\">\n\n\t\t\t\t\t\t\t\t\t\t\t<span class=\"elementor-icon-list-text\">Do\u011fum Lekeleri<\/span>\n\t\t\t\t\t\t\t\t\t\t\t<\/a>\n\t\t\t\t\t\t\t\t\t<\/li>\n\t\t\t\t\t\t\t\t<li class=\"elementor-icon-list-item\">\n\t\t\t\t\t\t\t\t\t\t\t<a href=\"https:\/\/nisclinic.com\/tr\/laser-applications\/acne-spots\/\">\n\n\t\t\t\t\t\t\t\t\t\t\t<span class=\"elementor-icon-list-text\">Akne Lekeleri<\/span>\n\t\t\t\t\t\t\t\t\t\t\t<\/a>\n\t\t\t\t\t\t\t\t\t<\/li>\n\t\t\t\t\t\t\t\t<li class=\"elementor-icon-list-item\">\n\t\t\t\t\t\t\t\t\t\t\t<a href=\"https:\/\/nisclinic.com\/tr\/laser-applications\/nicosia-laser-hair-removal\/\">\n\n\t\t\t\t\t\t\t\t\t\t\t<span class=\"elementor-icon-list-text\">Lefko\u015fa Lazer Epilasyon<\/span>\n\t\t\t\t\t\t\t\t\t\t\t<\/a>\n\t\t\t\t\t\t\t\t\t<\/li>\n\t\t\t\t\t\t\t\t<li class=\"elementor-icon-list-item\">\n\t\t\t\t\t\t\t\t\t\t\t<a href=\"http:\/\/nisclinic.com\/laser-applications\/kyrenia-laser-hair-removal\/\">\n\n\t\t\t\t\t\t\t\t\t\t\t<span class=\"elementor-icon-list-text\">Girne Lazer Epilasyon<\/span>\n\t\t\t\t\t\t\t\t\t\t\t<\/a>\n\t\t\t\t\t\t\t\t\t<\/li>\n\t\t\t\t\t\t\t\t<li class=\"elementor-icon-list-item\">\n\t\t\t\t\t\t\t\t\t\t\t<a href=\"https:\/\/nisclinic.com\/tr\/laser-applications\/famagusta-laser-hair-removal\/\">\n\n\t\t\t\t\t\t\t\t\t\t\t<span class=\"elementor-icon-list-text\">Ma\u011fusa Lazer Epilasyon<\/span>\n\t\t\t\t\t\t\t\t\t\t\t<\/a>\n\t\t\t\t\t\t\t\t\t<\/li>\n\t\t\t\t\t\t<\/ul>\n\t\t\t\t<\/div>\n\t\t\t\t<\/div>\n\t\t\t\t\t<\/div>\n\t\t<\/div>\n\t\t\t\t\t\t\t<\/div>\n\t\t<\/section>\n\t\t\t\t\t<\/div>\n\t\t<\/div>\n\t\t\t\t<div class=\"elementor-column elementor-col-50 elementor-top-column elementor-element elementor-element-82423ff animated-fast elementor-invisible\" data-id=\"82423ff\" data-element_type=\"column\" data-settings=\"{&quot;animation&quot;:&quot;ova-move-up&quot;,&quot;animation_tablet&quot;:&quot;none&quot;,&quot;animation_delay&quot;:100}\">\n\t\t\t<div class=\"elementor-widget-wrap elementor-element-populated\">\n\t\t\t\t\t\t\t\t<section class=\"elementor-section elementor-inner-section elementor-element elementor-element-7edfc01 elementor-section-boxed elementor-section-height-default elementor-section-height-default\" data-id=\"7edfc01\" data-element_type=\"section\">\n\t\t\t\t\t\t<div class=\"elementor-container elementor-column-gap-default\">\n\t\t\t\t\t<div class=\"elementor-column elementor-col-100 elementor-inner-column elementor-element elementor-element-7dadf70\" data-id=\"7dadf70\" data-element_type=\"column\">\n\t\t\t<div class=\"elementor-widget-wrap elementor-element-populated\">\n\t\t\t\t\t\t\t\t<div class=\"elementor-element elementor-element-1f40163 elementor-widget elementor-widget-infetech_elementor_heading\" data-id=\"1f40163\" data-element_type=\"widget\" data-widget_type=\"infetech_elementor_heading.default\">\n\t\t\t\t<div class=\"elementor-widget-container\">\n\t\t\t\n\t\t\t<div class=\"ova-heading\">\n\t\t\t\t\n\t\t\t\t\t\t\t\t\t<h2 class=\"sub-title\">\n\t\t\t\t\t\t<span class=\"underlined\"><\/span>\n\t\t\t\t\t\tLazer Uygulamalar\u0131\t\t\t\t\t<\/h2>\t\n\t\t\t\t\n\t\t\t\t\n\t\t\t\t\t<h3 class=\"title\">\t\t\t\t\t\t\t\t\t\t\t\t\t\u00c7il Tedavisi\t\t\t\t\t\t\t\t\t\t\t<\/h3>\n                \n\t\t\t<\/div>\n\n\t\t\t\t<\/div>\n\t\t\t\t<\/div>\n\t\t\t\t<div class=\"elementor-element elementor-element-02d72c9 elementor-widget elementor-widget-image\" data-id=\"02d72c9\" data-element_type=\"widget\" data-widget_type=\"image.default\">\n\t\t\t\t<div class=\"elementor-widget-container\">\n\t\t\t<style>\/*! elementor - v3.8.0 - 30-10-2022 *\/\n.elementor-widget-image{text-align:center}.elementor-widget-image a{display:inline-block}.elementor-widget-image a img[src$=\".svg\"]{width:48px}.elementor-widget-image img{vertical-align:middle;display:inline-block}<\/style>\t\t\t\t\t\t\t\t\t\t\t\t<img loading=\"lazy\" decoding=\"async\" width=\"1568\" height=\"600\" src=\"https:\/\/nisclinic.com\/wp-content\/uploads\/2022\/10\/freckels.jpg\" class=\"attachment-full size-full\" alt=\"\" srcset=\"https:\/\/nisclinic.com\/wp-content\/uploads\/2022\/10\/freckels.jpg 1568w, https:\/\/nisclinic.com\/wp-content\/uploads\/2022\/10\/freckels-300x115.jpg 300w, https:\/\/nisclinic.com\/wp-content\/uploads\/2022\/10\/freckels-1024x392.jpg 1024w, https:\/\/nisclinic.com\/wp-content\/uploads\/2022\/10\/freckels-768x294.jpg 768w, https:\/\/nisclinic.com\/wp-content\/uploads\/2022\/10\/freckels-1536x588.jpg 1536w\" sizes=\"auto, (max-width: 1568px) 100vw, 1568px\" \/>\t\t\t\t\t\t\t\t\t\t\t\t\t\t\t<\/div>\n\t\t\t\t<\/div>\n\t\t\t\t<div class=\"elementor-element elementor-element-6d3fbb8 elementor-widget elementor-widget-text-editor\" data-id=\"6d3fbb8\" data-element_type=\"widget\" data-widget_type=\"text-editor.default\">\n\t\t\t\t<div class=\"elementor-widget-container\">\n\t\t\t\t\t\t\t<p>Lazerle \u00c7illerin Yok Etme: \u00c7iller g\u00fcne\u015fin neden oldu\u011fu deri i\u00e7inde olu\u015fmu\u015f lekelerdir. Derimizde renk \u00fcreten h\u00fccreler bulunmaktad\u0131r. Bu h\u00fccrelere melanosit ad\u0131 verilir. Melanositler melanin olarak isimlendirilen bir boya maddesi salg\u0131larlar ve bu maddeyi derinin \u00fcst tabakas\u0131nda bulunan h\u00fccreler depolarlar. Melanin g\u00fcn \u0131\u015f\u0131\u011f\u0131n\u0131 emerek derimizi ve deri alt\u0131 dokular\u0131 g\u00fcne\u015fin olumsuz etkilerinden korurlar. Melanositler a\u015f\u0131r\u0131 g\u00fcne\u015fe maruz kald\u0131klar\u0131 takdirde melanin pigmentini a\u015f\u0131r\u0131 salg\u0131layarak \u00e7il olarak bildi\u011fimiz k\u00fcmelenmi\u015f lekelenmelere neden olurlar. Yani \u00e7illenme derinin g\u00fcne\u015fle a\u015f\u0131r\u0131 hasarlanmas\u0131 sonucu olu\u015fur. \u00c7iller normalin \u00fczerinde melanin pigmentinin k\u00fcmelenmesi anlam\u0131na gelir ve derinin epidermis olarak isimlendirilen \u00fcst katman\u0131nda yer al\u0131r.<br \/><br \/>G\u00fcne\u015flenme \u00e7illenmeyi artt\u0131r\u0131r. Bunun yan\u0131nda denizciler, in\u015faat i\u015f\u00e7ileri, \u00e7ift\u00e7iler gibi a\u00e7\u0131k havada \u00e7al\u0131\u015fan ki\u015filerde \u00e7illenme daha yo\u011fun g\u00f6r\u00fcl\u00fcr. Solaryum gibi yapay \u0131\u015f\u0131k kaynaklar\u0131 da \u00e7illenme sorununu artt\u0131r\u0131r.<br \/><br \/>K\u0131\u015f aylar\u0131nda g\u00fcne\u015fle temas\u0131n azalmas\u0131 nedeniyle epidermisteki a\u015f\u0131r\u0131 birikmi\u015f melanin pigmenti y\u00fczeysel soyulma ile azal\u0131r veya g\u00f6r\u00fcnmez olur. Ancak bir sonraki bahar yaz aylar\u0131nda g\u00fcne\u015fle temas artt\u0131\u011f\u0131nda \u00e7iller tekrar belirir.<br \/><br \/><strong>\u00c7iller Kansere D\u00f6ner Mi?<\/strong><br \/><br \/>\u00c7iller kanserli bir doku de\u011fildir ve kansere d\u00f6n\u00fc\u015fmezler. Ancak derideki her t\u00fcrl\u00fc lekede oldu\u011fu gibi bir Dermatoloji uzman\u0131 taraf\u0131ndan de\u011ferlendirilmelidirler.<br \/><br \/><strong>\u00c7illerin Silinmesi Yok Edilmesi<\/strong><br \/><br \/>\u00c7illeri lazerle yok edebilir! \u00d6ncelikle lekelerin dermatoloji Uz.Dr. \u015eerafettin Sara\u00e7o\u011flu taraf\u0131ndan de\u011ferlendirilmesi gerekir. Var olan lekelerin \u00e7il olup olmad\u0131\u011f\u0131, kanserojen \u00f6zelli\u011fi olup olmad\u0131\u011f\u0131 y\u00f6n\u00fcnde de\u011ferlendirilmesi gerekir. \u00c7il oldu\u011funa karar verilirse lazer tedavisi ile \u00e7iller yok edilebilir.<br \/><br \/>\u00c7iller derinin \u00fcst katman\u0131nda yer almalar\u0131 ve \u00e7ili olu\u015fturan melaninin laser \u0131\u015f\u0131\u011f\u0131n\u0131 iyi emen bir madde olmas\u0131 nedeniyle lazerle yok edilme oran\u0131 en y\u00fcksek deri lekeleridir.<br \/><br \/><strong>\u00c7il Tedavisinde Ne T\u00fcr Lazerler Kullan\u0131l\u0131r?<\/strong><br \/><br \/>Q-switched 532 nm KTP veya 694 nm Ruby lazerler \u00e7il tedavisi i\u00e7in en uygun lazer t\u00fcrleridir. Ye\u015fil \u0131\u015f\u0131k veren Q-anahtarl\u0131 KTP lazer melanin se\u00e7icili\u011fi y\u00fcksek ve deri alt dokular\u0131na en az inen ve bu sayede derinin derin dokular\u0131n\u0131 etkilemeyen bir lazer t\u00fcr\u00fc olmas\u0131 nedeniyle en \u00e7ok tercih edilen dalga boyudur.<br \/><br \/><strong>Lazerle \u00c7illerin Yok Edilmesi Can Yakar M\u0131?<\/strong><br \/><br \/>\u00c7ok az sivri sinek \u0131s\u0131r\u0131\u011f\u0131 kadar bir ac\u0131 hissedersiniz. Bu nedenle i\u015flem \u00f6ncesi tedavi alan\u0131 anestezik kremle uyu\u015fturulur. \u0130\u015flem s\u0131ras\u0131nda so\u011fuk hava ak\u0131m\u0131 kullan\u0131larak tedavi alan\u0131 serinletilir. \u0130\u015flem sonras\u0131nda yakla\u015f\u0131k yar\u0131m saat devam eden i\u011fnelenme hissi olabilir. Bu hissi azaltmak i\u00e7in so\u011fuk kompres veya so\u011fuk maske uygulamalar\u0131 yap\u0131lmas\u0131 uygundur.<br \/><br \/><strong>Tedavinin Yan Etkileri Nelerdir?<\/strong><br \/><br \/>Lazerle \u00e7il tedavisi sonras\u0131 tedavi alan\u0131nda kabar\u0131kl\u0131k ve k\u0131zar\u0131kl\u0131k olu\u015fur. Kabar\u0131kl\u0131k bir ka\u00e7 saatte kaybolur. K\u0131zar\u0131kl\u0131k ise morumsu bir renge d\u00f6ner ve 7-10 g\u00fcn i\u00e7inde soyularak yok olur. Kabu\u011fun kalkmas\u0131 sonras\u0131nda deri rengi genelde pembe ve incedir. Bu nedenle korunmal\u0131d\u0131r. Nemlendirici kremler ve g\u00fcne\u015f koruyucu kullan\u0131m\u0131 bu s\u00fcre\u00e7te \u00f6nemlidir. Pembe deri ki\u015fiden ki\u015fiye de\u011fi\u015fmekle birlikte 1-3 haftada solar.<\/p>\t\t\t\t\t\t<\/div>\n\t\t\t\t<\/div>\n\t\t\t\t\t<\/div>\n\t\t<\/div>\n\t\t\t\t\t\t\t<\/div>\n\t\t<\/section>\n\t\t\t\t\t<\/div>\n\t\t<\/div>\n\t\t\t\t\t\t\t<\/div>\n\t\t<\/section>\n\t\t\t\t<section class=\"elementor-section elementor-top-section elementor-element elementor-element-68ec4273 ova-geometry4 elementor-section-boxed elementor-section-height-default elementor-section-height-default\" data-id=\"68ec4273\" data-element_type=\"section\" data-settings=\"{&quot;background_background&quot;:&quot;classic&quot;}\">\n\t\t\t\t\t\t<div class=\"elementor-container elementor-column-gap-default\">\n\t\t\t\t\t<div class=\"elementor-column elementor-col-50 elementor-top-column elementor-element elementor-element-2ab895e\" data-id=\"2ab895e\" data-element_type=\"column\">\n\t\t\t<div class=\"elementor-widget-wrap elementor-element-populated\">\n\t\t\t\t\t\t\t\t<div class=\"elementor-element elementor-element-606b82a elementor-widget__width-auto elementor-widget elementor-widget-infetech_elementor_heading\" data-id=\"606b82a\" data-element_type=\"widget\" data-widget_type=\"infetech_elementor_heading.default\">\n\t\t\t\t<div class=\"elementor-widget-container\">\n\t\t\t\n\t\t\t<div class=\"ova-heading\">\n\t\t\t\t\n\t\t\t\t\t\t\t\t\t<h2 class=\"sub-title\">\n\t\t\t\t\t\t<span class=\"underlined\"><\/span>\n\t\t\t\t\t\tDurmay\u0131n, hemen aray\u0131n ! Uzmanlar\u0131m\u0131z taraf\u0131ndan verilen cevaplar ile hemen randevunuzu olu\u015ftural\u0131m.\t\t\t\t\t<\/h2>\t\n\t\t\t\t\n\t\t\t\t\n\t\t\t\t\t<h3 class=\"title\">\t\t\t\t\t\t\t\t\t\t\t\t\tDaha fazla bilgiye mi \u0130htiyaniz var ?\t\t\t\t\t\t\t\t\t\t\t<\/h3>\n                \n\t\t\t<\/div>\n\n\t\t\t\t<\/div>\n\t\t\t\t<\/div>\n\t\t\t\t\t<\/div>\n\t\t<\/div>\n\t\t\t\t<div class=\"elementor-column elementor-col-50 elementor-top-column elementor-element elementor-element-4aeee035\" data-id=\"4aeee035\" data-element_type=\"column\">\n\t\t\t<div class=\"elementor-widget-wrap elementor-element-populated\">\n\t\t\t\t\t\t\t\t<div class=\"elementor-element elementor-element-957c49d elementor-align-right elementor-widget elementor-widget-button\" data-id=\"957c49d\" data-element_type=\"widget\" data-widget_type=\"button.default\">\n\t\t\t\t<div class=\"elementor-widget-container\">\n\t\t\t\t\t<div class=\"elementor-button-wrapper\">\n\t\t\t<a href=\"#elementor-action%3Aaction%3Dpopup%3Aopen%26settings%3DeyJpZCI6NjMyOCwidG9nZ2xlIjpmYWxzZX0%3D\" class=\"elementor-button-link elementor-button elementor-size-sm\" role=\"button\">\n\t\t\t\t\t\t<span class=\"elementor-button-content-wrapper\">\n\t\t\t\t\t\t<span class=\"elementor-button-text\">S\u0130Z\u0130 ARAYALIM<\/span>\n\t\t<\/span>\n\t\t\t\t\t<\/a>\n\t\t<\/div>\n\t\t\t\t<\/div>\n\t\t\t\t<\/div>\n\t\t\t\t\t<\/div>\n\t\t<\/div>\n\t\t\t\t\t\t\t<\/div>\n\t\t<\/section>\n\t\t\t\t\t\t\t<\/div>\n\t\t","protected":false},"excerpt":{"rendered":"<p>Ana Sayfa Lazer Uygulamalar\u0131 \u00c7il Tedavisi Lazer Epilasyon Varis ve K\u0131lcal Damar Tedavisi G\u00fcne\u015f Lekeleri \u00c7il Tedavisi Ya\u015fl\u0131l\u0131k Lekeleri Do\u011fum Lekeleri Akne Lekeleri Lefko\u015fa Lazer Epilasyon Girne Lazer Epilasyon Ma\u011fusa Lazer Epilasyon Lazer Uygulamalar\u0131 \u00c7il Tedavisi Lazerle \u00c7illerin Yok Etme: \u00c7iller g\u00fcne\u015fin neden oldu\u011fu deri i\u00e7inde olu\u015fmu\u015f lekelerdir. Derimizde renk \u00fcreten h\u00fccreler bulunmaktad\u0131r. Bu h\u00fccrelere [&hellip;]<\/p>\n","protected":false},"author":1,"featured_media":0,"parent":6577,"menu_order":0,"comment_status":"closed","ping_status":"closed","template":"elementor_header_footer","meta":{"footnotes":""},"class_list":["post-6606","page","type-page","status-publish","hentry"],"_links":{"self":[{"href":"https:\/\/nisclinic.com\/tr\/wp-json\/wp\/v2\/pages\/6606","targetHints":{"allow":["GET"]}}],"collection":[{"href":"https:\/\/nisclinic.com\/tr\/wp-json\/wp\/v2\/pages"}],"about":[{"href":"https:\/\/nisclinic.com\/tr\/wp-json\/wp\/v2\/types\/page"}],"author":[{"embeddable":true,"href":"https:\/\/nisclinic.com\/tr\/wp-json\/wp\/v2\/users\/1"}],"replies":[{"embeddable":true,"href":"https:\/\/nisclinic.com\/tr\/wp-json\/wp\/v2\/comments?post=6606"}],"version-history":[{"count":4,"href":"https:\/\/nisclinic.com\/tr\/wp-json\/wp\/v2\/pages\/6606\/revisions"}],"predecessor-version":[{"id":6610,"href":"https:\/\/nisclinic.com\/tr\/wp-json\/wp\/v2\/pages\/6606\/revisions\/6610"}],"up":[{"embeddable":true,"href":"https:\/\/nisclinic.com\/tr\/wp-json\/wp\/v2\/pages\/6577"}],"wp:attachment":[{"href":"https:\/\/nisclinic.com\/tr\/wp-json\/wp\/v2\/media?parent=6606"}],"curies":[{"name":"wp","href":"https:\/\/api.w.org\/{rel}","templated":true}]}}