{"id":6526,"date":"2022-10-05T09:47:06","date_gmt":"2022-10-05T09:47:06","guid":{"rendered":"https:\/\/siteniincele.com\/nisclinic\/other-applications\/varicose-veins-treatment\/"},"modified":"2022-10-10T13:38:22","modified_gmt":"2022-10-10T13:38:22","slug":"varicose-veins-treatment","status":"publish","type":"page","link":"https:\/\/nisclinic.com\/tr\/other-applications\/varicose-veins-treatment\/","title":{"rendered":"Varis Tedavisi"},"content":{"rendered":"\t\t<div data-elementor-type=\"wp-page\" data-elementor-id=\"6526\" class=\"elementor elementor-6526 elementor-5635\">\n\t\t\t\t\t\t\t\t\t<section class=\"elementor-section elementor-top-section elementor-element elementor-element-3341125 elementor-section-boxed elementor-section-height-default elementor-section-height-default\" data-id=\"3341125\" data-element_type=\"section\" data-settings=\"{&quot;background_background&quot;:&quot;classic&quot;}\">\n\t\t\t\t\t\t<div class=\"elementor-container elementor-column-gap-default\">\n\t\t\t\t\t<div class=\"elementor-column elementor-col-100 elementor-top-column elementor-element elementor-element-ed6efee\" data-id=\"ed6efee\" data-element_type=\"column\">\n\t\t\t<div class=\"elementor-widget-wrap elementor-element-populated\">\n\t\t\t\t\t\t\t\t<div class=\"elementor-element elementor-element-6f3b510 elementor-widget elementor-widget-text-editor\" data-id=\"6f3b510\" data-element_type=\"widget\" data-widget_type=\"text-editor.default\">\n\t\t\t\t<div class=\"elementor-widget-container\">\n\t\t\t<style>\/*! elementor - v3.8.0 - 30-10-2022 *\/\n.elementor-widget-text-editor.elementor-drop-cap-view-stacked .elementor-drop-cap{background-color:#818a91;color:#fff}.elementor-widget-text-editor.elementor-drop-cap-view-framed .elementor-drop-cap{color:#818a91;border:3px solid;background-color:transparent}.elementor-widget-text-editor:not(.elementor-drop-cap-view-default) .elementor-drop-cap{margin-top:8px}.elementor-widget-text-editor:not(.elementor-drop-cap-view-default) .elementor-drop-cap-letter{width:1em;height:1em}.elementor-widget-text-editor .elementor-drop-cap{float:left;text-align:center;line-height:1;font-size:50px}.elementor-widget-text-editor .elementor-drop-cap-letter{display:inline-block}<\/style>\t\t\t\tAna Sayfa <i class=\"fa fa-chevron-right\"><\/i> <a href=\"https:\/\/nisclinic.com\/tr\/other-applications\/\">Di\u011fer Uygulamalar<\/a> <i class=\"fa fa-chevron-right\"><\/i> <a href=\"https:\/\/nisclinic.com\/tr\/other-applications\/aesthetic-treatment\/\">Varis Tedavisi<\/a>\t\t\t\t\t\t<\/div>\n\t\t\t\t<\/div>\n\t\t\t\t\t<\/div>\n\t\t<\/div>\n\t\t\t\t\t\t\t<\/div>\n\t\t<\/section>\n\t\t\t\t<section class=\"elementor-section elementor-top-section elementor-element elementor-element-2e05cfe elementor-reverse-tablet elementor-reverse-mobile elementor-section-boxed elementor-section-height-default elementor-section-height-default\" data-id=\"2e05cfe\" data-element_type=\"section\">\n\t\t\t\t\t\t<div class=\"elementor-container elementor-column-gap-extended\">\n\t\t\t\t\t<div class=\"elementor-column elementor-col-50 elementor-top-column elementor-element elementor-element-8c53be7 animated-fast elementor-invisible\" data-id=\"8c53be7\" data-element_type=\"column\" data-settings=\"{&quot;animation&quot;:&quot;ova-move-up&quot;,&quot;animation_tablet&quot;:&quot;none&quot;,&quot;animation_delay&quot;:100}\">\n\t\t\t<div class=\"elementor-widget-wrap elementor-element-populated\">\n\t\t\t\t\t\t\t\t<section class=\"elementor-section elementor-inner-section elementor-element elementor-element-05e6b86 elementor-section-boxed elementor-section-height-default elementor-section-height-default\" data-id=\"05e6b86\" data-element_type=\"section\">\n\t\t\t\t\t\t<div class=\"elementor-container elementor-column-gap-default\">\n\t\t\t\t\t<div class=\"elementor-column elementor-col-100 elementor-inner-column elementor-element elementor-element-9335a88\" data-id=\"9335a88\" data-element_type=\"column\">\n\t\t\t<div class=\"elementor-widget-wrap elementor-element-populated\">\n\t\t\t\t\t\t\t\t<div class=\"elementor-element elementor-element-721b2b5 elementor-icon-list--layout-traditional elementor-list-item-link-full_width elementor-widget elementor-widget-global elementor-global-6515 elementor-widget-icon-list\" data-id=\"721b2b5\" data-element_type=\"widget\" id=\"sideitems\" data-widget_type=\"icon-list.default\">\n\t\t\t\t<div class=\"elementor-widget-container\">\n\t\t\t<link rel=\"stylesheet\" href=\"https:\/\/nisclinic.com\/wp-content\/plugins\/elementor\/assets\/css\/widget-icon-list.min.css\">\t\t<ul class=\"elementor-icon-list-items\">\n\t\t\t\t\t\t\t<li class=\"elementor-icon-list-item\">\n\t\t\t\t\t\t\t\t\t\t\t<a href=\"https:\/\/nisclinic.com\/tr\/other-applications\/bridal-treatments\/\">\n\n\t\t\t\t\t\t\t\t\t\t\t<span class=\"elementor-icon-list-text\">Gelin Bak\u0131mlar\u0131<\/span>\n\t\t\t\t\t\t\t\t\t\t\t<\/a>\n\t\t\t\t\t\t\t\t\t<\/li>\n\t\t\t\t\t\t\t\t<li class=\"elementor-icon-list-item\">\n\t\t\t\t\t\t\t\t\t\t\t<a href=\"https:\/\/nisclinic.com\/tr\/other-applications\/aesthetic-treatment\/\">\n\n\t\t\t\t\t\t\t\t\t\t\t<span class=\"elementor-icon-list-text\">Estetik Tedavisi<\/span>\n\t\t\t\t\t\t\t\t\t\t\t<\/a>\n\t\t\t\t\t\t\t\t\t<\/li>\n\t\t\t\t\t\t\t\t<li class=\"elementor-icon-list-item\">\n\t\t\t\t\t\t\t\t\t\t\t<a href=\"https:\/\/nisclinic.com\/tr\/other-applications\/varicose-veins-treatment\/\">\n\n\t\t\t\t\t\t\t\t\t\t\t<span class=\"elementor-icon-list-text\">Varis Tedavisi<\/span>\n\t\t\t\t\t\t\t\t\t\t\t<\/a>\n\t\t\t\t\t\t\t\t\t<\/li>\n\t\t\t\t\t\t<\/ul>\n\t\t\t\t<\/div>\n\t\t\t\t<\/div>\n\t\t\t\t\t<\/div>\n\t\t<\/div>\n\t\t\t\t\t\t\t<\/div>\n\t\t<\/section>\n\t\t\t\t\t<\/div>\n\t\t<\/div>\n\t\t\t\t<div class=\"elementor-column elementor-col-50 elementor-top-column elementor-element elementor-element-82423ff animated-fast elementor-invisible\" data-id=\"82423ff\" data-element_type=\"column\" data-settings=\"{&quot;animation&quot;:&quot;ova-move-up&quot;,&quot;animation_tablet&quot;:&quot;none&quot;,&quot;animation_delay&quot;:100}\">\n\t\t\t<div class=\"elementor-widget-wrap elementor-element-populated\">\n\t\t\t\t\t\t\t\t<section class=\"elementor-section elementor-inner-section elementor-element elementor-element-7edfc01 elementor-section-boxed elementor-section-height-default elementor-section-height-default\" data-id=\"7edfc01\" data-element_type=\"section\">\n\t\t\t\t\t\t<div class=\"elementor-container elementor-column-gap-default\">\n\t\t\t\t\t<div class=\"elementor-column elementor-col-100 elementor-inner-column elementor-element elementor-element-7dadf70\" data-id=\"7dadf70\" data-element_type=\"column\">\n\t\t\t<div class=\"elementor-widget-wrap elementor-element-populated\">\n\t\t\t\t\t\t\t\t<div class=\"elementor-element elementor-element-1f40163 elementor-widget elementor-widget-infetech_elementor_heading\" data-id=\"1f40163\" data-element_type=\"widget\" data-widget_type=\"infetech_elementor_heading.default\">\n\t\t\t\t<div class=\"elementor-widget-container\">\n\t\t\t\n\t\t\t<div class=\"ova-heading\">\n\t\t\t\t\n\t\t\t\t\t\t\t\t\t<h2 class=\"sub-title\">\n\t\t\t\t\t\t<span class=\"underlined\"><\/span>\n\t\t\t\t\t\tDi\u011fer Uygulamalar\t\t\t\t\t<\/h2>\t\n\t\t\t\t\n\t\t\t\t\n\t\t\t\t\t<h3 class=\"title\">\t\t\t\t\t\t\t\t\t\t\t\t\tVaris Tedavisi\t\t\t\t\t\t\t\t\t\t\t<\/h3>\n                \n\t\t\t<\/div>\n\n\t\t\t\t<\/div>\n\t\t\t\t<\/div>\n\t\t\t\t<div class=\"elementor-element elementor-element-02d72c9 elementor-widget elementor-widget-image\" data-id=\"02d72c9\" data-element_type=\"widget\" data-widget_type=\"image.default\">\n\t\t\t\t<div class=\"elementor-widget-container\">\n\t\t\t<style>\/*! elementor - v3.8.0 - 30-10-2022 *\/\n.elementor-widget-image{text-align:center}.elementor-widget-image a{display:inline-block}.elementor-widget-image a img[src$=\".svg\"]{width:48px}.elementor-widget-image img{vertical-align:middle;display:inline-block}<\/style>\t\t\t\t\t\t\t\t\t\t\t\t<img loading=\"lazy\" decoding=\"async\" width=\"1568\" height=\"600\" src=\"https:\/\/nisclinic.com\/wp-content\/uploads\/2022\/10\/variscose-vain-treatment.jpg\" class=\"attachment-full size-full\" alt=\"\" srcset=\"https:\/\/nisclinic.com\/wp-content\/uploads\/2022\/10\/variscose-vain-treatment.jpg 1568w, https:\/\/nisclinic.com\/wp-content\/uploads\/2022\/10\/variscose-vain-treatment-300x115.jpg 300w, https:\/\/nisclinic.com\/wp-content\/uploads\/2022\/10\/variscose-vain-treatment-1024x392.jpg 1024w, https:\/\/nisclinic.com\/wp-content\/uploads\/2022\/10\/variscose-vain-treatment-768x294.jpg 768w, https:\/\/nisclinic.com\/wp-content\/uploads\/2022\/10\/variscose-vain-treatment-1536x588.jpg 1536w\" sizes=\"auto, (max-width: 1568px) 100vw, 1568px\" \/>\t\t\t\t\t\t\t\t\t\t\t\t\t\t\t<\/div>\n\t\t\t\t<\/div>\n\t\t\t\t<div class=\"elementor-element elementor-element-6d3fbb8 elementor-widget elementor-widget-text-editor\" data-id=\"6d3fbb8\" data-element_type=\"widget\" data-widget_type=\"text-editor.default\">\n\t\t\t\t<div class=\"elementor-widget-container\">\n\t\t\t\t\t\t\t<p><strong>Varis Nedir?<\/strong><br \/><br \/>Toplardamarlar\u0131n geni\u015flemesine ve \u015fi\u015fmesine varis denir. Genellikle, v\u00fccudun en fazla bas\u0131n\u00e7 alt\u0131nda kalan b\u00f6lgesi olan bacaklar\u0131n alt k\u0131s\u0131mlar\u0131nda g\u00f6r\u00fclen varis, yaln\u0131zca estetik a\u00e7\u0131dan de\u011fil, sa\u011fl\u0131k a\u00e7\u0131s\u0131ndan da \u00f6nlem almay\u0131 gerektirir.<br \/><br \/>Varisi olanlarda, gece kramplar ya\u015fan\u0131r, bacaklarda ka\u015f\u0131nt\u0131, \u015fi\u015fkinlik olur, ayakta kal\u0131nca a\u011fr\u0131 ba\u015flar.<br \/><br \/><strong>Varis Neden Olu\u015fur?<\/strong><br \/><br \/>Varis, v\u00fccudun \u00f6zellikle de bacaklar\u0131n toplardamar sisteminin iyi \u00e7al\u0131\u015fmamas\u0131 sonucu ortaya \u00e7\u0131kar. Bacaklardaki toplardamarlar hem derinden, hem de y\u00fczeyden ge\u00e7erler. \u0130\u015fte bu y\u00fczeyden ge\u00e7en toplardamarlar\u0131n g\u00f6r\u00fcn\u00fcr hale gelmesiyle mavi-mor renkli varis damarlar\u0131 olu\u015fur.<br \/><br \/>Her toplardamar\u0131n i\u00e7inde kan\u0131n yaln\u0131z tek y\u00f6nl\u00fc, a\u015fa\u011f\u0131dan yukar\u0131 yani kalbe do\u011fru akmas\u0131n\u0131 sa\u011flayan kapak\u00e7\u0131klar vard\u0131r. Aya\u011fa kalk\u0131ld\u0131\u011f\u0131 zaman o kapak\u00e7\u0131klar kapan\u0131p kan\u0131n geriye ka\u00e7mas\u0131na engel olur. Bu kapak\u00e7\u0131klar iyi \u00e7al\u0131\u015fmad\u0131\u011f\u0131 zaman ki\u015fi aya\u011fa kalkt\u0131\u011f\u0131nda kan, bacaklar\u0131na geri d\u00f6ner ve buradaki damarlar\u0131n bas\u0131nc\u0131n\u0131 art\u0131r\u0131r. Bas\u0131nc\u0131 artan damar da geni\u015fleyip, d\u0131\u015far\u0131dan g\u00f6r\u00fcn\u00fcr hale gelir.<br \/><br \/><strong>Varis Tedavi Edilmezse Ne Olur?<\/strong><br \/><br \/>Varis tedavi edilmedi\u011fi zaman s\u00fcrekli ilerleyerek daha da g\u00f6r\u00fcn\u00fcr hale gelir. Baz\u0131 varisler mikrop kap\u0131p yaraya neden olabilece\u011fi gibi, baz\u0131 varislerde b\u00f6yle bir durum g\u00f6r\u00fclmez. Ayr\u0131ca variste tedavi gecikirse \u015feker, tansiyon, kalp gibi yanda\u015f hastal\u0131klar olu\u015fur. Bu hastal\u0131klar da tedaviyi zorla\u015ft\u0131r\u0131r.<br \/><br \/><strong>Varis Tedavi Metotlar\u0131 Nelerdir?<\/strong><br \/><br \/>Varis tedavisinde son 10 seneye kadar en bilinen y\u00f6ntem cerrahi m\u00fcdahaleydi. \u00d6zellikle \u00e7ok k\u0131vr\u0131ml\u0131 ve geni\u015f olan damarlarda ameliyat tek \u00e7are olarak g\u00f6r\u00fcl\u00fcyordu. Ancak e\u011fer hastal\u0131k ba\u015flang\u0131\u00e7 noktas\u0131nda yakalan\u0131rsa \u00e7ok daha kolay iki y\u00f6ntem bulunuyor. Bu y\u00f6ntemlerden ilki damara lazer sokup, yakarak damar\u0131n devre d\u0131\u015f\u0131 b\u0131rak\u0131lmas\u0131. Bu y\u00f6ntem ayak\u00fcst\u00fc ve g\u00fcn\u00fcbirlik yap\u0131l\u0131yor.<br \/><br \/>Di\u011fer ve \u00e7ok yeni bir y\u00f6ntem olan i\u011fneyle damar\u0131n i\u00e7ine girip, ila\u00e7la damar\u0131 yakma i\u015flemine de k\u00f6p\u00fck (foam) deniliyor.K\u00f6p\u00fck denilen kimyasal s\u0131v\u0131, yak\u0131c\u0131 bir ila\u00e7 oldu\u011fundan damar\u0131n i\u00e7ine verildi\u011finde damar\u0131 yak\u0131yor. S\u0131v\u0131 da damara verilmeden \u00f6nce hava ile kar\u0131\u015ft\u0131\u011f\u0131 i\u00e7in deterjan gibi k\u00f6p\u00fcr\u00fcyor. \u0130lac\u0131n bu k\u00f6p\u00fckle\u015fmi\u015f \u015fekli daha da etkili oluyor. Bu y\u00f6nteme sklerozan da deniliyor.<br \/><br \/>\u0130\u015flem \u00e7ok k\u0131sa ve a\u011fr\u0131s\u0131z, komplikasyon g\u00f6r\u00fclme ihtimali \u00e7ok az ve i\u015flem sadece 10 dakika s\u00fcr\u00fcyor. \u0130\u015flemden hemen sonra hasta aya\u011fa kalkarak, g\u00fcnl\u00fck hayat\u0131na devam edebiliyor.<\/p>\t\t\t\t\t\t<\/div>\n\t\t\t\t<\/div>\n\t\t\t\t\t<\/div>\n\t\t<\/div>\n\t\t\t\t\t\t\t<\/div>\n\t\t<\/section>\n\t\t\t\t\t<\/div>\n\t\t<\/div>\n\t\t\t\t\t\t\t<\/div>\n\t\t<\/section>\n\t\t\t\t<section class=\"elementor-section elementor-top-section elementor-element elementor-element-661e2e4 ova-geometry4 elementor-section-boxed elementor-section-height-default elementor-section-height-default\" data-id=\"661e2e4\" data-element_type=\"section\" data-settings=\"{&quot;background_background&quot;:&quot;classic&quot;}\">\n\t\t\t\t\t\t<div class=\"elementor-container elementor-column-gap-default\">\n\t\t\t\t\t<div class=\"elementor-column elementor-col-50 elementor-top-column elementor-element elementor-element-4e2443dd\" data-id=\"4e2443dd\" data-element_type=\"column\">\n\t\t\t<div class=\"elementor-widget-wrap elementor-element-populated\">\n\t\t\t\t\t\t\t\t<div class=\"elementor-element elementor-element-2fab5963 elementor-widget__width-auto elementor-widget elementor-widget-infetech_elementor_heading\" data-id=\"2fab5963\" data-element_type=\"widget\" data-widget_type=\"infetech_elementor_heading.default\">\n\t\t\t\t<div class=\"elementor-widget-container\">\n\t\t\t\n\t\t\t<div class=\"ova-heading\">\n\t\t\t\t\n\t\t\t\t\t\t\t\t\t<h2 class=\"sub-title\">\n\t\t\t\t\t\t<span class=\"underlined\"><\/span>\n\t\t\t\t\t\tDurmay\u0131n, hemen aray\u0131n ! Uzmanlar\u0131m\u0131z taraf\u0131ndan verilen cevaplar ile hemen randevunuzu olu\u015ftural\u0131m.\t\t\t\t\t<\/h2>\t\n\t\t\t\t\n\t\t\t\t\n\t\t\t\t\t<h3 class=\"title\">\t\t\t\t\t\t\t\t\t\t\t\t\tDaha fazla bilgiye mi \u0130htiyaniz var ?\t\t\t\t\t\t\t\t\t\t\t<\/h3>\n                \n\t\t\t<\/div>\n\n\t\t\t\t<\/div>\n\t\t\t\t<\/div>\n\t\t\t\t\t<\/div>\n\t\t<\/div>\n\t\t\t\t<div class=\"elementor-column elementor-col-50 elementor-top-column elementor-element elementor-element-9edd986\" data-id=\"9edd986\" data-element_type=\"column\">\n\t\t\t<div class=\"elementor-widget-wrap elementor-element-populated\">\n\t\t\t\t\t\t\t\t<div class=\"elementor-element elementor-element-6dbef75d elementor-align-right elementor-widget elementor-widget-button\" data-id=\"6dbef75d\" data-element_type=\"widget\" data-widget_type=\"button.default\">\n\t\t\t\t<div class=\"elementor-widget-container\">\n\t\t\t\t\t<div class=\"elementor-button-wrapper\">\n\t\t\t<a href=\"#elementor-action%3Aaction%3Dpopup%3Aopen%26settings%3DeyJpZCI6NjMyOCwidG9nZ2xlIjpmYWxzZX0%3D\" class=\"elementor-button-link elementor-button elementor-size-sm\" role=\"button\">\n\t\t\t\t\t\t<span class=\"elementor-button-content-wrapper\">\n\t\t\t\t\t\t<span class=\"elementor-button-text\">S\u0130Z\u0130 ARAYALIM<\/span>\n\t\t<\/span>\n\t\t\t\t\t<\/a>\n\t\t<\/div>\n\t\t\t\t<\/div>\n\t\t\t\t<\/div>\n\t\t\t\t\t<\/div>\n\t\t<\/div>\n\t\t\t\t\t\t\t<\/div>\n\t\t<\/section>\n\t\t\t\t\t\t\t<\/div>\n\t\t","protected":false},"excerpt":{"rendered":"<p>Ana Sayfa Di\u011fer Uygulamalar Varis Tedavisi Gelin Bak\u0131mlar\u0131 Estetik Tedavisi Varis Tedavisi Di\u011fer Uygulamalar Varis Tedavisi Varis Nedir? Toplardamarlar\u0131n geni\u015flemesine ve \u015fi\u015fmesine varis denir. Genellikle, v\u00fccudun en fazla bas\u0131n\u00e7 alt\u0131nda kalan b\u00f6lgesi olan bacaklar\u0131n alt k\u0131s\u0131mlar\u0131nda g\u00f6r\u00fclen varis, yaln\u0131zca estetik a\u00e7\u0131dan de\u011fil, sa\u011fl\u0131k a\u00e7\u0131s\u0131ndan da \u00f6nlem almay\u0131 gerektirir. Varisi olanlarda, gece kramplar ya\u015fan\u0131r, bacaklarda ka\u015f\u0131nt\u0131, [&hellip;]<\/p>\n","protected":false},"author":1,"featured_media":0,"parent":6505,"menu_order":0,"comment_status":"closed","ping_status":"closed","template":"elementor_header_footer","meta":{"footnotes":""},"class_list":["post-6526","page","type-page","status-publish","hentry"],"_links":{"self":[{"href":"https:\/\/nisclinic.com\/tr\/wp-json\/wp\/v2\/pages\/6526","targetHints":{"allow":["GET"]}}],"collection":[{"href":"https:\/\/nisclinic.com\/tr\/wp-json\/wp\/v2\/pages"}],"about":[{"href":"https:\/\/nisclinic.com\/tr\/wp-json\/wp\/v2\/types\/page"}],"author":[{"embeddable":true,"href":"https:\/\/nisclinic.com\/tr\/wp-json\/wp\/v2\/users\/1"}],"replies":[{"embeddable":true,"href":"https:\/\/nisclinic.com\/tr\/wp-json\/wp\/v2\/comments?post=6526"}],"version-history":[{"count":7,"href":"https:\/\/nisclinic.com\/tr\/wp-json\/wp\/v2\/pages\/6526\/revisions"}],"predecessor-version":[{"id":6533,"href":"https:\/\/nisclinic.com\/tr\/wp-json\/wp\/v2\/pages\/6526\/revisions\/6533"}],"up":[{"embeddable":true,"href":"https:\/\/nisclinic.com\/tr\/wp-json\/wp\/v2\/pages\/6505"}],"wp:attachment":[{"href":"https:\/\/nisclinic.com\/tr\/wp-json\/wp\/v2\/media?parent=6526"}],"curies":[{"name":"wp","href":"https:\/\/api.w.org\/{rel}","templated":true}]}}