{"id":6494,"date":"2022-10-06T06:21:48","date_gmt":"2022-10-06T06:21:48","guid":{"rendered":"https:\/\/siteniincele.com\/nisclinic\/facial-aesthetics-applications\/simple-nose-aesthetics\/"},"modified":"2022-10-10T13:15:27","modified_gmt":"2022-10-10T13:15:27","slug":"simple-nose-aesthetics","status":"publish","type":"page","link":"https:\/\/nisclinic.com\/tr\/facial-aesthetics-applications\/simple-nose-aesthetics\/","title":{"rendered":"Basit Burun Esteti\u011fi"},"content":{"rendered":"\t\t<div data-elementor-type=\"wp-page\" data-elementor-id=\"6494\" class=\"elementor elementor-6494 elementor-5705\">\n\t\t\t\t\t\t\t\t\t<section class=\"elementor-section elementor-top-section elementor-element elementor-element-3341125 elementor-section-boxed elementor-section-height-default elementor-section-height-default\" data-id=\"3341125\" data-element_type=\"section\" data-settings=\"{&quot;background_background&quot;:&quot;classic&quot;}\">\n\t\t\t\t\t\t<div class=\"elementor-container elementor-column-gap-default\">\n\t\t\t\t\t<div class=\"elementor-column elementor-col-100 elementor-top-column elementor-element elementor-element-ed6efee\" data-id=\"ed6efee\" data-element_type=\"column\">\n\t\t\t<div class=\"elementor-widget-wrap elementor-element-populated\">\n\t\t\t\t\t\t\t\t<div class=\"elementor-element elementor-element-6f3b510 elementor-widget elementor-widget-text-editor\" data-id=\"6f3b510\" data-element_type=\"widget\" data-widget_type=\"text-editor.default\">\n\t\t\t\t<div class=\"elementor-widget-container\">\n\t\t\t<style>\/*! elementor - v3.8.0 - 30-10-2022 *\/\n.elementor-widget-text-editor.elementor-drop-cap-view-stacked .elementor-drop-cap{background-color:#818a91;color:#fff}.elementor-widget-text-editor.elementor-drop-cap-view-framed .elementor-drop-cap{color:#818a91;border:3px solid;background-color:transparent}.elementor-widget-text-editor:not(.elementor-drop-cap-view-default) .elementor-drop-cap{margin-top:8px}.elementor-widget-text-editor:not(.elementor-drop-cap-view-default) .elementor-drop-cap-letter{width:1em;height:1em}.elementor-widget-text-editor .elementor-drop-cap{float:left;text-align:center;line-height:1;font-size:50px}.elementor-widget-text-editor .elementor-drop-cap-letter{display:inline-block}<\/style>\t\t\t\tAna Sayfa <i class=\"fa fa-chevron-right\"><\/i> <a href=\"https:\/\/nisclinic.com\/tr\/facial-aesthetics-applications\/\">Y\u00fcz Esteti\u011fi Uygulamalar\u0131<\/a> <i class=\"fa fa-chevron-right\"><\/i> <a href=\"https:\/\/nisclinic.com\/tr\/facial-aesthetics-applications\/simple-nose-aesthetics\/\">Basit Burun Esteti\u011fi<\/a>\t\t\t\t\t\t<\/div>\n\t\t\t\t<\/div>\n\t\t\t\t\t<\/div>\n\t\t<\/div>\n\t\t\t\t\t\t\t<\/div>\n\t\t<\/section>\n\t\t\t\t<section class=\"elementor-section elementor-top-section elementor-element elementor-element-2e05cfe elementor-reverse-tablet elementor-reverse-mobile elementor-section-boxed elementor-section-height-default elementor-section-height-default\" data-id=\"2e05cfe\" data-element_type=\"section\">\n\t\t\t\t\t\t<div class=\"elementor-container elementor-column-gap-extended\">\n\t\t\t\t\t<div class=\"elementor-column elementor-col-50 elementor-top-column elementor-element elementor-element-8c53be7 animated-fast elementor-invisible\" data-id=\"8c53be7\" data-element_type=\"column\" data-settings=\"{&quot;animation&quot;:&quot;ova-move-up&quot;,&quot;animation_tablet&quot;:&quot;none&quot;,&quot;animation_delay&quot;:100}\">\n\t\t\t<div class=\"elementor-widget-wrap elementor-element-populated\">\n\t\t\t\t\t\t\t\t<section class=\"elementor-section elementor-inner-section elementor-element elementor-element-05e6b86 elementor-section-boxed elementor-section-height-default elementor-section-height-default\" data-id=\"05e6b86\" data-element_type=\"section\">\n\t\t\t\t\t\t<div class=\"elementor-container elementor-column-gap-default\">\n\t\t\t\t\t<div class=\"elementor-column elementor-col-100 elementor-inner-column elementor-element elementor-element-9335a88\" data-id=\"9335a88\" data-element_type=\"column\">\n\t\t\t<div class=\"elementor-widget-wrap elementor-element-populated\">\n\t\t\t\t\t\t\t\t<div class=\"elementor-element elementor-element-ea919e0 elementor-icon-list--layout-traditional elementor-list-item-link-full_width elementor-widget elementor-widget-global elementor-global-6473 elementor-widget-icon-list\" data-id=\"ea919e0\" data-element_type=\"widget\" id=\"sideitems\" data-widget_type=\"icon-list.default\">\n\t\t\t\t<div class=\"elementor-widget-container\">\n\t\t\t<link rel=\"stylesheet\" href=\"https:\/\/nisclinic.com\/wp-content\/plugins\/elementor\/assets\/css\/widget-icon-list.min.css\">\t\t<ul class=\"elementor-icon-list-items\">\n\t\t\t\t\t\t\t<li class=\"elementor-icon-list-item\">\n\t\t\t\t\t\t\t\t\t\t\t<a href=\"https:\/\/nisclinic.com\/tr\/facial-aesthetics-applications\/spider-web-treatment-non-surgical-face-lift\/\">\n\n\t\t\t\t\t\t\t\t\t\t\t<span class=\"elementor-icon-list-text\">\u00d6r\u00fcmcek A\u011f\u0131 Tedavisi (Ameliyats\u0131z Y\u00fcz Germe)<\/span>\n\t\t\t\t\t\t\t\t\t\t\t<\/a>\n\t\t\t\t\t\t\t\t\t<\/li>\n\t\t\t\t\t\t\t\t<li class=\"elementor-icon-list-item\">\n\t\t\t\t\t\t\t\t\t\t\t<a href=\"https:\/\/nisclinic.com\/tr\/facial-aesthetics-applications\/brow-lift\/\">\n\n\t\t\t\t\t\t\t\t\t\t\t<span class=\"elementor-icon-list-text\">Ka\u015f Kald\u0131rma<\/span>\n\t\t\t\t\t\t\t\t\t\t\t<\/a>\n\t\t\t\t\t\t\t\t\t<\/li>\n\t\t\t\t\t\t\t\t<li class=\"elementor-icon-list-item\">\n\t\t\t\t\t\t\t\t\t\t\t<a href=\"https:\/\/nisclinic.com\/tr\/facial-aesthetics-applications\/eyelid-operation\/\">\n\n\t\t\t\t\t\t\t\t\t\t\t<span class=\"elementor-icon-list-text\">G\u00f6z Kapa\u011f\u0131 Operasyonu<\/span>\n\t\t\t\t\t\t\t\t\t\t\t<\/a>\n\t\t\t\t\t\t\t\t\t<\/li>\n\t\t\t\t\t\t\t\t<li class=\"elementor-icon-list-item\">\n\t\t\t\t\t\t\t\t\t\t\t<a href=\"https:\/\/nisclinic.com\/tr\/facial-aesthetics-applications\/face-lift-surgery\/\">\n\n\t\t\t\t\t\t\t\t\t\t\t<span class=\"elementor-icon-list-text\">Y\u00fcz Germe Ameliyat\u0131<\/span>\n\t\t\t\t\t\t\t\t\t\t\t<\/a>\n\t\t\t\t\t\t\t\t\t<\/li>\n\t\t\t\t\t\t\t\t<li class=\"elementor-icon-list-item\">\n\t\t\t\t\t\t\t\t\t\t\t<a href=\"https:\/\/nisclinic.com\/tr\/facial-aesthetics-applications\/simple-nose-aesthetics\/\">\n\n\t\t\t\t\t\t\t\t\t\t\t<span class=\"elementor-icon-list-text\">Basit Burun Esteti\u011fi<\/span>\n\t\t\t\t\t\t\t\t\t\t\t<\/a>\n\t\t\t\t\t\t\t\t\t<\/li>\n\t\t\t\t\t\t\t\t<li class=\"elementor-icon-list-item\">\n\t\t\t\t\t\t\t\t\t\t\t<a href=\"https:\/\/nisclinic.com\/tr\/facial-aesthetics-applications\/oil-bank\/\">\n\n\t\t\t\t\t\t\t\t\t\t\t<span class=\"elementor-icon-list-text\">Ya\u011f Bankas\u0131<\/span>\n\t\t\t\t\t\t\t\t\t\t\t<\/a>\n\t\t\t\t\t\t\t\t\t<\/li>\n\t\t\t\t\t\t<\/ul>\n\t\t\t\t<\/div>\n\t\t\t\t<\/div>\n\t\t\t\t\t<\/div>\n\t\t<\/div>\n\t\t\t\t\t\t\t<\/div>\n\t\t<\/section>\n\t\t\t\t\t<\/div>\n\t\t<\/div>\n\t\t\t\t<div class=\"elementor-column elementor-col-50 elementor-top-column elementor-element elementor-element-82423ff animated-fast elementor-invisible\" data-id=\"82423ff\" data-element_type=\"column\" data-settings=\"{&quot;animation&quot;:&quot;ova-move-up&quot;,&quot;animation_tablet&quot;:&quot;none&quot;,&quot;animation_delay&quot;:100}\">\n\t\t\t<div class=\"elementor-widget-wrap elementor-element-populated\">\n\t\t\t\t\t\t\t\t<section class=\"elementor-section elementor-inner-section elementor-element elementor-element-7edfc01 elementor-section-boxed elementor-section-height-default elementor-section-height-default\" data-id=\"7edfc01\" data-element_type=\"section\">\n\t\t\t\t\t\t<div class=\"elementor-container elementor-column-gap-default\">\n\t\t\t\t\t<div class=\"elementor-column elementor-col-100 elementor-inner-column elementor-element elementor-element-7dadf70\" data-id=\"7dadf70\" data-element_type=\"column\">\n\t\t\t<div class=\"elementor-widget-wrap elementor-element-populated\">\n\t\t\t\t\t\t\t\t<div class=\"elementor-element elementor-element-1f40163 elementor-widget elementor-widget-infetech_elementor_heading\" data-id=\"1f40163\" data-element_type=\"widget\" data-widget_type=\"infetech_elementor_heading.default\">\n\t\t\t\t<div class=\"elementor-widget-container\">\n\t\t\t\n\t\t\t<div class=\"ova-heading\">\n\t\t\t\t\n\t\t\t\t\t\t\t\t\t<h2 class=\"sub-title\">\n\t\t\t\t\t\t<span class=\"underlined\"><\/span>\n\t\t\t\t\t\tY\u00fcz Esteti\u011fi Uygulamalar\u0131\t\t\t\t\t<\/h2>\t\n\t\t\t\t\n\t\t\t\t\n\t\t\t\t\t<h3 class=\"title\">\t\t\t\t\t\t\t\t\t\t\t\t\tBasit Burun Esteti\u011fi\t\t\t\t\t\t\t\t\t\t\t<\/h3>\n                \n\t\t\t<\/div>\n\n\t\t\t\t<\/div>\n\t\t\t\t<\/div>\n\t\t\t\t<div class=\"elementor-element elementor-element-02d72c9 elementor-widget elementor-widget-image\" data-id=\"02d72c9\" data-element_type=\"widget\" data-widget_type=\"image.default\">\n\t\t\t\t<div class=\"elementor-widget-container\">\n\t\t\t<style>\/*! elementor - v3.8.0 - 30-10-2022 *\/\n.elementor-widget-image{text-align:center}.elementor-widget-image a{display:inline-block}.elementor-widget-image a img[src$=\".svg\"]{width:48px}.elementor-widget-image img{vertical-align:middle;display:inline-block}<\/style>\t\t\t\t\t\t\t\t\t\t\t\t<img loading=\"lazy\" decoding=\"async\" width=\"1568\" height=\"600\" src=\"https:\/\/nisclinic.com\/wp-content\/uploads\/2022\/10\/simple-nose-aesthetics.jpg\" class=\"attachment-full size-full\" alt=\"\" srcset=\"https:\/\/nisclinic.com\/wp-content\/uploads\/2022\/10\/simple-nose-aesthetics.jpg 1568w, https:\/\/nisclinic.com\/wp-content\/uploads\/2022\/10\/simple-nose-aesthetics-300x115.jpg 300w, https:\/\/nisclinic.com\/wp-content\/uploads\/2022\/10\/simple-nose-aesthetics-1024x392.jpg 1024w, https:\/\/nisclinic.com\/wp-content\/uploads\/2022\/10\/simple-nose-aesthetics-768x294.jpg 768w, https:\/\/nisclinic.com\/wp-content\/uploads\/2022\/10\/simple-nose-aesthetics-1536x588.jpg 1536w\" sizes=\"auto, (max-width: 1568px) 100vw, 1568px\" \/>\t\t\t\t\t\t\t\t\t\t\t\t\t\t\t<\/div>\n\t\t\t\t<\/div>\n\t\t\t\t<div class=\"elementor-element elementor-element-6d3fbb8 elementor-widget elementor-widget-text-editor\" data-id=\"6d3fbb8\" data-element_type=\"widget\" data-widget_type=\"text-editor.default\">\n\t\t\t\t<div class=\"elementor-widget-container\">\n\t\t\t\t\t\t\t<p>E\u011fer yap\u0131sal olarak veya bir kaza sonras\u0131 burnunuzda sizi rahats\u0131z eden bir \u015fekil veya fonksiyon bozuklu\u011fu oldu\u011funu d\u00fc\u015f\u00fcn\u00fcyorsan\u0131z, burnunuzun y\u00fcz\u00fcn\u00fczle uyumlu olmad\u0131\u011f\u0131n\u0131 d\u00fc\u015f\u00fcn\u00fcyorsan\u0131z, burnunuzdan rahat nefes alam\u0131yorsan\u0131z burun estetik ameliyattan yarar g\u00f6rebilirsiniz. Burun d\u00fczeltme ve \u015fekillendirme esteti\u011fi en s\u0131k istenilen kozmetik i\u015flemi t\u00fcrlerinden biridir. Bu, burunda meydana gelen bir hasar\u0131 onarmak veya kal\u0131t\u0131msal olabilecek bir bozuklu\u011fu d\u00fczeltmek i\u00e7in burnu yeniden \u015fekillendiren ve d\u00fczelten bir cerrahi i\u015flemdir.<\/p><p>\u00a0<\/p><p>Rinoplasti burun cerrahi olarak yeniden \u015fekillendirme (estetik) ameliyat\u0131d\u0131r. Bu ameliyat yard\u0131m\u0131yla burnunuzun boyutlar\u0131 azalt\u0131labilir veya artt\u0131r\u0131labilir, burun ucunuzun veya k\u00f6pr\u00fcn\u00fcn \u015fekli de\u011fi\u015ftirilebilir, burun delikleri daralt\u0131labilir veya burun ile \u00fcst dudak aras\u0131 a\u00e7\u0131y\u0131 de\u011fi\u015ftirilebilir, burun s\u0131rt\u0131ndaki kemik \u00e7\u0131k\u0131nt\u0131lar al\u0131narak d\u00fczeltilebilir.<\/p><p>Burun esteti\u011fi asl\u0131nda sadece estetik bir ameliyat olarak d\u00fc\u015f\u00fcn\u00fclmemeli, burnun nefes alma fonksiyonuna y\u00f6nelik bir d\u00fczeltmeyi de i\u00e7ermelidir. Burunda \u015fekil bozuklu\u011fu \u015fik\u00e2yeti olanlarda nefes alma sorunlar\u0131 da normalden s\u0131k g\u00f6r\u00fclmektedir.<\/p><p>Burnun d\u0131\u015f g\u00f6r\u00fcn\u00fcm\u00fcn\u00fcn solunum fonksiyonuna zarar vermeden, hatta bazen ayn\u0131 seansta burun t\u0131kan\u0131kl\u0131klar\u0131na da m\u00fcdahale edilerek d\u00fczeltilmesi i\u015fleminde burun boyutlar\u0131 k\u00fc\u00e7\u00fclt\u00fclebilir, b\u00fcy\u00fct\u00fclebilir, eni azalt\u0131l\u0131p artt\u0131r\u0131labilir, u\u00e7 ve s\u0131rt\u0131n\u0131n \u015fekli de\u011fi\u015ftirilebilir (\u00f6rne\u011fin varsa, burun kemerinin al\u0131nmas\u0131) , burun delikleri daralt\u0131labilir veya burun ile \u00fcst dudak aras\u0131ndaki a\u00e7\u0131 de\u011fi\u015ftirilebilir (burunu kald\u0131rma). Ayn\u0131 ameliyat s\u0131ras\u0131nda, geli\u015fimsel ya da \u00e7arpma sonucu olu\u015fan burun orta b\u00f6lmesindeki septum denilen yap\u0131n\u0131n e\u011frilikleri (deviasyonlar) d\u00fczeltilebilir.<\/p><p>Ameliyat \u00f6ncesi yap\u0131lacak iyi bir de\u011ferlendirme ve iyi bir ameliyat plan\u0131 ameliyat sonras\u0131 hem estetik hem de fonksiyonel a\u00e7\u0131dan \u00e7ok daha memnuniyet verici bir burun ortaya \u00e7\u0131karabilir.<\/p><p><strong>Burun Esteti\u011fi Teknikleri Nelerdir?<\/strong><br \/><br \/>Kapal\u0131 ve A\u00e7\u0131k olarak her iki tekni\u011fin kendine g\u00f6re \u00fcst\u00fcnl\u00fckleri ve dezavantajlar\u0131 vard\u0131r. Her iki tekni\u011fin de uygulanmas\u0131 gereken hasta gruplar\u0131 vard\u0131r. Uygulama kesinlikle hastaya ve beklentilerine g\u00f6re se\u00e7ilmelidir. Ameliyat s\u00fcresi 1\u20132 saat aras\u0131 de\u011fi\u015fmektedir. Tampon uygulamas\u0131 tercihe g\u00f6re de\u011fi\u015fmekle birlikte kullan\u0131lmaktad\u0131r.<br \/><br \/>Ameliyatta kemik \u00e7at\u0131 da \u015fekillendirildi ise burun s\u0131rt\u0131na al\u00e7\u0131 uygulamas\u0131 yap\u0131lmaktad\u0131r. Hastanede 1 gece kal\u0131n\u0131r, al\u00e7\u0131 5\u20137 g\u00fcn sonra \u00e7\u0131kar\u0131l\u0131r. Morluklar nadiren g\u00f6r\u00fcl\u00fcr ve ameliyat sonras\u0131 1 hafta gibi bir s\u00fcre de kaybolur.<\/p><p>\u00a0<\/p><p><strong>Burun Esteti\u011fi Ya\u015f S\u0131n\u0131r\u0131 Var M\u0131d\u0131r?<\/strong><br \/><br \/>Rinoplasti, burun geli\u015fimi tamamland\u0131ktan sonra her ya\u015fta uygulanabilir. K\u0131zlarda 16\u201317ya\u015flar\u0131nda erkeklerde 17\u201318 ya\u015flar\u0131 burun estetik ameliyat\u0131 i\u00e7in alt s\u0131n\u0131r olarak kabul edilmelidir. Travmatik nazal deformitelerde oldu\u011fu gibi a\u015f\u0131r\u0131 deforme burunlarda gerekirse daha erken d\u00f6nemde de ameliyat yap\u0131labilir.<br \/><br \/>E\u011fer burnunuzdan memnun de\u011filseniz ve bir ameliyatla size yak\u0131\u015facak yeni bir g\u00f6r\u00fcn\u00fcm istiyorsan\u0131z siz de bir rinoplasti aday\u0131s\u0131n\u0131z demektir. Bu durumda \u00f6ncelikle plastik cerraha dan\u0131\u015farak sizin i\u00e7in yap\u0131labilecekler hakk\u0131nda detayl\u0131 bilgi sahibi olabilirsiniz.<\/p>\t\t\t\t\t\t<\/div>\n\t\t\t\t<\/div>\n\t\t\t\t\t<\/div>\n\t\t<\/div>\n\t\t\t\t\t\t\t<\/div>\n\t\t<\/section>\n\t\t\t\t\t<\/div>\n\t\t<\/div>\n\t\t\t\t\t\t\t<\/div>\n\t\t<\/section>\n\t\t\t\t<section class=\"elementor-section elementor-top-section elementor-element elementor-element-3a0b10cb ova-geometry4 elementor-section-boxed elementor-section-height-default elementor-section-height-default\" data-id=\"3a0b10cb\" data-element_type=\"section\" data-settings=\"{&quot;background_background&quot;:&quot;classic&quot;}\">\n\t\t\t\t\t\t<div class=\"elementor-container elementor-column-gap-default\">\n\t\t\t\t\t<div class=\"elementor-column elementor-col-50 elementor-top-column elementor-element elementor-element-6ec8aeb6\" data-id=\"6ec8aeb6\" data-element_type=\"column\">\n\t\t\t<div class=\"elementor-widget-wrap elementor-element-populated\">\n\t\t\t\t\t\t\t\t<div class=\"elementor-element elementor-element-a8d00f6 elementor-widget__width-auto elementor-widget elementor-widget-infetech_elementor_heading\" data-id=\"a8d00f6\" data-element_type=\"widget\" data-widget_type=\"infetech_elementor_heading.default\">\n\t\t\t\t<div class=\"elementor-widget-container\">\n\t\t\t\n\t\t\t<div class=\"ova-heading\">\n\t\t\t\t\n\t\t\t\t\t\t\t\t\t<h2 class=\"sub-title\">\n\t\t\t\t\t\t<span class=\"underlined\"><\/span>\n\t\t\t\t\t\tDurmay\u0131n, hemen aray\u0131n ! Uzmanlar\u0131m\u0131z taraf\u0131ndan verilen cevaplar ile hemen randevunuzu olu\u015ftural\u0131m.\t\t\t\t\t<\/h2>\t\n\t\t\t\t\n\t\t\t\t\n\t\t\t\t\t<h3 class=\"title\">\t\t\t\t\t\t\t\t\t\t\t\t\tDaha fazla bilgiye mi \u0130htiyaniz var ?\t\t\t\t\t\t\t\t\t\t\t<\/h3>\n                \n\t\t\t<\/div>\n\n\t\t\t\t<\/div>\n\t\t\t\t<\/div>\n\t\t\t\t\t<\/div>\n\t\t<\/div>\n\t\t\t\t<div class=\"elementor-column elementor-col-50 elementor-top-column elementor-element elementor-element-5222748a\" data-id=\"5222748a\" data-element_type=\"column\">\n\t\t\t<div class=\"elementor-widget-wrap elementor-element-populated\">\n\t\t\t\t\t\t\t\t<div class=\"elementor-element elementor-element-2adb029c elementor-align-right elementor-widget elementor-widget-button\" data-id=\"2adb029c\" data-element_type=\"widget\" data-widget_type=\"button.default\">\n\t\t\t\t<div class=\"elementor-widget-container\">\n\t\t\t\t\t<div class=\"elementor-button-wrapper\">\n\t\t\t<a href=\"#elementor-action%3Aaction%3Dpopup%3Aopen%26settings%3DeyJpZCI6NjMyOCwidG9nZ2xlIjpmYWxzZX0%3D\" class=\"elementor-button-link elementor-button elementor-size-sm\" role=\"button\">\n\t\t\t\t\t\t<span class=\"elementor-button-content-wrapper\">\n\t\t\t\t\t\t<span class=\"elementor-button-text\">S\u0130Z\u0130 ARAYALIM<\/span>\n\t\t<\/span>\n\t\t\t\t\t<\/a>\n\t\t<\/div>\n\t\t\t\t<\/div>\n\t\t\t\t<\/div>\n\t\t\t\t\t<\/div>\n\t\t<\/div>\n\t\t\t\t\t\t\t<\/div>\n\t\t<\/section>\n\t\t\t\t\t\t\t<\/div>\n\t\t","protected":false},"excerpt":{"rendered":"<p>Ana Sayfa Y\u00fcz Esteti\u011fi Uygulamalar\u0131 Basit Burun Esteti\u011fi \u00d6r\u00fcmcek A\u011f\u0131 Tedavisi (Ameliyats\u0131z Y\u00fcz Germe) Ka\u015f Kald\u0131rma G\u00f6z Kapa\u011f\u0131 Operasyonu Y\u00fcz Germe Ameliyat\u0131 Basit Burun Esteti\u011fi Ya\u011f Bankas\u0131 Y\u00fcz Esteti\u011fi Uygulamalar\u0131 Basit Burun Esteti\u011fi E\u011fer yap\u0131sal olarak veya bir kaza sonras\u0131 burnunuzda sizi rahats\u0131z eden bir \u015fekil veya fonksiyon bozuklu\u011fu oldu\u011funu d\u00fc\u015f\u00fcn\u00fcyorsan\u0131z, burnunuzun y\u00fcz\u00fcn\u00fczle uyumlu olmad\u0131\u011f\u0131n\u0131 [&hellip;]<\/p>\n","protected":false},"author":1,"featured_media":0,"parent":6460,"menu_order":0,"comment_status":"closed","ping_status":"closed","template":"elementor_header_footer","meta":{"footnotes":""},"class_list":["post-6494","page","type-page","status-publish","hentry"],"_links":{"self":[{"href":"https:\/\/nisclinic.com\/tr\/wp-json\/wp\/v2\/pages\/6494","targetHints":{"allow":["GET"]}}],"collection":[{"href":"https:\/\/nisclinic.com\/tr\/wp-json\/wp\/v2\/pages"}],"about":[{"href":"https:\/\/nisclinic.com\/tr\/wp-json\/wp\/v2\/types\/page"}],"author":[{"embeddable":true,"href":"https:\/\/nisclinic.com\/tr\/wp-json\/wp\/v2\/users\/1"}],"replies":[{"embeddable":true,"href":"https:\/\/nisclinic.com\/tr\/wp-json\/wp\/v2\/comments?post=6494"}],"version-history":[{"count":4,"href":"https:\/\/nisclinic.com\/tr\/wp-json\/wp\/v2\/pages\/6494\/revisions"}],"predecessor-version":[{"id":6499,"href":"https:\/\/nisclinic.com\/tr\/wp-json\/wp\/v2\/pages\/6494\/revisions\/6499"}],"up":[{"embeddable":true,"href":"https:\/\/nisclinic.com\/tr\/wp-json\/wp\/v2\/pages\/6460"}],"wp:attachment":[{"href":"https:\/\/nisclinic.com\/tr\/wp-json\/wp\/v2\/media?parent=6494"}],"curies":[{"name":"wp","href":"https:\/\/api.w.org\/{rel}","templated":true}]}}