{"id":6489,"date":"2022-10-05T10:07:02","date_gmt":"2022-10-05T10:07:02","guid":{"rendered":"https:\/\/siteniincele.com\/nisclinic\/facial-aesthetics-applications\/face-lift-surgery\/"},"modified":"2022-10-10T13:09:59","modified_gmt":"2022-10-10T13:09:59","slug":"face-lift-surgery","status":"publish","type":"page","link":"https:\/\/nisclinic.com\/tr\/facial-aesthetics-applications\/face-lift-surgery\/","title":{"rendered":"Y\u00fcz Germe Ameliyat\u0131"},"content":{"rendered":"\t\t<div data-elementor-type=\"wp-page\" data-elementor-id=\"6489\" class=\"elementor elementor-6489 elementor-5691\">\n\t\t\t\t\t\t\t\t\t<section class=\"elementor-section elementor-top-section elementor-element elementor-element-3341125 elementor-section-boxed elementor-section-height-default elementor-section-height-default\" data-id=\"3341125\" data-element_type=\"section\" data-settings=\"{&quot;background_background&quot;:&quot;classic&quot;}\">\n\t\t\t\t\t\t<div class=\"elementor-container elementor-column-gap-default\">\n\t\t\t\t\t<div class=\"elementor-column elementor-col-100 elementor-top-column elementor-element elementor-element-ed6efee\" data-id=\"ed6efee\" data-element_type=\"column\">\n\t\t\t<div class=\"elementor-widget-wrap elementor-element-populated\">\n\t\t\t\t\t\t\t\t<div class=\"elementor-element elementor-element-6f3b510 elementor-widget elementor-widget-text-editor\" data-id=\"6f3b510\" data-element_type=\"widget\" data-widget_type=\"text-editor.default\">\n\t\t\t\t<div class=\"elementor-widget-container\">\n\t\t\t<style>\/*! elementor - v3.8.0 - 30-10-2022 *\/\n.elementor-widget-text-editor.elementor-drop-cap-view-stacked .elementor-drop-cap{background-color:#818a91;color:#fff}.elementor-widget-text-editor.elementor-drop-cap-view-framed .elementor-drop-cap{color:#818a91;border:3px solid;background-color:transparent}.elementor-widget-text-editor:not(.elementor-drop-cap-view-default) .elementor-drop-cap{margin-top:8px}.elementor-widget-text-editor:not(.elementor-drop-cap-view-default) .elementor-drop-cap-letter{width:1em;height:1em}.elementor-widget-text-editor .elementor-drop-cap{float:left;text-align:center;line-height:1;font-size:50px}.elementor-widget-text-editor .elementor-drop-cap-letter{display:inline-block}<\/style>\t\t\t\tAna Sayfa <i class=\"fa fa-chevron-right\"><\/i> <a href=\"https:\/\/nisclinic.com\/tr\/facial-aesthetics-applications\/\">Y\u00fcz Esteti\u011fi Uygulamalar\u0131<\/a> <i class=\"fa fa-chevron-right\"><\/i> <a href=\"https:\/\/nisclinic.com\/tr\/facial-aesthetics-applications\/face-lift-surgery\/\">Y\u00fcz Germe Ameliyat\u0131<\/a>\t\t\t\t\t\t<\/div>\n\t\t\t\t<\/div>\n\t\t\t\t\t<\/div>\n\t\t<\/div>\n\t\t\t\t\t\t\t<\/div>\n\t\t<\/section>\n\t\t\t\t<section class=\"elementor-section elementor-top-section elementor-element elementor-element-2e05cfe elementor-reverse-tablet elementor-reverse-mobile elementor-section-boxed elementor-section-height-default elementor-section-height-default\" data-id=\"2e05cfe\" data-element_type=\"section\">\n\t\t\t\t\t\t<div class=\"elementor-container elementor-column-gap-extended\">\n\t\t\t\t\t<div class=\"elementor-column elementor-col-50 elementor-top-column elementor-element elementor-element-8c53be7 animated-fast elementor-invisible\" data-id=\"8c53be7\" data-element_type=\"column\" data-settings=\"{&quot;animation&quot;:&quot;ova-move-up&quot;,&quot;animation_tablet&quot;:&quot;none&quot;,&quot;animation_delay&quot;:100}\">\n\t\t\t<div class=\"elementor-widget-wrap elementor-element-populated\">\n\t\t\t\t\t\t\t\t<section class=\"elementor-section elementor-inner-section elementor-element elementor-element-05e6b86 elementor-section-boxed elementor-section-height-default elementor-section-height-default\" data-id=\"05e6b86\" data-element_type=\"section\">\n\t\t\t\t\t\t<div class=\"elementor-container elementor-column-gap-default\">\n\t\t\t\t\t<div class=\"elementor-column elementor-col-100 elementor-inner-column elementor-element elementor-element-9335a88\" data-id=\"9335a88\" data-element_type=\"column\">\n\t\t\t<div class=\"elementor-widget-wrap elementor-element-populated\">\n\t\t\t\t\t\t\t\t<div class=\"elementor-element elementor-element-6f28f5a elementor-icon-list--layout-traditional elementor-list-item-link-full_width elementor-widget elementor-widget-global elementor-global-6473 elementor-widget-icon-list\" data-id=\"6f28f5a\" data-element_type=\"widget\" id=\"sideitems\" data-widget_type=\"icon-list.default\">\n\t\t\t\t<div class=\"elementor-widget-container\">\n\t\t\t<link rel=\"stylesheet\" href=\"https:\/\/nisclinic.com\/wp-content\/plugins\/elementor\/assets\/css\/widget-icon-list.min.css\">\t\t<ul class=\"elementor-icon-list-items\">\n\t\t\t\t\t\t\t<li class=\"elementor-icon-list-item\">\n\t\t\t\t\t\t\t\t\t\t\t<a href=\"https:\/\/nisclinic.com\/tr\/facial-aesthetics-applications\/spider-web-treatment-non-surgical-face-lift\/\">\n\n\t\t\t\t\t\t\t\t\t\t\t<span class=\"elementor-icon-list-text\">\u00d6r\u00fcmcek A\u011f\u0131 Tedavisi (Ameliyats\u0131z Y\u00fcz Germe)<\/span>\n\t\t\t\t\t\t\t\t\t\t\t<\/a>\n\t\t\t\t\t\t\t\t\t<\/li>\n\t\t\t\t\t\t\t\t<li class=\"elementor-icon-list-item\">\n\t\t\t\t\t\t\t\t\t\t\t<a href=\"https:\/\/nisclinic.com\/tr\/facial-aesthetics-applications\/brow-lift\/\">\n\n\t\t\t\t\t\t\t\t\t\t\t<span class=\"elementor-icon-list-text\">Ka\u015f Kald\u0131rma<\/span>\n\t\t\t\t\t\t\t\t\t\t\t<\/a>\n\t\t\t\t\t\t\t\t\t<\/li>\n\t\t\t\t\t\t\t\t<li class=\"elementor-icon-list-item\">\n\t\t\t\t\t\t\t\t\t\t\t<a href=\"https:\/\/nisclinic.com\/tr\/facial-aesthetics-applications\/eyelid-operation\/\">\n\n\t\t\t\t\t\t\t\t\t\t\t<span class=\"elementor-icon-list-text\">G\u00f6z Kapa\u011f\u0131 Operasyonu<\/span>\n\t\t\t\t\t\t\t\t\t\t\t<\/a>\n\t\t\t\t\t\t\t\t\t<\/li>\n\t\t\t\t\t\t\t\t<li class=\"elementor-icon-list-item\">\n\t\t\t\t\t\t\t\t\t\t\t<a href=\"https:\/\/nisclinic.com\/tr\/facial-aesthetics-applications\/face-lift-surgery\/\">\n\n\t\t\t\t\t\t\t\t\t\t\t<span class=\"elementor-icon-list-text\">Y\u00fcz Germe Ameliyat\u0131<\/span>\n\t\t\t\t\t\t\t\t\t\t\t<\/a>\n\t\t\t\t\t\t\t\t\t<\/li>\n\t\t\t\t\t\t\t\t<li class=\"elementor-icon-list-item\">\n\t\t\t\t\t\t\t\t\t\t\t<a href=\"https:\/\/nisclinic.com\/tr\/facial-aesthetics-applications\/simple-nose-aesthetics\/\">\n\n\t\t\t\t\t\t\t\t\t\t\t<span class=\"elementor-icon-list-text\">Basit Burun Esteti\u011fi<\/span>\n\t\t\t\t\t\t\t\t\t\t\t<\/a>\n\t\t\t\t\t\t\t\t\t<\/li>\n\t\t\t\t\t\t\t\t<li class=\"elementor-icon-list-item\">\n\t\t\t\t\t\t\t\t\t\t\t<a href=\"https:\/\/nisclinic.com\/tr\/facial-aesthetics-applications\/oil-bank\/\">\n\n\t\t\t\t\t\t\t\t\t\t\t<span class=\"elementor-icon-list-text\">Ya\u011f Bankas\u0131<\/span>\n\t\t\t\t\t\t\t\t\t\t\t<\/a>\n\t\t\t\t\t\t\t\t\t<\/li>\n\t\t\t\t\t\t<\/ul>\n\t\t\t\t<\/div>\n\t\t\t\t<\/div>\n\t\t\t\t\t<\/div>\n\t\t<\/div>\n\t\t\t\t\t\t\t<\/div>\n\t\t<\/section>\n\t\t\t\t\t<\/div>\n\t\t<\/div>\n\t\t\t\t<div class=\"elementor-column elementor-col-50 elementor-top-column elementor-element elementor-element-82423ff animated-fast elementor-invisible\" data-id=\"82423ff\" data-element_type=\"column\" data-settings=\"{&quot;animation&quot;:&quot;ova-move-up&quot;,&quot;animation_tablet&quot;:&quot;none&quot;,&quot;animation_delay&quot;:100}\">\n\t\t\t<div class=\"elementor-widget-wrap elementor-element-populated\">\n\t\t\t\t\t\t\t\t<section class=\"elementor-section elementor-inner-section elementor-element elementor-element-7edfc01 elementor-section-boxed elementor-section-height-default elementor-section-height-default\" data-id=\"7edfc01\" data-element_type=\"section\">\n\t\t\t\t\t\t<div class=\"elementor-container elementor-column-gap-default\">\n\t\t\t\t\t<div class=\"elementor-column elementor-col-100 elementor-inner-column elementor-element elementor-element-7dadf70\" data-id=\"7dadf70\" data-element_type=\"column\">\n\t\t\t<div class=\"elementor-widget-wrap elementor-element-populated\">\n\t\t\t\t\t\t\t\t<div class=\"elementor-element elementor-element-1f40163 elementor-widget elementor-widget-infetech_elementor_heading\" data-id=\"1f40163\" data-element_type=\"widget\" data-widget_type=\"infetech_elementor_heading.default\">\n\t\t\t\t<div class=\"elementor-widget-container\">\n\t\t\t\n\t\t\t<div class=\"ova-heading\">\n\t\t\t\t\n\t\t\t\t\t\t\t\t\t<h2 class=\"sub-title\">\n\t\t\t\t\t\t<span class=\"underlined\"><\/span>\n\t\t\t\t\t\tY\u00fcz Esteti\u011fi Uygulamalar\u0131\t\t\t\t\t<\/h2>\t\n\t\t\t\t\n\t\t\t\t\n\t\t\t\t\t<h3 class=\"title\">\t\t\t\t\t\t\t\t\t\t\t\t\tY\u00fcz Germe Ameliyat\u0131\t\t\t\t\t\t\t\t\t\t\t<\/h3>\n                \n\t\t\t<\/div>\n\n\t\t\t\t<\/div>\n\t\t\t\t<\/div>\n\t\t\t\t<div class=\"elementor-element elementor-element-02d72c9 elementor-widget elementor-widget-image\" data-id=\"02d72c9\" data-element_type=\"widget\" data-widget_type=\"image.default\">\n\t\t\t\t<div class=\"elementor-widget-container\">\n\t\t\t<style>\/*! elementor - v3.8.0 - 30-10-2022 *\/\n.elementor-widget-image{text-align:center}.elementor-widget-image a{display:inline-block}.elementor-widget-image a img[src$=\".svg\"]{width:48px}.elementor-widget-image img{vertical-align:middle;display:inline-block}<\/style>\t\t\t\t\t\t\t\t\t\t\t\t<img loading=\"lazy\" decoding=\"async\" width=\"1568\" height=\"600\" src=\"https:\/\/nisclinic.com\/wp-content\/uploads\/2022\/10\/face-lift-surgery.jpg\" class=\"attachment-full size-full\" alt=\"\" srcset=\"https:\/\/nisclinic.com\/wp-content\/uploads\/2022\/10\/face-lift-surgery.jpg 1568w, https:\/\/nisclinic.com\/wp-content\/uploads\/2022\/10\/face-lift-surgery-300x115.jpg 300w, https:\/\/nisclinic.com\/wp-content\/uploads\/2022\/10\/face-lift-surgery-1024x392.jpg 1024w, https:\/\/nisclinic.com\/wp-content\/uploads\/2022\/10\/face-lift-surgery-768x294.jpg 768w, https:\/\/nisclinic.com\/wp-content\/uploads\/2022\/10\/face-lift-surgery-1536x588.jpg 1536w\" sizes=\"auto, (max-width: 1568px) 100vw, 1568px\" \/>\t\t\t\t\t\t\t\t\t\t\t\t\t\t\t<\/div>\n\t\t\t\t<\/div>\n\t\t\t\t<div class=\"elementor-element elementor-element-6d3fbb8 elementor-widget elementor-widget-text-editor\" data-id=\"6d3fbb8\" data-element_type=\"widget\" data-widget_type=\"text-editor.default\">\n\t\t\t\t<div class=\"elementor-widget-container\">\n\t\t\t\t\t\t\t<p>Klasik y\u00fcz germe operasyonlar\u0131 \u00fcst ve orta y\u00fczdeki ya\u015flanma problemlerinin \u00e7\u00f6z\u00fcm\u00fcn\u00fc de i\u00e7eren kombine y\u00fcz gen\u00e7le\u015ftirme operasyonlar\u0131n\u0131n tamamlay\u0131c\u0131s\u0131d\u0131r.<br \/><br \/>Orta ya\u015fl\u0131 ki\u015filerde endoskopik y\u00f6ntemlerle \u00fcst ve orta y\u00fcz gerildikten sonra \u00e7ene kenarlar\u0131n\u0131n belirginle\u015fmesi, yanak \u00f6n\u00fcnde olu\u015fan fazla derinin toparlanmas\u0131 ve a\u011f\u0131z kenarlar\u0131ndaki sark\u0131kl\u0131\u011f\u0131n giderilmesi i\u00e7in klasik y\u00fcz germe operasyonu yeterli olacakt\u0131r. \u0130leri ya\u015flardaki ki\u015filerde ise ek olarak boyun derisi gev\u015fekli\u011fine, boyundaki sarkmaya ve boyun kas\u0131na (platizma kas\u0131na) m\u00fcdahale edilmesi gerekebilir.<\/p>\t\t\t\t\t\t<\/div>\n\t\t\t\t<\/div>\n\t\t\t\t\t<\/div>\n\t\t<\/div>\n\t\t\t\t\t\t\t<\/div>\n\t\t<\/section>\n\t\t\t\t\t<\/div>\n\t\t<\/div>\n\t\t\t\t\t\t\t<\/div>\n\t\t<\/section>\n\t\t\t\t<section class=\"elementor-section elementor-top-section elementor-element elementor-element-5a46a614 ova-geometry4 elementor-section-boxed elementor-section-height-default elementor-section-height-default\" data-id=\"5a46a614\" data-element_type=\"section\" data-settings=\"{&quot;background_background&quot;:&quot;classic&quot;}\">\n\t\t\t\t\t\t<div class=\"elementor-container elementor-column-gap-default\">\n\t\t\t\t\t<div class=\"elementor-column elementor-col-50 elementor-top-column elementor-element elementor-element-51ff1208\" data-id=\"51ff1208\" data-element_type=\"column\">\n\t\t\t<div class=\"elementor-widget-wrap elementor-element-populated\">\n\t\t\t\t\t\t\t\t<div class=\"elementor-element elementor-element-44db072f elementor-widget__width-auto elementor-widget elementor-widget-infetech_elementor_heading\" data-id=\"44db072f\" data-element_type=\"widget\" data-widget_type=\"infetech_elementor_heading.default\">\n\t\t\t\t<div class=\"elementor-widget-container\">\n\t\t\t\n\t\t\t<div class=\"ova-heading\">\n\t\t\t\t\n\t\t\t\t\t\t\t\t\t<h2 class=\"sub-title\">\n\t\t\t\t\t\t<span class=\"underlined\"><\/span>\n\t\t\t\t\t\tDurmay\u0131n, hemen aray\u0131n ! Uzmanlar\u0131m\u0131z taraf\u0131ndan verilen cevaplar ile hemen randevunuzu olu\u015ftural\u0131m.\t\t\t\t\t<\/h2>\t\n\t\t\t\t\n\t\t\t\t\n\t\t\t\t\t<h3 class=\"title\">\t\t\t\t\t\t\t\t\t\t\t\t\tDaha fazla bilgiye mi \u0130htiyaniz var ?\t\t\t\t\t\t\t\t\t\t\t<\/h3>\n                \n\t\t\t<\/div>\n\n\t\t\t\t<\/div>\n\t\t\t\t<\/div>\n\t\t\t\t\t<\/div>\n\t\t<\/div>\n\t\t\t\t<div class=\"elementor-column elementor-col-50 elementor-top-column elementor-element elementor-element-3708a782\" data-id=\"3708a782\" data-element_type=\"column\">\n\t\t\t<div class=\"elementor-widget-wrap elementor-element-populated\">\n\t\t\t\t\t\t\t\t<div class=\"elementor-element elementor-element-55e2f1c3 elementor-align-right elementor-widget elementor-widget-button\" data-id=\"55e2f1c3\" data-element_type=\"widget\" data-widget_type=\"button.default\">\n\t\t\t\t<div class=\"elementor-widget-container\">\n\t\t\t\t\t<div class=\"elementor-button-wrapper\">\n\t\t\t<a href=\"#elementor-action%3Aaction%3Dpopup%3Aopen%26settings%3DeyJpZCI6NjMyOCwidG9nZ2xlIjpmYWxzZX0%3D\" class=\"elementor-button-link elementor-button elementor-size-sm\" role=\"button\">\n\t\t\t\t\t\t<span class=\"elementor-button-content-wrapper\">\n\t\t\t\t\t\t<span class=\"elementor-button-text\">S\u0130Z\u0130 ARAYALIM<\/span>\n\t\t<\/span>\n\t\t\t\t\t<\/a>\n\t\t<\/div>\n\t\t\t\t<\/div>\n\t\t\t\t<\/div>\n\t\t\t\t\t<\/div>\n\t\t<\/div>\n\t\t\t\t\t\t\t<\/div>\n\t\t<\/section>\n\t\t\t\t\t\t\t<\/div>\n\t\t","protected":false},"excerpt":{"rendered":"<p>Ana Sayfa Y\u00fcz Esteti\u011fi Uygulamalar\u0131 Y\u00fcz Germe Ameliyat\u0131 \u00d6r\u00fcmcek A\u011f\u0131 Tedavisi (Ameliyats\u0131z Y\u00fcz Germe) Ka\u015f Kald\u0131rma G\u00f6z Kapa\u011f\u0131 Operasyonu Y\u00fcz Germe Ameliyat\u0131 Basit Burun Esteti\u011fi Ya\u011f Bankas\u0131 Y\u00fcz Esteti\u011fi Uygulamalar\u0131 Y\u00fcz Germe Ameliyat\u0131 Klasik y\u00fcz germe operasyonlar\u0131 \u00fcst ve orta y\u00fczdeki ya\u015flanma problemlerinin \u00e7\u00f6z\u00fcm\u00fcn\u00fc de i\u00e7eren kombine y\u00fcz gen\u00e7le\u015ftirme operasyonlar\u0131n\u0131n tamamlay\u0131c\u0131s\u0131d\u0131r. Orta ya\u015fl\u0131 ki\u015filerde endoskopik [&hellip;]<\/p>\n","protected":false},"author":1,"featured_media":0,"parent":6460,"menu_order":0,"comment_status":"closed","ping_status":"closed","template":"elementor_header_footer","meta":{"footnotes":""},"class_list":["post-6489","page","type-page","status-publish","hentry"],"_links":{"self":[{"href":"https:\/\/nisclinic.com\/tr\/wp-json\/wp\/v2\/pages\/6489","targetHints":{"allow":["GET"]}}],"collection":[{"href":"https:\/\/nisclinic.com\/tr\/wp-json\/wp\/v2\/pages"}],"about":[{"href":"https:\/\/nisclinic.com\/tr\/wp-json\/wp\/v2\/types\/page"}],"author":[{"embeddable":true,"href":"https:\/\/nisclinic.com\/tr\/wp-json\/wp\/v2\/users\/1"}],"replies":[{"embeddable":true,"href":"https:\/\/nisclinic.com\/tr\/wp-json\/wp\/v2\/comments?post=6489"}],"version-history":[{"count":4,"href":"https:\/\/nisclinic.com\/tr\/wp-json\/wp\/v2\/pages\/6489\/revisions"}],"predecessor-version":[{"id":6493,"href":"https:\/\/nisclinic.com\/tr\/wp-json\/wp\/v2\/pages\/6489\/revisions\/6493"}],"up":[{"embeddable":true,"href":"https:\/\/nisclinic.com\/tr\/wp-json\/wp\/v2\/pages\/6460"}],"wp:attachment":[{"href":"https:\/\/nisclinic.com\/tr\/wp-json\/wp\/v2\/media?parent=6489"}],"curies":[{"name":"wp","href":"https:\/\/api.w.org\/{rel}","templated":true}]}}