{"id":6468,"date":"2022-10-05T09:54:33","date_gmt":"2022-10-05T09:54:33","guid":{"rendered":"https:\/\/siteniincele.com\/nisclinic\/facial-aesthetics-applications\/spider-web-treatment-non-surgical-face-lift\/"},"modified":"2022-10-10T13:01:57","modified_gmt":"2022-10-10T13:01:57","slug":"spider-web-treatment-non-surgical-face-lift","status":"publish","type":"page","link":"https:\/\/nisclinic.com\/tr\/facial-aesthetics-applications\/spider-web-treatment-non-surgical-face-lift\/","title":{"rendered":"\u00d6r\u00fcmcek A\u011f\u0131 Tedavisi (Ameliyats\u0131z Y\u00fcz Germe)"},"content":{"rendered":"\t\t<div data-elementor-type=\"wp-page\" data-elementor-id=\"6468\" class=\"elementor elementor-6468 elementor-5656\">\n\t\t\t\t\t\t\t\t\t<section class=\"elementor-section elementor-top-section elementor-element elementor-element-3341125 elementor-section-boxed elementor-section-height-default elementor-section-height-default\" data-id=\"3341125\" data-element_type=\"section\" data-settings=\"{&quot;background_background&quot;:&quot;classic&quot;}\">\n\t\t\t\t\t\t<div class=\"elementor-container elementor-column-gap-default\">\n\t\t\t\t\t<div class=\"elementor-column elementor-col-100 elementor-top-column elementor-element elementor-element-ed6efee\" data-id=\"ed6efee\" data-element_type=\"column\">\n\t\t\t<div class=\"elementor-widget-wrap elementor-element-populated\">\n\t\t\t\t\t\t\t\t<div class=\"elementor-element elementor-element-6f3b510 elementor-widget elementor-widget-text-editor\" data-id=\"6f3b510\" data-element_type=\"widget\" data-widget_type=\"text-editor.default\">\n\t\t\t\t<div class=\"elementor-widget-container\">\n\t\t\t<style>\/*! elementor - v3.8.0 - 30-10-2022 *\/\n.elementor-widget-text-editor.elementor-drop-cap-view-stacked .elementor-drop-cap{background-color:#818a91;color:#fff}.elementor-widget-text-editor.elementor-drop-cap-view-framed .elementor-drop-cap{color:#818a91;border:3px solid;background-color:transparent}.elementor-widget-text-editor:not(.elementor-drop-cap-view-default) .elementor-drop-cap{margin-top:8px}.elementor-widget-text-editor:not(.elementor-drop-cap-view-default) .elementor-drop-cap-letter{width:1em;height:1em}.elementor-widget-text-editor .elementor-drop-cap{float:left;text-align:center;line-height:1;font-size:50px}.elementor-widget-text-editor .elementor-drop-cap-letter{display:inline-block}<\/style>\t\t\t\tAna Sayfa <i class=\"fa fa-chevron-right\"><\/i> <a href=\"https:\/\/nisclinic.com\/tr\/facial-aesthetics-applications\/\">Y\u00fcz Esteti\u011fi Uygulamalar\u0131<\/a> <i class=\"fa fa-chevron-right\"><\/i> <a href=\"https:\/\/nisclinic.com\/tr\/facial-aesthetics-applications\/spider-web-treatment-non-surgical-face-lift\/\">\u00d6r\u00fcmcek A\u011f\u0131 Tedavisi (Ameliyats\u0131z Y\u00fcz Germe)<\/a>\t\t\t\t\t\t<\/div>\n\t\t\t\t<\/div>\n\t\t\t\t\t<\/div>\n\t\t<\/div>\n\t\t\t\t\t\t\t<\/div>\n\t\t<\/section>\n\t\t\t\t<section class=\"elementor-section elementor-top-section elementor-element elementor-element-2e05cfe elementor-reverse-tablet elementor-reverse-mobile elementor-section-boxed elementor-section-height-default elementor-section-height-default\" data-id=\"2e05cfe\" data-element_type=\"section\">\n\t\t\t\t\t\t<div class=\"elementor-container elementor-column-gap-extended\">\n\t\t\t\t\t<div class=\"elementor-column elementor-col-50 elementor-top-column elementor-element elementor-element-8c53be7 animated-fast elementor-invisible\" data-id=\"8c53be7\" data-element_type=\"column\" data-settings=\"{&quot;animation&quot;:&quot;ova-move-up&quot;,&quot;animation_tablet&quot;:&quot;none&quot;,&quot;animation_delay&quot;:100}\">\n\t\t\t<div class=\"elementor-widget-wrap elementor-element-populated\">\n\t\t\t\t\t\t\t\t<section class=\"elementor-section elementor-inner-section elementor-element elementor-element-05e6b86 elementor-section-boxed elementor-section-height-default elementor-section-height-default\" data-id=\"05e6b86\" data-element_type=\"section\">\n\t\t\t\t\t\t<div class=\"elementor-container elementor-column-gap-default\">\n\t\t\t\t\t<div class=\"elementor-column elementor-col-100 elementor-inner-column elementor-element elementor-element-9335a88\" data-id=\"9335a88\" data-element_type=\"column\">\n\t\t\t<div class=\"elementor-widget-wrap elementor-element-populated\">\n\t\t\t\t\t\t\t\t<div class=\"elementor-element elementor-element-68500d6 elementor-icon-list--layout-traditional elementor-list-item-link-full_width elementor-widget elementor-widget-global elementor-global-6473 elementor-widget-icon-list\" data-id=\"68500d6\" data-element_type=\"widget\" id=\"sideitems\" data-widget_type=\"icon-list.default\">\n\t\t\t\t<div class=\"elementor-widget-container\">\n\t\t\t<link rel=\"stylesheet\" href=\"https:\/\/nisclinic.com\/wp-content\/plugins\/elementor\/assets\/css\/widget-icon-list.min.css\">\t\t<ul class=\"elementor-icon-list-items\">\n\t\t\t\t\t\t\t<li class=\"elementor-icon-list-item\">\n\t\t\t\t\t\t\t\t\t\t\t<a href=\"https:\/\/nisclinic.com\/tr\/facial-aesthetics-applications\/spider-web-treatment-non-surgical-face-lift\/\">\n\n\t\t\t\t\t\t\t\t\t\t\t<span class=\"elementor-icon-list-text\">\u00d6r\u00fcmcek A\u011f\u0131 Tedavisi (Ameliyats\u0131z Y\u00fcz Germe)<\/span>\n\t\t\t\t\t\t\t\t\t\t\t<\/a>\n\t\t\t\t\t\t\t\t\t<\/li>\n\t\t\t\t\t\t\t\t<li class=\"elementor-icon-list-item\">\n\t\t\t\t\t\t\t\t\t\t\t<a href=\"https:\/\/nisclinic.com\/tr\/facial-aesthetics-applications\/brow-lift\/\">\n\n\t\t\t\t\t\t\t\t\t\t\t<span class=\"elementor-icon-list-text\">Ka\u015f Kald\u0131rma<\/span>\n\t\t\t\t\t\t\t\t\t\t\t<\/a>\n\t\t\t\t\t\t\t\t\t<\/li>\n\t\t\t\t\t\t\t\t<li class=\"elementor-icon-list-item\">\n\t\t\t\t\t\t\t\t\t\t\t<a href=\"https:\/\/nisclinic.com\/tr\/facial-aesthetics-applications\/eyelid-operation\/\">\n\n\t\t\t\t\t\t\t\t\t\t\t<span class=\"elementor-icon-list-text\">G\u00f6z Kapa\u011f\u0131 Operasyonu<\/span>\n\t\t\t\t\t\t\t\t\t\t\t<\/a>\n\t\t\t\t\t\t\t\t\t<\/li>\n\t\t\t\t\t\t\t\t<li class=\"elementor-icon-list-item\">\n\t\t\t\t\t\t\t\t\t\t\t<a href=\"https:\/\/nisclinic.com\/tr\/facial-aesthetics-applications\/face-lift-surgery\/\">\n\n\t\t\t\t\t\t\t\t\t\t\t<span class=\"elementor-icon-list-text\">Y\u00fcz Germe Ameliyat\u0131<\/span>\n\t\t\t\t\t\t\t\t\t\t\t<\/a>\n\t\t\t\t\t\t\t\t\t<\/li>\n\t\t\t\t\t\t\t\t<li class=\"elementor-icon-list-item\">\n\t\t\t\t\t\t\t\t\t\t\t<a href=\"https:\/\/nisclinic.com\/tr\/facial-aesthetics-applications\/simple-nose-aesthetics\/\">\n\n\t\t\t\t\t\t\t\t\t\t\t<span class=\"elementor-icon-list-text\">Basit Burun Esteti\u011fi<\/span>\n\t\t\t\t\t\t\t\t\t\t\t<\/a>\n\t\t\t\t\t\t\t\t\t<\/li>\n\t\t\t\t\t\t\t\t<li class=\"elementor-icon-list-item\">\n\t\t\t\t\t\t\t\t\t\t\t<a href=\"https:\/\/nisclinic.com\/tr\/facial-aesthetics-applications\/oil-bank\/\">\n\n\t\t\t\t\t\t\t\t\t\t\t<span class=\"elementor-icon-list-text\">Ya\u011f Bankas\u0131<\/span>\n\t\t\t\t\t\t\t\t\t\t\t<\/a>\n\t\t\t\t\t\t\t\t\t<\/li>\n\t\t\t\t\t\t<\/ul>\n\t\t\t\t<\/div>\n\t\t\t\t<\/div>\n\t\t\t\t\t<\/div>\n\t\t<\/div>\n\t\t\t\t\t\t\t<\/div>\n\t\t<\/section>\n\t\t\t\t\t<\/div>\n\t\t<\/div>\n\t\t\t\t<div class=\"elementor-column elementor-col-50 elementor-top-column elementor-element elementor-element-82423ff animated-fast elementor-invisible\" data-id=\"82423ff\" data-element_type=\"column\" data-settings=\"{&quot;animation&quot;:&quot;ova-move-up&quot;,&quot;animation_tablet&quot;:&quot;none&quot;,&quot;animation_delay&quot;:100}\">\n\t\t\t<div class=\"elementor-widget-wrap elementor-element-populated\">\n\t\t\t\t\t\t\t\t<section class=\"elementor-section elementor-inner-section elementor-element elementor-element-7edfc01 elementor-section-boxed elementor-section-height-default elementor-section-height-default\" data-id=\"7edfc01\" data-element_type=\"section\">\n\t\t\t\t\t\t<div class=\"elementor-container elementor-column-gap-default\">\n\t\t\t\t\t<div class=\"elementor-column elementor-col-100 elementor-inner-column elementor-element elementor-element-7dadf70\" data-id=\"7dadf70\" data-element_type=\"column\">\n\t\t\t<div class=\"elementor-widget-wrap elementor-element-populated\">\n\t\t\t\t\t\t\t\t<div class=\"elementor-element elementor-element-1f40163 elementor-widget elementor-widget-infetech_elementor_heading\" data-id=\"1f40163\" data-element_type=\"widget\" data-widget_type=\"infetech_elementor_heading.default\">\n\t\t\t\t<div class=\"elementor-widget-container\">\n\t\t\t\n\t\t\t<div class=\"ova-heading\">\n\t\t\t\t\n\t\t\t\t\t\t\t\t\t<h2 class=\"sub-title\">\n\t\t\t\t\t\t<span class=\"underlined\"><\/span>\n\t\t\t\t\t\tY\u00fcz Esteti\u011fi Uygulamalar\u0131\t\t\t\t\t<\/h2>\t\n\t\t\t\t\n\t\t\t\t\n\t\t\t\t\t<h3 class=\"title\">\t\t\t\t\t\t\t\t\t\t\t\t\t\u00d6r\u00fcmcek A\u011f\u0131 Tedavisi (Ameliyats\u0131z Y\u00fcz Germe)\t\t\t\t\t\t\t\t\t\t\t<\/h3>\n                \n\t\t\t<\/div>\n\n\t\t\t\t<\/div>\n\t\t\t\t<\/div>\n\t\t\t\t<div class=\"elementor-element elementor-element-02d72c9 elementor-widget elementor-widget-image\" data-id=\"02d72c9\" data-element_type=\"widget\" data-widget_type=\"image.default\">\n\t\t\t\t<div class=\"elementor-widget-container\">\n\t\t\t<style>\/*! elementor - v3.8.0 - 30-10-2022 *\/\n.elementor-widget-image{text-align:center}.elementor-widget-image a{display:inline-block}.elementor-widget-image a img[src$=\".svg\"]{width:48px}.elementor-widget-image img{vertical-align:middle;display:inline-block}<\/style>\t\t\t\t\t\t\t\t\t\t\t\t<img loading=\"lazy\" decoding=\"async\" width=\"1568\" height=\"600\" src=\"https:\/\/nisclinic.com\/wp-content\/uploads\/2022\/10\/Spider-Web-Treatment.jpg\" class=\"attachment-full size-full\" alt=\"\" srcset=\"https:\/\/nisclinic.com\/wp-content\/uploads\/2022\/10\/Spider-Web-Treatment.jpg 1568w, https:\/\/nisclinic.com\/wp-content\/uploads\/2022\/10\/Spider-Web-Treatment-300x115.jpg 300w, https:\/\/nisclinic.com\/wp-content\/uploads\/2022\/10\/Spider-Web-Treatment-1024x392.jpg 1024w, https:\/\/nisclinic.com\/wp-content\/uploads\/2022\/10\/Spider-Web-Treatment-768x294.jpg 768w, https:\/\/nisclinic.com\/wp-content\/uploads\/2022\/10\/Spider-Web-Treatment-1536x588.jpg 1536w\" sizes=\"auto, (max-width: 1568px) 100vw, 1568px\" \/>\t\t\t\t\t\t\t\t\t\t\t\t\t\t\t<\/div>\n\t\t\t\t<\/div>\n\t\t\t\t<div class=\"elementor-element elementor-element-6d3fbb8 elementor-widget elementor-widget-text-editor\" data-id=\"6d3fbb8\" data-element_type=\"widget\" data-widget_type=\"text-editor.default\">\n\t\t\t\t<div class=\"elementor-widget-container\">\n\t\t\t\t\t\t\t<p>Ameliyats\u0131z y\u00fcz germe i\u015flemi ayn\u0131 zamanda Ultra V Lift diye de bilinen, \u00e7ok daha do\u011fal g\u00f6r\u00fcnen sonu\u00e7lar yaratan d\u00fcz ya da k\u0131l\u00e7\u0131kl\u0131 ameliyat iplikleri kullan\u0131larak yap\u0131lan germe tekni\u011fidir. Ayn\u0131 zamanda Kont\u00fcr Lifti, Siluet Lifti, Rus ipi, Anti-ptos \u0130p Lifti, \u00d6r\u00fcmcek A\u011f\u0131 Esteti\u011fi olarak da bilinir.<\/p><p>Ameliyats\u0131z y\u00fcz asma i\u015flemi ise k\u0131l\u00e7\u0131kl\u0131 ve daha kal\u0131n iplerin kan\u00fcl yard\u0131m\u0131yla sarkan b\u00f6lgelere yerle\u015ftirilerek ask\u0131ya al\u0131nmas\u0131 y\u00f6ntemidir. \u00d6r\u00fcmcek a\u011f\u0131 esteti\u011fi, daha g\u00fcvenli ve \u00e7abuk sonu\u00e7lar g\u00f6rebilece\u011finiz, \u00f6zellikle sarkan yanak ve \u00e7ene g\u00f6r\u00fcnt\u00fcs\u00fc i\u00e7in olduk\u00e7a etkili bir y\u00f6ntemdir. Bu i\u015flemde elastikiyeti kaybolmu\u015f b\u00f6lgeleri tekrardan eski pozisyonuna getirmek i\u00e7in alerji yapmayan PDO ameliyat iplikleri kullan\u0131l\u0131r. Cildin alt\u0131na minimal d\u00fczeyde girilen bu i\u015flem sayesinde \u00e7ok yo\u011fun haz\u0131rl\u0131k ve uzun s\u00fcren a\u00e7\u0131k ameliyatlara g\u00f6re daha uygun fiyata daha g\u00fcvenli sonu\u00e7lar al\u0131n\u0131r ve bu sonu\u00e7lar yakla\u015f\u0131k 2 y\u0131l kadar dayan\u0131r. Ayn\u0131 zamanda hastan\u0131n i\u015flem sonras\u0131nda g\u00fcnl\u00fck aktivitelerine d\u00f6nmesi \u00e7ok daha k\u0131sa s\u00fcrmektedir.<\/p><p>Ameliyata ihtiyac\u0131 ortadan kald\u0131ran bu iple y\u00fcz germe i\u015flemi, son d\u00f6nemde bas\u0131n taraf\u0131ndan da olduk\u00e7a ilgi g\u00f6rmektedir. Pop\u00fclerli\u011fi artt\u0131k\u00e7a uygulayan say\u0131s\u0131 artan bu i\u015flemin ancak, i\u015finin ehli ki\u015filerce yap\u0131lmas\u0131n\u0131 tavsiye ediyoruz. \u0130ple germe tekni\u011fi, \u00e7ok k\u0131sa bir iyile\u015fme s\u00fcrecine sahip ve baz\u0131 doktorlar bu y\u00fczden bu i\u015flemi \u00f6\u011fle-aras\u0131-lifti veya hafta sonu lifti olarak adland\u0131rmakta, \u00e7\u00fcnk\u00fc yaln\u0131zca 30 dakika i\u00e7inde i\u015flem tamamlanabiliyor<\/p>\t\t\t\t\t\t<\/div>\n\t\t\t\t<\/div>\n\t\t\t\t\t<\/div>\n\t\t<\/div>\n\t\t\t\t\t\t\t<\/div>\n\t\t<\/section>\n\t\t\t\t\t<\/div>\n\t\t<\/div>\n\t\t\t\t\t\t\t<\/div>\n\t\t<\/section>\n\t\t\t\t<section class=\"elementor-section elementor-top-section elementor-element elementor-element-16b28b98 ova-geometry4 elementor-section-boxed elementor-section-height-default elementor-section-height-default\" data-id=\"16b28b98\" data-element_type=\"section\" data-settings=\"{&quot;background_background&quot;:&quot;classic&quot;}\">\n\t\t\t\t\t\t<div class=\"elementor-container elementor-column-gap-default\">\n\t\t\t\t\t<div class=\"elementor-column elementor-col-50 elementor-top-column elementor-element elementor-element-540ed583\" data-id=\"540ed583\" data-element_type=\"column\">\n\t\t\t<div class=\"elementor-widget-wrap elementor-element-populated\">\n\t\t\t\t\t\t\t\t<div class=\"elementor-element elementor-element-18d5ee17 elementor-widget__width-auto elementor-widget elementor-widget-infetech_elementor_heading\" data-id=\"18d5ee17\" data-element_type=\"widget\" data-widget_type=\"infetech_elementor_heading.default\">\n\t\t\t\t<div class=\"elementor-widget-container\">\n\t\t\t\n\t\t\t<div class=\"ova-heading\">\n\t\t\t\t\n\t\t\t\t\t\t\t\t\t<h2 class=\"sub-title\">\n\t\t\t\t\t\t<span class=\"underlined\"><\/span>\n\t\t\t\t\t\tDurmay\u0131n, hemen aray\u0131n ! Uzmanlar\u0131m\u0131z taraf\u0131ndan verilen cevaplar ile hemen randevunuzu olu\u015ftural\u0131m.\t\t\t\t\t<\/h2>\t\n\t\t\t\t\n\t\t\t\t\n\t\t\t\t\t<h3 class=\"title\">\t\t\t\t\t\t\t\t\t\t\t\t\tDaha fazla bilgiye mi \u0130htiyaniz var ?\t\t\t\t\t\t\t\t\t\t\t<\/h3>\n                \n\t\t\t<\/div>\n\n\t\t\t\t<\/div>\n\t\t\t\t<\/div>\n\t\t\t\t\t<\/div>\n\t\t<\/div>\n\t\t\t\t<div class=\"elementor-column elementor-col-50 elementor-top-column elementor-element elementor-element-3d119972\" data-id=\"3d119972\" data-element_type=\"column\">\n\t\t\t<div class=\"elementor-widget-wrap elementor-element-populated\">\n\t\t\t\t\t\t\t\t<div class=\"elementor-element elementor-element-6e8ae352 elementor-align-right elementor-widget elementor-widget-button\" data-id=\"6e8ae352\" data-element_type=\"widget\" data-widget_type=\"button.default\">\n\t\t\t\t<div class=\"elementor-widget-container\">\n\t\t\t\t\t<div class=\"elementor-button-wrapper\">\n\t\t\t<a href=\"#elementor-action%3Aaction%3Dpopup%3Aopen%26settings%3DeyJpZCI6NjMyOCwidG9nZ2xlIjpmYWxzZX0%3D\" class=\"elementor-button-link elementor-button elementor-size-sm\" role=\"button\">\n\t\t\t\t\t\t<span class=\"elementor-button-content-wrapper\">\n\t\t\t\t\t\t<span class=\"elementor-button-text\">S\u0130Z\u0130 ARAYALIM<\/span>\n\t\t<\/span>\n\t\t\t\t\t<\/a>\n\t\t<\/div>\n\t\t\t\t<\/div>\n\t\t\t\t<\/div>\n\t\t\t\t\t<\/div>\n\t\t<\/div>\n\t\t\t\t\t\t\t<\/div>\n\t\t<\/section>\n\t\t\t\t\t\t\t<\/div>\n\t\t","protected":false},"excerpt":{"rendered":"<p>Ana Sayfa Y\u00fcz Esteti\u011fi Uygulamalar\u0131 \u00d6r\u00fcmcek A\u011f\u0131 Tedavisi (Ameliyats\u0131z Y\u00fcz Germe) \u00d6r\u00fcmcek A\u011f\u0131 Tedavisi (Ameliyats\u0131z Y\u00fcz Germe) Ka\u015f Kald\u0131rma G\u00f6z Kapa\u011f\u0131 Operasyonu Y\u00fcz Germe Ameliyat\u0131 Basit Burun Esteti\u011fi Ya\u011f Bankas\u0131 Y\u00fcz Esteti\u011fi Uygulamalar\u0131 \u00d6r\u00fcmcek A\u011f\u0131 Tedavisi (Ameliyats\u0131z Y\u00fcz Germe) Ameliyats\u0131z y\u00fcz germe i\u015flemi ayn\u0131 zamanda Ultra V Lift diye de bilinen, \u00e7ok daha do\u011fal g\u00f6r\u00fcnen [&hellip;]<\/p>\n","protected":false},"author":1,"featured_media":0,"parent":6460,"menu_order":0,"comment_status":"closed","ping_status":"closed","template":"elementor_header_footer","meta":{"footnotes":""},"class_list":["post-6468","page","type-page","status-publish","hentry"],"_links":{"self":[{"href":"https:\/\/nisclinic.com\/tr\/wp-json\/wp\/v2\/pages\/6468","targetHints":{"allow":["GET"]}}],"collection":[{"href":"https:\/\/nisclinic.com\/tr\/wp-json\/wp\/v2\/pages"}],"about":[{"href":"https:\/\/nisclinic.com\/tr\/wp-json\/wp\/v2\/types\/page"}],"author":[{"embeddable":true,"href":"https:\/\/nisclinic.com\/tr\/wp-json\/wp\/v2\/users\/1"}],"replies":[{"embeddable":true,"href":"https:\/\/nisclinic.com\/tr\/wp-json\/wp\/v2\/comments?post=6468"}],"version-history":[{"count":7,"href":"https:\/\/nisclinic.com\/tr\/wp-json\/wp\/v2\/pages\/6468\/revisions"}],"predecessor-version":[{"id":6478,"href":"https:\/\/nisclinic.com\/tr\/wp-json\/wp\/v2\/pages\/6468\/revisions\/6478"}],"up":[{"embeddable":true,"href":"https:\/\/nisclinic.com\/tr\/wp-json\/wp\/v2\/pages\/6460"}],"wp:attachment":[{"href":"https:\/\/nisclinic.com\/tr\/wp-json\/wp\/v2\/media?parent=6468"}],"curies":[{"name":"wp","href":"https:\/\/api.w.org\/{rel}","templated":true}]}}