{"id":6455,"date":"2022-10-06T06:46:28","date_gmt":"2022-10-06T06:46:28","guid":{"rendered":"https:\/\/siteniincele.com\/nisclinic\/breast-aesthetics-applications\/breast-reduction\/"},"modified":"2022-10-10T12:48:08","modified_gmt":"2022-10-10T12:48:08","slug":"breast-reduction","status":"publish","type":"page","link":"https:\/\/nisclinic.com\/tr\/breast-aesthetics-applications\/breast-reduction\/","title":{"rendered":"Meme K\u00fc\u00e7\u00fcltme"},"content":{"rendered":"\t\t<div data-elementor-type=\"wp-page\" data-elementor-id=\"6455\" class=\"elementor elementor-6455 elementor-5761\">\n\t\t\t\t\t\t\t\t\t<section class=\"elementor-section elementor-top-section elementor-element elementor-element-3341125 elementor-section-boxed elementor-section-height-default elementor-section-height-default\" data-id=\"3341125\" data-element_type=\"section\" data-settings=\"{&quot;background_background&quot;:&quot;classic&quot;}\">\n\t\t\t\t\t\t<div class=\"elementor-container elementor-column-gap-default\">\n\t\t\t\t\t<div class=\"elementor-column elementor-col-100 elementor-top-column elementor-element elementor-element-ed6efee\" data-id=\"ed6efee\" data-element_type=\"column\">\n\t\t\t<div class=\"elementor-widget-wrap elementor-element-populated\">\n\t\t\t\t\t\t\t\t<div class=\"elementor-element elementor-element-6f3b510 elementor-widget elementor-widget-text-editor\" data-id=\"6f3b510\" data-element_type=\"widget\" data-widget_type=\"text-editor.default\">\n\t\t\t\t<div class=\"elementor-widget-container\">\n\t\t\t<style>\/*! elementor - v3.8.0 - 30-10-2022 *\/\n.elementor-widget-text-editor.elementor-drop-cap-view-stacked .elementor-drop-cap{background-color:#818a91;color:#fff}.elementor-widget-text-editor.elementor-drop-cap-view-framed .elementor-drop-cap{color:#818a91;border:3px solid;background-color:transparent}.elementor-widget-text-editor:not(.elementor-drop-cap-view-default) .elementor-drop-cap{margin-top:8px}.elementor-widget-text-editor:not(.elementor-drop-cap-view-default) .elementor-drop-cap-letter{width:1em;height:1em}.elementor-widget-text-editor .elementor-drop-cap{float:left;text-align:center;line-height:1;font-size:50px}.elementor-widget-text-editor .elementor-drop-cap-letter{display:inline-block}<\/style>\t\t\t\tHome <i class=\"fa fa-chevron-right\"><\/i> <a href=\"https:\/\/nisclinic.com\/tr\/breast-aesthetics-applications\/\">Meme Esteti\u011fi Uygulamalar\u0131<\/a> <i class=\"fa fa-chevron-right\"><\/i> <a href=\"https:\/\/nisclinic.com\/tr\/breast-aesthetics-applications\/breast-reduction\/\">Meme K\u00fc\u00e7\u00fcltme<\/a>\t\t\t\t\t\t<\/div>\n\t\t\t\t<\/div>\n\t\t\t\t\t<\/div>\n\t\t<\/div>\n\t\t\t\t\t\t\t<\/div>\n\t\t<\/section>\n\t\t\t\t<section class=\"elementor-section elementor-top-section elementor-element elementor-element-2e05cfe elementor-reverse-tablet elementor-reverse-mobile elementor-section-boxed elementor-section-height-default elementor-section-height-default\" data-id=\"2e05cfe\" data-element_type=\"section\">\n\t\t\t\t\t\t<div class=\"elementor-container elementor-column-gap-extended\">\n\t\t\t\t\t<div class=\"elementor-column elementor-col-50 elementor-top-column elementor-element elementor-element-8c53be7 animated-fast elementor-invisible\" data-id=\"8c53be7\" data-element_type=\"column\" data-settings=\"{&quot;animation&quot;:&quot;ova-move-up&quot;,&quot;animation_tablet&quot;:&quot;none&quot;,&quot;animation_delay&quot;:100}\">\n\t\t\t<div class=\"elementor-widget-wrap elementor-element-populated\">\n\t\t\t\t\t\t\t\t<section class=\"elementor-section elementor-inner-section elementor-element elementor-element-05e6b86 elementor-section-boxed elementor-section-height-default elementor-section-height-default\" data-id=\"05e6b86\" data-element_type=\"section\">\n\t\t\t\t\t\t<div class=\"elementor-container elementor-column-gap-default\">\n\t\t\t\t\t<div class=\"elementor-column elementor-col-100 elementor-inner-column elementor-element elementor-element-9335a88\" data-id=\"9335a88\" data-element_type=\"column\">\n\t\t\t<div class=\"elementor-widget-wrap elementor-element-populated\">\n\t\t\t\t\t\t\t\t<div class=\"elementor-element elementor-element-594235e elementor-icon-list--layout-traditional elementor-list-item-link-full_width elementor-widget elementor-widget-global elementor-global-6443 elementor-widget-icon-list\" data-id=\"594235e\" data-element_type=\"widget\" id=\"sideitems\" data-widget_type=\"icon-list.default\">\n\t\t\t\t<div class=\"elementor-widget-container\">\n\t\t\t<link rel=\"stylesheet\" href=\"https:\/\/nisclinic.com\/wp-content\/plugins\/elementor\/assets\/css\/widget-icon-list.min.css\">\t\t<ul class=\"elementor-icon-list-items\">\n\t\t\t\t\t\t\t<li class=\"elementor-icon-list-item\">\n\t\t\t\t\t\t\t\t\t\t\t<a href=\"https:\/\/nisclinic.com\/tr\/breast-aesthetics-applications\/breast-lift\/\">\n\n\t\t\t\t\t\t\t\t\t\t\t<span class=\"elementor-icon-list-text\">Meme Dikle\u015ftirme<\/span>\n\t\t\t\t\t\t\t\t\t\t\t<\/a>\n\t\t\t\t\t\t\t\t\t<\/li>\n\t\t\t\t\t\t\t\t<li class=\"elementor-icon-list-item\">\n\t\t\t\t\t\t\t\t\t\t\t<a href=\"https:\/\/nisclinic.com\/tr\/breast-aesthetics-applications\/breast-augmentation\/\">\n\n\t\t\t\t\t\t\t\t\t\t\t<span class=\"elementor-icon-list-text\">Meme B\u00fcy\u00fctme<\/span>\n\t\t\t\t\t\t\t\t\t\t\t<\/a>\n\t\t\t\t\t\t\t\t\t<\/li>\n\t\t\t\t\t\t\t\t<li class=\"elementor-icon-list-item\">\n\t\t\t\t\t\t\t\t\t\t\t<a href=\"https:\/\/nisclinic.com\/tr\/breast-aesthetics-applications\/breast-reduction\/\">\n\n\t\t\t\t\t\t\t\t\t\t\t<span class=\"elementor-icon-list-text\">Meme K\u00fc\u00e7\u00fcltme<\/span>\n\t\t\t\t\t\t\t\t\t\t\t<\/a>\n\t\t\t\t\t\t\t\t\t<\/li>\n\t\t\t\t\t\t<\/ul>\n\t\t\t\t<\/div>\n\t\t\t\t<\/div>\n\t\t\t\t\t<\/div>\n\t\t<\/div>\n\t\t\t\t\t\t\t<\/div>\n\t\t<\/section>\n\t\t\t\t\t<\/div>\n\t\t<\/div>\n\t\t\t\t<div class=\"elementor-column elementor-col-50 elementor-top-column elementor-element elementor-element-82423ff animated-fast elementor-invisible\" data-id=\"82423ff\" data-element_type=\"column\" data-settings=\"{&quot;animation&quot;:&quot;ova-move-up&quot;,&quot;animation_tablet&quot;:&quot;none&quot;,&quot;animation_delay&quot;:100}\">\n\t\t\t<div class=\"elementor-widget-wrap elementor-element-populated\">\n\t\t\t\t\t\t\t\t<section class=\"elementor-section elementor-inner-section elementor-element elementor-element-7edfc01 elementor-section-boxed elementor-section-height-default elementor-section-height-default\" data-id=\"7edfc01\" data-element_type=\"section\">\n\t\t\t\t\t\t<div class=\"elementor-container elementor-column-gap-default\">\n\t\t\t\t\t<div class=\"elementor-column elementor-col-100 elementor-inner-column elementor-element elementor-element-7dadf70\" data-id=\"7dadf70\" data-element_type=\"column\">\n\t\t\t<div class=\"elementor-widget-wrap elementor-element-populated\">\n\t\t\t\t\t\t\t\t<div class=\"elementor-element elementor-element-1f40163 elementor-widget elementor-widget-infetech_elementor_heading\" data-id=\"1f40163\" data-element_type=\"widget\" data-widget_type=\"infetech_elementor_heading.default\">\n\t\t\t\t<div class=\"elementor-widget-container\">\n\t\t\t\n\t\t\t<div class=\"ova-heading\">\n\t\t\t\t\n\t\t\t\t\t\t\t\t\t<h2 class=\"sub-title\">\n\t\t\t\t\t\t<span class=\"underlined\"><\/span>\n\t\t\t\t\t\tMeme Esteti\u011fi Uygulamalar\u0131\t\t\t\t\t<\/h2>\t\n\t\t\t\t\n\t\t\t\t\n\t\t\t\t\t<h3 class=\"title\">\t\t\t\t\t\t\t\t\t\t\t\t\tMeme K\u00fc\u00e7\u00fcltme\t\t\t\t\t\t\t\t\t\t\t<\/h3>\n                \n\t\t\t<\/div>\n\n\t\t\t\t<\/div>\n\t\t\t\t<\/div>\n\t\t\t\t<div class=\"elementor-element elementor-element-02d72c9 elementor-widget elementor-widget-image\" data-id=\"02d72c9\" data-element_type=\"widget\" data-widget_type=\"image.default\">\n\t\t\t\t<div class=\"elementor-widget-container\">\n\t\t\t<style>\/*! elementor - v3.8.0 - 30-10-2022 *\/\n.elementor-widget-image{text-align:center}.elementor-widget-image a{display:inline-block}.elementor-widget-image a img[src$=\".svg\"]{width:48px}.elementor-widget-image img{vertical-align:middle;display:inline-block}<\/style>\t\t\t\t\t\t\t\t\t\t\t\t<img loading=\"lazy\" decoding=\"async\" width=\"1568\" height=\"600\" src=\"https:\/\/nisclinic.com\/wp-content\/uploads\/2022\/10\/breast-reduction.jpg\" class=\"attachment-full size-full\" alt=\"\" srcset=\"https:\/\/nisclinic.com\/wp-content\/uploads\/2022\/10\/breast-reduction.jpg 1568w, https:\/\/nisclinic.com\/wp-content\/uploads\/2022\/10\/breast-reduction-300x115.jpg 300w, https:\/\/nisclinic.com\/wp-content\/uploads\/2022\/10\/breast-reduction-1024x392.jpg 1024w, https:\/\/nisclinic.com\/wp-content\/uploads\/2022\/10\/breast-reduction-768x294.jpg 768w, https:\/\/nisclinic.com\/wp-content\/uploads\/2022\/10\/breast-reduction-1536x588.jpg 1536w\" sizes=\"auto, (max-width: 1568px) 100vw, 1568px\" \/>\t\t\t\t\t\t\t\t\t\t\t\t\t\t\t<\/div>\n\t\t\t\t<\/div>\n\t\t\t\t<div class=\"elementor-element elementor-element-6d3fbb8 elementor-widget elementor-widget-text-editor\" data-id=\"6d3fbb8\" data-element_type=\"widget\" data-widget_type=\"text-editor.default\">\n\t\t\t\t<div class=\"elementor-widget-container\">\n\t\t\t\t\t\t\t<p>Meme k\u00fc\u00e7\u00fcltme ameliyat\u0131 kad\u0131nlarda g\u00f6\u011f\u00fcslerin g\u00f6r\u00fcn\u00fc\u015f\u00fcn\u00fc daha estetik hale getirmek, bunun yan\u0131 s\u0131ra b\u00fcy\u00fck memelerin getirdi\u011fi bir tak\u0131m sa\u011fl\u0131k problemlerini \u00e7\u00f6zmek i\u00e7in yap\u0131lan bir ameliyatt\u0131r.<br \/><br \/>Bu sorunlar s\u0131rt a\u011fr\u0131s\u0131, el bileklerinde a\u011fr\u0131, memelerin alt\u0131nda a\u015f\u0131r\u0131 terleme, pi\u015fik ve enfeksiyon gibi problemlerdir.<br \/><br \/>G\u00f6\u011f\u00fcslerin a\u015f\u0131r\u0131 iri olmas\u0131 kal\u0131tsal \u00f6zelliklere, hormonal sebeplere, a\u015f\u0131r\u0131 kilolu olmaya ya da hamilelikten sonra kilo verememeye ba\u011fl\u0131 olabilir.<br \/><br \/>G\u00f6\u011f\u00fcslerin a\u015f\u0131r\u0131 iri olmas\u0131;<\/p><ul><li>Duru\u015f bozuklu\u011funa (kamburluk)<\/li><li>S\u0131rt ve boyun a\u011fr\u0131s\u0131na<\/li><li>Ellerde uyu\u015fma ve g\u00fc\u00e7 kayb\u0131na (el-kol sinirlerinin omuzda s\u0131k\u0131\u015fmas\u0131na ba\u011fl\u0131d\u0131r)<\/li><li>Memelerin alt\u0131nda pi\u015fik ve k\u00f6t\u00fc kokuya<\/li><li>Omuzlarda sutyen ask\u0131lar\u0131n\u0131n yapt\u0131\u011f\u0131 bask\u0131ya ba\u011fl\u0131 izlere<\/li><li>\u00d6zellikle gen\u00e7 k\u0131zlarda ya\u015fanabilen psikososyal problemlere<\/li><li>G\u00f6\u011f\u00fcslerdeki irili\u011fe ba\u011fl\u0131 olarak spor gibi aktiviteleri yapamamaya ve buna ba\u011fl\u0131 olarak obeziteye yol a\u00e7ar.<\/li><\/ul><p><br \/><br \/>Meme k\u00fc\u00e7\u00fcltme ameliyatlar\u0131 meme geli\u015fmesini tamamlad\u0131ktan (son alt\u0131 ay i\u00e7inde daha fazla b\u00fcy\u00fcmemi\u015f olmas\u0131 gerekir) sonra yap\u0131l\u0131r. Ancak bunun baz\u0131 istisnalar\u0131 vard\u0131r. Ergenlikte meme b\u00fcy\u00fcmesi olan gen\u00e7 k\u0131zlarda, normal psiko-sosyal geli\u015fmenin etkilenmemesi i\u00e7in, geli\u015fmenin tamamlanmas\u0131ndan \u00f6nce cerrahi operasyon gerekebilir.<br \/><br \/>Meme k\u00fc\u00e7\u00fcltme ameliyat\u0131nda kullan\u0131lacak teknik memelerin b\u00fcy\u00fckl\u00fc\u011f\u00fcne g\u00f6re de\u011fi\u015fmektedir. Tekni\u011fe karar verirken \u015fu kriterler g\u00f6zetilmelidir:<\/p><ul><li>Meme ba\u015f\u0131 ve meme ba\u015f\u0131 \u00e7evresinin daha yukar\u0131daki yeni pozisyonuna yerle\u015ftirilmesi bu yap\u0131lar\u0131n beslenmesini, kanlanma deste\u011fini bozmamal\u0131d\u0131r.<\/li><li>Meme ba\u015f\u0131 duyusunu koruyucu teknikler tercih edilmelidir.<\/li><li>Hastaya g\u00f6re s\u00fct verme \u00f6zelli\u011fi korunmal\u0131d\u0131r.<\/li><li>Yeterli miktarda meme dokusu \u00e7\u0131kar\u0131ld\u0131\u011f\u0131nda, estetik meme \u015fekli yarat\u0131labilmelidir.<\/li><\/ul><p><br \/><br \/><strong>Hamilelikten Sonra Meme K\u00fc\u00e7\u00fcltme Ameliyat\u0131<\/strong><br \/><br \/>Gebelik kad\u0131n fizyolojisinde ciddi de\u011fi\u015fikliklere yol a\u00e7ar. \u00d6zellikle meme gebelikten iki \u015fekilde etkilenir; \u00e7o\u011funlukla b\u00fcy\u00fcme ve emzirme sonras\u0131 sarkma ile kar\u015f\u0131m\u0131za gelir. G\u00fcn\u00fcm\u00fczde kad\u0131n hastal\u0131klar\u0131 uzmanlar\u0131 v\u00fccudun ortalama bir y\u0131lda kendini toparlayaca\u011f\u0131n\u0131 bu d\u00f6nemde cerrahiden \u00e7ok uygun egzersiz ve diyetle bu s\u00fcrece yard\u0131mc\u0131 olunmas\u0131 gerekti\u011fini vurguluyorlar. \u00c7ocuk hastal\u0131klar\u0131 uzmanlar\u0131 ise daha \u00e7ok emzirmenin \u00f6nemini anlatarak m\u00fcmk\u00fcnse bir \u2013 bir bu\u00e7uk y\u0131l emzirmeyi tavsiye ediyorlar. Emzirme sonland\u0131ktan sonra meme cerrahisi planlanabilir.<br \/><br \/><strong>Ameliyat S\u00fcreci<\/strong><br \/><br \/>Ameliyat, hastane ortam\u0131nda ve genel anestezi alt\u0131nda yap\u0131l\u0131r. G\u00f6\u011f\u00fcslerin b\u00fcy\u00fckl\u00fc\u011f\u00fcne ve uygulanacak ameliyat tekni\u011fine g\u00f6re 3\u20135 saat aras\u0131 s\u00fcrer. Ameliyat sonunda \u00e7\u0131kar\u0131lan t\u00fcm doku patolojik incelemeye g\u00f6nderilir. \u00c7\u0131kar\u0131lan dokuda daha \u00f6nce fark edilmemi\u015f bir kist ya da k\u00f6t\u00fc huylu bir olu\u015fum var ise bu sayede daha erken evrede iken yakalanm\u0131\u015f olur. Ayr\u0131ca iri olan g\u00f6\u011f\u00fcslerden k\u00fc\u00e7\u00fcltme s\u0131ras\u0131nda meme dokusunun bir k\u0131sm\u0131 \u00e7\u0131kar\u0131laca\u011f\u0131 i\u00e7in meme kanseri riski de azalmaktad\u0131r.<br \/><br \/><strong>\u0130yile\u015fme S\u00fcreci<\/strong><br \/><br \/><\/p><ul><li>Ameliyattan 4 saat sonra beslenmenize izin verilir. Beslenme sonras\u0131 aya\u011fa kalkabilirsiniz. Ameliyattan sonra hastanede kal\u0131\u015f s\u00fcresi 1\u20132 g\u00fcnd\u00fcr.<\/li><li>\u0130lk birka\u00e7 g\u00fcn ameliyat b\u00f6lgesinde olu\u015fabilecek kan ve serum s\u0131z\u0131nt\u0131lar\u0131n\u0131 toplayacak vakumlu drenler kullan\u0131l\u0131r. Gelen miktara g\u00f6re bu dren 3\u20135 g\u00fcn sonra \u00e7\u0131kar\u0131l\u0131r.<\/li><li>Kol hareketlerinin ilk g\u00fcnlerde s\u0131n\u0131rland\u0131r\u0131lmas\u0131nda fayda vard\u0131r. \u0130lk hafta g\u00f6\u011fs\u00fc saran bir bant mevcuttur, birinci haftada bu \u00e7\u0131kar\u0131l\u0131r ve sadece diki\u015f hatlar\u0131n\u0131 \u00f6rten ince bantlar kullan\u0131l\u0131r. Drenler ve bantlar \u00e7\u0131kar\u0131ld\u0131ktan sonra banyo yapabilirsiniz.<\/li><li>Diki\u015f hatlar\u0131nda yara iyile\u015firken bir miktar k\u0131zarma, \u015fi\u015fme, ka\u015f\u0131nt\u0131 olacakt\u0131r. Aradan bir iki ay ge\u00e7ince diki\u015f izlerinin h\u0131zla silikle\u015fmeye ba\u015flar. Alt\u0131 ay, bir sene i\u00e7inde ise izler fark edilmez hale gelir.<\/li><li>Operasyon b\u00f6lgesinde \u00f6dem olmas\u0131 normaldir. Yar\u0131 oturur pozisyonda yatmak \u00f6dem ve a\u011fr\u0131y\u0131 daha \u00e7abuk ge\u00e7irecektir. Hastaneden \u00e7\u0131kt\u0131ktan sonra telli olmayan g\u00f6\u011fs\u00fcn\u00fcz\u00fc iyice saran yeni \u00f6l\u00e7\u00fclerinize uygun bir sporcu sutyeni kullanmaya ba\u015flanmal\u0131d\u0131r.<\/li><\/ul>\t\t\t\t\t\t<\/div>\n\t\t\t\t<\/div>\n\t\t\t\t\t<\/div>\n\t\t<\/div>\n\t\t\t\t\t\t\t<\/div>\n\t\t<\/section>\n\t\t\t\t\t<\/div>\n\t\t<\/div>\n\t\t\t\t\t\t\t<\/div>\n\t\t<\/section>\n\t\t\t\t<section class=\"elementor-section elementor-top-section elementor-element elementor-element-66e46d0 ova-geometry4 elementor-section-boxed elementor-section-height-default elementor-section-height-default\" data-id=\"66e46d0\" data-element_type=\"section\" data-settings=\"{&quot;background_background&quot;:&quot;classic&quot;}\">\n\t\t\t\t\t\t<div class=\"elementor-container elementor-column-gap-default\">\n\t\t\t\t\t<div class=\"elementor-column elementor-col-50 elementor-top-column elementor-element elementor-element-1c4c1f18\" data-id=\"1c4c1f18\" data-element_type=\"column\">\n\t\t\t<div class=\"elementor-widget-wrap elementor-element-populated\">\n\t\t\t\t\t\t\t\t<div class=\"elementor-element elementor-element-282e8055 elementor-widget__width-auto elementor-widget elementor-widget-infetech_elementor_heading\" data-id=\"282e8055\" data-element_type=\"widget\" data-widget_type=\"infetech_elementor_heading.default\">\n\t\t\t\t<div class=\"elementor-widget-container\">\n\t\t\t\n\t\t\t<div class=\"ova-heading\">\n\t\t\t\t\n\t\t\t\t\t\t\t\t\t<h2 class=\"sub-title\">\n\t\t\t\t\t\t<span class=\"underlined\"><\/span>\n\t\t\t\t\t\tDurmay\u0131n, hemen aray\u0131n ! Uzmanlar\u0131m\u0131z taraf\u0131ndan verilen cevaplar ile hemen randevunuzu olu\u015ftural\u0131m.\t\t\t\t\t<\/h2>\t\n\t\t\t\t\n\t\t\t\t\n\t\t\t\t\t<h3 class=\"title\">\t\t\t\t\t\t\t\t\t\t\t\t\tDaha fazla bilgiye mi \u0130htiyaniz var ?\t\t\t\t\t\t\t\t\t\t\t<\/h3>\n                \n\t\t\t<\/div>\n\n\t\t\t\t<\/div>\n\t\t\t\t<\/div>\n\t\t\t\t\t<\/div>\n\t\t<\/div>\n\t\t\t\t<div class=\"elementor-column elementor-col-50 elementor-top-column elementor-element elementor-element-5965582e\" data-id=\"5965582e\" data-element_type=\"column\">\n\t\t\t<div class=\"elementor-widget-wrap elementor-element-populated\">\n\t\t\t\t\t\t\t\t<div class=\"elementor-element elementor-element-5d5ba053 elementor-align-right elementor-widget elementor-widget-button\" data-id=\"5d5ba053\" data-element_type=\"widget\" data-widget_type=\"button.default\">\n\t\t\t\t<div class=\"elementor-widget-container\">\n\t\t\t\t\t<div class=\"elementor-button-wrapper\">\n\t\t\t<a href=\"#elementor-action%3Aaction%3Dpopup%3Aopen%26settings%3DeyJpZCI6NjMyOCwidG9nZ2xlIjpmYWxzZX0%3D\" class=\"elementor-button-link elementor-button elementor-size-sm\" role=\"button\">\n\t\t\t\t\t\t<span class=\"elementor-button-content-wrapper\">\n\t\t\t\t\t\t<span class=\"elementor-button-text\">S\u0130Z\u0130 ARAYALIM<\/span>\n\t\t<\/span>\n\t\t\t\t\t<\/a>\n\t\t<\/div>\n\t\t\t\t<\/div>\n\t\t\t\t<\/div>\n\t\t\t\t\t<\/div>\n\t\t<\/div>\n\t\t\t\t\t\t\t<\/div>\n\t\t<\/section>\n\t\t\t\t\t\t\t<\/div>\n\t\t","protected":false},"excerpt":{"rendered":"<p>Home Meme Esteti\u011fi Uygulamalar\u0131 Meme K\u00fc\u00e7\u00fcltme Meme Dikle\u015ftirme Meme B\u00fcy\u00fctme Meme K\u00fc\u00e7\u00fcltme Meme Esteti\u011fi Uygulamalar\u0131 Meme K\u00fc\u00e7\u00fcltme Meme k\u00fc\u00e7\u00fcltme ameliyat\u0131 kad\u0131nlarda g\u00f6\u011f\u00fcslerin g\u00f6r\u00fcn\u00fc\u015f\u00fcn\u00fc daha estetik hale getirmek, bunun yan\u0131 s\u0131ra b\u00fcy\u00fck memelerin getirdi\u011fi bir tak\u0131m sa\u011fl\u0131k problemlerini \u00e7\u00f6zmek i\u00e7in yap\u0131lan bir ameliyatt\u0131r. Bu sorunlar s\u0131rt a\u011fr\u0131s\u0131, el bileklerinde a\u011fr\u0131, memelerin alt\u0131nda a\u015f\u0131r\u0131 terleme, pi\u015fik ve [&hellip;]<\/p>\n","protected":false},"author":1,"featured_media":0,"parent":6430,"menu_order":0,"comment_status":"closed","ping_status":"closed","template":"elementor_header_footer","meta":{"footnotes":""},"class_list":["post-6455","page","type-page","status-publish","hentry"],"_links":{"self":[{"href":"https:\/\/nisclinic.com\/tr\/wp-json\/wp\/v2\/pages\/6455","targetHints":{"allow":["GET"]}}],"collection":[{"href":"https:\/\/nisclinic.com\/tr\/wp-json\/wp\/v2\/pages"}],"about":[{"href":"https:\/\/nisclinic.com\/tr\/wp-json\/wp\/v2\/types\/page"}],"author":[{"embeddable":true,"href":"https:\/\/nisclinic.com\/tr\/wp-json\/wp\/v2\/users\/1"}],"replies":[{"embeddable":true,"href":"https:\/\/nisclinic.com\/tr\/wp-json\/wp\/v2\/comments?post=6455"}],"version-history":[{"count":4,"href":"https:\/\/nisclinic.com\/tr\/wp-json\/wp\/v2\/pages\/6455\/revisions"}],"predecessor-version":[{"id":6459,"href":"https:\/\/nisclinic.com\/tr\/wp-json\/wp\/v2\/pages\/6455\/revisions\/6459"}],"up":[{"embeddable":true,"href":"https:\/\/nisclinic.com\/tr\/wp-json\/wp\/v2\/pages\/6430"}],"wp:attachment":[{"href":"https:\/\/nisclinic.com\/tr\/wp-json\/wp\/v2\/media?parent=6455"}],"curies":[{"name":"wp","href":"https:\/\/api.w.org\/{rel}","templated":true}]}}