{"id":6449,"date":"2022-10-06T06:42:59","date_gmt":"2022-10-06T06:42:59","guid":{"rendered":"https:\/\/siteniincele.com\/nisclinic\/breast-aesthetics-applications\/breast-augmentation\/"},"modified":"2022-10-10T12:45:26","modified_gmt":"2022-10-10T12:45:26","slug":"breast-augmentation","status":"publish","type":"page","link":"https:\/\/nisclinic.com\/tr\/breast-aesthetics-applications\/breast-augmentation\/","title":{"rendered":"Meme B\u00fcy\u00fctme"},"content":{"rendered":"\t\t<div data-elementor-type=\"wp-page\" data-elementor-id=\"6449\" class=\"elementor elementor-6449 elementor-5750\">\n\t\t\t\t\t\t\t\t\t<section class=\"elementor-section elementor-top-section elementor-element elementor-element-3341125 elementor-section-boxed elementor-section-height-default elementor-section-height-default\" data-id=\"3341125\" data-element_type=\"section\" data-settings=\"{&quot;background_background&quot;:&quot;classic&quot;}\">\n\t\t\t\t\t\t<div class=\"elementor-container elementor-column-gap-default\">\n\t\t\t\t\t<div class=\"elementor-column elementor-col-100 elementor-top-column elementor-element elementor-element-ed6efee\" data-id=\"ed6efee\" data-element_type=\"column\">\n\t\t\t<div class=\"elementor-widget-wrap elementor-element-populated\">\n\t\t\t\t\t\t\t\t<div class=\"elementor-element elementor-element-6f3b510 elementor-widget elementor-widget-text-editor\" data-id=\"6f3b510\" data-element_type=\"widget\" data-widget_type=\"text-editor.default\">\n\t\t\t\t<div class=\"elementor-widget-container\">\n\t\t\t<style>\/*! elementor - v3.8.0 - 30-10-2022 *\/\n.elementor-widget-text-editor.elementor-drop-cap-view-stacked .elementor-drop-cap{background-color:#818a91;color:#fff}.elementor-widget-text-editor.elementor-drop-cap-view-framed .elementor-drop-cap{color:#818a91;border:3px solid;background-color:transparent}.elementor-widget-text-editor:not(.elementor-drop-cap-view-default) .elementor-drop-cap{margin-top:8px}.elementor-widget-text-editor:not(.elementor-drop-cap-view-default) .elementor-drop-cap-letter{width:1em;height:1em}.elementor-widget-text-editor .elementor-drop-cap{float:left;text-align:center;line-height:1;font-size:50px}.elementor-widget-text-editor .elementor-drop-cap-letter{display:inline-block}<\/style>\t\t\t\tAna Sayfa <i class=\"fa fa-chevron-right\"><\/i> <a href=\"https:\/\/nisclinic.com\/tr\/breast-aesthetics-applications\/\">Meme Esteti\u011fi Uygulamalar\u0131<\/a> <i class=\"fa fa-chevron-right\"><\/i> <a href=\"https:\/\/nisclinic.com\/tr\/breast-aesthetics-applications\/breast-augmentation\/\">Meme B\u00fcy\u00fctme<\/a>\t\t\t\t\t\t<\/div>\n\t\t\t\t<\/div>\n\t\t\t\t\t<\/div>\n\t\t<\/div>\n\t\t\t\t\t\t\t<\/div>\n\t\t<\/section>\n\t\t\t\t<section class=\"elementor-section elementor-top-section elementor-element elementor-element-2e05cfe elementor-reverse-tablet elementor-reverse-mobile elementor-section-boxed elementor-section-height-default elementor-section-height-default\" data-id=\"2e05cfe\" data-element_type=\"section\">\n\t\t\t\t\t\t<div class=\"elementor-container elementor-column-gap-extended\">\n\t\t\t\t\t<div class=\"elementor-column elementor-col-50 elementor-top-column elementor-element elementor-element-8c53be7 animated-fast elementor-invisible\" data-id=\"8c53be7\" data-element_type=\"column\" data-settings=\"{&quot;animation&quot;:&quot;ova-move-up&quot;,&quot;animation_tablet&quot;:&quot;none&quot;,&quot;animation_delay&quot;:100}\">\n\t\t\t<div class=\"elementor-widget-wrap elementor-element-populated\">\n\t\t\t\t\t\t\t\t<section class=\"elementor-section elementor-inner-section elementor-element elementor-element-05e6b86 elementor-section-boxed elementor-section-height-default elementor-section-height-default\" data-id=\"05e6b86\" data-element_type=\"section\">\n\t\t\t\t\t\t<div class=\"elementor-container elementor-column-gap-default\">\n\t\t\t\t\t<div class=\"elementor-column elementor-col-100 elementor-inner-column elementor-element elementor-element-9335a88\" data-id=\"9335a88\" data-element_type=\"column\">\n\t\t\t<div class=\"elementor-widget-wrap elementor-element-populated\">\n\t\t\t\t\t\t\t\t<div class=\"elementor-element elementor-element-62ea7a7 elementor-icon-list--layout-traditional elementor-list-item-link-full_width elementor-widget elementor-widget-global elementor-global-6443 elementor-widget-icon-list\" data-id=\"62ea7a7\" data-element_type=\"widget\" id=\"sideitems\" data-widget_type=\"icon-list.default\">\n\t\t\t\t<div class=\"elementor-widget-container\">\n\t\t\t<link rel=\"stylesheet\" href=\"https:\/\/nisclinic.com\/wp-content\/plugins\/elementor\/assets\/css\/widget-icon-list.min.css\">\t\t<ul class=\"elementor-icon-list-items\">\n\t\t\t\t\t\t\t<li class=\"elementor-icon-list-item\">\n\t\t\t\t\t\t\t\t\t\t\t<a href=\"https:\/\/nisclinic.com\/tr\/breast-aesthetics-applications\/breast-lift\/\">\n\n\t\t\t\t\t\t\t\t\t\t\t<span class=\"elementor-icon-list-text\">Meme Dikle\u015ftirme<\/span>\n\t\t\t\t\t\t\t\t\t\t\t<\/a>\n\t\t\t\t\t\t\t\t\t<\/li>\n\t\t\t\t\t\t\t\t<li class=\"elementor-icon-list-item\">\n\t\t\t\t\t\t\t\t\t\t\t<a href=\"https:\/\/nisclinic.com\/tr\/breast-aesthetics-applications\/breast-augmentation\/\">\n\n\t\t\t\t\t\t\t\t\t\t\t<span class=\"elementor-icon-list-text\">Meme B\u00fcy\u00fctme<\/span>\n\t\t\t\t\t\t\t\t\t\t\t<\/a>\n\t\t\t\t\t\t\t\t\t<\/li>\n\t\t\t\t\t\t\t\t<li class=\"elementor-icon-list-item\">\n\t\t\t\t\t\t\t\t\t\t\t<a href=\"https:\/\/nisclinic.com\/tr\/breast-aesthetics-applications\/breast-reduction\/\">\n\n\t\t\t\t\t\t\t\t\t\t\t<span class=\"elementor-icon-list-text\">Meme K\u00fc\u00e7\u00fcltme<\/span>\n\t\t\t\t\t\t\t\t\t\t\t<\/a>\n\t\t\t\t\t\t\t\t\t<\/li>\n\t\t\t\t\t\t<\/ul>\n\t\t\t\t<\/div>\n\t\t\t\t<\/div>\n\t\t\t\t\t<\/div>\n\t\t<\/div>\n\t\t\t\t\t\t\t<\/div>\n\t\t<\/section>\n\t\t\t\t\t<\/div>\n\t\t<\/div>\n\t\t\t\t<div class=\"elementor-column elementor-col-50 elementor-top-column elementor-element elementor-element-82423ff animated-fast elementor-invisible\" data-id=\"82423ff\" data-element_type=\"column\" data-settings=\"{&quot;animation&quot;:&quot;ova-move-up&quot;,&quot;animation_tablet&quot;:&quot;none&quot;,&quot;animation_delay&quot;:100}\">\n\t\t\t<div class=\"elementor-widget-wrap elementor-element-populated\">\n\t\t\t\t\t\t\t\t<section class=\"elementor-section elementor-inner-section elementor-element elementor-element-7edfc01 elementor-section-boxed elementor-section-height-default elementor-section-height-default\" data-id=\"7edfc01\" data-element_type=\"section\">\n\t\t\t\t\t\t<div class=\"elementor-container elementor-column-gap-default\">\n\t\t\t\t\t<div class=\"elementor-column elementor-col-100 elementor-inner-column elementor-element elementor-element-7dadf70\" data-id=\"7dadf70\" data-element_type=\"column\">\n\t\t\t<div class=\"elementor-widget-wrap elementor-element-populated\">\n\t\t\t\t\t\t\t\t<div class=\"elementor-element elementor-element-1f40163 elementor-widget elementor-widget-infetech_elementor_heading\" data-id=\"1f40163\" data-element_type=\"widget\" data-widget_type=\"infetech_elementor_heading.default\">\n\t\t\t\t<div class=\"elementor-widget-container\">\n\t\t\t\n\t\t\t<div class=\"ova-heading\">\n\t\t\t\t\n\t\t\t\t\t\t\t\t\t<h2 class=\"sub-title\">\n\t\t\t\t\t\t<span class=\"underlined\"><\/span>\n\t\t\t\t\t\tMeme Esteti\u011fi Uygulamalar\u0131\t\t\t\t\t<\/h2>\t\n\t\t\t\t\n\t\t\t\t\n\t\t\t\t\t<h3 class=\"title\">\t\t\t\t\t\t\t\t\t\t\t\t\tMeme B\u00fcy\u00fctme\t\t\t\t\t\t\t\t\t\t\t<\/h3>\n                \n\t\t\t<\/div>\n\n\t\t\t\t<\/div>\n\t\t\t\t<\/div>\n\t\t\t\t<div class=\"elementor-element elementor-element-02d72c9 elementor-widget elementor-widget-image\" data-id=\"02d72c9\" data-element_type=\"widget\" data-widget_type=\"image.default\">\n\t\t\t\t<div class=\"elementor-widget-container\">\n\t\t\t<style>\/*! elementor - v3.8.0 - 30-10-2022 *\/\n.elementor-widget-image{text-align:center}.elementor-widget-image a{display:inline-block}.elementor-widget-image a img[src$=\".svg\"]{width:48px}.elementor-widget-image img{vertical-align:middle;display:inline-block}<\/style>\t\t\t\t\t\t\t\t\t\t\t\t<img loading=\"lazy\" decoding=\"async\" width=\"1568\" height=\"600\" src=\"https:\/\/nisclinic.com\/wp-content\/uploads\/2022\/10\/breast-augmentation.jpg\" class=\"attachment-full size-full\" alt=\"\" srcset=\"https:\/\/nisclinic.com\/wp-content\/uploads\/2022\/10\/breast-augmentation.jpg 1568w, https:\/\/nisclinic.com\/wp-content\/uploads\/2022\/10\/breast-augmentation-300x115.jpg 300w, https:\/\/nisclinic.com\/wp-content\/uploads\/2022\/10\/breast-augmentation-1024x392.jpg 1024w, https:\/\/nisclinic.com\/wp-content\/uploads\/2022\/10\/breast-augmentation-768x294.jpg 768w, https:\/\/nisclinic.com\/wp-content\/uploads\/2022\/10\/breast-augmentation-1536x588.jpg 1536w\" sizes=\"auto, (max-width: 1568px) 100vw, 1568px\" \/>\t\t\t\t\t\t\t\t\t\t\t\t\t\t\t<\/div>\n\t\t\t\t<\/div>\n\t\t\t\t<div class=\"elementor-element elementor-element-6d3fbb8 elementor-widget elementor-widget-text-editor\" data-id=\"6d3fbb8\" data-element_type=\"widget\" data-widget_type=\"text-editor.default\">\n\t\t\t\t<div class=\"elementor-widget-container\">\n\t\t\t\t\t\t\t<p>G\u00f6\u011f\u00fcslerin tek veya \u00e7ift tarafl\u0131 geli\u015fme gerili\u011fi ya da kilo kayb\u0131 sonucu, hacimleri normalden daha k\u00fc\u00e7\u00fck olabilir. Meme b\u00fcy\u00fctme ameliyatlar\u0131 (mammoplasti), memenin boyutunu ve \u015feklini de\u011fi\u015ftiren cerrahi i\u015flemlerdir.Memelerinin \u00e7ok k\u00fc\u00e7\u00fck oldu\u011funu d\u00fc\u015f\u00fcnen kad\u0131nlarda memelerin boyutunu b\u00fcy\u00fctmek, asimetrik meme problemi olan memelerin boyutlar\u0131n\u0131 e\u015fitlemek, meme kanseri ameliyat\u0131 sonras\u0131 meme rekonstr\u00fcks\u00fcyonu amac\u0131yla meme b\u00fcy\u00fctme ameliyat\u0131 yap\u0131l\u0131r.<br \/><br \/>Meme b\u00fcy\u00fctmenin oran\u0131, ki\u015fini arzusu, mevcut durumu ve g\u00f6\u011f\u00fcs kafesinin \u00f6l\u00e7\u00fcleri dikkate al\u0131narak belirlenir.<br \/><br \/><strong>Meme B\u00fcy\u00fctme Ameliyat\u0131n\u0131 Planlamak<\/strong><br \/><br \/>\u0130lk ba\u015fvurunuzda doktorunuz sa\u011fl\u0131\u011f\u0131n\u0131z\u0131 de\u011ferlendirecek ve memelerinizle cilt tonunuzun durumuna g\u00f6re hangi cerrahi tekni\u011fin sizin i\u00e7in uygun oldu\u011funa sizinle birlikte karar verecektir. Memelerinizde sarkma varsa, doktorunuz meme dikle\u015ftirme (asma\/kald\u0131rma\/mastopeksi) ameliyat\u0131n\u0131 da ayn\u0131 seansta \u00f6nerebilir. Doktorunuz tedavi se\u00e7eneklerini, her birinin risk ve s\u0131n\u0131rlar\u0131n\u0131 a\u00e7\u0131klayacakt\u0131r. Sigara i\u00e7iyorsan\u0131z, herhangi bir ila\u00e7 veya besin deste\u011fi kullan\u0131yorsan\u0131z mutlaka doktorunuza bildiriniz. Doktorunuz kullan\u0131lacak anestezi t\u00fcr\u00fc, ameliyat\u0131n ger\u00e7ekle\u015ftirilebilece\u011fi hastaneleri ve ameliyat\u0131n maliyeti konusunda sizi bilgilendirecektir.<br \/><br \/>Ameliyat a\u015famas\u0131nda hasta ve doktor bir araya gelerek \u015fu d\u00f6rt konuyu de\u011ferlendirmelidir:<\/p><ul><li>Protez \u00e7e\u015fidi<\/li><li>Ameliyat\u0131n giri\u015f yeri<\/li><li>Protezin yerle\u015fim yeri<\/li><li>Protez hacmi<\/li><li>Meme Protezleri<\/li><\/ul><p>Protezler i\u00e7inde bulundurduklar\u0131 maddeye g\u00f6re iki gruba ayr\u0131l\u0131rlar:<br \/><br \/><strong><u>1) Serum fizyolojik i\u00e7eren protezler<\/u><\/strong><br \/><br \/>D\u0131\u015f k\u0131sm\u0131 kat\u0131 silikondan \u00fcretilmi\u015f bir kaps\u00fcl\u00fcn i\u00e7inde serum fizyolojik (tuz-su kar\u0131\u015f\u0131m\u0131)i\u00e7erirler.<br \/><br \/>Bu t\u00fcr protezlerin iki \u00e7e\u015fidi vard\u0131r:<br \/><br \/><u>Haz\u0131r modeller:<\/u>\u00a0\u0130\u00e7i serum fizyolojik ile doldurulmu\u015f olarak \u00fcretilmi\u015flerdir.<br \/><br \/><u>\u0130nflatable (\u015fi\u015firilebilen) modeller:<\/u>\u00a0\u0130\u00e7i bo\u015f bir protez olarak \u00fcretilmi\u015flerdir. Duvar\u0131nda bulunan bir valfa arac\u0131l\u0131\u011f\u0131 ile ameliyat s\u0131ras\u0131nda yerle\u015ftirildikten sonra serum fizyolojik ile \u015fi\u015firilir. Bu tip protezler koltuk alt\u0131ndan ve meme ba\u015f\u0131ndan kas alt\u0131na yerle\u015ftirilir. Bu nedenle izsiz meme b\u00fcy\u00fctme ameliyat\u0131 olarak adland\u0131r\u0131l\u0131r. Meme dokusu az, g\u00f6\u011f\u00fcs kafesi do\u011fal olan ve \u00e7ok b\u00fcy\u00fck meme istemeyen hastalara uygulan\u0131r.lar\u0131 maddeye g\u00f6re iki gruba ayr\u0131l\u0131rlar:<br \/><br \/><strong><u>2) Silikon i\u00e7eren protezler<\/u><\/strong>\u00a0Bu t\u00fcr protezlerin i\u00e7erdikleri silikonun k\u0131vam\u0131na g\u00f6re iki \u00e7e\u015fidi vard\u0131r:<br \/><br \/><u>Jel silikon i\u00e7erenler:<\/u>\u00a0Jel silikon, yumu\u015fak k\u0131vaml\u0131d\u0131r ve ak\u0131c\u0131 \u00f6zelliktedir. Jel protezler, meme ba\u015f\u0131 ve meme alt\u0131 k\u0131vr\u0131m\u0131ndan yerle\u015ftirilir. Kas \u00fcst\u00fcne ve kas alt\u0131na konulabilirler. Jel silikonun doku k\u0131vam\u0131nda olu\u015fu, tercih nedenidir.<br \/><br \/><u>Kohezif silikon i\u00e7erenler:<\/u>\u00a0En son teknoloji kullan\u0131larak \u00fcretilen protez \u00e7e\u015fididir. Jel silikondan daha koyu k\u0131vaml\u0131 olduklar\u0131 i\u00e7in ak\u0131c\u0131 \u00f6zellikleri yoktur. Kohezif silikonlar\u0131n anatomik \u015fekli (damla meme) hastan\u0131n \u00f6l\u00e7\u00fclerine ve ihtiyac\u0131na g\u00f6re haz\u0131rlanm\u0131\u015ft\u0131r. Yerle\u015ftirildiklerinde do\u011fal meme g\u00f6r\u00fcnt\u00fcs\u00fc verirler. \u0130stenen \u015fekilde (kas alt\u0131, kas \u00fcst\u00fc ve dual plan) konulabilmeleri, \u015fekillerini koruyabilmeleri (form stabil), konturlar\u0131n\u0131n k\u0131vr\u0131m vermemesi en b\u00fcy\u00fck avantajlar\u0131d\u0131r.<br \/><br \/><strong>Ameliyat S\u00fcreci<\/strong><br \/><br \/>Ameliyat, tam te\u015fekk\u00fcll\u00fc bir hastanede genel anestezi alt\u0131nda yap\u0131l\u0131r ve tercih edilen tekni\u011fe g\u00f6re yar\u0131m ile bir bucuk saat aras\u0131 s\u00fcrer. Hasta, ayn\u0131 g\u00fcn ya da ertesi g\u00fcn hastaneden ayr\u0131l\u0131p g\u00fcnl\u00fck ya\u015fama d\u00f6nebilir. G\u00f6\u011f\u00fcs b\u00f6lgesi, yakla\u015f\u0131k bir hafta bandajl\u0131 kal\u0131r. Gizli diki\u015f uyguland\u0131\u011f\u0131 i\u00e7in deri y\u00fczeyinde al\u0131nacak diki\u015f yoktur.<br \/><br \/>A\u011f\u0131r kald\u0131rma ve kollar\u0131n kullan\u0131ld\u0131\u011f\u0131 egzersizlerden \u00fc\u00e7 hafta kadar ka\u00e7\u0131n\u0131lmal\u0131d\u0131r. Bu d\u00f6nem sporcu sutyeni ile desteklenmelidir.<\/p>\t\t\t\t\t\t<\/div>\n\t\t\t\t<\/div>\n\t\t\t\t\t<\/div>\n\t\t<\/div>\n\t\t\t\t\t\t\t<\/div>\n\t\t<\/section>\n\t\t\t\t\t<\/div>\n\t\t<\/div>\n\t\t\t\t\t\t\t<\/div>\n\t\t<\/section>\n\t\t\t\t<section class=\"elementor-section elementor-top-section elementor-element elementor-element-5681364f ova-geometry4 elementor-section-boxed elementor-section-height-default elementor-section-height-default\" data-id=\"5681364f\" data-element_type=\"section\" data-settings=\"{&quot;background_background&quot;:&quot;classic&quot;}\">\n\t\t\t\t\t\t<div class=\"elementor-container elementor-column-gap-default\">\n\t\t\t\t\t<div class=\"elementor-column elementor-col-50 elementor-top-column elementor-element elementor-element-70d3eb77\" data-id=\"70d3eb77\" data-element_type=\"column\">\n\t\t\t<div class=\"elementor-widget-wrap elementor-element-populated\">\n\t\t\t\t\t\t\t\t<div class=\"elementor-element elementor-element-2dffe8c4 elementor-widget__width-auto elementor-widget elementor-widget-infetech_elementor_heading\" data-id=\"2dffe8c4\" data-element_type=\"widget\" data-widget_type=\"infetech_elementor_heading.default\">\n\t\t\t\t<div class=\"elementor-widget-container\">\n\t\t\t\n\t\t\t<div class=\"ova-heading\">\n\t\t\t\t\n\t\t\t\t\t\t\t\t\t<h2 class=\"sub-title\">\n\t\t\t\t\t\t<span class=\"underlined\"><\/span>\n\t\t\t\t\t\tDurmay\u0131n, hemen aray\u0131n ! Uzmanlar\u0131m\u0131z taraf\u0131ndan verilen cevaplar ile hemen randevunuzu olu\u015ftural\u0131m.\t\t\t\t\t<\/h2>\t\n\t\t\t\t\n\t\t\t\t\n\t\t\t\t\t<h3 class=\"title\">\t\t\t\t\t\t\t\t\t\t\t\t\tDaha fazla bilgiye mi \u0130htiyaniz var ?\t\t\t\t\t\t\t\t\t\t\t<\/h3>\n                \n\t\t\t<\/div>\n\n\t\t\t\t<\/div>\n\t\t\t\t<\/div>\n\t\t\t\t\t<\/div>\n\t\t<\/div>\n\t\t\t\t<div class=\"elementor-column elementor-col-50 elementor-top-column elementor-element elementor-element-68751cdb\" data-id=\"68751cdb\" data-element_type=\"column\">\n\t\t\t<div class=\"elementor-widget-wrap elementor-element-populated\">\n\t\t\t\t\t\t\t\t<div class=\"elementor-element elementor-element-7d0fdf41 elementor-align-right elementor-widget elementor-widget-button\" data-id=\"7d0fdf41\" data-element_type=\"widget\" data-widget_type=\"button.default\">\n\t\t\t\t<div class=\"elementor-widget-container\">\n\t\t\t\t\t<div class=\"elementor-button-wrapper\">\n\t\t\t<a href=\"#elementor-action%3Aaction%3Dpopup%3Aopen%26settings%3DeyJpZCI6NjMyOCwidG9nZ2xlIjpmYWxzZX0%3D\" class=\"elementor-button-link elementor-button elementor-size-sm\" role=\"button\">\n\t\t\t\t\t\t<span class=\"elementor-button-content-wrapper\">\n\t\t\t\t\t\t<span class=\"elementor-button-text\">S\u0130Z\u0130 ARAYALIM<\/span>\n\t\t<\/span>\n\t\t\t\t\t<\/a>\n\t\t<\/div>\n\t\t\t\t<\/div>\n\t\t\t\t<\/div>\n\t\t\t\t\t<\/div>\n\t\t<\/div>\n\t\t\t\t\t\t\t<\/div>\n\t\t<\/section>\n\t\t\t\t\t\t\t<\/div>\n\t\t","protected":false},"excerpt":{"rendered":"<p>Ana Sayfa Meme Esteti\u011fi Uygulamalar\u0131 Meme B\u00fcy\u00fctme Meme Dikle\u015ftirme Meme B\u00fcy\u00fctme Meme K\u00fc\u00e7\u00fcltme Meme Esteti\u011fi Uygulamalar\u0131 Meme B\u00fcy\u00fctme G\u00f6\u011f\u00fcslerin tek veya \u00e7ift tarafl\u0131 geli\u015fme gerili\u011fi ya da kilo kayb\u0131 sonucu, hacimleri normalden daha k\u00fc\u00e7\u00fck olabilir. Meme b\u00fcy\u00fctme ameliyatlar\u0131 (mammoplasti), memenin boyutunu ve \u015feklini de\u011fi\u015ftiren cerrahi i\u015flemlerdir.Memelerinin \u00e7ok k\u00fc\u00e7\u00fck oldu\u011funu d\u00fc\u015f\u00fcnen kad\u0131nlarda memelerin boyutunu b\u00fcy\u00fctmek, asimetrik [&hellip;]<\/p>\n","protected":false},"author":1,"featured_media":0,"parent":6430,"menu_order":0,"comment_status":"closed","ping_status":"closed","template":"elementor_header_footer","meta":{"footnotes":""},"class_list":["post-6449","page","type-page","status-publish","hentry"],"_links":{"self":[{"href":"https:\/\/nisclinic.com\/tr\/wp-json\/wp\/v2\/pages\/6449","targetHints":{"allow":["GET"]}}],"collection":[{"href":"https:\/\/nisclinic.com\/tr\/wp-json\/wp\/v2\/pages"}],"about":[{"href":"https:\/\/nisclinic.com\/tr\/wp-json\/wp\/v2\/types\/page"}],"author":[{"embeddable":true,"href":"https:\/\/nisclinic.com\/tr\/wp-json\/wp\/v2\/users\/1"}],"replies":[{"embeddable":true,"href":"https:\/\/nisclinic.com\/tr\/wp-json\/wp\/v2\/comments?post=6449"}],"version-history":[{"count":4,"href":"https:\/\/nisclinic.com\/tr\/wp-json\/wp\/v2\/pages\/6449\/revisions"}],"predecessor-version":[{"id":6454,"href":"https:\/\/nisclinic.com\/tr\/wp-json\/wp\/v2\/pages\/6449\/revisions\/6454"}],"up":[{"embeddable":true,"href":"https:\/\/nisclinic.com\/tr\/wp-json\/wp\/v2\/pages\/6430"}],"wp:attachment":[{"href":"https:\/\/nisclinic.com\/tr\/wp-json\/wp\/v2\/media?parent=6449"}],"curies":[{"name":"wp","href":"https:\/\/api.w.org\/{rel}","templated":true}]}}