{"id":6417,"date":"2022-10-06T07:10:37","date_gmt":"2022-10-06T07:10:37","guid":{"rendered":"https:\/\/siteniincele.com\/nisclinic\/body-aesthetics-applications\/genital-aesthetics\/"},"modified":"2022-10-10T12:32:42","modified_gmt":"2022-10-10T12:32:42","slug":"genital-aesthetics","status":"publish","type":"page","link":"https:\/\/nisclinic.com\/tr\/body-aesthetics-applications\/genital-aesthetics\/","title":{"rendered":"Genital Estetik"},"content":{"rendered":"\t\t<div data-elementor-type=\"wp-page\" data-elementor-id=\"6417\" class=\"elementor elementor-6417 elementor-5813\">\n\t\t\t\t\t\t\t\t\t<section class=\"elementor-section elementor-top-section elementor-element elementor-element-3341125 elementor-section-boxed elementor-section-height-default elementor-section-height-default\" data-id=\"3341125\" data-element_type=\"section\" data-settings=\"{&quot;background_background&quot;:&quot;classic&quot;}\">\n\t\t\t\t\t\t<div class=\"elementor-container elementor-column-gap-default\">\n\t\t\t\t\t<div class=\"elementor-column elementor-col-100 elementor-top-column elementor-element elementor-element-ed6efee\" data-id=\"ed6efee\" data-element_type=\"column\">\n\t\t\t<div class=\"elementor-widget-wrap elementor-element-populated\">\n\t\t\t\t\t\t\t\t<div class=\"elementor-element elementor-element-6f3b510 elementor-widget elementor-widget-text-editor\" data-id=\"6f3b510\" data-element_type=\"widget\" data-widget_type=\"text-editor.default\">\n\t\t\t\t<div class=\"elementor-widget-container\">\n\t\t\t<style>\/*! elementor - v3.8.0 - 30-10-2022 *\/\n.elementor-widget-text-editor.elementor-drop-cap-view-stacked .elementor-drop-cap{background-color:#818a91;color:#fff}.elementor-widget-text-editor.elementor-drop-cap-view-framed .elementor-drop-cap{color:#818a91;border:3px solid;background-color:transparent}.elementor-widget-text-editor:not(.elementor-drop-cap-view-default) .elementor-drop-cap{margin-top:8px}.elementor-widget-text-editor:not(.elementor-drop-cap-view-default) .elementor-drop-cap-letter{width:1em;height:1em}.elementor-widget-text-editor .elementor-drop-cap{float:left;text-align:center;line-height:1;font-size:50px}.elementor-widget-text-editor .elementor-drop-cap-letter{display:inline-block}<\/style>\t\t\t\tAna Sayfa <i class=\"fa fa-chevron-right\"><\/i> <a href=\"https:\/\/nisclinic.com\/tr\/body-aesthetics-applications\/\">V\u00fccut Esteti\u011fi Uygulamalar\u0131<\/a> <i class=\"fa fa-chevron-right\"><\/i> <a href=\"https:\/\/nisclinic.com\/tr\/body-aesthetics-applications\/genital-aesthetics\/\">Genital Estetik<\/a>\t\t\t\t\t\t<\/div>\n\t\t\t\t<\/div>\n\t\t\t\t\t<\/div>\n\t\t<\/div>\n\t\t\t\t\t\t\t<\/div>\n\t\t<\/section>\n\t\t\t\t<section class=\"elementor-section elementor-top-section elementor-element elementor-element-2e05cfe elementor-reverse-tablet elementor-reverse-mobile elementor-section-boxed elementor-section-height-default elementor-section-height-default\" data-id=\"2e05cfe\" data-element_type=\"section\">\n\t\t\t\t\t\t<div class=\"elementor-container elementor-column-gap-extended\">\n\t\t\t\t\t<div class=\"elementor-column elementor-col-50 elementor-top-column elementor-element elementor-element-8c53be7 animated-fast elementor-invisible\" data-id=\"8c53be7\" data-element_type=\"column\" data-settings=\"{&quot;animation&quot;:&quot;ova-move-up&quot;,&quot;animation_tablet&quot;:&quot;none&quot;,&quot;animation_delay&quot;:100}\">\n\t\t\t<div class=\"elementor-widget-wrap elementor-element-populated\">\n\t\t\t\t\t\t\t\t<section class=\"elementor-section elementor-inner-section elementor-element elementor-element-05e6b86 elementor-section-boxed elementor-section-height-default elementor-section-height-default\" data-id=\"05e6b86\" data-element_type=\"section\">\n\t\t\t\t\t\t<div class=\"elementor-container elementor-column-gap-default\">\n\t\t\t\t\t<div class=\"elementor-column elementor-col-100 elementor-inner-column elementor-element elementor-element-9335a88\" data-id=\"9335a88\" data-element_type=\"column\">\n\t\t\t<div class=\"elementor-widget-wrap elementor-element-populated\">\n\t\t\t\t\t\t\t\t<div class=\"elementor-element elementor-element-741a743 elementor-icon-list--layout-traditional elementor-list-item-link-full_width elementor-widget elementor-widget-global elementor-global-6395 elementor-widget-icon-list\" data-id=\"741a743\" data-element_type=\"widget\" id=\"sideitems\" data-widget_type=\"icon-list.default\">\n\t\t\t\t<div class=\"elementor-widget-container\">\n\t\t\t<link rel=\"stylesheet\" href=\"https:\/\/nisclinic.com\/wp-content\/plugins\/elementor\/assets\/css\/widget-icon-list.min.css\">\t\t<ul class=\"elementor-icon-list-items\">\n\t\t\t\t\t\t\t<li class=\"elementor-icon-list-item\">\n\t\t\t\t\t\t\t\t\t\t\t<a href=\"https:\/\/nisclinic.com\/tr\/body-aesthetics-applications\/gynecomastia\/\">\n\n\t\t\t\t\t\t\t\t\t\t\t<span class=\"elementor-icon-list-text\">Jinekomasti<\/span>\n\t\t\t\t\t\t\t\t\t\t\t<\/a>\n\t\t\t\t\t\t\t\t\t<\/li>\n\t\t\t\t\t\t\t\t<li class=\"elementor-icon-list-item\">\n\t\t\t\t\t\t\t\t\t\t\t<a href=\"https:\/\/nisclinic.com\/tr\/body-aesthetics-applications\/arm-lift\/\">\n\n\t\t\t\t\t\t\t\t\t\t\t<span class=\"elementor-icon-list-text\">Kol Germe<\/span>\n\t\t\t\t\t\t\t\t\t\t\t<\/a>\n\t\t\t\t\t\t\t\t\t<\/li>\n\t\t\t\t\t\t\t\t<li class=\"elementor-icon-list-item\">\n\t\t\t\t\t\t\t\t\t\t\t<a href=\"https:\/\/nisclinic.com\/tr\/body-aesthetics-applications\/leg-lift\/\">\n\n\t\t\t\t\t\t\t\t\t\t\t<span class=\"elementor-icon-list-text\">Bacak Germe<\/span>\n\t\t\t\t\t\t\t\t\t\t\t<\/a>\n\t\t\t\t\t\t\t\t\t<\/li>\n\t\t\t\t\t\t\t\t<li class=\"elementor-icon-list-item\">\n\t\t\t\t\t\t\t\t\t\t\t<a href=\"https:\/\/nisclinic.com\/tr\/body-aesthetics-applications\/genital-aesthetics\/\">\n\n\t\t\t\t\t\t\t\t\t\t\t<span class=\"elementor-icon-list-text\">Genital Estetik<\/span>\n\t\t\t\t\t\t\t\t\t\t\t<\/a>\n\t\t\t\t\t\t\t\t\t<\/li>\n\t\t\t\t\t\t\t\t<li class=\"elementor-icon-list-item\">\n\t\t\t\t\t\t\t\t\t\t\t<a href=\"https:\/\/nisclinic.com\/tr\/body-aesthetics-applications\/4d-vaser-liposuction\/\">\n\n\t\t\t\t\t\t\t\t\t\t\t<span class=\"elementor-icon-list-text\">4D Vaser Liposuction<\/span>\n\t\t\t\t\t\t\t\t\t\t\t<\/a>\n\t\t\t\t\t\t\t\t\t<\/li>\n\t\t\t\t\t\t<\/ul>\n\t\t\t\t<\/div>\n\t\t\t\t<\/div>\n\t\t\t\t\t<\/div>\n\t\t<\/div>\n\t\t\t\t\t\t\t<\/div>\n\t\t<\/section>\n\t\t\t\t\t<\/div>\n\t\t<\/div>\n\t\t\t\t<div class=\"elementor-column elementor-col-50 elementor-top-column elementor-element elementor-element-82423ff animated-fast elementor-invisible\" data-id=\"82423ff\" data-element_type=\"column\" data-settings=\"{&quot;animation&quot;:&quot;ova-move-up&quot;,&quot;animation_tablet&quot;:&quot;none&quot;,&quot;animation_delay&quot;:100}\">\n\t\t\t<div class=\"elementor-widget-wrap elementor-element-populated\">\n\t\t\t\t\t\t\t\t<section class=\"elementor-section elementor-inner-section elementor-element elementor-element-7edfc01 elementor-section-boxed elementor-section-height-default elementor-section-height-default\" data-id=\"7edfc01\" data-element_type=\"section\">\n\t\t\t\t\t\t<div class=\"elementor-container elementor-column-gap-default\">\n\t\t\t\t\t<div class=\"elementor-column elementor-col-100 elementor-inner-column elementor-element elementor-element-7dadf70\" data-id=\"7dadf70\" data-element_type=\"column\">\n\t\t\t<div class=\"elementor-widget-wrap elementor-element-populated\">\n\t\t\t\t\t\t\t\t<div class=\"elementor-element elementor-element-1f40163 elementor-widget elementor-widget-infetech_elementor_heading\" data-id=\"1f40163\" data-element_type=\"widget\" data-widget_type=\"infetech_elementor_heading.default\">\n\t\t\t\t<div class=\"elementor-widget-container\">\n\t\t\t\n\t\t\t<div class=\"ova-heading\">\n\t\t\t\t\n\t\t\t\t\t\t\t\t\t<h2 class=\"sub-title\">\n\t\t\t\t\t\t<span class=\"underlined\"><\/span>\n\t\t\t\t\t\tV\u00fccut Esteti\u011fi Uygulamalar\u0131\t\t\t\t\t<\/h2>\t\n\t\t\t\t\n\t\t\t\t\n\t\t\t\t\t<h3 class=\"title\">\t\t\t\t\t\t\t\t\t\t\t\t\tGenital Estetik\t\t\t\t\t\t\t\t\t\t\t<\/h3>\n                \n\t\t\t<\/div>\n\n\t\t\t\t<\/div>\n\t\t\t\t<\/div>\n\t\t\t\t<div class=\"elementor-element elementor-element-02d72c9 elementor-widget elementor-widget-image\" data-id=\"02d72c9\" data-element_type=\"widget\" data-widget_type=\"image.default\">\n\t\t\t\t<div class=\"elementor-widget-container\">\n\t\t\t<style>\/*! elementor - v3.8.0 - 30-10-2022 *\/\n.elementor-widget-image{text-align:center}.elementor-widget-image a{display:inline-block}.elementor-widget-image a img[src$=\".svg\"]{width:48px}.elementor-widget-image img{vertical-align:middle;display:inline-block}<\/style>\t\t\t\t\t\t\t\t\t\t\t\t<img loading=\"lazy\" decoding=\"async\" width=\"1568\" height=\"600\" src=\"https:\/\/nisclinic.com\/wp-content\/uploads\/2022\/10\/genital-aesthetics.jpg\" class=\"attachment-full size-full\" alt=\"\" srcset=\"https:\/\/nisclinic.com\/wp-content\/uploads\/2022\/10\/genital-aesthetics.jpg 1568w, https:\/\/nisclinic.com\/wp-content\/uploads\/2022\/10\/genital-aesthetics-300x115.jpg 300w, https:\/\/nisclinic.com\/wp-content\/uploads\/2022\/10\/genital-aesthetics-1024x392.jpg 1024w, https:\/\/nisclinic.com\/wp-content\/uploads\/2022\/10\/genital-aesthetics-768x294.jpg 768w, https:\/\/nisclinic.com\/wp-content\/uploads\/2022\/10\/genital-aesthetics-1536x588.jpg 1536w\" sizes=\"auto, (max-width: 1568px) 100vw, 1568px\" \/>\t\t\t\t\t\t\t\t\t\t\t\t\t\t\t<\/div>\n\t\t\t\t<\/div>\n\t\t\t\t<div class=\"elementor-element elementor-element-6d3fbb8 elementor-widget elementor-widget-text-editor\" data-id=\"6d3fbb8\" data-element_type=\"widget\" data-widget_type=\"text-editor.default\">\n\t\t\t\t<div class=\"elementor-widget-container\">\n\t\t\t\t\t\t\t<p>Kad\u0131nlar\u0131n vajina b\u00f6lgesinde meydana gelen \u015fekil bozukluklar\u0131n\u0131n ya da do\u011fu\u015ftan gelen anormal yap\u0131s\u0131n\u0131n fiziksel ve yap\u0131sal a\u00e7\u0131dan onar\u0131m\u0131n\u0131 sa\u011flayan operasyonlar, genital estetik ad\u0131 alt\u0131nda toplanmaktad\u0131r. Estetik operasyonlar, genellikle d\u0131\u015f g\u00f6r\u00fcn\u00fcm\u00fcn onar\u0131lmas\u0131 amac\u0131 ile yap\u0131lsa da, g\u00f6r\u00fcnt\u00fcden ziyade fonksiyonel ve psikolojik ma\u011fduriyetin giderilmesi ad\u0131na, g\u00fcn\u00fcm\u00fczde genital estetik alan\u0131na olan ilgide b\u00fcy\u00fck bir art\u0131\u015f g\u00f6r\u00fclmektedir. \u00d6zellikle vajinan\u0131n elastikiyetin kaybetmesine ba\u011fl\u0131 olarak, cinsel ili\u015fkiden zevk alamama durumlar\u0131 da genital estetik ile onar\u0131labilmektedir.<br \/><br \/>Kad\u0131nlar\u0131n genital organ\u0131n\u0131 estetik bulmamas\u0131, cinsel ili\u015fkiden zevk alamama ve cinsellik hakk\u0131ndaki dogmatik d\u00fc\u015f\u00fcnceler, psikolojik olarak ki\u015finin cinsel hayat\u0131n\u0131 ve \u00e7iftler aras\u0131 ileti\u015fimi engellemektedir. Estetik kayg\u0131s\u0131 ya\u015fayan kad\u0131nlarda; yanl\u0131\u015f anla\u015f\u0131lma, \u00e7ekingenlik ve utanga\u00e7l\u0131k gibi duygular a\u011f\u0131r basabilmektedir. Bu fakt\u00f6rler de cinsel hayat\u0131n olumsuz etkilenmesine yol a\u00e7ar. Ayr\u0131ca bu duygulara neden olan deformasyon, \u015fekil bozuklu\u011fu, cilt rengindeki de\u011fi\u015fimler cinsel hayat\u0131 olumsuz y\u00f6nde etkileyebilmektedir. Vajinan\u0131n fiziksel olarak u\u011frad\u0131\u011f\u0131 bu de\u011fi\u015fimler, ki\u015finin genital esteti\u011fe ba\u015fvurmas\u0131 ile giderilebilmektedir.<br \/><br \/><strong>Genital estetik hangi durumlarda uygulan\u0131r?<\/strong><br \/><br \/>Kad\u0131nlar\u0131n \u00e7ok say\u0131da do\u011fum yapm\u0131\u015f olmas\u0131ndan dolay\u0131 vajinan\u0131n yap\u0131sal olarak elastikiyetini kaybetmesi sonucunda genital estetik uygulanmaktad\u0131r. Do\u011fumsal olarak vajina yap\u0131s\u0131ndaki fiziksel anormallikler genital estetik ile restore edilmektedir. Vulvadaki yap\u0131sal deformasyonlar \u00f6zellikle d\u0131\u015f dudaklar\u0131n b\u00fcy\u00fck olmas\u0131 halinde, estetik operasyon uygulanmaktad\u0131r. Zorlu do\u011fumlarda vajinan\u0131n u\u011frad\u0131\u011f\u0131 deformasyon ya da vajinaya yap\u0131lan kesi nedeni ile cinsel ili\u015fki bozukluklar\u0131n\u0131n giderilmesi amac\u0131 ile vajina esteti\u011fi uygulanabilmektedir. \u0130drar kesesi ve rektumda meydana gelen sarkmalar, cinsel i\u015flev bozuklu\u011fu ve inkontinans (idrar ka\u00e7\u0131rma) sorunlar\u0131na yol a\u00e7abilir. Bu nedenle pelvik sistemin etkile\u015fimi sonucunda rahim sarkmas\u0131 da meydana gelebilmektedir. Bu gibi sorunlar\u0131n giderilmesi amac\u0131 ile genital estetik operasyonlar\u0131 yap\u0131lmaktad\u0131r.<br \/><br \/><strong>Genital estetikte yap\u0131lan ameliyatlar nelerdir?<\/strong><br \/><br \/><\/p><ul><li>Labioplasti (i\u00e7 ve d\u0131\u015f dudak k\u00fc\u00e7\u00fcltme)<\/li><li>Vajinoplasti (vajina daraltma)<\/li><li>Kliteroplasti (klitoristeki fazla dokunun al\u0131nmas\u0131)<\/li><li>Vajina geni\u015fletme (vajina darl\u0131\u011f\u0131n\u0131n giderilmesi)<\/li><li>G noktas\u0131 b\u00fcy\u00fctme (cinsel hazz\u0131n artt\u0131r\u0131lmas\u0131)<\/li><li>Vajinal deformasyonlar\u0131n onar\u0131m\u0131 (do\u011fum ya da di\u011fer operasyon sonucunda vajinada meydana gelen yap\u0131sal anormalliklerin d\u00fczeltilmesi)<\/li><li>K\u0131zl\u0131k zar\u0131na yap\u0131lan i\u015flemler<\/li><\/ul><p><br \/><br \/><strong>Labioplasti ( i\u00e7 ve d\u0131\u015f dudak k\u00fc\u00e7\u00fcltme ) operasyonu nedir?<\/strong><br \/><br \/>Labioplasti ameliyat\u0131, i\u00e7 ya da d\u0131\u015f dudaklarda meydana gelen sarkmalar\u0131n giderilmesi amac\u0131 ile yap\u0131lan estetik operasyondur. Vajinan\u0131n fiziksel yap\u0131s\u0131ndaki k\u00f6t\u00fc g\u00f6r\u00fcnt\u00fc \u00e7o\u011fu kad\u0131nda psikolojik kayg\u0131 yarat\u0131rken, cinsel i\u015flev bozuklu\u011funun ortaya \u00e7\u0131kmas\u0131na neden olur. Bu nedenle i\u00e7 dudaklar\u0131n k\u00fc\u00e7\u00fclt\u00fclmesi i\u00e7in estetik m\u00fcdahale uygulanabilmektedir.<br \/><br \/>D\u0131\u015f genital b\u00f6lgenin i\u00e7erisinde k\u0131vr\u0131ml\u0131 bir yap\u0131ya sahip olan i\u00e7 dudaklar, her kad\u0131nda farkl\u0131 bir g\u00f6r\u00fcnt\u00fcye sahiptir. Ancak i\u00e7 dudaklar\u0131n normalin d\u0131\u015f\u0131nda b\u00fcy\u00fck olmas\u0131 ve kabar\u0131k bir g\u00f6r\u00fcnt\u00fcn\u00fcn olu\u015fmas\u0131 halinde estetik a\u00e7\u0131dan olumsuz bir tablo ortaya \u00e7\u0131kar. Ayr\u0131ca i\u00e7 dudak dokusunun renginde baz\u0131 d\u00f6nemlerde ve \u00e7e\u015fitli nedenlerden dolay\u0131 de\u011fi\u015fiklik meydana gelebilir. Bu fiziksel durum ki\u015finin psikolojik olarak zarar g\u00f6rmesine ve baz\u0131 cinsel i\u015flev sorunlar\u0131n\u0131n ya\u015fanmas\u0131na neden olmaktad\u0131r. \u0130\u00e7 dudaklar\u0131n b\u00fcy\u00fck olmas\u0131 enfeksiyon riskinin de artmas\u0131na yol a\u00e7maktad\u0131r. D\u0131\u015f dudaklar\u0131n b\u00fcy\u00fck olmas\u0131 ise, k\u0131yafet se\u00e7iminde zorlanmalara yol a\u00e7abilir. Labioplasti bu t\u00fcr sorunlar\u0131n onar\u0131lmas\u0131n\u0131 sa\u011flamaktad\u0131r.<br \/><br \/><strong>Kimler labioplasti operasyonlar\u0131 i\u00e7in uygundur?<\/strong><br \/><br \/>\u0130\u00e7 ve d\u0131\u015f dudaklar\u0131 k\u00fc\u00e7\u00fcltme operasyonlar\u0131 do\u011fum yapm\u0131\u015f ya da hi\u00e7 do\u011fum yapmam\u0131\u015f ki\u015filere uygulanabilmektedir. Ayr\u0131ca daha sonraki y\u0131llarda, normal do\u011fum yap\u0131lmas\u0131na engel olabilecek bir operasyon de\u011fildir. Labioplasti ameliyatlar\u0131 bakire ki\u015filere de yap\u0131labilmektedir. Yap\u0131lan operasyon k\u0131zl\u0131k zar\u0131 b\u00f6lgesinde 3- 4 cm uzakl\u0131ktad\u0131r. Bu nedenle k\u0131zl\u0131k zar\u0131n\u0131 tehdit edecek herhangi bir pozisyon yaratmamaktad\u0131r.<br \/><br \/><strong>Labioplasti operasyonlar\u0131 ne kadar s\u00fcrer?<\/strong><br \/><br \/>Ki\u015finin ergenlik d\u00f6nemi ile birlikte bu zamana kadar psikolojik bir sorun haline gelen yap\u0131sal deformasyonlar\u0131n giderilmesi amac\u0131 ile genital estetik uygulanmaktad\u0131r. Bu operasyonlar 20- 30 dakika gibi olduk\u00e7a k\u0131sa bir s\u00fcre i\u00e7erisinde lokal anestezi alt\u0131nda yap\u0131lmaktad\u0131r.<br \/><br \/><strong>Vajina daraltma (Vajinoplasti) operasyonlar\u0131 nedir, neden yap\u0131l\u0131r?<\/strong><br \/><br \/>Kad\u0131nlar\u0131n \u00e7ok say\u0131da normal do\u011fum yapmas\u0131 ya da do\u011fumsal fakt\u00f6rler nedeni ile vajinan\u0131n yap\u0131sal olarak elastikli\u011fi kaybetmesi sonucunda vajinada gev\u015feme s\u00f6z konusu olabilir. Bu durum, hem kad\u0131n hem de erkek i\u00e7in cinsel tatminsizli\u011fe neden olabilmektedir. Ayr\u0131ca duyarl\u0131l\u0131k hissinin kaybolmas\u0131na ba\u011fl\u0131 olarak kad\u0131nlar\u0131n cinsel ili\u015fkiden zevk almamas\u0131, orgazm olamama sorunlar\u0131n\u0131 meydana getirebilir. Bu ama\u00e7la vajinan\u0131n yap\u0131sal olarak s\u0131k\u0131l\u0131\u011f\u0131n\u0131n sa\u011flanmas\u0131 i\u00e7in vajina daraltma operasyonlar\u0131, genital estetik ameliyatlar\u0131 \u00e7er\u00e7evesinde yap\u0131lmaktad\u0131r.<br \/><br \/><strong>Vajinoplasti ameliyatlar\u0131 ile hangi sorunlar giderilebilmektedir?<\/strong><br \/><br \/><u>Cinsel hazz\u0131n artt\u0131r\u0131lmas\u0131<\/u><br \/><br \/>Vajinadaki gev\u015feme ve geni\u015fleme olarak ifade edilen elastik yap\u0131n\u0131n zay\u0131fl\u0131\u011f\u0131, kad\u0131n ve erke\u011fin cinsel birliktelikten zevk almamas\u0131na neden olmaktad\u0131r. Vajina daraltma operasyonlar\u0131 ile bu sorun ekarte edilerek, \u00e7iftlere cinsel hayatlar\u0131n\u0131 daha sa\u011fl\u0131kl\u0131 ve kaliteli bir \u015fekilde ya\u015fama imk\u00e2n\u0131 sa\u011flar.<br \/><br \/><u>Cinsel ili\u015fki s\u0131ras\u0131nda vajinadan gelen seslerin giderilmesi<\/u><br \/><br \/>Vajinan\u0131n esneme kabiliyetini yitirmi\u015f deforme yap\u0131s\u0131, cinsel ili\u015fki esnas\u0131nda \u00e7iftlerin konsantrasyonunu bozacak \u015fekilde \u00e7e\u015fitli vajinal seslerin ortaya \u00e7\u0131kmas\u0131na neden olmaktad\u0131r. Deformasyondan kaynaklanan bu sorun, vajinoplasti ameliyat\u0131 ile giderilebilmektedir.<br \/><br \/><u>Mesane ve barsak sarkmas\u0131n\u0131n onar\u0131m\u0131<\/u><br \/><br \/>Pelvik sistemdeki organlarda meydana gelen patolojiler cinsel ili\u015fkiyi etkilemektedir. Vajina daraltma operasyonlar\u0131 ile birlikte idrar torbas\u0131nda sarkma, idrar ka\u00e7\u0131rma problemleri ve barsak sarkmalar\u0131 da d\u00fczeltilebilmektedir. K\u0131sacas\u0131 vajinoplasti operasyonlar\u0131 kapsam\u0131nda sistosel ve rektosel de bu ameliyatlar ile d\u00fczeltilebilmektedir.<br \/><br \/><u>Do\u011fum nedbelerinin d\u00fczeltilmesi ve disparoni (a\u011fr\u0131l\u0131 cinsel ili\u015fki) tedavisi<\/u><br \/><br \/>Sa\u011fl\u0131kl\u0131 iyile\u015fme g\u00f6stermemi\u015f epizyotomi skarlar\u0131 (do\u011fum izleri) estetik olarak k\u00f6t\u00fc g\u00f6r\u00fcnt\u00fcye neden olmaktad\u0131r. Ayr\u0131ca fazla kesi nedeni ile vajina b\u00f6lgesindeki hatal\u0131 diki\u015fler, cinsel ili\u015fkide a\u011fr\u0131 duyulmas\u0131na neden olmaktad\u0131r. Vajinoplasti operasyonlar\u0131nda vajen yap\u0131s\u0131ndaki deformasyon giderilerek, hem estetik hem de fonksiyonel yap\u0131 d\u00fczeltilebilmektedir.<\/p>\t\t\t\t\t\t<\/div>\n\t\t\t\t<\/div>\n\t\t\t\t\t<\/div>\n\t\t<\/div>\n\t\t\t\t\t\t\t<\/div>\n\t\t<\/section>\n\t\t\t\t\t<\/div>\n\t\t<\/div>\n\t\t\t\t\t\t\t<\/div>\n\t\t<\/section>\n\t\t\t\t<section class=\"elementor-section elementor-top-section elementor-element elementor-element-771acd6e ova-geometry4 elementor-section-boxed elementor-section-height-default elementor-section-height-default\" data-id=\"771acd6e\" data-element_type=\"section\" data-settings=\"{&quot;background_background&quot;:&quot;classic&quot;}\">\n\t\t\t\t\t\t<div class=\"elementor-container elementor-column-gap-default\">\n\t\t\t\t\t<div class=\"elementor-column elementor-col-50 elementor-top-column elementor-element elementor-element-6e4521e5\" data-id=\"6e4521e5\" data-element_type=\"column\">\n\t\t\t<div class=\"elementor-widget-wrap elementor-element-populated\">\n\t\t\t\t\t\t\t\t<div class=\"elementor-element elementor-element-486ae63c elementor-widget__width-auto elementor-widget elementor-widget-infetech_elementor_heading\" data-id=\"486ae63c\" data-element_type=\"widget\" data-widget_type=\"infetech_elementor_heading.default\">\n\t\t\t\t<div class=\"elementor-widget-container\">\n\t\t\t\n\t\t\t<div class=\"ova-heading\">\n\t\t\t\t\n\t\t\t\t\t\t\t\t\t<h2 class=\"sub-title\">\n\t\t\t\t\t\t<span class=\"underlined\"><\/span>\n\t\t\t\t\t\tDurmay\u0131n, hemen aray\u0131n ! Uzmanlar\u0131m\u0131z taraf\u0131ndan verilen cevaplar ile hemen randevunuzu olu\u015ftural\u0131m.\t\t\t\t\t<\/h2>\t\n\t\t\t\t\n\t\t\t\t\n\t\t\t\t\t<h3 class=\"title\">\t\t\t\t\t\t\t\t\t\t\t\t\tDaha fazla bilgiye mi \u0130htiyaniz var ?\t\t\t\t\t\t\t\t\t\t\t<\/h3>\n                \n\t\t\t<\/div>\n\n\t\t\t\t<\/div>\n\t\t\t\t<\/div>\n\t\t\t\t\t<\/div>\n\t\t<\/div>\n\t\t\t\t<div class=\"elementor-column elementor-col-50 elementor-top-column elementor-element elementor-element-63392cb4\" data-id=\"63392cb4\" data-element_type=\"column\">\n\t\t\t<div class=\"elementor-widget-wrap elementor-element-populated\">\n\t\t\t\t\t\t\t\t<div class=\"elementor-element elementor-element-22df49af elementor-align-right elementor-widget elementor-widget-button\" data-id=\"22df49af\" data-element_type=\"widget\" data-widget_type=\"button.default\">\n\t\t\t\t<div class=\"elementor-widget-container\">\n\t\t\t\t\t<div class=\"elementor-button-wrapper\">\n\t\t\t<a href=\"#elementor-action%3Aaction%3Dpopup%3Aopen%26settings%3DeyJpZCI6NjMyOCwidG9nZ2xlIjpmYWxzZX0%3D\" class=\"elementor-button-link elementor-button elementor-size-sm\" role=\"button\">\n\t\t\t\t\t\t<span class=\"elementor-button-content-wrapper\">\n\t\t\t\t\t\t<span class=\"elementor-button-text\">S\u0130Z\u0130 ARAYALIM<\/span>\n\t\t<\/span>\n\t\t\t\t\t<\/a>\n\t\t<\/div>\n\t\t\t\t<\/div>\n\t\t\t\t<\/div>\n\t\t\t\t\t<\/div>\n\t\t<\/div>\n\t\t\t\t\t\t\t<\/div>\n\t\t<\/section>\n\t\t\t\t\t\t\t<\/div>\n\t\t","protected":false},"excerpt":{"rendered":"<p>Ana Sayfa V\u00fccut Esteti\u011fi Uygulamalar\u0131 Genital Estetik Jinekomasti Kol Germe Bacak Germe Genital Estetik 4D Vaser Liposuction V\u00fccut Esteti\u011fi Uygulamalar\u0131 Genital Estetik Kad\u0131nlar\u0131n vajina b\u00f6lgesinde meydana gelen \u015fekil bozukluklar\u0131n\u0131n ya da do\u011fu\u015ftan gelen anormal yap\u0131s\u0131n\u0131n fiziksel ve yap\u0131sal a\u00e7\u0131dan onar\u0131m\u0131n\u0131 sa\u011flayan operasyonlar, genital estetik ad\u0131 alt\u0131nda toplanmaktad\u0131r. Estetik operasyonlar, genellikle d\u0131\u015f g\u00f6r\u00fcn\u00fcm\u00fcn onar\u0131lmas\u0131 amac\u0131 ile [&hellip;]<\/p>\n","protected":false},"author":1,"featured_media":0,"parent":6384,"menu_order":0,"comment_status":"closed","ping_status":"closed","template":"elementor_header_footer","meta":{"footnotes":""},"class_list":["post-6417","page","type-page","status-publish","hentry"],"_links":{"self":[{"href":"https:\/\/nisclinic.com\/tr\/wp-json\/wp\/v2\/pages\/6417","targetHints":{"allow":["GET"]}}],"collection":[{"href":"https:\/\/nisclinic.com\/tr\/wp-json\/wp\/v2\/pages"}],"about":[{"href":"https:\/\/nisclinic.com\/tr\/wp-json\/wp\/v2\/types\/page"}],"author":[{"embeddable":true,"href":"https:\/\/nisclinic.com\/tr\/wp-json\/wp\/v2\/users\/1"}],"replies":[{"embeddable":true,"href":"https:\/\/nisclinic.com\/tr\/wp-json\/wp\/v2\/comments?post=6417"}],"version-history":[{"count":7,"href":"https:\/\/nisclinic.com\/tr\/wp-json\/wp\/v2\/pages\/6417\/revisions"}],"predecessor-version":[{"id":6424,"href":"https:\/\/nisclinic.com\/tr\/wp-json\/wp\/v2\/pages\/6417\/revisions\/6424"}],"up":[{"embeddable":true,"href":"https:\/\/nisclinic.com\/tr\/wp-json\/wp\/v2\/pages\/6384"}],"wp:attachment":[{"href":"https:\/\/nisclinic.com\/tr\/wp-json\/wp\/v2\/media?parent=6417"}],"curies":[{"name":"wp","href":"https:\/\/api.w.org\/{rel}","templated":true}]}}