{"id":6363,"date":"2022-10-04T14:13:09","date_gmt":"2022-10-04T14:13:09","guid":{"rendered":"https:\/\/siteniincele.com\/nisclinic\/hair-transplant-applications\/eyebrow-transplantation\/"},"modified":"2022-10-10T09:05:51","modified_gmt":"2022-10-10T09:05:51","slug":"eyebrow-transplantation","status":"publish","type":"page","link":"https:\/\/nisclinic.com\/tr\/hair-transplant-applications\/eyebrow-transplantation\/","title":{"rendered":"Ka\u015f Ekimi"},"content":{"rendered":"\t\t<div data-elementor-type=\"wp-page\" data-elementor-id=\"6363\" class=\"elementor elementor-6363 elementor-5521\">\n\t\t\t\t\t\t\t\t\t<section class=\"elementor-section elementor-top-section elementor-element elementor-element-3341125 elementor-section-boxed elementor-section-height-default elementor-section-height-default\" data-id=\"3341125\" data-element_type=\"section\" data-settings=\"{&quot;background_background&quot;:&quot;classic&quot;}\">\n\t\t\t\t\t\t<div class=\"elementor-container elementor-column-gap-default\">\n\t\t\t\t\t<div class=\"elementor-column elementor-col-100 elementor-top-column elementor-element elementor-element-ed6efee\" data-id=\"ed6efee\" data-element_type=\"column\">\n\t\t\t<div class=\"elementor-widget-wrap elementor-element-populated\">\n\t\t\t\t\t\t\t\t<div class=\"elementor-element elementor-element-6f3b510 elementor-widget elementor-widget-text-editor\" data-id=\"6f3b510\" data-element_type=\"widget\" data-widget_type=\"text-editor.default\">\n\t\t\t\t<div class=\"elementor-widget-container\">\n\t\t\t<style>\/*! elementor - v3.8.0 - 30-10-2022 *\/\n.elementor-widget-text-editor.elementor-drop-cap-view-stacked .elementor-drop-cap{background-color:#818a91;color:#fff}.elementor-widget-text-editor.elementor-drop-cap-view-framed .elementor-drop-cap{color:#818a91;border:3px solid;background-color:transparent}.elementor-widget-text-editor:not(.elementor-drop-cap-view-default) .elementor-drop-cap{margin-top:8px}.elementor-widget-text-editor:not(.elementor-drop-cap-view-default) .elementor-drop-cap-letter{width:1em;height:1em}.elementor-widget-text-editor .elementor-drop-cap{float:left;text-align:center;line-height:1;font-size:50px}.elementor-widget-text-editor .elementor-drop-cap-letter{display:inline-block}<\/style>\t\t\t\tAna Sayfa <i class=\"fa fa-chevron-right\"><\/i> <a href=\"https:\/\/nisclinic.com\/tr\/hair-transplant-applications\/\">Sa\u00e7 Ekimi Uygulamalar\u0131<\/a> <i class=\"fa fa-chevron-right\"><\/i> <a href=\"https:\/\/nisclinic.com\/tr\/hair-transplant-applications\/eyebrow-transplantation\/\">Ka\u015f Ekimi<\/a>\t\t\t\t\t\t<\/div>\n\t\t\t\t<\/div>\n\t\t\t\t\t<\/div>\n\t\t<\/div>\n\t\t\t\t\t\t\t<\/div>\n\t\t<\/section>\n\t\t\t\t<section class=\"elementor-section elementor-top-section elementor-element elementor-element-2e05cfe elementor-reverse-tablet elementor-reverse-mobile elementor-section-boxed elementor-section-height-default elementor-section-height-default\" data-id=\"2e05cfe\" data-element_type=\"section\">\n\t\t\t\t\t\t<div class=\"elementor-container elementor-column-gap-extended\">\n\t\t\t\t\t<div class=\"elementor-column elementor-col-50 elementor-top-column elementor-element elementor-element-8c53be7 animated-fast elementor-invisible\" data-id=\"8c53be7\" data-element_type=\"column\" data-settings=\"{&quot;animation&quot;:&quot;ova-move-up&quot;,&quot;animation_tablet&quot;:&quot;none&quot;,&quot;animation_delay&quot;:100}\">\n\t\t\t<div class=\"elementor-widget-wrap elementor-element-populated\">\n\t\t\t\t\t\t\t\t<section class=\"elementor-section elementor-inner-section elementor-element elementor-element-05e6b86 elementor-section-boxed elementor-section-height-default elementor-section-height-default\" data-id=\"05e6b86\" data-element_type=\"section\">\n\t\t\t\t\t\t<div class=\"elementor-container elementor-column-gap-default\">\n\t\t\t\t\t<div class=\"elementor-column elementor-col-100 elementor-inner-column elementor-element elementor-element-9335a88\" data-id=\"9335a88\" data-element_type=\"column\">\n\t\t\t<div class=\"elementor-widget-wrap elementor-element-populated\">\n\t\t\t\t\t\t\t\t<div class=\"elementor-element elementor-element-ade048e elementor-icon-list--layout-traditional elementor-list-item-link-full_width elementor-widget elementor-widget-global elementor-global-6357 elementor-widget-icon-list\" data-id=\"ade048e\" data-element_type=\"widget\" id=\"sideitems\" data-widget_type=\"icon-list.default\">\n\t\t\t\t<div class=\"elementor-widget-container\">\n\t\t\t<link rel=\"stylesheet\" href=\"https:\/\/nisclinic.com\/wp-content\/plugins\/elementor\/assets\/css\/widget-icon-list.min.css\">\t\t<ul class=\"elementor-icon-list-items\">\n\t\t\t\t\t\t\t<li class=\"elementor-icon-list-item\">\n\t\t\t\t\t\t\t\t\t\t\t<a href=\"https:\/\/nisclinic.com\/tr\/hair-transplant-applications\/hair-transplant\/\">\n\n\t\t\t\t\t\t\t\t\t\t\t<span class=\"elementor-icon-list-text\">Sa\u00e7 Ekimi<\/span>\n\t\t\t\t\t\t\t\t\t\t\t<\/a>\n\t\t\t\t\t\t\t\t\t<\/li>\n\t\t\t\t\t\t\t\t<li class=\"elementor-icon-list-item\">\n\t\t\t\t\t\t\t\t\t\t\t<a href=\"https:\/\/nisclinic.com\/tr\/hair-transplant-applications\/eyebrow-transplantation\/\">\n\n\t\t\t\t\t\t\t\t\t\t\t<span class=\"elementor-icon-list-text\">Ka\u015f Ekimi<\/span>\n\t\t\t\t\t\t\t\t\t\t\t<\/a>\n\t\t\t\t\t\t\t\t\t<\/li>\n\t\t\t\t\t\t\t\t<li class=\"elementor-icon-list-item\">\n\t\t\t\t\t\t\t\t\t\t\t<a href=\"https:\/\/nisclinic.com\/tr\/hair-transplant-applications\/mustache-transplant\/\">\n\n\t\t\t\t\t\t\t\t\t\t\t<span class=\"elementor-icon-list-text\">B\u0131y\u0131k Ekimi<\/span>\n\t\t\t\t\t\t\t\t\t\t\t<\/a>\n\t\t\t\t\t\t\t\t\t<\/li>\n\t\t\t\t\t\t\t\t<li class=\"elementor-icon-list-item\">\n\t\t\t\t\t\t\t\t\t\t\t<a href=\"https:\/\/nisclinic.com\/tr\/hair-transplant-applications\/hair-prp\/\">\n\n\t\t\t\t\t\t\t\t\t\t\t<span class=\"elementor-icon-list-text\">Sa\u00e7 PRP\u2019si<\/span>\n\t\t\t\t\t\t\t\t\t\t\t<\/a>\n\t\t\t\t\t\t\t\t\t<\/li>\n\t\t\t\t\t\t<\/ul>\n\t\t\t\t<\/div>\n\t\t\t\t<\/div>\n\t\t\t\t\t<\/div>\n\t\t<\/div>\n\t\t\t\t\t\t\t<\/div>\n\t\t<\/section>\n\t\t\t\t\t<\/div>\n\t\t<\/div>\n\t\t\t\t<div class=\"elementor-column elementor-col-50 elementor-top-column elementor-element elementor-element-82423ff animated-fast elementor-invisible\" data-id=\"82423ff\" data-element_type=\"column\" data-settings=\"{&quot;animation&quot;:&quot;ova-move-up&quot;,&quot;animation_tablet&quot;:&quot;none&quot;,&quot;animation_delay&quot;:100}\">\n\t\t\t<div class=\"elementor-widget-wrap elementor-element-populated\">\n\t\t\t\t\t\t\t\t<section class=\"elementor-section elementor-inner-section elementor-element elementor-element-7edfc01 elementor-section-boxed elementor-section-height-default elementor-section-height-default\" data-id=\"7edfc01\" data-element_type=\"section\">\n\t\t\t\t\t\t<div class=\"elementor-container elementor-column-gap-default\">\n\t\t\t\t\t<div class=\"elementor-column elementor-col-100 elementor-inner-column elementor-element elementor-element-7dadf70\" data-id=\"7dadf70\" data-element_type=\"column\">\n\t\t\t<div class=\"elementor-widget-wrap elementor-element-populated\">\n\t\t\t\t\t\t\t\t<div class=\"elementor-element elementor-element-1f40163 elementor-widget elementor-widget-infetech_elementor_heading\" data-id=\"1f40163\" data-element_type=\"widget\" data-widget_type=\"infetech_elementor_heading.default\">\n\t\t\t\t<div class=\"elementor-widget-container\">\n\t\t\t\n\t\t\t<div class=\"ova-heading\">\n\t\t\t\t\n\t\t\t\t\t\t\t\t\t<h2 class=\"sub-title\">\n\t\t\t\t\t\t<span class=\"underlined\"><\/span>\n\t\t\t\t\t\tSa\u00e7 Ekimi Uygulamalar\u0131\t\t\t\t\t<\/h2>\t\n\t\t\t\t\n\t\t\t\t\n\t\t\t\t\t<h3 class=\"title\">\t\t\t\t\t\t\t\t\t\t\t\t\tKa\u015f Ekimi\t\t\t\t\t\t\t\t\t\t\t<\/h3>\n                \n\t\t\t<\/div>\n\n\t\t\t\t<\/div>\n\t\t\t\t<\/div>\n\t\t\t\t<div class=\"elementor-element elementor-element-02d72c9 elementor-widget elementor-widget-image\" data-id=\"02d72c9\" data-element_type=\"widget\" data-widget_type=\"image.default\">\n\t\t\t\t<div class=\"elementor-widget-container\">\n\t\t\t<style>\/*! elementor - v3.8.0 - 30-10-2022 *\/\n.elementor-widget-image{text-align:center}.elementor-widget-image a{display:inline-block}.elementor-widget-image a img[src$=\".svg\"]{width:48px}.elementor-widget-image img{vertical-align:middle;display:inline-block}<\/style>\t\t\t\t\t\t\t\t\t\t\t\t<img loading=\"lazy\" decoding=\"async\" width=\"1568\" height=\"600\" src=\"https:\/\/nisclinic.com\/wp-content\/uploads\/2022\/10\/eyebrow-trans.jpg\" class=\"attachment-full size-full\" alt=\"\" srcset=\"https:\/\/nisclinic.com\/wp-content\/uploads\/2022\/10\/eyebrow-trans.jpg 1568w, https:\/\/nisclinic.com\/wp-content\/uploads\/2022\/10\/eyebrow-trans-300x115.jpg 300w, https:\/\/nisclinic.com\/wp-content\/uploads\/2022\/10\/eyebrow-trans-1024x392.jpg 1024w, https:\/\/nisclinic.com\/wp-content\/uploads\/2022\/10\/eyebrow-trans-768x294.jpg 768w, https:\/\/nisclinic.com\/wp-content\/uploads\/2022\/10\/eyebrow-trans-1536x588.jpg 1536w\" sizes=\"auto, (max-width: 1568px) 100vw, 1568px\" \/>\t\t\t\t\t\t\t\t\t\t\t\t\t\t\t<\/div>\n\t\t\t\t<\/div>\n\t\t\t\t<div class=\"elementor-element elementor-element-6d3fbb8 elementor-widget elementor-widget-text-editor\" data-id=\"6d3fbb8\" data-element_type=\"widget\" data-widget_type=\"text-editor.default\">\n\t\t\t\t<div class=\"elementor-widget-container\">\n\t\t\t\t\t\t\t<p>Ka\u015f ekimi yapt\u0131rmak isteyen herkese ve yan\u0131k yara izi olan ki\u015filere de uygulanmaktad\u0131r. Operasyon sonras\u0131nda ka\u015f ekimi yap\u0131lm\u0131\u015f olan b\u00f6lge k\u0131zar\u0131p kabuklanacakt\u0131r. Bir hafta sonras\u0131nda k\u0131zar\u0131kl\u0131klar ve kabukla\u015fma durumu tamamen ge\u00e7er. Ekim yap\u0131lan b\u00f6lgedeki sa\u00e7 telleri cans\u0131z oldu\u011fu ve sadece ka\u015flar\u0131n \u00e7\u0131k\u0131\u015f y\u00f6nlerini belirlemek ama\u00e7l\u0131 oldu\u011fundan dolay\u0131 d\u00f6k\u00fcleceklerdir. Daha sonras\u0131nda ise ka\u015flar\u0131n tamamen yenilenip \u00e7\u0131kmas\u0131 3-6 ay i\u00e7erisinde tamamlanm\u0131\u015f olacakt\u0131r.<br \/><br \/>Ka\u015flar\u0131n\u0131z\u0131n uzama s\u00fcresi, sa\u00e7 k\u00f6klerinden al\u0131nd\u0131\u011f\u0131 i\u00e7in normal ka\u015f teli uzama s\u00fcrecinden biraz daha h\u0131zl\u0131 uzayacakt\u0131r. Bu sebeple d\u00fczenli ka\u015f kesme i\u015flemi ile k\u0131salt\u0131lmas\u0131 gerekecektir.<br \/><br \/><strong>Ka\u015f Ekiminin Sonu\u00e7lar\u0131 Ne Zaman G\u00f6r\u00fclmeye Ba\u015flan\u0131r?<\/strong><br \/><br \/>Ka\u015f Ekiminden 3 hafta sonra ka\u015fa nakledilen sa\u00e7 telleri d\u00f6k\u00fcl\u00fcr sanki hi\u00e7 ka\u015f ekimi yap\u0131lmam\u0131\u015f gibi bir g\u00f6r\u00fcnt\u00fc olu\u015fturabilir. Bu d\u00f6k\u00fclme ka\u015f k\u00f6klerinin tamamen kayb\u0131 gibi anla\u015f\u0131lmas\u0131n, sadece sa\u00e7 k\u00f6kleri nakledildi\u011fi ortama adapte olabilmesi i\u00e7in sa\u00e7 tellerini ta\u015f\u0131yamazlar. Ekilen ka\u015flar 2 ay sonra cilt alt\u0131ndan yava\u015f yava\u015f \u00e7\u0131kmaya ba\u015flar ve bu s\u00fcrecin tamamlanmas\u0131 5-6 ay\u0131 bulmaktad\u0131r.<br \/><br \/><strong>Ka\u015f Ekimi Kal\u0131c\u0131 M\u0131d\u0131r?<\/strong><br \/><br \/>Kesinlikle ayn\u0131 sa\u00e7 ekiminde oldu\u011fu gibi ka\u015f ekiminde de ekilen greftler \u00f6m\u00fcr boyu d\u00f6k\u00fclmezler. Daha \u00f6nceki ka\u015flar\u0131m\u0131za nas\u0131l bak\u0131m yap\u0131yorsak ekilen ka\u015flar\u0131m\u0131za da ayn\u0131 \u015fekilde istedi\u011fimiz gibi inceltme, boya ve di\u011fer i\u015flemleri uygulayabiliriz.<br \/><br \/><strong>Ka\u015f\u0131n Nas\u0131l Olaca\u011f\u0131na Karar Verirken Nelere Dikkat Edilmelidir?<\/strong><br \/><br \/>Ki\u015finin nas\u0131l bir ka\u015f istedi\u011fi \u00e7ok \u00f6nemli bu nedenle doktoruyla birlikte ka\u015f \u00e7izgisine, s\u0131kl\u0131\u011f\u0131na ve kal\u0131nl\u0131\u011f\u0131na karar vermelidir.<br \/><br \/>\u00d6zellik ile dikkat etmesi gereken kal\u0131n bir ka\u015f\u0131 istedi\u011finiz gibi \u015fekillendire bilirsiniz fakat ince bir ka\u015fa yo\u011fun ve kal\u0131n bir ka\u015f g\u00f6r\u00fcnt\u00fcs\u00fc veremezsiniz. Ka\u015flar\u0131n\u0131z\u0131n biraz normalden kal\u0131n olmas\u0131nda herhangi bir sak\u0131nca yoktur.<\/p>\t\t\t\t\t\t<\/div>\n\t\t\t\t<\/div>\n\t\t\t\t\t<\/div>\n\t\t<\/div>\n\t\t\t\t\t\t\t<\/div>\n\t\t<\/section>\n\t\t\t\t\t<\/div>\n\t\t<\/div>\n\t\t\t\t\t\t\t<\/div>\n\t\t<\/section>\n\t\t\t\t<section class=\"elementor-section elementor-top-section elementor-element elementor-element-692e953b ova-geometry4 elementor-section-boxed elementor-section-height-default elementor-section-height-default\" data-id=\"692e953b\" data-element_type=\"section\" data-settings=\"{&quot;background_background&quot;:&quot;classic&quot;}\">\n\t\t\t\t\t\t<div class=\"elementor-container elementor-column-gap-default\">\n\t\t\t\t\t<div class=\"elementor-column elementor-col-50 elementor-top-column elementor-element elementor-element-7e8f40d9\" data-id=\"7e8f40d9\" data-element_type=\"column\">\n\t\t\t<div class=\"elementor-widget-wrap elementor-element-populated\">\n\t\t\t\t\t\t\t\t<div class=\"elementor-element elementor-element-2f0de664 elementor-widget__width-auto elementor-widget elementor-widget-infetech_elementor_heading\" data-id=\"2f0de664\" data-element_type=\"widget\" data-widget_type=\"infetech_elementor_heading.default\">\n\t\t\t\t<div class=\"elementor-widget-container\">\n\t\t\t\n\t\t\t<div class=\"ova-heading\">\n\t\t\t\t\n\t\t\t\t\t\t\t\t\t<h2 class=\"sub-title\">\n\t\t\t\t\t\t<span class=\"underlined\"><\/span>\n\t\t\t\t\t\tDurmay\u0131n, hemen aray\u0131n ! Uzmanlar\u0131m\u0131z taraf\u0131ndan verilen cevaplar ile hemen randevunuzu olu\u015ftural\u0131m.\t\t\t\t\t<\/h2>\t\n\t\t\t\t\n\t\t\t\t\n\t\t\t\t\t<h3 class=\"title\">\t\t\t\t\t\t\t\t\t\t\t\t\tDaha fazla bilgiye mi \u0130htiyaniz var ?\t\t\t\t\t\t\t\t\t\t\t<\/h3>\n                \n\t\t\t<\/div>\n\n\t\t\t\t<\/div>\n\t\t\t\t<\/div>\n\t\t\t\t\t<\/div>\n\t\t<\/div>\n\t\t\t\t<div class=\"elementor-column elementor-col-50 elementor-top-column elementor-element elementor-element-686b902c\" data-id=\"686b902c\" data-element_type=\"column\">\n\t\t\t<div class=\"elementor-widget-wrap elementor-element-populated\">\n\t\t\t\t\t\t\t\t<div class=\"elementor-element elementor-element-74499e80 elementor-align-right elementor-widget elementor-widget-button\" data-id=\"74499e80\" data-element_type=\"widget\" data-widget_type=\"button.default\">\n\t\t\t\t<div class=\"elementor-widget-container\">\n\t\t\t\t\t<div class=\"elementor-button-wrapper\">\n\t\t\t<a href=\"#elementor-action%3Aaction%3Dpopup%3Aopen%26settings%3DeyJpZCI6NjMyOCwidG9nZ2xlIjpmYWxzZX0%3D\" class=\"elementor-button-link elementor-button elementor-size-sm\" role=\"button\">\n\t\t\t\t\t\t<span class=\"elementor-button-content-wrapper\">\n\t\t\t\t\t\t<span class=\"elementor-button-text\">S\u0130Z\u0130 ARAYALIM<\/span>\n\t\t<\/span>\n\t\t\t\t\t<\/a>\n\t\t<\/div>\n\t\t\t\t<\/div>\n\t\t\t\t<\/div>\n\t\t\t\t\t<\/div>\n\t\t<\/div>\n\t\t\t\t\t\t\t<\/div>\n\t\t<\/section>\n\t\t\t\t\t\t\t<\/div>\n\t\t","protected":false},"excerpt":{"rendered":"<p>Ana Sayfa Sa\u00e7 Ekimi Uygulamalar\u0131 Ka\u015f Ekimi Sa\u00e7 Ekimi Ka\u015f Ekimi B\u0131y\u0131k Ekimi Sa\u00e7 PRP\u2019si Sa\u00e7 Ekimi Uygulamalar\u0131 Ka\u015f Ekimi Ka\u015f ekimi yapt\u0131rmak isteyen herkese ve yan\u0131k yara izi olan ki\u015filere de uygulanmaktad\u0131r. Operasyon sonras\u0131nda ka\u015f ekimi yap\u0131lm\u0131\u015f olan b\u00f6lge k\u0131zar\u0131p kabuklanacakt\u0131r. Bir hafta sonras\u0131nda k\u0131zar\u0131kl\u0131klar ve kabukla\u015fma durumu tamamen ge\u00e7er. Ekim yap\u0131lan b\u00f6lgedeki sa\u00e7 [&hellip;]<\/p>\n","protected":false},"author":1,"featured_media":0,"parent":6339,"menu_order":0,"comment_status":"closed","ping_status":"closed","template":"elementor_header_footer","meta":{"footnotes":""},"class_list":["post-6363","page","type-page","status-publish","hentry"],"_links":{"self":[{"href":"https:\/\/nisclinic.com\/tr\/wp-json\/wp\/v2\/pages\/6363","targetHints":{"allow":["GET"]}}],"collection":[{"href":"https:\/\/nisclinic.com\/tr\/wp-json\/wp\/v2\/pages"}],"about":[{"href":"https:\/\/nisclinic.com\/tr\/wp-json\/wp\/v2\/types\/page"}],"author":[{"embeddable":true,"href":"https:\/\/nisclinic.com\/tr\/wp-json\/wp\/v2\/users\/1"}],"replies":[{"embeddable":true,"href":"https:\/\/nisclinic.com\/tr\/wp-json\/wp\/v2\/comments?post=6363"}],"version-history":[{"count":4,"href":"https:\/\/nisclinic.com\/tr\/wp-json\/wp\/v2\/pages\/6363\/revisions"}],"predecessor-version":[{"id":6367,"href":"https:\/\/nisclinic.com\/tr\/wp-json\/wp\/v2\/pages\/6363\/revisions\/6367"}],"up":[{"embeddable":true,"href":"https:\/\/nisclinic.com\/tr\/wp-json\/wp\/v2\/pages\/6339"}],"wp:attachment":[{"href":"https:\/\/nisclinic.com\/tr\/wp-json\/wp\/v2\/media?parent=6363"}],"curies":[{"name":"wp","href":"https:\/\/api.w.org\/{rel}","templated":true}]}}