{"id":6339,"date":"2022-10-04T13:28:56","date_gmt":"2022-10-04T13:28:56","guid":{"rendered":"https:\/\/siteniincele.com\/nisclinic\/hair-transplant-applications\/"},"modified":"2022-10-10T08:55:25","modified_gmt":"2022-10-10T08:55:25","slug":"hair-transplant-applications","status":"publish","type":"page","link":"https:\/\/nisclinic.com\/tr\/hair-transplant-applications\/","title":{"rendered":"Sa\u00e7 Ekimi Uygulamalar\u0131"},"content":{"rendered":"\t\t<div data-elementor-type=\"wp-page\" data-elementor-id=\"6339\" class=\"elementor elementor-6339 elementor-5496\">\n\t\t\t\t\t\t\t\t\t<section class=\"elementor-section elementor-top-section elementor-element elementor-element-3341125 elementor-section-boxed elementor-section-height-default elementor-section-height-default\" data-id=\"3341125\" data-element_type=\"section\" data-settings=\"{&quot;background_background&quot;:&quot;classic&quot;}\">\n\t\t\t\t\t\t<div class=\"elementor-container elementor-column-gap-default\">\n\t\t\t\t\t<div class=\"elementor-column elementor-col-100 elementor-top-column elementor-element elementor-element-ed6efee\" data-id=\"ed6efee\" data-element_type=\"column\">\n\t\t\t<div class=\"elementor-widget-wrap elementor-element-populated\">\n\t\t\t\t\t\t\t\t<div class=\"elementor-element elementor-element-6f3b510 elementor-widget elementor-widget-text-editor\" data-id=\"6f3b510\" data-element_type=\"widget\" data-widget_type=\"text-editor.default\">\n\t\t\t\t<div class=\"elementor-widget-container\">\n\t\t\t<style>\/*! elementor - v3.8.0 - 30-10-2022 *\/\n.elementor-widget-text-editor.elementor-drop-cap-view-stacked .elementor-drop-cap{background-color:#818a91;color:#fff}.elementor-widget-text-editor.elementor-drop-cap-view-framed .elementor-drop-cap{color:#818a91;border:3px solid;background-color:transparent}.elementor-widget-text-editor:not(.elementor-drop-cap-view-default) .elementor-drop-cap{margin-top:8px}.elementor-widget-text-editor:not(.elementor-drop-cap-view-default) .elementor-drop-cap-letter{width:1em;height:1em}.elementor-widget-text-editor .elementor-drop-cap{float:left;text-align:center;line-height:1;font-size:50px}.elementor-widget-text-editor .elementor-drop-cap-letter{display:inline-block}<\/style>\t\t\t\tAna Sayfa <i class=\"fa fa-chevron-right\"><\/i> <a href=\"https:\/\/nisclinic.com\/tr\/hair-transplant-applications\/\">Sa\u00e7 Ekimi Uygulamalar\u0131<\/a>\t\t\t\t\t\t<\/div>\n\t\t\t\t<\/div>\n\t\t\t\t\t<\/div>\n\t\t<\/div>\n\t\t\t\t\t\t\t<\/div>\n\t\t<\/section>\n\t\t\t\t<section class=\"elementor-section elementor-top-section elementor-element elementor-element-b348f39 elementor-section-boxed elementor-section-height-default elementor-section-height-default\" data-id=\"b348f39\" data-element_type=\"section\">\n\t\t\t\t\t\t<div class=\"elementor-container elementor-column-gap-default\">\n\t\t\t\t\t<div class=\"elementor-column elementor-col-100 elementor-top-column elementor-element elementor-element-6542036\" data-id=\"6542036\" data-element_type=\"column\">\n\t\t\t<div class=\"elementor-widget-wrap elementor-element-populated\">\n\t\t\t\t\t\t\t\t<div class=\"elementor-element elementor-element-129459f elementor-widget elementor-widget-infetech_elementor_heading\" data-id=\"129459f\" data-element_type=\"widget\" data-widget_type=\"infetech_elementor_heading.default\">\n\t\t\t\t<div class=\"elementor-widget-container\">\n\t\t\t\n\t\t\t<div class=\"ova-heading\">\n\t\t\t\t\n\t\t\t\t\t\t\t\t\t<h2 class=\"sub-title\">\n\t\t\t\t\t\t<span class=\"underlined\"><\/span>\n\t\t\t\t\t\tTedaviler\t\t\t\t\t<\/h2>\t\n\t\t\t\t\n\t\t\t\t\n\t\t\t\t\t<h3 class=\"title\">\t\t\t\t\t\t\t\t\t\t\t\t\tSa\u00e7 Ekimi Uygulamalar\u0131\t\t\t\t\t\t\t\t\t\t\t<\/h3>\n                \n\t\t\t<\/div>\n\n\t\t\t\t<\/div>\n\t\t\t\t<\/div>\n\t\t\t\t\t<\/div>\n\t\t<\/div>\n\t\t\t\t\t\t\t<\/div>\n\t\t<\/section>\n\t\t\t\t<section class=\"elementor-section elementor-top-section elementor-element elementor-element-2e05cfe elementor-section-boxed elementor-section-height-default elementor-section-height-default\" data-id=\"2e05cfe\" data-element_type=\"section\">\n\t\t\t\t\t\t<div class=\"elementor-container elementor-column-gap-default\">\n\t\t\t\t\t<div class=\"elementor-column elementor-col-100 elementor-top-column elementor-element elementor-element-8c53be7 animated-fast elementor-invisible\" data-id=\"8c53be7\" data-element_type=\"column\" data-settings=\"{&quot;animation&quot;:&quot;ova-move-up&quot;,&quot;animation_tablet&quot;:&quot;none&quot;,&quot;animation_delay&quot;:100}\">\n\t\t\t<div class=\"elementor-widget-wrap elementor-element-populated\">\n\t\t\t\t\t\t\t\t<section class=\"elementor-section elementor-inner-section elementor-element elementor-element-05e6b86 elementor-section-boxed elementor-section-height-default elementor-section-height-default\" data-id=\"05e6b86\" data-element_type=\"section\">\n\t\t\t\t\t\t<div class=\"elementor-container elementor-column-gap-default\">\n\t\t\t\t\t<div class=\"elementor-column elementor-col-100 elementor-inner-column elementor-element elementor-element-9335a88\" data-id=\"9335a88\" data-element_type=\"column\">\n\t\t\t<div class=\"elementor-widget-wrap elementor-element-populated\">\n\t\t\t\t\t\t\t\t<div class=\"elementor-element elementor-element-ac47ca8 elementor-icon-list--layout-inline elementor-align-center elementor-list-item-link-full_width elementor-widget elementor-widget-icon-list\" data-id=\"ac47ca8\" data-element_type=\"widget\" data-widget_type=\"icon-list.default\">\n\t\t\t\t<div class=\"elementor-widget-container\">\n\t\t\t<link rel=\"stylesheet\" href=\"https:\/\/nisclinic.com\/wp-content\/plugins\/elementor\/assets\/css\/widget-icon-list.min.css\">\t\t<ul class=\"elementor-icon-list-items elementor-inline-items\">\n\t\t\t\t\t\t\t<li class=\"elementor-icon-list-item elementor-inline-item\">\n\t\t\t\t\t\t\t\t\t\t\t<a href=\"https:\/\/nisclinic.com\/tr\/hair-transplant-applications\/hair-transplant\/\">\n\n\t\t\t\t\t\t\t\t\t\t\t<span class=\"elementor-icon-list-text\">Sa\u00e7 Ekimi<\/span>\n\t\t\t\t\t\t\t\t\t\t\t<\/a>\n\t\t\t\t\t\t\t\t\t<\/li>\n\t\t\t\t\t\t\t\t<li class=\"elementor-icon-list-item elementor-inline-item\">\n\t\t\t\t\t\t\t\t\t\t\t<a href=\"https:\/\/nisclinic.com\/tr\/hair-transplant-applications\/eyebrow-transplantation\/\">\n\n\t\t\t\t\t\t\t\t\t\t\t<span class=\"elementor-icon-list-text\">Ka\u015f Ekimi<\/span>\n\t\t\t\t\t\t\t\t\t\t\t<\/a>\n\t\t\t\t\t\t\t\t\t<\/li>\n\t\t\t\t\t\t\t\t<li class=\"elementor-icon-list-item elementor-inline-item\">\n\t\t\t\t\t\t\t\t\t\t\t<a href=\"https:\/\/nisclinic.com\/tr\/hair-transplant-applications\/mustache-transplant\/\">\n\n\t\t\t\t\t\t\t\t\t\t\t<span class=\"elementor-icon-list-text\">B\u0131y\u0131k Ekimi<\/span>\n\t\t\t\t\t\t\t\t\t\t\t<\/a>\n\t\t\t\t\t\t\t\t\t<\/li>\n\t\t\t\t\t\t\t\t<li class=\"elementor-icon-list-item elementor-inline-item\">\n\t\t\t\t\t\t\t\t\t\t\t<a href=\"https:\/\/nisclinic.com\/tr\/hair-transplant-applications\/hair-prp\/\">\n\n\t\t\t\t\t\t\t\t\t\t\t<span class=\"elementor-icon-list-text\">Sa\u00e7 PRP\u2019si<\/span>\n\t\t\t\t\t\t\t\t\t\t\t<\/a>\n\t\t\t\t\t\t\t\t\t<\/li>\n\t\t\t\t\t\t<\/ul>\n\t\t\t\t<\/div>\n\t\t\t\t<\/div>\n\t\t\t\t\t<\/div>\n\t\t<\/div>\n\t\t\t\t\t\t\t<\/div>\n\t\t<\/section>\n\t\t\t\t\t<\/div>\n\t\t<\/div>\n\t\t\t\t\t\t\t<\/div>\n\t\t<\/section>\n\t\t\t\t<section class=\"elementor-section elementor-top-section elementor-element elementor-element-3ecf7b6e ova-geometry4 elementor-section-boxed elementor-section-height-default elementor-section-height-default\" data-id=\"3ecf7b6e\" data-element_type=\"section\" data-settings=\"{&quot;background_background&quot;:&quot;classic&quot;}\">\n\t\t\t\t\t\t<div class=\"elementor-container elementor-column-gap-default\">\n\t\t\t\t\t<div class=\"elementor-column elementor-col-50 elementor-top-column elementor-element elementor-element-3f8c7ab\" data-id=\"3f8c7ab\" data-element_type=\"column\">\n\t\t\t<div class=\"elementor-widget-wrap elementor-element-populated\">\n\t\t\t\t\t\t\t\t<div class=\"elementor-element elementor-element-6990504 elementor-widget__width-auto elementor-widget elementor-widget-infetech_elementor_heading\" data-id=\"6990504\" data-element_type=\"widget\" data-widget_type=\"infetech_elementor_heading.default\">\n\t\t\t\t<div class=\"elementor-widget-container\">\n\t\t\t\n\t\t\t<div class=\"ova-heading\">\n\t\t\t\t\n\t\t\t\t\t\t\t\t\t<h2 class=\"sub-title\">\n\t\t\t\t\t\t<span class=\"underlined\"><\/span>\n\t\t\t\t\t\tDurmay\u0131n, hemen aray\u0131n ! Uzmanlar\u0131m\u0131z taraf\u0131ndan verilen cevaplar ile hemen randevunuzu olu\u015ftural\u0131m.\t\t\t\t\t<\/h2>\t\n\t\t\t\t\n\t\t\t\t\n\t\t\t\t\t<h3 class=\"title\">\t\t\t\t\t\t\t\t\t\t\t\t\tDaha fazla bilgiye mi \u0130htiyaniz var ?\t\t\t\t\t\t\t\t\t\t\t<\/h3>\n                \n\t\t\t<\/div>\n\n\t\t\t\t<\/div>\n\t\t\t\t<\/div>\n\t\t\t\t\t<\/div>\n\t\t<\/div>\n\t\t\t\t<div class=\"elementor-column elementor-col-50 elementor-top-column elementor-element elementor-element-33e1de0f\" data-id=\"33e1de0f\" data-element_type=\"column\">\n\t\t\t<div class=\"elementor-widget-wrap elementor-element-populated\">\n\t\t\t\t\t\t\t\t<div class=\"elementor-element elementor-element-2963584a elementor-align-right elementor-widget elementor-widget-button\" data-id=\"2963584a\" data-element_type=\"widget\" data-widget_type=\"button.default\">\n\t\t\t\t<div class=\"elementor-widget-container\">\n\t\t\t\t\t<div class=\"elementor-button-wrapper\">\n\t\t\t<a href=\"#elementor-action%3Aaction%3Dpopup%3Aopen%26settings%3DeyJpZCI6NjMyOCwidG9nZ2xlIjpmYWxzZX0%3D\" class=\"elementor-button-link elementor-button elementor-size-sm\" role=\"button\">\n\t\t\t\t\t\t<span class=\"elementor-button-content-wrapper\">\n\t\t\t\t\t\t<span class=\"elementor-button-text\">S\u0130Z\u0130 ARAYALIM<\/span>\n\t\t<\/span>\n\t\t\t\t\t<\/a>\n\t\t<\/div>\n\t\t\t\t<\/div>\n\t\t\t\t<\/div>\n\t\t\t\t\t<\/div>\n\t\t<\/div>\n\t\t\t\t\t\t\t<\/div>\n\t\t<\/section>\n\t\t\t\t\t\t\t<\/div>\n\t\t","protected":false},"excerpt":{"rendered":"<p>Ana Sayfa Sa\u00e7 Ekimi Uygulamalar\u0131 Tedaviler Sa\u00e7 Ekimi Uygulamalar\u0131 Sa\u00e7 Ekimi Ka\u015f Ekimi B\u0131y\u0131k Ekimi Sa\u00e7 PRP\u2019si Durmay\u0131n, hemen aray\u0131n ! Uzmanlar\u0131m\u0131z taraf\u0131ndan verilen cevaplar ile hemen randevunuzu olu\u015ftural\u0131m. Daha fazla bilgiye mi \u0130htiyaniz var ? S\u0130Z\u0130 ARAYALIM<\/p>\n","protected":false},"author":1,"featured_media":0,"parent":0,"menu_order":0,"comment_status":"closed","ping_status":"closed","template":"elementor_header_footer","meta":{"footnotes":""},"class_list":["post-6339","page","type-page","status-publish","hentry"],"_links":{"self":[{"href":"https:\/\/nisclinic.com\/tr\/wp-json\/wp\/v2\/pages\/6339","targetHints":{"allow":["GET"]}}],"collection":[{"href":"https:\/\/nisclinic.com\/tr\/wp-json\/wp\/v2\/pages"}],"about":[{"href":"https:\/\/nisclinic.com\/tr\/wp-json\/wp\/v2\/types\/page"}],"author":[{"embeddable":true,"href":"https:\/\/nisclinic.com\/tr\/wp-json\/wp\/v2\/users\/1"}],"replies":[{"embeddable":true,"href":"https:\/\/nisclinic.com\/tr\/wp-json\/wp\/v2\/comments?post=6339"}],"version-history":[{"count":7,"href":"https:\/\/nisclinic.com\/tr\/wp-json\/wp\/v2\/pages\/6339\/revisions"}],"predecessor-version":[{"id":6346,"href":"https:\/\/nisclinic.com\/tr\/wp-json\/wp\/v2\/pages\/6339\/revisions\/6346"}],"wp:attachment":[{"href":"https:\/\/nisclinic.com\/tr\/wp-json\/wp\/v2\/media?parent=6339"}],"curies":[{"name":"wp","href":"https:\/\/api.w.org\/{rel}","templated":true}]}}