{"id":6331,"date":"2022-10-10T07:19:18","date_gmt":"2022-10-10T07:19:18","guid":{"rendered":"https:\/\/siteniincele.com\/nisclinic\/nis-clinic\/"},"modified":"2022-10-10T08:50:10","modified_gmt":"2022-10-10T08:50:10","slug":"nis-clinic","status":"publish","type":"page","link":"https:\/\/nisclinic.com\/tr\/nis-clinic\/","title":{"rendered":"Nis Clinic"},"content":{"rendered":"\t\t<div data-elementor-type=\"wp-page\" data-elementor-id=\"6331\" class=\"elementor elementor-6331 elementor-6083\">\n\t\t\t\t\t\t\t\t\t<section class=\"elementor-section elementor-top-section elementor-element elementor-element-f980e82 elementor-section-boxed elementor-section-height-default elementor-section-height-default\" data-id=\"f980e82\" data-element_type=\"section\">\n\t\t\t\t\t\t<div class=\"elementor-container elementor-column-gap-default\">\n\t\t\t\t\t<div class=\"elementor-column elementor-col-100 elementor-top-column elementor-element elementor-element-97a672c elementor-invisible\" data-id=\"97a672c\" data-element_type=\"column\" data-settings=\"{&quot;animation&quot;:&quot;ova-move-down&quot;,&quot;animation_tablet&quot;:&quot;none&quot;}\">\n\t\t\t<div class=\"elementor-widget-wrap elementor-element-populated\">\n\t\t\t\t\t\t\t\t<div class=\"elementor-element elementor-element-1264904 elementor-widget elementor-widget-infetech_elementor_heading\" data-id=\"1264904\" data-element_type=\"widget\" data-widget_type=\"infetech_elementor_heading.default\">\n\t\t\t\t<div class=\"elementor-widget-container\">\n\t\t\t\n\t\t\t<div class=\"ova-heading\">\n\t\t\t\t\n\t\t\t\t\n\t\t\t\t\n\t\t\t\t\t<h3 class=\"title\">\t\t\t\t\t\t\t\t\t\t\t\t\tNIS CLINIC\t\t\t\t\t\t\t\t\t\t\t<\/h3>\n                \n\t\t\t<\/div>\n\n\t\t\t\t<\/div>\n\t\t\t\t<\/div>\n\t\t\t\t<div class=\"elementor-element elementor-element-876f6e0 elementor-widget elementor-widget-text-editor\" data-id=\"876f6e0\" data-element_type=\"widget\" data-widget_type=\"text-editor.default\">\n\t\t\t\t<div class=\"elementor-widget-container\">\n\t\t\t<style>\/*! elementor - v3.8.0 - 30-10-2022 *\/\n.elementor-widget-text-editor.elementor-drop-cap-view-stacked .elementor-drop-cap{background-color:#818a91;color:#fff}.elementor-widget-text-editor.elementor-drop-cap-view-framed .elementor-drop-cap{color:#818a91;border:3px solid;background-color:transparent}.elementor-widget-text-editor:not(.elementor-drop-cap-view-default) .elementor-drop-cap{margin-top:8px}.elementor-widget-text-editor:not(.elementor-drop-cap-view-default) .elementor-drop-cap-letter{width:1em;height:1em}.elementor-widget-text-editor .elementor-drop-cap{float:left;text-align:center;line-height:1;font-size:50px}.elementor-widget-text-editor .elementor-drop-cap-letter{display:inline-block}<\/style>\t\t\t\t<p>Nis Sa\u011fl\u0131k Grubu, toplumun ya\u015fam kalitesini y\u00fckseltmek ve t\u0131bb\u0131n geli\u015fimine katk\u0131 sa\u011flamak amac\u0131yla;<\/p><p>Etik ilkelerden asla \u00f6d\u00fcn vermeden se\u00e7kin kadrosu ile bilimsel ve teknolojik geli\u015fmeleri takip eden; hasta, hasta yak\u0131n\u0131 ve \u00e7al\u0131\u015fan memnuniyeti odakl\u0131, uluslararas\u0131 kalite standartlar\u0131nda hizmet anlay\u0131\u015f\u0131 ile sekt\u00f6rde \u00f6nc\u00fc uygulamalarla fark yaratarak sa\u011fl\u0131kta d\u00fcnya markas\u0131 olmakt\u0131r.<\/p><p>Nis Sa\u011fl\u0131k Grubu\u2019nun amac\u0131; bireylerin sa\u011fl\u0131kla ilgili gereksinimlerini kar\u015f\u0131lamak ve daha sa\u011fl\u0131kl\u0131 bir ya\u015fam s\u00fcrebilmelerini sa\u011flamakt\u0131r. Bu ama\u00e7 do\u011frultusunda, t\u0131bbi hizmetleri, grubun her noktas\u0131ndan, belli standartlarda sunmay\u0131 hedeflemektedir.<\/p>\t\t\t\t\t\t<\/div>\n\t\t\t\t<\/div>\n\t\t\t\t\t<\/div>\n\t\t<\/div>\n\t\t\t\t\t\t\t<\/div>\n\t\t<\/section>\n\t\t\t\t<section class=\"elementor-section elementor-top-section elementor-element elementor-element-764ba16 elementor-section-boxed elementor-section-height-default elementor-section-height-default\" data-id=\"764ba16\" data-element_type=\"section\" data-settings=\"{&quot;background_background&quot;:&quot;classic&quot;}\">\n\t\t\t\t\t\t\t<div class=\"elementor-background-overlay\"><\/div>\n\t\t\t\t\t\t\t<div class=\"elementor-container elementor-column-gap-default\">\n\t\t\t\t\t<div class=\"elementor-column elementor-col-100 elementor-top-column elementor-element elementor-element-bfcbd3e elementor-hidden-desktop elementor-hidden-tablet elementor-hidden-mobile\" data-id=\"bfcbd3e\" data-element_type=\"column\">\n\t\t\t<div class=\"elementor-widget-wrap elementor-element-populated\">\n\t\t\t\t\t\t\t\t<section class=\"elementor-section elementor-inner-section elementor-element elementor-element-84db0c9 elementor-section-full_width elementor-section-height-default elementor-section-height-default\" data-id=\"84db0c9\" data-element_type=\"section\">\n\t\t\t\t\t\t<div class=\"elementor-container elementor-column-gap-default\">\n\t\t\t\t\t<div class=\"elementor-column elementor-col-50 elementor-inner-column elementor-element elementor-element-5665bad\" data-id=\"5665bad\" data-element_type=\"column\">\n\t\t\t<div class=\"elementor-widget-wrap elementor-element-populated\">\n\t\t\t\t\t\t\t\t<div class=\"elementor-element elementor-element-d009c80 elementor-widget elementor-widget-infetech_elementor_heading\" data-id=\"d009c80\" data-element_type=\"widget\" data-widget_type=\"infetech_elementor_heading.default\">\n\t\t\t\t<div class=\"elementor-widget-container\">\n\t\t\t\n\t\t\t<div class=\"ova-heading\">\n\t\t\t\t\n\t\t\t\t\t\t\t\t\t<h2 class=\"sub-title\">\n\t\t\t\t\t\t<span class=\"underlined\"><\/span>\n\t\t\t\t\t\tOur Expert People\t\t\t\t\t<\/h2>\t\n\t\t\t\t\n\t\t\t\t\n\t\t\t\t\t<h3 class=\"title\">\t\t\t\t\t\t\t\t\t\t\t\t\tMeet Our Professional Team Member\t\t\t\t\t\t\t\t\t\t\t<\/h3>\n                \n\t\t\t<\/div>\n\n\t\t\t\t<\/div>\n\t\t\t\t<\/div>\n\t\t\t\t\t<\/div>\n\t\t<\/div>\n\t\t\t\t<div class=\"elementor-column elementor-col-50 elementor-inner-column elementor-element elementor-element-ddda90b\" data-id=\"ddda90b\" data-element_type=\"column\">\n\t\t\t<div class=\"elementor-widget-wrap\">\n\t\t\t\t\t\t\t\t\t<\/div>\n\t\t<\/div>\n\t\t\t\t\t\t\t<\/div>\n\t\t<\/section>\n\t\t\t\t<div class=\"elementor-element elementor-element-db456d3 elementor-widget elementor-widget-ova_team\" data-id=\"db456d3\" data-element_type=\"widget\" data-widget_type=\"ova_team.default\">\n\t\t\t\t<div class=\"elementor-widget-container\">\n\t\t\t\t\t\n\t<div class=\"ova-team \">      \n\n\t\t<div class=\"content three_column\">\n\n\t\t\t\n\t\t\t\t\n\t\t\t\t<div class=\"item-team\">\n\n                    \t\t\t\t\t\t<span class=\"ova-line1\"><\/span>\n\t\t\t\t\t    <div class=\"line-wrapper\">\n\t\t\t\t\t    \t<span class=\"ova-line2\"><\/span>\n\t\t\t\t\t    <\/div>\n\t\t\t\t\t\t\n\n\t\t\t\t\t<div class=\"img\">\n\t\t\t\t\t\t\n\t\t\t\t\t\t<!-- Avata -->\n\t\t\t\t\t\t\n\t\t\t\t\t\t\t\t\t\t\t    <a href=\"https:\/\/nisclinic.com\/tr\/team\/christine-eve\/\">\n\t\t\t\t\t    \t\n\n                            <div class=\"img-wrapper\">\n                            \t<img decoding=\"async\" src=\"https:\/\/demo.ovatheme.com\/infetech\/wp-content\/uploads\/2022\/04\/team-03.jpg\" class=\"img-responsive team-img\" alt=\"Christine Eve\">\n                            <\/div>\t\n\n\t\t\t\t\t    \t\t\t\t\t\t<\/a>\n\t\t\t\t\t    \t\n\t\t\t\t\t\t\n\t\t\t\t\t\t<!-- list Icon -->\n\t\t\t\t\t\t\t\t\t\t\t\t\t<div class=\"list-icon\" >\n\n\t\t\t\t\t\t\t\t\n\t\t\t\t\t\t\t\t\t<ul> \n\t\t\t\t\t\t\t\t\t\t\t\t\t\t\t\t\t\t\t\t\t\t<li class=\"item\">\n\t\t\t\t\t\t\t\t\t\t\t\t\t<a href=\"#\" target=\"_blank\">\n\t\t\t\t\t\t\t\t\t\t\t\t\t\t<i class=\"fab fa-facebook\"><\/i>\n\t\t\t\t\t\t\t\t\t\t\t\t\t<\/a>\n\t\t\t\t\t\t\t\t\t\t\t\t<\/li>\n\t\t\t\t\t\t\t\t\t\t\t\t\t\t\t\t\t\t\t\t\t\t<li class=\"item\">\n\t\t\t\t\t\t\t\t\t\t\t\t\t<a href=\"#\" target=\"_blank\">\n\t\t\t\t\t\t\t\t\t\t\t\t\t\t<i class=\"ovaicon ovaicon-twitter\"><\/i>\n\t\t\t\t\t\t\t\t\t\t\t\t\t<\/a>\n\t\t\t\t\t\t\t\t\t\t\t\t<\/li>\n\t\t\t\t\t\t\t\t\t\t\t\t\t\t\t\t\t\t\t\t\t\t<li class=\"item\">\n\t\t\t\t\t\t\t\t\t\t\t\t\t<a href=\"#\" target=\"_blank\">\n\t\t\t\t\t\t\t\t\t\t\t\t\t\t<i class=\"fab fa-pinterest-p\"><\/i>\n\t\t\t\t\t\t\t\t\t\t\t\t\t<\/a>\n\t\t\t\t\t\t\t\t\t\t\t\t<\/li>\n\t\t\t\t\t\t\t\t\t\t\t\t\t\t\t\t\t\t\t\t\t\t<li class=\"item\">\n\t\t\t\t\t\t\t\t\t\t\t\t\t<a href=\"#\" target=\"_blank\">\n\t\t\t\t\t\t\t\t\t\t\t\t\t\t<i class=\"ovaicon ovaicon-instagram-1\"><\/i>\n\t\t\t\t\t\t\t\t\t\t\t\t\t<\/a>\n\t\t\t\t\t\t\t\t\t\t\t\t<\/li>\n\t\t\t\t\t\t\t\t\t\t\t\t\t\t\t\t\t\t\t\t\n\t\t\t\t\t\t\t\t\t<\/ul>\n\t\t\t\t\t\t\t\t\t\n\t\t\t\t\t\t\t\t\n\t\t\t\t\t\t    <\/div>\n\t\t\t\t\t    \n\t\t\t\t\t<\/div>\n\n\t\t\t\t\t<!-- Info -->\n\t\t\t\t\t<div class=\"info\">\n                        \n                        <div class=\"name-job\">\n                        \t\t\t\t\t\t\t\t\t<h2 class=\"name\">\n\t\t\t\t\t\t\t\t\t\t\t\t\t\t\t\t\t\t <a href=\"https:\/\/nisclinic.com\/tr\/team\/christine-eve\/\">\n\t\t\t\t\t\t\t\t\t\n\t\t\t\t\t\t\t\t\t\tChristine Eve\t\t\t\t\t\t\t\t\t\t\n\t\t\t\t\t\t\t\t\t\t\t\t\t\t\t\t\t\t<\/a>\n\t\t\t\t\t\t\t\t\t\t\t\t\t\t\t\t\t<\/h2>\n\t\t\t\t\t\t\t\t\t\t\t\t\t\t\n\n\t\t\t\t\t\t\t\t\t\t\t\t\t\t\t<p class=\"job\">\n\t\t\t\t\t\t\t\t\tDeveloper\t\t\t\t\t\t\t\t<\/p>\n\t\t\t\t\t\t\t                        <\/div>\n\n\t\t\t\t\t\t<div class=\"share-button\">\n\t\t\t\t\t\t\t<i class=\"fas fa-share-alt\"><\/i>\n\t\t\t\t\t\t<\/div>\n\n\t\t\t\t\t<\/div>\n\t\t\t\t\t\n\t\t\t\t<\/div>\n\n\t\t\t\t\n\n\t\t\t\n\t\t\t\t\n\t\t\t\t<div class=\"item-team\">\n\n                    \t\t\t\t\t\t<span class=\"ova-line1\"><\/span>\n\t\t\t\t\t    <div class=\"line-wrapper\">\n\t\t\t\t\t    \t<span class=\"ova-line2\"><\/span>\n\t\t\t\t\t    <\/div>\n\t\t\t\t\t\t\n\n\t\t\t\t\t<div class=\"img\">\n\t\t\t\t\t\t\n\t\t\t\t\t\t<!-- Avata -->\n\t\t\t\t\t\t\n\t\t\t\t\t\t\t\t\t\t\t    <a href=\"https:\/\/nisclinic.com\/tr\/team\/mike-hardson\/\">\n\t\t\t\t\t    \t\n\n                            <div class=\"img-wrapper\">\n                            \t<img decoding=\"async\" src=\"https:\/\/demo.ovatheme.com\/infetech\/wp-content\/uploads\/2022\/04\/team-02.jpg\" class=\"img-responsive team-img\" alt=\"Mike Hardson\">\n                            <\/div>\t\n\n\t\t\t\t\t    \t\t\t\t\t\t<\/a>\n\t\t\t\t\t    \t\n\t\t\t\t\t\t\n\t\t\t\t\t\t<!-- list Icon -->\n\t\t\t\t\t\t\t\t\t\t\t\t\t<div class=\"list-icon\" >\n\n\t\t\t\t\t\t\t\t\n\t\t\t\t\t\t\t\t\t<ul> \n\t\t\t\t\t\t\t\t\t\t\t\t\t\t\t\t\t\t\t\t\t\t<li class=\"item\">\n\t\t\t\t\t\t\t\t\t\t\t\t\t<a href=\"#\" target=\"_blank\">\n\t\t\t\t\t\t\t\t\t\t\t\t\t\t<i class=\"fab fa-facebook\"><\/i>\n\t\t\t\t\t\t\t\t\t\t\t\t\t<\/a>\n\t\t\t\t\t\t\t\t\t\t\t\t<\/li>\n\t\t\t\t\t\t\t\t\t\t\t\t\t\t\t\t\t\t\t\t\t\t<li class=\"item\">\n\t\t\t\t\t\t\t\t\t\t\t\t\t<a href=\"#\" target=\"_blank\">\n\t\t\t\t\t\t\t\t\t\t\t\t\t\t<i class=\"ovaicon ovaicon-twitter\"><\/i>\n\t\t\t\t\t\t\t\t\t\t\t\t\t<\/a>\n\t\t\t\t\t\t\t\t\t\t\t\t<\/li>\n\t\t\t\t\t\t\t\t\t\t\t\t\t\t\t\t\t\t\t\t\t\t<li class=\"item\">\n\t\t\t\t\t\t\t\t\t\t\t\t\t<a href=\"#\" target=\"_blank\">\n\t\t\t\t\t\t\t\t\t\t\t\t\t\t<i class=\"fab fa-pinterest-p\"><\/i>\n\t\t\t\t\t\t\t\t\t\t\t\t\t<\/a>\n\t\t\t\t\t\t\t\t\t\t\t\t<\/li>\n\t\t\t\t\t\t\t\t\t\t\t\t\t\t\t\t\t\t\t\t\t\t<li class=\"item\">\n\t\t\t\t\t\t\t\t\t\t\t\t\t<a href=\"#\" target=\"_blank\">\n\t\t\t\t\t\t\t\t\t\t\t\t\t\t<i class=\"ovaicon ovaicon-instagram-1\"><\/i>\n\t\t\t\t\t\t\t\t\t\t\t\t\t<\/a>\n\t\t\t\t\t\t\t\t\t\t\t\t<\/li>\n\t\t\t\t\t\t\t\t\t\t\t\t\t\t\t\t\t\t\t\t\n\t\t\t\t\t\t\t\t\t<\/ul>\n\t\t\t\t\t\t\t\t\t\n\t\t\t\t\t\t\t\t\n\t\t\t\t\t\t    <\/div>\n\t\t\t\t\t    \n\t\t\t\t\t<\/div>\n\n\t\t\t\t\t<!-- Info -->\n\t\t\t\t\t<div class=\"info\">\n                        \n                        <div class=\"name-job\">\n                        \t\t\t\t\t\t\t\t\t<h2 class=\"name\">\n\t\t\t\t\t\t\t\t\t\t\t\t\t\t\t\t\t\t <a href=\"https:\/\/nisclinic.com\/tr\/team\/mike-hardson\/\">\n\t\t\t\t\t\t\t\t\t\n\t\t\t\t\t\t\t\t\t\tMike Hardson\t\t\t\t\t\t\t\t\t\t\n\t\t\t\t\t\t\t\t\t\t\t\t\t\t\t\t\t\t<\/a>\n\t\t\t\t\t\t\t\t\t\t\t\t\t\t\t\t\t<\/h2>\n\t\t\t\t\t\t\t\t\t\t\t\t\t\t\n\n\t\t\t\t\t\t\t\t\t\t\t\t\t\t\t<p class=\"job\">\n\t\t\t\t\t\t\t\t\tDeveloper\t\t\t\t\t\t\t\t<\/p>\n\t\t\t\t\t\t\t                        <\/div>\n\n\t\t\t\t\t\t<div class=\"share-button\">\n\t\t\t\t\t\t\t<i class=\"fas fa-share-alt\"><\/i>\n\t\t\t\t\t\t<\/div>\n\n\t\t\t\t\t<\/div>\n\t\t\t\t\t\n\t\t\t\t<\/div>\n\n\t\t\t\t\n\n\t\t\t\n\t\t\t\t\n\t\t\t\t<div class=\"item-team\">\n\n                    \t\t\t\t\t\t<span class=\"ova-line1\"><\/span>\n\t\t\t\t\t    <div class=\"line-wrapper\">\n\t\t\t\t\t    \t<span class=\"ova-line2\"><\/span>\n\t\t\t\t\t    <\/div>\n\t\t\t\t\t\t\n\n\t\t\t\t\t<div class=\"img\">\n\t\t\t\t\t\t\n\t\t\t\t\t\t<!-- Avata -->\n\t\t\t\t\t\t\n\t\t\t\t\t\t\t\t\t\t\t    <a href=\"https:\/\/nisclinic.com\/tr\/team\/jessica-brown\/\">\n\t\t\t\t\t    \t\n\n                            <div class=\"img-wrapper\">\n                            \t<img decoding=\"async\" src=\"https:\/\/demo.ovatheme.com\/infetech\/wp-content\/uploads\/2022\/04\/team.jpg\" class=\"img-responsive team-img\" alt=\"Jessica Brown\">\n                            <\/div>\t\n\n\t\t\t\t\t    \t\t\t\t\t\t<\/a>\n\t\t\t\t\t    \t\n\t\t\t\t\t\t\n\t\t\t\t\t\t<!-- list Icon -->\n\t\t\t\t\t\t\t\t\t\t\t\t\t<div class=\"list-icon\" >\n\n\t\t\t\t\t\t\t\t\n\t\t\t\t\t\t\t\t\t<ul> \n\t\t\t\t\t\t\t\t\t\t\t\t\t\t\t\t\t\t\t\t\t\t<li class=\"item\">\n\t\t\t\t\t\t\t\t\t\t\t\t\t<a href=\"#\" target=\"_blank\">\n\t\t\t\t\t\t\t\t\t\t\t\t\t\t<i class=\"fab fa-facebook\"><\/i>\n\t\t\t\t\t\t\t\t\t\t\t\t\t<\/a>\n\t\t\t\t\t\t\t\t\t\t\t\t<\/li>\n\t\t\t\t\t\t\t\t\t\t\t\t\t\t\t\t\t\t\t\t\t\t<li class=\"item\">\n\t\t\t\t\t\t\t\t\t\t\t\t\t<a href=\"#\" target=\"_blank\">\n\t\t\t\t\t\t\t\t\t\t\t\t\t\t<i class=\"ovaicon ovaicon-twitter\"><\/i>\n\t\t\t\t\t\t\t\t\t\t\t\t\t<\/a>\n\t\t\t\t\t\t\t\t\t\t\t\t<\/li>\n\t\t\t\t\t\t\t\t\t\t\t\t\t\t\t\t\t\t\t\t\t\t<li class=\"item\">\n\t\t\t\t\t\t\t\t\t\t\t\t\t<a href=\"#\" target=\"_blank\">\n\t\t\t\t\t\t\t\t\t\t\t\t\t\t<i class=\"fab fa-pinterest-p\"><\/i>\n\t\t\t\t\t\t\t\t\t\t\t\t\t<\/a>\n\t\t\t\t\t\t\t\t\t\t\t\t<\/li>\n\t\t\t\t\t\t\t\t\t\t\t\t\t\t\t\t\t\t\t\t\t\t<li class=\"item\">\n\t\t\t\t\t\t\t\t\t\t\t\t\t<a href=\"#\" target=\"_blank\">\n\t\t\t\t\t\t\t\t\t\t\t\t\t\t<i class=\"ovaicon ovaicon-instagram-1\"><\/i>\n\t\t\t\t\t\t\t\t\t\t\t\t\t<\/a>\n\t\t\t\t\t\t\t\t\t\t\t\t<\/li>\n\t\t\t\t\t\t\t\t\t\t\t\t\t\t\t\t\t\t\t\t\n\t\t\t\t\t\t\t\t\t<\/ul>\n\t\t\t\t\t\t\t\t\t\n\t\t\t\t\t\t\t\t\n\t\t\t\t\t\t    <\/div>\n\t\t\t\t\t    \n\t\t\t\t\t<\/div>\n\n\t\t\t\t\t<!-- Info -->\n\t\t\t\t\t<div class=\"info\">\n                        \n                        <div class=\"name-job\">\n                        \t\t\t\t\t\t\t\t\t<h2 class=\"name\">\n\t\t\t\t\t\t\t\t\t\t\t\t\t\t\t\t\t\t <a href=\"https:\/\/nisclinic.com\/tr\/team\/jessica-brown\/\">\n\t\t\t\t\t\t\t\t\t\n\t\t\t\t\t\t\t\t\t\tJessica Brown\t\t\t\t\t\t\t\t\t\t\n\t\t\t\t\t\t\t\t\t\t\t\t\t\t\t\t\t\t<\/a>\n\t\t\t\t\t\t\t\t\t\t\t\t\t\t\t\t\t<\/h2>\n\t\t\t\t\t\t\t\t\t\t\t\t\t\t\n\n\t\t\t\t\t\t\t\t\t\t\t\t\t\t\t<p class=\"job\">\n\t\t\t\t\t\t\t\t\tDeveloper\t\t\t\t\t\t\t\t<\/p>\n\t\t\t\t\t\t\t                        <\/div>\n\n\t\t\t\t\t\t<div class=\"share-button\">\n\t\t\t\t\t\t\t<i class=\"fas fa-share-alt\"><\/i>\n\t\t\t\t\t\t<\/div>\n\n\t\t\t\t\t<\/div>\n\t\t\t\t\t\n\t\t\t\t<\/div>\n\n\t\t\t\t\n\n\t\t\t\t\t<\/div>\n\t\t\n\t\t\t\n\n\t<\/div>\t\t<\/div>\n\t\t\t\t<\/div>\n\t\t\t\t\t<\/div>\n\t\t<\/div>\n\t\t\t\t\t\t\t<\/div>\n\t\t<\/section>\n\t\t\t\t<section class=\"elementor-section elementor-top-section elementor-element elementor-element-d2e003c ova-geometry4 elementor-section-boxed elementor-section-height-default elementor-section-height-default\" data-id=\"d2e003c\" data-element_type=\"section\" data-settings=\"{&quot;background_background&quot;:&quot;classic&quot;}\">\n\t\t\t\t\t\t<div class=\"elementor-container elementor-column-gap-default\">\n\t\t\t\t\t<div class=\"elementor-column elementor-col-50 elementor-top-column elementor-element elementor-element-4da4bc92\" data-id=\"4da4bc92\" data-element_type=\"column\">\n\t\t\t<div class=\"elementor-widget-wrap elementor-element-populated\">\n\t\t\t\t\t\t\t\t<div class=\"elementor-element elementor-element-6495981f elementor-widget__width-auto elementor-widget elementor-widget-infetech_elementor_heading\" data-id=\"6495981f\" data-element_type=\"widget\" data-widget_type=\"infetech_elementor_heading.default\">\n\t\t\t\t<div class=\"elementor-widget-container\">\n\t\t\t\n\t\t\t<div class=\"ova-heading\">\n\t\t\t\t\n\t\t\t\t\t\t\t\t\t<h2 class=\"sub-title\">\n\t\t\t\t\t\t<span class=\"underlined\"><\/span>\n\t\t\t\t\t\tDurmay\u0131n, hemen aray\u0131n ! Uzmanlar\u0131m\u0131z taraf\u0131ndan verilen cevaplar ile hemen randevunuzu olu\u015ftural\u0131m.\t\t\t\t\t<\/h2>\t\n\t\t\t\t\n\t\t\t\t\n\t\t\t\t\t<h3 class=\"title\">\t\t\t\t\t\t\t\t\t\t\t\t\tDaha fazla bilgiye mi \u0130htiyaniz var ?\t\t\t\t\t\t\t\t\t\t\t<\/h3>\n                \n\t\t\t<\/div>\n\n\t\t\t\t<\/div>\n\t\t\t\t<\/div>\n\t\t\t\t\t<\/div>\n\t\t<\/div>\n\t\t\t\t<div class=\"elementor-column elementor-col-50 elementor-top-column elementor-element elementor-element-6e5d1729\" data-id=\"6e5d1729\" data-element_type=\"column\">\n\t\t\t<div class=\"elementor-widget-wrap elementor-element-populated\">\n\t\t\t\t\t\t\t\t<div class=\"elementor-element elementor-element-3a0b365a elementor-align-right elementor-widget elementor-widget-button\" data-id=\"3a0b365a\" data-element_type=\"widget\" data-widget_type=\"button.default\">\n\t\t\t\t<div class=\"elementor-widget-container\">\n\t\t\t\t\t<div class=\"elementor-button-wrapper\">\n\t\t\t<a href=\"#elementor-action%3Aaction%3Dpopup%3Aopen%26settings%3DeyJpZCI6NjMyOCwidG9nZ2xlIjpmYWxzZX0%3D\" class=\"elementor-button-link elementor-button elementor-size-sm\" role=\"button\">\n\t\t\t\t\t\t<span class=\"elementor-button-content-wrapper\">\n\t\t\t\t\t\t<span class=\"elementor-button-text\">S\u0130Z\u0130 ARAYALIM<\/span>\n\t\t<\/span>\n\t\t\t\t\t<\/a>\n\t\t<\/div>\n\t\t\t\t<\/div>\n\t\t\t\t<\/div>\n\t\t\t\t\t<\/div>\n\t\t<\/div>\n\t\t\t\t\t\t\t<\/div>\n\t\t<\/section>\n\t\t\t\t\t\t\t<\/div>\n\t\t","protected":false},"excerpt":{"rendered":"<p>NIS CLINIC Nis Sa\u011fl\u0131k Grubu, toplumun ya\u015fam kalitesini y\u00fckseltmek ve t\u0131bb\u0131n geli\u015fimine katk\u0131 sa\u011flamak amac\u0131yla; Etik ilkelerden asla \u00f6d\u00fcn vermeden se\u00e7kin kadrosu ile bilimsel ve teknolojik geli\u015fmeleri takip eden; hasta, hasta yak\u0131n\u0131 ve \u00e7al\u0131\u015fan memnuniyeti odakl\u0131, uluslararas\u0131 kalite standartlar\u0131nda hizmet anlay\u0131\u015f\u0131 ile sekt\u00f6rde \u00f6nc\u00fc uygulamalarla fark yaratarak sa\u011fl\u0131kta d\u00fcnya markas\u0131 olmakt\u0131r. Nis Sa\u011fl\u0131k Grubu\u2019nun amac\u0131; [&hellip;]<\/p>\n","protected":false},"author":1,"featured_media":0,"parent":0,"menu_order":0,"comment_status":"closed","ping_status":"closed","template":"elementor_header_footer","meta":{"footnotes":""},"class_list":["post-6331","page","type-page","status-publish","hentry"],"_links":{"self":[{"href":"https:\/\/nisclinic.com\/tr\/wp-json\/wp\/v2\/pages\/6331","targetHints":{"allow":["GET"]}}],"collection":[{"href":"https:\/\/nisclinic.com\/tr\/wp-json\/wp\/v2\/pages"}],"about":[{"href":"https:\/\/nisclinic.com\/tr\/wp-json\/wp\/v2\/types\/page"}],"author":[{"embeddable":true,"href":"https:\/\/nisclinic.com\/tr\/wp-json\/wp\/v2\/users\/1"}],"replies":[{"embeddable":true,"href":"https:\/\/nisclinic.com\/tr\/wp-json\/wp\/v2\/comments?post=6331"}],"version-history":[{"count":4,"href":"https:\/\/nisclinic.com\/tr\/wp-json\/wp\/v2\/pages\/6331\/revisions"}],"predecessor-version":[{"id":6335,"href":"https:\/\/nisclinic.com\/tr\/wp-json\/wp\/v2\/pages\/6331\/revisions\/6335"}],"wp:attachment":[{"href":"https:\/\/nisclinic.com\/tr\/wp-json\/wp\/v2\/media?parent=6331"}],"curies":[{"name":"wp","href":"https:\/\/api.w.org\/{rel}","templated":true}]}}